{"id":6606,"date":"2022-09-14T16:33:24","date_gmt":"2022-09-14T16:33:24","guid":{"rendered":"https:\/\/demo.artureanec.com\/themes\/industrium\/?page_id=6606"},"modified":"2024-11-12T18:03:49","modified_gmt":"2024-11-12T17:03:49","slug":"produkty","status":"publish","type":"page","link":"https:\/\/stuewe.de\/pl\/produkte\/","title":{"rendered":"Produkty"},"content":{"rendered":"<div data-elementor-type=\"wp-page\" data-elementor-id=\"6606\" class=\"elementor elementor-6606\">\n\t\t\t\t\t\t<section class=\"elementor-section elementor-top-section elementor-element elementor-element-abe5ab5 elementor-section-boxed elementor-section-height-default elementor-section-height-default\" data-id=\"abe5ab5\" data-element_type=\"section\">\n\t\t\t\t\t\t<div class=\"elementor-container elementor-column-gap-default\">\n\t\t\t\t\t<div class=\"elementor-column elementor-col-100 elementor-top-column elementor-element elementor-element-40d5f46\" data-id=\"40d5f46\" data-element_type=\"column\">\n\t\t\t<div class=\"elementor-widget-wrap elementor-element-populated\">\n\t\t\t\t\t\t<div class=\"elementor-element elementor-element-630d795 elementor-widget elementor-widget-industrium_heading\" data-id=\"630d795\" data-element_type=\"widget\" data-widget_type=\"industrium_heading.default\">\n\t\t\t\t<div class=\"elementor-widget-container\">\n\t\t\t<div class=\"industrium-heading-widget\"><h2 class=\"industrium-heading\"><span class=\"industrium-heading-content\">Nasze produkty<\/span><\/h2><\/div>\t\t<\/div>\n\t\t\t\t<\/div>\n\t\t\t\t\t<\/div>\n\t\t<\/div>\n\t\t\t\t\t<\/div>\n\t\t<\/section>\n\t\t\t\t<section class=\"elementor-section elementor-inner-section elementor-element elementor-element-8ec8679 elementor-section-boxed elementor-section-height-default elementor-section-height-default\" data-id=\"8ec8679\" data-element_type=\"section\">\n\t\t\t\t\t\t<div class=\"elementor-container elementor-column-gap-no\">\n\t\t\t\t\t<div class=\"elementor-column elementor-col-33 elementor-inner-column elementor-element elementor-element-b327a80\" data-id=\"b327a80\" data-element_type=\"column\">\n\t\t\t<div class=\"elementor-widget-wrap elementor-element-populated\">\n\t\t\t\t\t\t<div class=\"elementor-element elementor-element-7dfb88e elementor-widget elementor-widget-html\" data-id=\"7dfb88e\" data-element_type=\"widget\" data-widget_type=\"html.default\">\n\t\t\t\t<div class=\"elementor-widget-container\">\n\t\t\t<div class=\"ss-service-card\"style=\"\" >\n        <a href=\"https:\/\/stuewe.de\/pl\/polaczenia-cierne-stuewe\/\">\n            <img decoding=\"async\" src=\"https:\/\/stuewe.de\/wp-content\/uploads\/2024\/08\/produkte_test.jpg\" alt=\"Po\u0142\u0105czenia cierne\">\n            <div class=\"ss-service-content\">\n                <div class=\"ss-service-title-wrapper\">\n                    <h5 class=\"ss-service-title\">Po\u0142\u0105czenia cierne<\/h5>\n\n<svg viewbox=\"0 0 1702 1371.1542\" xmlns=\"http:\/\/www.w3.org\/2000\/svg\" class=\"arrow-icon\">\n  <path d=\"M971 148v-41H271v71h564L0 1048l53 59 835-871v530h83V148z\" fill=\"white\"\/>\n<\/svg>\n                <\/div>\n                <div class=\"ss-service-excerpt\">Po\u0142\u0105czenia wa\u0142-piasta zapewniaj\u0105ce niezawodne przenoszenie maksymalnych moment\u00f3w obrotowych<\/div>\n            <\/div>\n        <\/a>\n    <\/div>\t\t<\/div>\n\t\t\t\t<\/div>\n\t\t\t\t\t<\/div>\n\t\t<\/div>\n\t\t\t\t<div class=\"elementor-column elementor-col-33 elementor-inner-column elementor-element elementor-element-3e37194\" data-id=\"3e37194\" data-element_type=\"column\">\n\t\t\t<div class=\"elementor-widget-wrap elementor-element-populated\">\n\t\t\t\t\t\t<div class=\"elementor-element elementor-element-e9c529a elementor-widget elementor-widget-html\" data-id=\"e9c529a\" data-element_type=\"widget\" data-widget_type=\"html.default\">\n\t\t\t\t<div class=\"elementor-widget-container\">\n\t\t\t<div class=\"ss-service-card\" >\n        <a href=\"https:\/\/stuewe.de\/pl\/stuwe-rotorlock-type-srl\/\">\n            <img decoding=\"async\" src=\"https:\/\/stuewe.de\/wp-content\/uploads\/2024\/08\/stuewe_rotorlock.jpg\" alt=\"St\u00fcwe Rotorlock\">\n            <div class=\"ss-service-content\">\n                <div class=\"ss-service-title-wrapper\">\n                    <h5 class=\"ss-service-title\">Rotorlock<\/h5>\n\n<svg viewbox=\"0 0 1702 1371.1542\" xmlns=\"http:\/\/www.w3.org\/2000\/svg\" class=\"arrow-icon\">\n  <path d=\"M971 148v-41H271v71h564L0 1048l53 59 835-871v530h83V148z\" fill=\"white\"\/>\n<\/svg>\n                <\/div>\n                <div class=\"ss-service-excerpt\">Do niezawodnego blokowania i zamykania<\/div>\n            <\/div>\n        <\/a>\n    <\/div>\t\t<\/div>\n\t\t\t\t<\/div>\n\t\t\t\t\t<\/div>\n\t\t<\/div>\n\t\t\t\t<div class=\"elementor-column elementor-col-33 elementor-inner-column elementor-element elementor-element-242e82d\" data-id=\"242e82d\" data-element_type=\"column\">\n\t\t\t<div class=\"elementor-widget-wrap elementor-element-populated\">\n\t\t\t\t\t\t<div class=\"elementor-element elementor-element-d5846e2 elementor-widget elementor-widget-html\" data-id=\"d5846e2\" data-element_type=\"widget\" data-widget_type=\"html.default\">\n\t\t\t\t<div class=\"elementor-widget-container\">\n\t\t\t<div class=\"ss-service-card\" >\n        <a href=\"https:\/\/stuewe.de\/pl\/uklady-hamulcowe-stuewe-typu-sbs\/\">\n            <img decoding=\"async\" src=\"https:\/\/stuewe.de\/wp-content\/uploads\/2024\/08\/stuewe_bremssysteme.jpg\" alt=\"Uk\u0142ady hamulcowe St\u00fcwe\">\n            <div class=\"ss-service-content\">\n                <div class=\"ss-service-title-wrapper\">\n                    <h5 class=\"ss-service-title\">Uk\u0142ady hamulcowe<\/h5>\n\n<svg viewbox=\"0 0 1702 1371.1542\" xmlns=\"http:\/\/www.w3.org\/2000\/svg\" class=\"arrow-icon\">\n  <path d=\"M971 148v-41H271v71h564L0 1048l53 59 835-871v530h83V148z\" fill=\"white\"\/>\n<\/svg>\n                <\/div>\n                <div class=\"ss-service-excerpt\">Aktywne i pasywne przenoszenie maksymalnych moment\u00f3w hamowania<\/div>\n            <\/div>\n        <\/a>\n    <\/div>\t\t<\/div>\n\t\t\t\t<\/div>\n\t\t\t\t\t<\/div>\n\t\t<\/div>\n\t\t\t\t\t<\/div>\n\t\t<\/section>\n\t\t\t\t<section class=\"elementor-section elementor-inner-section elementor-element elementor-element-2f6ad60 elementor-section-boxed elementor-section-height-default elementor-section-height-default\" data-id=\"2f6ad60\" data-element_type=\"section\">\n\t\t\t\t\t\t<div class=\"elementor-container elementor-column-gap-no\">\n\t\t\t\t\t<div class=\"elementor-column elementor-col-33 elementor-inner-column elementor-element elementor-element-d52f4aa\" data-id=\"d52f4aa\" data-element_type=\"column\">\n\t\t\t<div class=\"elementor-widget-wrap elementor-element-populated\">\n\t\t\t\t\t\t<div class=\"elementor-element elementor-element-ab1d15d elementor-widget elementor-widget-html\" data-id=\"ab1d15d\" data-element_type=\"widget\" data-widget_type=\"html.default\">\n\t\t\t\t<div class=\"elementor-widget-container\">\n\t\t\t<div class=\"ss-service-card\" >\n        <a href=\"https:\/\/stuewe.de\/pl\/przemyslowe-tarcze-hamulcowe-stuewe-typu-sbd\/\">\n            <img decoding=\"async\" src=\"https:\/\/stuewe.de\/wp-content\/uploads\/2024\/08\/stuewe_industriescheibe.jpg\" alt=\"Przemys\u0142owa tarcza hamulcowa St\u00fcwe\">\n            <div class=\"ss-service-content\">\n                <div class=\"ss-service-title-wrapper\">\n                    <h5 class=\"ss-service-title\">Przemys\u0142owa tarcza hamulcowa<\/h5>\n\n<svg viewbox=\"0 0 1702 1371.1542\" xmlns=\"http:\/\/www.w3.org\/2000\/svg\" class=\"arrow-icon\">\n  <path d=\"M971 148v-41H271v71h564L0 1048l53 59 835-871v530h83V148z\" fill=\"white\"\/>\n<\/svg>\n                <\/div>\n                <div class=\"ss-service-excerpt\">Do wielu zastosowa\u0144 przemys\u0142owych<\/div>\n            <\/div>\n        <\/a>\n    <\/div>\t\t<\/div>\n\t\t\t\t<\/div>\n\t\t\t\t\t<\/div>\n\t\t<\/div>\n\t\t\t\t<div class=\"elementor-column elementor-col-33 elementor-inner-column elementor-element elementor-element-1b024ce\" data-id=\"1b024ce\" data-element_type=\"column\">\n\t\t\t<div class=\"elementor-widget-wrap elementor-element-populated\">\n\t\t\t\t\t\t<div class=\"elementor-element elementor-element-225509d elementor-widget elementor-widget-html\" data-id=\"225509d\" data-element_type=\"widget\" data-widget_type=\"html.default\">\n\t\t\t\t<div class=\"elementor-widget-container\">\n\t\t\t<div class=\"ss-service-card\" >\n        <a href=\"https:\/\/stuewe.de\/pl\/stuewe-locking-nut-typ-sln\/\">\n            <img decoding=\"async\" src=\"https:\/\/stuewe.de\/wp-content\/uploads\/2024\/08\/stuewe_wellenmutter.jpg\" alt=\"Nakr\u0119tka wa\u0142u St\u00fcwe\">\n            <div class=\"ss-service-content\">\n                <div class=\"ss-service-title-wrapper\">\n                    <h5 class=\"ss-service-title\">Nakr\u0119tka wa\u0142u<\/h5>\n\n<svg viewbox=\"0 0 1702 1371.1542\" xmlns=\"http:\/\/www.w3.org\/2000\/svg\" class=\"arrow-icon\">\n  <path d=\"M971 148v-41H271v71h564L0 1048l53 59 835-871v530h83V148z\" fill=\"white\"\/>\n<\/svg>\n                <\/div>\n                <div class=\"ss-service-excerpt\">Niezawodny komponent osiowy i wsparcie \u0142o\u017cyska<\/div>\n            <\/div>\n        <\/a>\n    <\/div>\t\t<\/div>\n\t\t\t\t<\/div>\n\t\t\t\t\t<\/div>\n\t\t<\/div>\n\t\t\t\t<div class=\"elementor-column elementor-col-33 elementor-inner-column elementor-element elementor-element-c8c1d39\" data-id=\"c8c1d39\" data-element_type=\"column\">\n\t\t\t<div class=\"elementor-widget-wrap elementor-element-populated\">\n\t\t\t\t\t\t<div class=\"elementor-element elementor-element-77c090a elementor-widget elementor-widget-html\" data-id=\"77c090a\" data-element_type=\"widget\" data-widget_type=\"html.default\">\n\t\t\t\t<div class=\"elementor-widget-container\">\n\t\t\t<div class=\"ss-service-card\">\n        <a href=\"https:\/\/stuewe.de\/pl\/przemyslowe-tarcze-hamulcowe-stuewe-typu-sbd-2\/\">\n            <img decoding=\"async\" src=\"https:\/\/stuewe.de\/wp-content\/uploads\/2024\/08\/stuewe_stoplock.jpg\" alt=\"System blokady skr\u0119tu St\u00fcwe Stop\">\n            <div class=\"ss-service-content\">\n                <div class=\"ss-service-title-wrapper\">\n                    <h5 class=\"ss-service-title\">System blokady skr\u0119tu stop<\/h5>\n\n<svg viewbox=\"0 0 1702 1371.1542\" xmlns=\"http:\/\/www.w3.org\/2000\/svg\" class=\"arrow-icon\">\n  <path d=\"M971 148v-41H271v71h564L0 1048l53 59 835-871v530h83V148z\" fill=\"white\"\/>\n<\/svg>\n                <\/div>\n                <div class=\"ss-service-excerpt\">Do wa\u0142\u00f3w nap\u0119dowych o mocy g\u0142\u00f3wnej do 25 MW w du\u017cych jachtach, statkach wycieczkowych, promach lub statkach handlowych.<\/div>\n            <\/div>\n        <\/a>\n    <\/div>\t\t<\/div>\n\t\t\t\t<\/div>\n\t\t\t\t\t<\/div>\n\t\t<\/div>\n\t\t\t\t\t<\/div>\n\t\t<\/section>\n\t\t\t\t<section class=\"elementor-section elementor-top-section elementor-element elementor-element-11d6846 elementor-section-boxed elementor-section-height-default elementor-section-height-default\" data-id=\"11d6846\" data-element_type=\"section\">\n\t\t\t\t\t\t<div class=\"elementor-container elementor-column-gap-default\">\n\t\t\t\t\t<div class=\"elementor-column elementor-col-33 elementor-top-column elementor-element elementor-element-f127c56\" data-id=\"f127c56\" data-element_type=\"column\">\n\t\t\t<div class=\"elementor-widget-wrap\">\n\t\t\t\t\t\t\t<\/div>\n\t\t<\/div>\n\t\t\t\t<div class=\"elementor-column elementor-col-33 elementor-top-column elementor-element elementor-element-30f337c\" data-id=\"30f337c\" data-element_type=\"column\">\n\t\t\t<div class=\"elementor-widget-wrap\">\n\t\t\t\t\t\t\t<\/div>\n\t\t<\/div>\n\t\t\t\t<div class=\"elementor-column elementor-col-33 elementor-top-column elementor-element elementor-element-563ce30\" data-id=\"563ce30\" data-element_type=\"column\">\n\t\t\t<div class=\"elementor-widget-wrap\">\n\t\t\t\t\t\t\t<\/div>\n\t\t<\/div>\n\t\t\t\t\t<\/div>\n\t\t<\/section>\n\t\t\t\t<\/div>","protected":false},"excerpt":{"rendered":"<p>Reibschlussverbindungen Welle-Nabe Verbindungen zur sicheren \u00dcbertragung h\u00f6chster Drehmomente Rotorlock F\u00fcr zuverl\u00e4ssige Verriegelungs- und Schlie\u00dfanwendungen Bremssysteme Aktive und passive zur \u00dcbertragung h\u00f6chster Bremsmomente Industriebremsscheibe F\u00fcr vielz\u00e4hlige industrielle Anwendungen Wellenmutter Zuverl\u00e4ssige axiale Bauteil und Lagersicherung Stop turn block system F\u00fcr Propellerwellen mit einer&#8230;<\/p>","protected":false},"author":8,"featured_media":0,"parent":0,"menu_order":0,"comment_status":"closed","ping_status":"closed","template":"elementor_header_footer","meta":{"footnotes":""},"class_list":["post-6606","page","type-page","status-publish","hentry"],"yoast_head":"<!-- This site is optimized with the Yoast SEO plugin v27.2 - https:\/\/yoast.com\/product\/yoast-seo-wordpress\/ -->\n<title>Produkte - St\u00fcwe - Hattingen<\/title>\n<meta name=\"robots\" content=\"index, follow, max-snippet:-1, max-image-preview:large, max-video-preview:-1\" \/>\n<link rel=\"canonical\" href=\"https:\/\/stuewe.de\/pl\/produkty\/\" \/>\n<meta property=\"og:locale\" content=\"pl_PL\" \/>\n<meta property=\"og:type\" content=\"article\" \/>\n<meta property=\"og:title\" content=\"Produkte - St\u00fcwe - Hattingen\" \/>\n<meta property=\"og:description\" content=\"Reibschlussverbindungen Welle-Nabe Verbindungen zur sicheren \u00dcbertragung h\u00f6chster Drehmomente Rotorlock F\u00fcr zuverl\u00e4ssige Verriegelungs- und Schlie\u00dfanwendungen Bremssysteme Aktive und passive zur \u00dcbertragung h\u00f6chster Bremsmomente Industriebremsscheibe F\u00fcr vielz\u00e4hlige industrielle Anwendungen Wellenmutter Zuverl\u00e4ssige axiale Bauteil und Lagersicherung Stop turn block system F\u00fcr Propellerwellen mit einer...\" \/>\n<meta property=\"og:url\" content=\"https:\/\/stuewe.de\/pl\/produkty\/\" \/>\n<meta property=\"og:site_name\" content=\"St\u00fcwe - Hattingen\" \/>\n<meta property=\"article:modified_time\" content=\"2024-11-12T17:03:49+00:00\" \/>\n<meta property=\"og:image\" content=\"https:\/\/stuewe.de\/wp-content\/uploads\/2024\/08\/produkte_test.jpg\" \/>\n<meta name=\"twitter:card\" content=\"summary_large_image\" \/>\n<script type=\"application\/ld+json\" class=\"yoast-schema-graph\">{\"@context\":\"https:\/\/schema.org\",\"@graph\":[{\"@type\":\"WebPage\",\"@id\":\"https:\/\/stuewe.de\/fr\/produits\/\",\"url\":\"https:\/\/stuewe.de\/fr\/produits\/\",\"name\":\"Produkte - St\u00fcwe - Hattingen\",\"isPartOf\":{\"@id\":\"https:\/\/stuewe.de\/#website\"},\"primaryImageOfPage\":{\"@id\":\"https:\/\/stuewe.de\/fr\/produits\/#primaryimage\"},\"image\":{\"@id\":\"https:\/\/stuewe.de\/fr\/produits\/#primaryimage\"},\"thumbnailUrl\":\"https:\/\/stuewe.de\/wp-content\/uploads\/2024\/08\/produkte_test.jpg\",\"datePublished\":\"2022-09-14T16:33:24+00:00\",\"dateModified\":\"2024-11-12T17:03:49+00:00\",\"breadcrumb\":{\"@id\":\"https:\/\/stuewe.de\/fr\/produits\/#breadcrumb\"},\"inLanguage\":\"pl-PL\",\"potentialAction\":[{\"@type\":\"ReadAction\",\"target\":[\"https:\/\/stuewe.de\/fr\/produits\/\"]}]},{\"@type\":\"ImageObject\",\"inLanguage\":\"pl-PL\",\"@id\":\"https:\/\/stuewe.de\/fr\/produits\/#primaryimage\",\"url\":\"https:\/\/stuewe.de\/wp-content\/uploads\/2024\/08\/produkte_test.jpg\",\"contentUrl\":\"https:\/\/stuewe.de\/wp-content\/uploads\/2024\/08\/produkte_test.jpg\"},{\"@type\":\"BreadcrumbList\",\"@id\":\"https:\/\/stuewe.de\/fr\/produits\/#breadcrumb\",\"itemListElement\":[{\"@type\":\"ListItem\",\"position\":1,\"name\":\"Start\",\"item\":\"https:\/\/stuewe.de\/\"},{\"@type\":\"ListItem\",\"position\":2,\"name\":\"Produkte\"}]},{\"@type\":\"WebSite\",\"@id\":\"https:\/\/stuewe.de\/#website\",\"url\":\"https:\/\/stuewe.de\/\",\"name\":\"St\u00fcwe - Hattingen\",\"description\":\"Maschinenbauteilen f\u00fcr Antriebstechnik\",\"potentialAction\":[{\"@type\":\"SearchAction\",\"target\":{\"@type\":\"EntryPoint\",\"urlTemplate\":\"https:\/\/stuewe.de\/?s={search_term_string}\"},\"query-input\":{\"@type\":\"PropertyValueSpecification\",\"valueRequired\":true,\"valueName\":\"search_term_string\"}}],\"inLanguage\":\"pl-PL\"}]}<\/script>\n<!-- \/ Yoast SEO plugin. -->","yoast_head_json":{"title":"Produkty - St\u00fcwe - Hattingen","robots":{"index":"index","follow":"follow","max-snippet":"max-snippet:-1","max-image-preview":"max-image-preview:large","max-video-preview":"max-video-preview:-1"},"canonical":"https:\/\/stuewe.de\/pl\/produkty\/","og_locale":"pl_PL","og_type":"article","og_title":"Produkte - St\u00fcwe - Hattingen","og_description":"Reibschlussverbindungen Welle-Nabe Verbindungen zur sicheren \u00dcbertragung h\u00f6chster Drehmomente Rotorlock F\u00fcr zuverl\u00e4ssige Verriegelungs- und Schlie\u00dfanwendungen Bremssysteme Aktive und passive zur \u00dcbertragung h\u00f6chster Bremsmomente Industriebremsscheibe F\u00fcr vielz\u00e4hlige industrielle Anwendungen Wellenmutter Zuverl\u00e4ssige axiale Bauteil und Lagersicherung Stop turn block system F\u00fcr Propellerwellen mit einer...","og_url":"https:\/\/stuewe.de\/pl\/produkty\/","og_site_name":"St\u00fcwe - Hattingen","article_modified_time":"2024-11-12T17:03:49+00:00","og_image":[{"url":"https:\/\/stuewe.de\/wp-content\/uploads\/2024\/08\/produkte_test.jpg","type":"","width":"","height":""}],"twitter_card":"summary_large_image","schema":{"@context":"https:\/\/schema.org","@graph":[{"@type":"WebPage","@id":"https:\/\/stuewe.de\/fr\/produits\/","url":"https:\/\/stuewe.de\/fr\/produits\/","name":"Produkty - St\u00fcwe - Hattingen","isPartOf":{"@id":"https:\/\/stuewe.de\/#website"},"primaryImageOfPage":{"@id":"https:\/\/stuewe.de\/fr\/produits\/#primaryimage"},"image":{"@id":"https:\/\/stuewe.de\/fr\/produits\/#primaryimage"},"thumbnailUrl":"https:\/\/stuewe.de\/wp-content\/uploads\/2024\/08\/produkte_test.jpg","datePublished":"2022-09-14T16:33:24+00:00","dateModified":"2024-11-12T17:03:49+00:00","breadcrumb":{"@id":"https:\/\/stuewe.de\/fr\/produits\/#breadcrumb"},"inLanguage":"pl-PL","potentialAction":[{"@type":"ReadAction","target":["https:\/\/stuewe.de\/fr\/produits\/"]}]},{"@type":"ImageObject","inLanguage":"pl-PL","@id":"https:\/\/stuewe.de\/fr\/produits\/#primaryimage","url":"https:\/\/stuewe.de\/wp-content\/uploads\/2024\/08\/produkte_test.jpg","contentUrl":"https:\/\/stuewe.de\/wp-content\/uploads\/2024\/08\/produkte_test.jpg"},{"@type":"BreadcrumbList","@id":"https:\/\/stuewe.de\/fr\/produits\/#breadcrumb","itemListElement":[{"@type":"ListItem","position":1,"name":"Start","item":"https:\/\/stuewe.de\/"},{"@type":"ListItem","position":2,"name":"Produkte"}]},{"@type":"WebSite","@id":"https:\/\/stuewe.de\/#website","url":"https:\/\/stuewe.de\/","name":"St\u00fcwe - Hattingen","description":"Komponenty maszyn dla technologii nap\u0119dowej","potentialAction":[{"@type":"SearchAction","target":{"@type":"EntryPoint","urlTemplate":"https:\/\/stuewe.de\/?s={search_term_string}"},"query-input":{"@type":"PropertyValueSpecification","valueRequired":true,"valueName":"search_term_string"}}],"inLanguage":"pl-PL"}]}},"_links":{"self":[{"href":"https:\/\/stuewe.de\/pl\/wp-json\/wp\/v2\/pages\/6606","targetHints":{"allow":["GET"]}}],"collection":[{"href":"https:\/\/stuewe.de\/pl\/wp-json\/wp\/v2\/pages"}],"about":[{"href":"https:\/\/stuewe.de\/pl\/wp-json\/wp\/v2\/types\/page"}],"author":[{"embeddable":true,"href":"https:\/\/stuewe.de\/pl\/wp-json\/wp\/v2\/users\/8"}],"replies":[{"embeddable":true,"href":"https:\/\/stuewe.de\/pl\/wp-json\/wp\/v2\/comments?post=6606"}],"version-history":[{"count":103,"href":"https:\/\/stuewe.de\/pl\/wp-json\/wp\/v2\/pages\/6606\/revisions"}],"predecessor-version":[{"id":18647,"href":"https:\/\/stuewe.de\/pl\/wp-json\/wp\/v2\/pages\/6606\/revisions\/18647"}],"wp:attachment":[{"href":"https:\/\/stuewe.de\/pl\/wp-json\/wp\/v2\/media?parent=6606"}],"curies":[{"name":"wp","href":"https:\/\/api.w.org\/{rel}","templated":true}]}}