{"id":19311,"date":"2025-07-02T12:09:06","date_gmt":"2025-07-02T10:09:06","guid":{"rendered":"https:\/\/stuewe.de\/?page_id=19311"},"modified":"2025-07-02T12:47:48","modified_gmt":"2025-07-02T10:47:48","slug":"deklaracja-dostepnosci","status":"publish","type":"page","link":"https:\/\/stuewe.de\/pl\/barrierefreiheitserklaerung\/","title":{"rendered":"Deklaracja dost\u0119pno\u015bci"},"content":{"rendered":"<h1 class=\"wp-block-heading\">Deklaracja w sprawie dost\u0119pno\u015bci us\u0142ug<\/h1>\n\n\n\n<p>W ramach naszego o\u015bwiadczenia o dost\u0119pno\u015bci chcieliby\u015bmy przedstawi\u0107 przegl\u0105d stanu zgodno\u015bci opisanych poni\u017cej us\u0142ug z wymogami dost\u0119pno\u015bci zgodnie z przepisami prawa (w szczeg\u00f3lno\u015bci z ustaw\u0105 o wzmocnieniu dost\u0119pno\u015bci - BFSG).<\/p>\n\n\n\n<h2 class=\"wp-block-heading\">Szczeg\u00f3\u0142y dotycz\u0105ce dostawcy us\u0142ug<\/h2>\n\n\n\n<p>St\u00fcwe GmbH &amp; Co. KG<br>Zum Ludwigstal 35<br>45527 Hattingen (Ruhr)<br>Nadrenia P\u00f3\u0142nocna-Westfalia<\/p>\n\n\n\n<h2 class=\"wp-block-heading\">Og\u00f3lny opis us\u0142ugi<\/h2>\n\n\n\n<p>Sprzeda\u017c hamulc\u00f3w, po\u0142\u0105cze\u0144 ciernych, blokad wirnik\u00f3w, nakr\u0119tek wa\u0142\u00f3w do klient\u00f3w B2B na ca\u0142ym \u015bwiecie.<\/p>\n\n\n\n<h2 class=\"wp-block-heading\">Wyja\u015bnienia dotycz\u0105ce wdro\u017cenia us\u0142ugi<\/h2>\n\n\n\n<p>Witryna zawiera jedynie informacje o produktach i firmie. Nie jest to sklep internetowy. Zam\u00f3wienia nale\u017cy sk\u0142ada\u0107 telefonicznie lub poczt\u0105 elektroniczn\u0105.<\/p>\n\n\n\n<h2 class=\"wp-block-heading\">Status zgodno\u015bci z wymaganiami<\/h2>\n\n\n\n<p>Wy\u017cej wymieniona us\u0142uga jest w pe\u0142ni zgodna z ustaw\u0105 o wzmocnieniu dost\u0119pno\u015bci (BFSG).<\/p>\n\n\n\n<h2 class=\"wp-block-heading\">Przygotowanie o\u015bwiadczenia o dost\u0119pno\u015bci<\/h2>\n\n\n\n<p>Data sporz\u0105dzenia o\u015bwiadczenia o dost\u0119pno\u015bci: 02\/07\/2025<br>Data ostatniego przegl\u0105du wy\u017cej wymienionych us\u0142ug pod k\u0105tem wymog\u00f3w dost\u0119pno\u015bci: 02.07.2025 r.<\/p>\n\n\n\n<h2 class=\"wp-block-heading\">Ocena stanu dost\u0119pno\u015bci<\/h2>\n\n\n\n<p>Ocena poziomu dost\u0119pno\u015bci opiera si\u0119 na naszej samoocenie.<\/p>\n\n\n\n<h2 class=\"wp-block-heading\">Opcja opinii i dane kontaktowe<\/h2>\n\n\n\n<p>Adres:<br>High Street 5<br>45894 Gelsenkirchen<\/p>\n\n\n\n<p>E-mail: info@thatsit.marketing<\/p>\n\n\n\n<p>Telefon: 0209 36660644<\/p>\n\n\n\n<p>Link do strony internetowej: <a href=\"https:\/\/stuewe.de\/pl\/kontakt\/\">https:\/\/stuewe.de\/kontakt\/<\/a><\/p>","protected":false},"excerpt":{"rendered":"<p>Erkl\u00e4rung zur Barrierefreiheit f\u00fcr Dienstleistungen Im Rahmen unserer Barrierefreiheitserkl\u00e4rung m\u00f6chten wir Ihnen einen \u00dcberblick \u00fcber den Stand der Vereinbarkeit der unten beschriebenen Dienstleistung(en) mit den Anforderungen der Barrierefreiheit nach gesetzlichen Vorschriften (insbesondere mit dem Barrierefreiheitsst\u00e4rkungsgesetz \u2013 BFSG) geben. Angaben zum Dienstleistungserbringer&#8230;<\/p>","protected":false},"author":8,"featured_media":0,"parent":0,"menu_order":0,"comment_status":"closed","ping_status":"closed","template":"","meta":{"footnotes":""},"class_list":["post-19311","page","type-page","status-publish","hentry"],"yoast_head":"<!-- This site is optimized with the Yoast SEO plugin v27.2 - https:\/\/yoast.com\/product\/yoast-seo-wordpress\/ -->\n<title>Barrierefreiheitserkl\u00e4rung - St\u00fcwe - Hattingen<\/title>\n<meta name=\"robots\" content=\"index, follow, max-snippet:-1, max-image-preview:large, max-video-preview:-1\" \/>\n<link rel=\"canonical\" href=\"https:\/\/stuewe.de\/pl\/deklaracja-dostepnosci\/\" \/>\n<meta property=\"og:locale\" content=\"pl_PL\" \/>\n<meta property=\"og:type\" content=\"article\" \/>\n<meta property=\"og:title\" content=\"Barrierefreiheitserkl\u00e4rung - St\u00fcwe - Hattingen\" \/>\n<meta property=\"og:description\" content=\"Erkl\u00e4rung zur Barrierefreiheit f\u00fcr Dienstleistungen Im Rahmen unserer Barrierefreiheitserkl\u00e4rung m\u00f6chten wir Ihnen einen \u00dcberblick \u00fcber den Stand der Vereinbarkeit der unten beschriebenen Dienstleistung(en) mit den Anforderungen der Barrierefreiheit nach gesetzlichen Vorschriften (insbesondere mit dem Barrierefreiheitsst\u00e4rkungsgesetz \u2013 BFSG) geben. Angaben zum Dienstleistungserbringer...\" \/>\n<meta property=\"og:url\" content=\"https:\/\/stuewe.de\/pl\/deklaracja-dostepnosci\/\" \/>\n<meta property=\"og:site_name\" content=\"St\u00fcwe - Hattingen\" \/>\n<meta property=\"article:modified_time\" content=\"2025-07-02T10:47:48+00:00\" \/>\n<meta name=\"twitter:card\" content=\"summary_large_image\" \/>\n<meta name=\"twitter:label1\" content=\"Szacowany czas czytania\" \/>\n\t<meta name=\"twitter:data1\" content=\"1 minuta\" \/>\n<script type=\"application\/ld+json\" class=\"yoast-schema-graph\">{\"@context\":\"https:\/\/schema.org\",\"@graph\":[{\"@type\":\"WebPage\",\"@id\":\"https:\/\/stuewe.de\/barrierefreiheitserklaerung\/\",\"url\":\"https:\/\/stuewe.de\/barrierefreiheitserklaerung\/\",\"name\":\"Barrierefreiheitserkl\u00e4rung - St\u00fcwe - Hattingen\",\"isPartOf\":{\"@id\":\"https:\/\/stuewe.de\/#website\"},\"datePublished\":\"2025-07-02T10:09:06+00:00\",\"dateModified\":\"2025-07-02T10:47:48+00:00\",\"breadcrumb\":{\"@id\":\"https:\/\/stuewe.de\/barrierefreiheitserklaerung\/#breadcrumb\"},\"inLanguage\":\"pl-PL\",\"potentialAction\":[{\"@type\":\"ReadAction\",\"target\":[\"https:\/\/stuewe.de\/barrierefreiheitserklaerung\/\"]}]},{\"@type\":\"BreadcrumbList\",\"@id\":\"https:\/\/stuewe.de\/barrierefreiheitserklaerung\/#breadcrumb\",\"itemListElement\":[{\"@type\":\"ListItem\",\"position\":1,\"name\":\"Start\",\"item\":\"https:\/\/stuewe.de\/\"},{\"@type\":\"ListItem\",\"position\":2,\"name\":\"Barrierefreiheitserkl\u00e4rung\"}]},{\"@type\":\"WebSite\",\"@id\":\"https:\/\/stuewe.de\/#website\",\"url\":\"https:\/\/stuewe.de\/\",\"name\":\"St\u00fcwe - Hattingen\",\"description\":\"Maschinenbauteilen f\u00fcr Antriebstechnik\",\"potentialAction\":[{\"@type\":\"SearchAction\",\"target\":{\"@type\":\"EntryPoint\",\"urlTemplate\":\"https:\/\/stuewe.de\/?s={search_term_string}\"},\"query-input\":{\"@type\":\"PropertyValueSpecification\",\"valueRequired\":true,\"valueName\":\"search_term_string\"}}],\"inLanguage\":\"pl-PL\"}]}<\/script>\n<!-- \/ Yoast SEO plugin. -->","yoast_head_json":{"title":"Deklaracja dost\u0119pno\u015bci - St\u00fcwe - Hattingen","robots":{"index":"index","follow":"follow","max-snippet":"max-snippet:-1","max-image-preview":"max-image-preview:large","max-video-preview":"max-video-preview:-1"},"canonical":"https:\/\/stuewe.de\/pl\/deklaracja-dostepnosci\/","og_locale":"pl_PL","og_type":"article","og_title":"Barrierefreiheitserkl\u00e4rung - St\u00fcwe - Hattingen","og_description":"Erkl\u00e4rung zur Barrierefreiheit f\u00fcr Dienstleistungen Im Rahmen unserer Barrierefreiheitserkl\u00e4rung m\u00f6chten wir Ihnen einen \u00dcberblick \u00fcber den Stand der Vereinbarkeit der unten beschriebenen Dienstleistung(en) mit den Anforderungen der Barrierefreiheit nach gesetzlichen Vorschriften (insbesondere mit dem Barrierefreiheitsst\u00e4rkungsgesetz \u2013 BFSG) geben. Angaben zum Dienstleistungserbringer...","og_url":"https:\/\/stuewe.de\/pl\/deklaracja-dostepnosci\/","og_site_name":"St\u00fcwe - Hattingen","article_modified_time":"2025-07-02T10:47:48+00:00","twitter_card":"summary_large_image","twitter_misc":{"Szacowany czas czytania":"1 minuta"},"schema":{"@context":"https:\/\/schema.org","@graph":[{"@type":"WebPage","@id":"https:\/\/stuewe.de\/barrierefreiheitserklaerung\/","url":"https:\/\/stuewe.de\/barrierefreiheitserklaerung\/","name":"Deklaracja dost\u0119pno\u015bci - St\u00fcwe - Hattingen","isPartOf":{"@id":"https:\/\/stuewe.de\/#website"},"datePublished":"2025-07-02T10:09:06+00:00","dateModified":"2025-07-02T10:47:48+00:00","breadcrumb":{"@id":"https:\/\/stuewe.de\/barrierefreiheitserklaerung\/#breadcrumb"},"inLanguage":"pl-PL","potentialAction":[{"@type":"ReadAction","target":["https:\/\/stuewe.de\/barrierefreiheitserklaerung\/"]}]},{"@type":"BreadcrumbList","@id":"https:\/\/stuewe.de\/barrierefreiheitserklaerung\/#breadcrumb","itemListElement":[{"@type":"ListItem","position":1,"name":"Start","item":"https:\/\/stuewe.de\/"},{"@type":"ListItem","position":2,"name":"Barrierefreiheitserkl\u00e4rung"}]},{"@type":"WebSite","@id":"https:\/\/stuewe.de\/#website","url":"https:\/\/stuewe.de\/","name":"St\u00fcwe - Hattingen","description":"Komponenty maszyn dla technologii nap\u0119dowej","potentialAction":[{"@type":"SearchAction","target":{"@type":"EntryPoint","urlTemplate":"https:\/\/stuewe.de\/?s={search_term_string}"},"query-input":{"@type":"PropertyValueSpecification","valueRequired":true,"valueName":"search_term_string"}}],"inLanguage":"pl-PL"}]}},"_links":{"self":[{"href":"https:\/\/stuewe.de\/pl\/wp-json\/wp\/v2\/pages\/19311","targetHints":{"allow":["GET"]}}],"collection":[{"href":"https:\/\/stuewe.de\/pl\/wp-json\/wp\/v2\/pages"}],"about":[{"href":"https:\/\/stuewe.de\/pl\/wp-json\/wp\/v2\/types\/page"}],"author":[{"embeddable":true,"href":"https:\/\/stuewe.de\/pl\/wp-json\/wp\/v2\/users\/8"}],"replies":[{"embeddable":true,"href":"https:\/\/stuewe.de\/pl\/wp-json\/wp\/v2\/comments?post=19311"}],"version-history":[{"count":1,"href":"https:\/\/stuewe.de\/pl\/wp-json\/wp\/v2\/pages\/19311\/revisions"}],"predecessor-version":[{"id":19313,"href":"https:\/\/stuewe.de\/pl\/wp-json\/wp\/v2\/pages\/19311\/revisions\/19313"}],"wp:attachment":[{"href":"https:\/\/stuewe.de\/pl\/wp-json\/wp\/v2\/media?parent=19311"}],"curies":[{"name":"wp","href":"https:\/\/api.w.org\/{rel}","templated":true}]}}