{"id":17801,"date":"2024-09-03T05:11:03","date_gmt":"2024-09-03T03:11:03","guid":{"rendered":"https:\/\/stuewe-test.ge-buer.de\/?page_id=17801"},"modified":"2025-08-21T12:24:57","modified_gmt":"2025-08-21T10:24:57","slug":"odcisk","status":"publish","type":"page","link":"https:\/\/stuewe.de\/pl\/impressum\/","title":{"rendered":"Nadruk"},"content":{"rendered":"<div data-elementor-type=\"wp-page\" data-elementor-id=\"17801\" class=\"elementor elementor-17801\">\n\t\t\t\t\t\t<section class=\"elementor-section elementor-top-section elementor-element elementor-element-4b4cd82 elementor-section-full_width elementor-section-stretched elementor-section-height-default elementor-section-height-default\" data-id=\"4b4cd82\" data-element_type=\"section\" data-settings=\"{&quot;stretch_section&quot;:&quot;section-stretched&quot;,&quot;background_background&quot;:&quot;classic&quot;}\">\n\t\t\t\t\t\t<div class=\"elementor-container elementor-column-gap-no\">\n\t\t\t\t\t<div class=\"elementor-column elementor-col-100 elementor-top-column elementor-element elementor-element-b898f71\" data-id=\"b898f71\" data-element_type=\"column\">\n\t\t\t<div class=\"elementor-widget-wrap elementor-element-populated\">\n\t\t\t\t\t\t\t<\/div>\n\t\t<\/div>\n\t\t\t\t\t<\/div>\n\t\t<\/section>\n\t\t\t\t<section class=\"elementor-section elementor-top-section elementor-element elementor-element-5882d24a elementor-section-boxed elementor-section-height-default elementor-section-height-default\" data-id=\"5882d24a\" data-element_type=\"section\" data-settings=\"{&quot;background_background&quot;:&quot;classic&quot;}\">\n\t\t\t\t\t\t<div class=\"elementor-container elementor-column-gap-no\">\n\t\t\t\t\t<div class=\"elementor-column elementor-col-50 elementor-top-column elementor-element elementor-element-d9fc463\" data-id=\"d9fc463\" data-element_type=\"column\">\n\t\t\t<div class=\"elementor-widget-wrap elementor-element-populated\">\n\t\t\t\t\t\t<div class=\"elementor-element elementor-element-582adbb elementor-widget__width-initial elementor-widget elementor-widget-heading\" data-id=\"582adbb\" data-element_type=\"widget\" data-widget_type=\"heading.default\">\n\t\t\t\t<div class=\"elementor-widget-container\">\n\t\t\t<h1 class=\"elementor-heading-title elementor-size-default\">Nadruk<\/h1>\t\t<\/div>\n\t\t\t\t<\/div>\n\t\t\t\t<div class=\"elementor-element elementor-element-cc36216 elementor-widget__width-initial elementor-widget elementor-widget-text-editor\" data-id=\"cc36216\" data-element_type=\"widget\" data-widget_type=\"text-editor.default\">\n\t\t\t\t<div class=\"elementor-widget-container\">\n\t\t\t\t\t\t\t<p>St\u00fcwe GmbH &amp; Co. KG<br \/>Zum Ludwigstal 35<br \/>D-45527 Hattingen (Ruhr)<\/p><p>Telefon (0 23 24) 3 94-0<br \/>Fax (0 23 24) 3 94-30<\/p><p>E-mail: <a href=\"mailto:info@stuewe.de\">info@stuewe.de<\/a><br \/>Internet: www.stuewe.de<\/p><p>Osobi\u015bcie odpowiedzialny partner:<br \/>St\u00fcwe GmbH<\/p><p>Dyrektorzy zarz\u0105dzaj\u0105cy upowa\u017cnieni do reprezentowania sp\u00f3\u0142ki:<br \/>Olaf Michel<\/p><p>S\u0105d rejestrowy:<br \/>S\u0105d lokalny w Essen, HRA nr 7623<br \/>S\u0105d lokalny w Essen, HRB nr 15624<\/p><p>Numer identyfikacji podatkowej zgodnie z \u00a7 27 ustawy o podatku od sprzeda\u017cy:<br \/>DE125313035<\/p>\t\t\t\t\t\t<\/div>\n\t\t\t\t<\/div>\n\t\t\t\t\t<\/div>\n\t\t<\/div>\n\t\t\t\t<div class=\"elementor-column elementor-col-50 elementor-top-column elementor-element elementor-element-a0de560\" data-id=\"a0de560\" data-element_type=\"column\">\n\t\t\t<div class=\"elementor-widget-wrap elementor-element-populated\">\n\t\t\t\t\t\t<div class=\"elementor-element elementor-element-9ca15f8 elementor-widget__width-initial elementor-widget elementor-widget-heading\" data-id=\"9ca15f8\" data-element_type=\"widget\" data-widget_type=\"heading.default\">\n\t\t\t\t<div class=\"elementor-widget-container\">\n\t\t\t<h1 class=\"elementor-heading-title elementor-size-default\">Warunki u\u017cytkowania<\/h1>\t\t<\/div>\n\t\t\t\t<\/div>\n\t\t\t\t<div class=\"elementor-element elementor-element-5304df0 elementor-widget__width-initial elementor-widget elementor-widget-text-editor\" data-id=\"5304df0\" data-element_type=\"widget\" data-widget_type=\"text-editor.default\">\n\t\t\t\t<div class=\"elementor-widget-container\">\n\t\t\t\t\t\t\t<p>Witryna s\u0142u\u017cy wy\u0142\u0105cznie celom informacyjnym i nie zast\u0119puje porady. Nie ponosimy odpowiedzialno\u015bci za jakiekolwiek szkody wynikaj\u0105ce z korzystania z tej strony internetowej. Nasi eksperci techniczni ch\u0119tnie udziel\u0105 porad.<\/p><p>\u00a0<\/p>\t\t\t\t\t\t<\/div>\n\t\t\t\t<\/div>\n\t\t\t\t<div class=\"elementor-element elementor-element-cd40a52 elementor-widget__width-initial elementor-widget elementor-widget-heading\" data-id=\"cd40a52\" data-element_type=\"widget\" data-widget_type=\"heading.default\">\n\t\t\t\t<div class=\"elementor-widget-container\">\n\t\t\t<h1 class=\"elementor-heading-title elementor-size-default\">Pliki do pobrania<\/h1>\t\t<\/div>\n\t\t\t\t<\/div>\n\t\t\t\t<div class=\"elementor-element elementor-element-4d4e43f elementor-widget__width-initial elementor-widget elementor-widget-text-editor\" data-id=\"4d4e43f\" data-element_type=\"widget\" data-widget_type=\"text-editor.default\">\n\t\t\t\t<div class=\"elementor-widget-container\">\n\t\t\t\t\t\t\t<p>Nie ponosimy odpowiedzialno\u015bci za dostarczone pliki do pobrania, ani za b\u0142\u0119dy, niekompatybilno\u015b\u0107 systemu, brak wirus\u00f3w i danych, ani za ich zawarto\u015b\u0107. Z tego powodu nie ponosimy r\u00f3wnie\u017c odpowiedzialno\u015bci za nieprawid\u0142owe dzia\u0142anie i uszkodzenia danych i systemu oraz wszelkie wynikaj\u0105ce z tego konsekwencje.<\/p><p>\u00a0<\/p>\t\t\t\t\t\t<\/div>\n\t\t\t\t<\/div>\n\t\t\t\t<div class=\"elementor-element elementor-element-b1021b5 elementor-widget__width-initial elementor-widget elementor-widget-heading\" data-id=\"b1021b5\" data-element_type=\"widget\" data-widget_type=\"heading.default\">\n\t\t\t\t<div class=\"elementor-widget-container\">\n\t\t\t<h1 class=\"elementor-heading-title elementor-size-default\">Linki<\/h1>\t\t<\/div>\n\t\t\t\t<\/div>\n\t\t\t\t<div class=\"elementor-element elementor-element-852b377 elementor-widget__width-initial elementor-widget elementor-widget-text-editor\" data-id=\"852b377\" data-element_type=\"widget\" data-widget_type=\"text-editor.default\">\n\t\t\t\t<div class=\"elementor-widget-container\">\n\t\t\t\t\t\t\t<p>Niniejsza witryna zawiera \u0142\u0105cza do innych witryn internetowych. Nie ponosimy odpowiedzialno\u015bci za wykorzystanie tych informacji<\/p><p>\u00a0<\/p>\t\t\t\t\t\t<\/div>\n\t\t\t\t<\/div>\n\t\t\t\t<div class=\"elementor-element elementor-element-4a82f26 elementor-widget__width-initial elementor-widget elementor-widget-text-editor\" data-id=\"4a82f26\" data-element_type=\"widget\" data-widget_type=\"text-editor.default\">\n\t\t\t\t<div class=\"elementor-widget-container\">\n\t\t\t\t\t\t\t<p><strong data-renderer-mark=\"true\">Projektowanie stron internetowych i wsparcie techniczne<\/strong><br \/>To wszystko. Marketing Ltd.<br \/>High Street 5<br \/>45894 Gelsenkirchen<br \/>Telefon: 0209 36660644<br \/>E-mail: info@thatsit.marketing<br \/>Web: <a class=\"_mizu194a _1ah31bk5 _ra3xnqa1 _128m1bk5 _1cvmnqa1 _4davt94y _4bfu1r31 _1hms8stv _ajmmnqa1 _vchhusvi _syaz14q2 _ect41gqc _1a3b1r31 _4fpr8stv _5goinqa1 _f8pj14q2 _9oik1r31 _1bnxglyw _jf4cnqa1 _30l314q2 _1nrm1r31 _c2waglyw _1iohnqa1 _9h8h16c2 _1053w7te _1ienw7te _n0fxw7te _1vhvg3x0\" title=\"https:\/\/www.thatsit.marketing\" href=\"https:\/\/www.thatsit.marketing\/\" data-renderer-mark=\"true\" data-is-router-link=\"false\" data-testid=\"link-with-safety\">www.thatsit.marketing<\/a><\/p>\t\t\t\t\t\t<\/div>\n\t\t\t\t<\/div>\n\t\t\t\t\t<\/div>\n\t\t<\/div>\n\t\t\t\t\t<\/div>\n\t\t<\/section>\n\t\t\t\t<\/div>","protected":false},"excerpt":{"rendered":"<p>Impressum St\u00fcwe GmbH &amp; Co. KGZum Ludwigstal 35D-45527 Hattingen (Ruhr) Telefon (0 23 24) 3 94-0Telefax (0 23 24) 3 94-30 E-Mail: info@stuewe.deInternet: www.stuewe.de Pers\u00f6nlich haftende Gesellschafterin:St\u00fcwe GmbH Vertretungsberechtigte Gesch\u00e4ftsf\u00fchrer:Olaf Michel Registergericht:Amtsgericht Essen, HRA-Nr. 7623Amtsgericht Essen, HRB-Nr. 15624 Umsatzsteuer-Identifikationsnummer gem\u00e4\u00df \u00a7&#8230;<\/p>","protected":false},"author":8,"featured_media":0,"parent":0,"menu_order":0,"comment_status":"closed","ping_status":"closed","template":"elementor_header_footer","meta":{"footnotes":""},"class_list":["post-17801","page","type-page","status-publish","hentry"],"yoast_head":"<!-- This site is optimized with the Yoast SEO plugin v27.2 - https:\/\/yoast.com\/product\/yoast-seo-wordpress\/ -->\n<title>Impressum - St\u00fcwe - Hattingen<\/title>\n<meta name=\"robots\" content=\"index, follow, max-snippet:-1, max-image-preview:large, max-video-preview:-1\" \/>\n<link rel=\"canonical\" href=\"https:\/\/stuewe.de\/pl\/odcisk\/\" \/>\n<meta property=\"og:locale\" content=\"pl_PL\" \/>\n<meta property=\"og:type\" content=\"article\" \/>\n<meta property=\"og:title\" content=\"Impressum - St\u00fcwe - Hattingen\" \/>\n<meta property=\"og:description\" content=\"Impressum St\u00fcwe GmbH &amp; Co. KGZum Ludwigstal 35D-45527 Hattingen (Ruhr) Telefon (0 23 24) 3 94-0Telefax (0 23 24) 3 94-30 E-Mail: info@stuewe.deInternet: www.stuewe.de Pers\u00f6nlich haftende Gesellschafterin:St\u00fcwe GmbH Vertretungsberechtigte Gesch\u00e4ftsf\u00fchrer:Olaf Michel Registergericht:Amtsgericht Essen, HRA-Nr. 7623Amtsgericht Essen, HRB-Nr. 15624 Umsatzsteuer-Identifikationsnummer gem\u00e4\u00df \u00a7...\" \/>\n<meta property=\"og:url\" content=\"https:\/\/stuewe.de\/pl\/odcisk\/\" \/>\n<meta property=\"og:site_name\" content=\"St\u00fcwe - Hattingen\" \/>\n<meta property=\"article:modified_time\" content=\"2025-08-21T10:24:57+00:00\" \/>\n<meta name=\"twitter:card\" content=\"summary_large_image\" \/>\n<meta name=\"twitter:label1\" content=\"Szacowany czas czytania\" \/>\n\t<meta name=\"twitter:data1\" content=\"1 minuta\" \/>\n<script type=\"application\/ld+json\" class=\"yoast-schema-graph\">{\"@context\":\"https:\/\/schema.org\",\"@graph\":[{\"@type\":\"WebPage\",\"@id\":\"https:\/\/stuewe.de\/impressum\/\",\"url\":\"https:\/\/stuewe.de\/impressum\/\",\"name\":\"Impressum - St\u00fcwe - Hattingen\",\"isPartOf\":{\"@id\":\"https:\/\/stuewe.de\/#website\"},\"datePublished\":\"2024-09-03T03:11:03+00:00\",\"dateModified\":\"2025-08-21T10:24:57+00:00\",\"breadcrumb\":{\"@id\":\"https:\/\/stuewe.de\/impressum\/#breadcrumb\"},\"inLanguage\":\"pl-PL\",\"potentialAction\":[{\"@type\":\"ReadAction\",\"target\":[\"https:\/\/stuewe.de\/impressum\/\"]}]},{\"@type\":\"BreadcrumbList\",\"@id\":\"https:\/\/stuewe.de\/impressum\/#breadcrumb\",\"itemListElement\":[{\"@type\":\"ListItem\",\"position\":1,\"name\":\"Start\",\"item\":\"https:\/\/stuewe.de\/\"},{\"@type\":\"ListItem\",\"position\":2,\"name\":\"Impressum\"}]},{\"@type\":\"WebSite\",\"@id\":\"https:\/\/stuewe.de\/#website\",\"url\":\"https:\/\/stuewe.de\/\",\"name\":\"St\u00fcwe - Hattingen\",\"description\":\"Maschinenbauteilen f\u00fcr Antriebstechnik\",\"potentialAction\":[{\"@type\":\"SearchAction\",\"target\":{\"@type\":\"EntryPoint\",\"urlTemplate\":\"https:\/\/stuewe.de\/?s={search_term_string}\"},\"query-input\":{\"@type\":\"PropertyValueSpecification\",\"valueRequired\":true,\"valueName\":\"search_term_string\"}}],\"inLanguage\":\"pl-PL\"}]}<\/script>\n<!-- \/ Yoast SEO plugin. -->","yoast_head_json":{"title":"Imprint - St\u00fcwe - Hattingen","robots":{"index":"index","follow":"follow","max-snippet":"max-snippet:-1","max-image-preview":"max-image-preview:large","max-video-preview":"max-video-preview:-1"},"canonical":"https:\/\/stuewe.de\/pl\/odcisk\/","og_locale":"pl_PL","og_type":"article","og_title":"Impressum - St\u00fcwe - Hattingen","og_description":"Impressum St\u00fcwe GmbH &amp; Co. KGZum Ludwigstal 35D-45527 Hattingen (Ruhr) Telefon (0 23 24) 3 94-0Telefax (0 23 24) 3 94-30 E-Mail: info@stuewe.deInternet: www.stuewe.de Pers\u00f6nlich haftende Gesellschafterin:St\u00fcwe GmbH Vertretungsberechtigte Gesch\u00e4ftsf\u00fchrer:Olaf Michel Registergericht:Amtsgericht Essen, HRA-Nr. 7623Amtsgericht Essen, HRB-Nr. 15624 Umsatzsteuer-Identifikationsnummer gem\u00e4\u00df \u00a7...","og_url":"https:\/\/stuewe.de\/pl\/odcisk\/","og_site_name":"St\u00fcwe - Hattingen","article_modified_time":"2025-08-21T10:24:57+00:00","twitter_card":"summary_large_image","twitter_misc":{"Szacowany czas czytania":"1 minuta"},"schema":{"@context":"https:\/\/schema.org","@graph":[{"@type":"WebPage","@id":"https:\/\/stuewe.de\/impressum\/","url":"https:\/\/stuewe.de\/impressum\/","name":"Imprint - St\u00fcwe - Hattingen","isPartOf":{"@id":"https:\/\/stuewe.de\/#website"},"datePublished":"2024-09-03T03:11:03+00:00","dateModified":"2025-08-21T10:24:57+00:00","breadcrumb":{"@id":"https:\/\/stuewe.de\/impressum\/#breadcrumb"},"inLanguage":"pl-PL","potentialAction":[{"@type":"ReadAction","target":["https:\/\/stuewe.de\/impressum\/"]}]},{"@type":"BreadcrumbList","@id":"https:\/\/stuewe.de\/impressum\/#breadcrumb","itemListElement":[{"@type":"ListItem","position":1,"name":"Start","item":"https:\/\/stuewe.de\/"},{"@type":"ListItem","position":2,"name":"Impressum"}]},{"@type":"WebSite","@id":"https:\/\/stuewe.de\/#website","url":"https:\/\/stuewe.de\/","name":"St\u00fcwe - Hattingen","description":"Komponenty maszyn dla technologii nap\u0119dowej","potentialAction":[{"@type":"SearchAction","target":{"@type":"EntryPoint","urlTemplate":"https:\/\/stuewe.de\/?s={search_term_string}"},"query-input":{"@type":"PropertyValueSpecification","valueRequired":true,"valueName":"search_term_string"}}],"inLanguage":"pl-PL"}]}},"_links":{"self":[{"href":"https:\/\/stuewe.de\/pl\/wp-json\/wp\/v2\/pages\/17801","targetHints":{"allow":["GET"]}}],"collection":[{"href":"https:\/\/stuewe.de\/pl\/wp-json\/wp\/v2\/pages"}],"about":[{"href":"https:\/\/stuewe.de\/pl\/wp-json\/wp\/v2\/types\/page"}],"author":[{"embeddable":true,"href":"https:\/\/stuewe.de\/pl\/wp-json\/wp\/v2\/users\/8"}],"replies":[{"embeddable":true,"href":"https:\/\/stuewe.de\/pl\/wp-json\/wp\/v2\/comments?post=17801"}],"version-history":[{"count":10,"href":"https:\/\/stuewe.de\/pl\/wp-json\/wp\/v2\/pages\/17801\/revisions"}],"predecessor-version":[{"id":19844,"href":"https:\/\/stuewe.de\/pl\/wp-json\/wp\/v2\/pages\/17801\/revisions\/19844"}],"wp:attachment":[{"href":"https:\/\/stuewe.de\/pl\/wp-json\/wp\/v2\/media?parent=17801"}],"curies":[{"name":"wp","href":"https:\/\/api.w.org\/{rel}","templated":true}]}}