{"id":17569,"date":"2024-08-20T12:39:40","date_gmt":"2024-08-20T10:39:40","guid":{"rendered":"https:\/\/stuewe-test.ge-buer.de\/?page_id=17569"},"modified":"2025-08-29T10:26:28","modified_gmt":"2025-08-29T08:26:28","slug":"sprzegla-walu-wk-wkl","status":"publish","type":"page","link":"https:\/\/stuewe.de\/pl\/wellenkupplungen-wk-wkl\/","title":{"rendered":"Sprz\u0119g\u0142a wa\u0142u: WK \/ WKL"},"content":{"rendered":"<div data-elementor-type=\"wp-page\" data-elementor-id=\"17569\" class=\"elementor elementor-17569\">\n\t\t\t\t\t\t<section class=\"elementor-section elementor-top-section elementor-element elementor-element-190d5163 elementor-section-boxed elementor-section-height-default elementor-section-height-default\" data-id=\"190d5163\" data-element_type=\"section\" data-settings=\"{&quot;background_background&quot;:&quot;classic&quot;}\">\n\t\t\t\t\t\t<div class=\"elementor-container elementor-column-gap-no\">\n\t\t\t\t\t<div class=\"elementor-column elementor-col-100 elementor-top-column elementor-element elementor-element-5ec72f9a\" data-id=\"5ec72f9a\" data-element_type=\"column\">\n\t\t\t<div class=\"elementor-widget-wrap elementor-element-populated\">\n\t\t\t\t\t\t<section class=\"elementor-section elementor-inner-section elementor-element elementor-element-6be8e68a elementor-section-boxed elementor-section-height-default elementor-section-height-default\" data-id=\"6be8e68a\" data-element_type=\"section\" data-settings=\"{&quot;background_background&quot;:&quot;classic&quot;}\">\n\t\t\t\t\t\t<div class=\"elementor-container elementor-column-gap-no\">\n\t\t\t\t\t<div class=\"elementor-column elementor-col-50 elementor-inner-column elementor-element elementor-element-6f019cc6\" data-id=\"6f019cc6\" data-element_type=\"column\">\n\t\t\t<div class=\"elementor-widget-wrap elementor-element-populated\">\n\t\t\t\t\t\t<div class=\"elementor-element elementor-element-168c4a5 elementor-widget elementor-widget-text-editor\" data-id=\"168c4a5\" data-element_type=\"widget\" data-widget_type=\"text-editor.default\">\n\t\t\t\t<div class=\"elementor-widget-container\">\n\t\t\t\t\t\t\t<p>Sprz\u0119g\u0142a wa\u0142u WK i WKL s\u0105 odpowiednie wsz\u0119dzie tam, gdzie wymagane jest bezpieczne, sztywne po\u0142\u0105czenie dw\u00f3ch wolnych ko\u0144c\u00f3w wa\u0142u przy niewielkim wysi\u0142ku. Sprz\u0119g\u0142a s\u0105 dost\u0119pne dla wa\u0142\u00f3w o tej samej lub r\u00f3\u017cnej \u015brednicy. Sprz\u0119g\u0142a wa\u0142u typu WKL s\u0105 stosowane w przypadku wi\u0119kszych odleg\u0142o\u015bci osiowych mi\u0119dzy ramionami wa\u0142u.<\/p><p>Modele CAD s\u0105 dost\u0119pne w <a title=\"Cadenas\" href=\"http:\/\/stuewe.partcommunity.com\/3d-cad-models\/wellenkupplung-typ-wk-wkl-st%C3%BCwe?info=stuewe%2Fwk_typ_wk_wkl\" target=\"_blank\" rel=\"noopener noreferrer\">Cadenas<\/a>.<\/p>\t\t\t\t\t\t<\/div>\n\t\t\t\t<\/div>\n\t\t\t\t<div class=\"elementor-element elementor-element-942d061 elementor-align-left elementor-widget elementor-widget-button\" data-id=\"942d061\" data-element_type=\"widget\" data-widget_type=\"button.default\">\n\t\t\t\t<div class=\"elementor-widget-container\">\n\t\t\t\t\t<div class=\"elementor-button-wrapper\">\n\t\t\t<a class=\"elementor-button elementor-button-link elementor-size-sm\" href=\"https:\/\/stuewe.de\/wp-content\/uploads\/2025\/02\/Gesamtkatalogenglisch.pdf\">\n\t\t\t\t\t\t<span class=\"elementor-button-content-wrapper\">\n\t\t\t\t\t\t\t\t\t<span class=\"elementor-button-text\">Kompletny katalog<\/span>\n\t\t\t\t\t<\/span>\n\t\t\t\t\t<\/a>\n\t\t<\/div>\n\t\t\t\t<\/div>\n\t\t\t\t<\/div>\n\t\t\t\t<div class=\"elementor-element elementor-element-4dc8405 elementor-align-left elementor-widget elementor-widget-button\" data-id=\"4dc8405\" data-element_type=\"widget\" data-widget_type=\"button.default\">\n\t\t\t\t<div class=\"elementor-widget-container\">\n\t\t\t\t\t<div class=\"elementor-button-wrapper\">\n\t\t\t<a class=\"elementor-button elementor-size-sm\" role=\"button\">\n\t\t\t\t\t\t<span class=\"elementor-button-content-wrapper\">\n\t\t\t\t\t\t\t\t\t<span class=\"elementor-button-text\">Instrukcje monta\u017cu<\/span>\n\t\t\t\t\t<\/span>\n\t\t\t\t\t<\/a>\n\t\t<\/div>\n\t\t\t\t<\/div>\n\t\t\t\t<\/div>\n\t\t\t\t<div class=\"elementor-element elementor-element-0ee7209 elementor-align-left elementor-widget elementor-widget-button\" data-id=\"0ee7209\" data-element_type=\"widget\" data-widget_type=\"button.default\">\n\t\t\t\t<div class=\"elementor-widget-container\">\n\t\t\t\t\t<div class=\"elementor-button-wrapper\">\n\t\t\t<a class=\"elementor-button elementor-button-link elementor-size-sm\" href=\"https:\/\/stuewe.de\/wp-content\/uploads\/2025\/01\/stuewe_202001_katalog_typ-wk-wkl.pdf\">\n\t\t\t\t\t\t<span class=\"elementor-button-content-wrapper\">\n\t\t\t\t\t\t\t\t\t<span class=\"elementor-button-text\">Strony katalogu WKL<\/span>\n\t\t\t\t\t<\/span>\n\t\t\t\t\t<\/a>\n\t\t<\/div>\n\t\t\t\t<\/div>\n\t\t\t\t<\/div>\n\t\t\t\t<div class=\"elementor-element elementor-element-3504301 elementor-align-items-flex-start view-type-1 title-alignment-left elementor-widget elementor-widget-industrium_image_carousel\" data-id=\"3504301\" data-element_type=\"widget\" data-widget_type=\"industrium_image_carousel.default\">\n\t\t\t\t<div class=\"elementor-widget-container\">\n\t\t\t\n        <div class=\"industrium-image-slider-widget\">\n\n                        <div class=\"slider-wrapper\">\n                                <div class=\"slider-container\">\n                    <div class=\"image-carousel owl-carousel owl-theme\" data-slider-options=\"{&quot;items&quot;:3,&quot;nav&quot;:false,&quot;dots&quot;:true,&quot;dotsContainer&quot;:&quot;.owl-dots-3504301&quot;,&quot;dotsContainerMobile&quot;:&quot;.owl-dots-3504301&quot;,&quot;autoplayHoverPause&quot;:true,&quot;autoplay&quot;:true,&quot;autoplaySpeed&quot;:300,&quot;autoplayTimeout&quot;:5000,&quot;loop&quot;:true,&quot;speed&quot;:500}\">\n                        <div class=\"slider-item\"><div class=\"slider-item-inner\"><div class=\"slider-item-media\"><img fetchpriority=\"high\" decoding=\"async\" width=\"400\" height=\"400\" src=\"https:\/\/stuewe.de\/wp-content\/uploads\/2024\/08\/WK12stuewe_201708_grafiken_s70.png\" class=\"attachment-full size-full wp-image-17578\" alt=\"\" srcset=\"https:\/\/stuewe.de\/wp-content\/uploads\/2024\/08\/WK12stuewe_201708_grafiken_s70.png 400w, https:\/\/stuewe.de\/wp-content\/uploads\/2024\/08\/WK12stuewe_201708_grafiken_s70-300x300.png 300w, https:\/\/stuewe.de\/wp-content\/uploads\/2024\/08\/WK12stuewe_201708_grafiken_s70-150x150.png 150w\" sizes=\"(max-width: 400px) 100vw, 400px\" \/><\/div><div class=\"slider-item-title\">WK12<\/div><div class=\"slider-item-description\"><br \/><strong>\u015arednica wa\u0142u<\/strong><br \/>9 - 750 mm<br \/><br \/><strong>Przekazywalne momenty obrotowe<\/strong><br \/>0,04 - 7116 kNm<br \/><br \/><strong>Maksymalna odleg\u0142o\u015b\u0107 mi\u0119dzy ko\u0144cami wa\u0142u wynosi<br \/>0,1 x L<\/strong><\/div><\/div><\/div><div class=\"slider-item\"><div class=\"slider-item-inner\"><div class=\"slider-item-media\"><img decoding=\"async\" width=\"400\" height=\"400\" src=\"https:\/\/stuewe.de\/wp-content\/uploads\/2024\/08\/WK12Astuewe_201708_grafiken_s73_bauform_a.png\" class=\"attachment-full size-full wp-image-17579\" alt=\"\" srcset=\"https:\/\/stuewe.de\/wp-content\/uploads\/2024\/08\/WK12Astuewe_201708_grafiken_s73_bauform_a.png 400w, https:\/\/stuewe.de\/wp-content\/uploads\/2024\/08\/WK12Astuewe_201708_grafiken_s73_bauform_a-300x300.png 300w, https:\/\/stuewe.de\/wp-content\/uploads\/2024\/08\/WK12Astuewe_201708_grafiken_s73_bauform_a-150x150.png 150w\" sizes=\"(max-width: 400px) 100vw, 400px\" \/><\/div><div class=\"slider-item-title\">WK12<\/div><div class=\"slider-item-description\">Projekt A<br \/><br \/><strong>\u015arednica wa\u0142u<\/strong><br \/>9 - 750 mm<br \/><br \/><strong>Przekazywalne momenty obrotowe<\/strong><br \/>0,04 - 7116 kNm<br \/><br \/><strong>Wersja d\u0142uga<\/strong><\/div><\/div><\/div><div class=\"slider-item\"><div class=\"slider-item-inner\"><div class=\"slider-item-media\"><img decoding=\"async\" width=\"400\" height=\"400\" src=\"https:\/\/stuewe.de\/wp-content\/uploads\/2024\/08\/stuewe_201708_grafiken_s73_bauform_b.png\" class=\"attachment-full size-full wp-image-17580\" alt=\"\" srcset=\"https:\/\/stuewe.de\/wp-content\/uploads\/2024\/08\/stuewe_201708_grafiken_s73_bauform_b.png 400w, https:\/\/stuewe.de\/wp-content\/uploads\/2024\/08\/stuewe_201708_grafiken_s73_bauform_b-300x300.png 300w, https:\/\/stuewe.de\/wp-content\/uploads\/2024\/08\/stuewe_201708_grafiken_s73_bauform_b-150x150.png 150w\" sizes=\"(max-width: 400px) 100vw, 400px\" \/><\/div><div class=\"slider-item-title\">WK12<\/div><div class=\"slider-item-description\">Projekt B<br \/><br \/><strong>\u015arednica wa\u0142u<\/strong><br \/>9 - 750 mm<br \/><br \/><strong>Przekazywalne momenty obrotowe<\/strong><br \/>0,04 - 7116 kNm<br \/><br \/><strong>Wersja d\u0142uga<\/strong><\/div><\/div><\/div>                    <\/div>\n                <\/div>\n            <\/div>\n\n            <div class=\"owl-dots owl-dots-3504301\"><\/div>\n        <\/div>\n        \t\t<\/div>\n\t\t\t\t<\/div>\n\t\t\t\t\t<\/div>\n\t\t<\/div>\n\t\t\t\t<div class=\"elementor-column elementor-col-50 elementor-inner-column elementor-element elementor-element-404f35fa\" data-id=\"404f35fa\" data-element_type=\"column\" data-settings=\"{&quot;background_background&quot;:&quot;classic&quot;}\">\n\t\t\t<div class=\"elementor-widget-wrap elementor-element-populated\">\n\t\t\t\t\t\t<div class=\"elementor-element elementor-element-a5d9995 elementor-widget elementor-widget-image\" data-id=\"a5d9995\" data-element_type=\"widget\" data-widget_type=\"image.default\">\n\t\t\t\t<div class=\"elementor-widget-container\">\n\t\t\t\t\t\t\t\t\t\t\t\t\t<img loading=\"lazy\" decoding=\"async\" width=\"360\" height=\"360\" src=\"https:\/\/stuewe.de\/wp-content\/uploads\/2024\/08\/csm_wkl-exploded-drawing_9a62e12064.png\" class=\"attachment-full size-full wp-image-17574\" alt=\"\" srcset=\"https:\/\/stuewe.de\/wp-content\/uploads\/2024\/08\/csm_wkl-exploded-drawing_9a62e12064.png 360w, https:\/\/stuewe.de\/wp-content\/uploads\/2024\/08\/csm_wkl-exploded-drawing_9a62e12064-300x300.png 300w, https:\/\/stuewe.de\/wp-content\/uploads\/2024\/08\/csm_wkl-exploded-drawing_9a62e12064-150x150.png 150w\" sizes=\"(max-width: 360px) 100vw, 360px\" \/>\t\t\t\t\t\t\t\t\t\t\t\t\t<\/div>\n\t\t\t\t<\/div>\n\t\t\t\t<div class=\"elementor-element elementor-element-7a2dc43e elementor-vertical-align-top elementor-widget elementor-widget-icon-box\" data-id=\"7a2dc43e\" data-element_type=\"widget\" data-widget_type=\"icon-box.default\">\n\t\t\t\t<div class=\"elementor-widget-container\">\n\t\t\t\t\t<div class=\"elementor-icon-box-wrapper\">\n\n\t\t\t\n\t\t\t\t\t\t<div class=\"elementor-icon-box-content\">\n\n\t\t\t\t\t\t\t\t\t<h3 class=\"elementor-icon-box-title\">\n\t\t\t\t\t\t<span  >\n\t\t\t\t\t\t\tWidok roz\u0142o\u017cony\t\t\t\t\t\t<\/span>\n\t\t\t\t\t<\/h3>\n\t\t\t\t\n\t\t\t\t\t\t\t\t\t<p class=\"elementor-icon-box-description\">\n\t\t\t\t\t\tW przypadku sprz\u0119gie\u0142 wa\u0142u typu WKL, po\u0142\u0105czenie \u015brubowe mo\u017ce by\u0107 wykonane z obu stron (konstrukcja A) lub z jednej strony (konstrukcja B), w zale\u017cno\u015bci od potrzeb.\nw zale\u017cno\u015bci od potrzeb.\t\t\t\t\t<\/p>\n\t\t\t\t\n\t\t\t<\/div>\n\t\t\t\n\t\t<\/div>\n\t\t\t\t<\/div>\n\t\t\t\t<\/div>\n\t\t\t\t\t<\/div>\n\t\t<\/div>\n\t\t\t\t\t<\/div>\n\t\t<\/section>\n\t\t\t\t\t<\/div>\n\t\t<\/div>\n\t\t\t\t\t<\/div>\n\t\t<\/section>\n\t\t\t\t<section class=\"elementor-section elementor-top-section elementor-element elementor-element-3af8da22 elementor-section-full_width elementor-section-height-default elementor-section-height-default\" data-id=\"3af8da22\" data-element_type=\"section\" data-settings=\"{&quot;background_background&quot;:&quot;classic&quot;}\">\n\t\t\t\t\t\t<div class=\"elementor-container elementor-column-gap-no\">\n\t\t\t\t\t<div class=\"elementor-column elementor-col-100 elementor-top-column elementor-element elementor-element-c72e9b6\" data-id=\"c72e9b6\" data-element_type=\"column\">\n\t\t\t<div class=\"elementor-widget-wrap elementor-element-populated\">\n\t\t\t\t\t\t<section class=\"elementor-section elementor-inner-section elementor-element elementor-element-5d9c5c46 elementor-section-full_width elementor-section-height-default elementor-section-height-default\" data-id=\"5d9c5c46\" data-element_type=\"section\" data-settings=\"{&quot;background_background&quot;:&quot;classic&quot;}\">\n\t\t\t\t\t\t<div class=\"elementor-container elementor-column-gap-no\">\n\t\t\t\t\t<div class=\"elementor-column elementor-col-50 elementor-inner-column elementor-element elementor-element-53fd20fb\" data-id=\"53fd20fb\" data-element_type=\"column\" data-settings=\"{&quot;background_background&quot;:&quot;classic&quot;}\">\n\t\t\t<div class=\"elementor-widget-wrap elementor-element-populated\">\n\t\t\t\t\t\t<div class=\"elementor-element elementor-element-7483a04d elementor-widget elementor-widget-spacer\" data-id=\"7483a04d\" data-element_type=\"widget\" data-widget_type=\"spacer.default\">\n\t\t\t\t<div class=\"elementor-widget-container\">\n\t\t\t\t\t<div class=\"elementor-spacer\">\n\t\t\t<div class=\"elementor-spacer-inner\"><\/div>\n\t\t<\/div>\n\t\t\t\t<\/div>\n\t\t\t\t<\/div>\n\t\t\t\t\t<\/div>\n\t\t<\/div>\n\t\t\t\t<div class=\"elementor-column elementor-col-50 elementor-inner-column elementor-element elementor-element-39ee89a2\" data-id=\"39ee89a2\" data-element_type=\"column\" data-settings=\"{&quot;background_background&quot;:&quot;classic&quot;}\">\n\t\t\t<div class=\"elementor-widget-wrap elementor-element-populated\">\n\t\t\t\t\t\t<div class=\"elementor-element elementor-element-50cd33af elementor-widget elementor-widget-industrium_heading\" data-id=\"50cd33af\" data-element_type=\"widget\" data-widget_type=\"industrium_heading.default\">\n\t\t\t\t<div class=\"elementor-widget-container\">\n\t\t\t<div class=\"industrium-heading-widget\"><h2 class=\"industrium-heading\"><span class=\"industrium-subheading no-dot\">Jeste\u015b zainteresowany wsp\u00f3\u0142prac\u0105 z nami?<\/span><span class=\"industrium-heading-content\">Skontaktuj si\u0119 z nami<\/span><\/h2><\/div>\t\t<\/div>\n\t\t\t\t<\/div>\n\t\t\t\t<div class=\"elementor-element elementor-element-13815ff2 elementor-align-left elementor-widget elementor-widget-button\" data-id=\"13815ff2\" data-element_type=\"widget\" data-widget_type=\"button.default\">\n\t\t\t\t<div class=\"elementor-widget-container\">\n\t\t\t\t\t<div class=\"elementor-button-wrapper\">\n\t\t\t<a class=\"elementor-button elementor-button-link elementor-size-sm\" href=\"\/pl\/kontakt\/\">\n\t\t\t\t\t\t<span class=\"elementor-button-content-wrapper\">\n\t\t\t\t\t\t\t\t\t<span class=\"elementor-button-text\">Skontaktuj si\u0119 z nami<\/span>\n\t\t\t\t\t<\/span>\n\t\t\t\t\t<\/a>\n\t\t<\/div>\n\t\t\t\t<\/div>\n\t\t\t\t<\/div>\n\t\t\t\t\t<\/div>\n\t\t<\/div>\n\t\t\t\t\t<\/div>\n\t\t<\/section>\n\t\t\t\t\t<\/div>\n\t\t<\/div>\n\t\t\t\t\t<\/div>\n\t\t<\/section>\n\t\t\t\t<\/div>","protected":false},"excerpt":{"rendered":"<p>Sprz\u0119g\u0142a wa\u0142u WK i WKL s\u0105 odpowiednie wsz\u0119dzie tam, gdzie wymagane jest bezpieczne, sztywne po\u0142\u0105czenie dw\u00f3ch wolnych ko\u0144c\u00f3w wa\u0142u przy niewielkim wysi\u0142ku. Sprz\u0119g\u0142a s\u0105 dost\u0119pne dla wa\u0142\u00f3w o tej samej lub r\u00f3\u017cnej \u015brednicy. W przypadku wi\u0119kszych odleg\u0142o\u015bci osiowych mi\u0119dzy ramionami wa\u0142u...<\/p>","protected":false},"author":8,"featured_media":0,"parent":0,"menu_order":0,"comment_status":"closed","ping_status":"closed","template":"elementor_header_footer","meta":{"footnotes":""},"class_list":["post-17569","page","type-page","status-publish","hentry"],"yoast_head":"<!-- This site is optimized with the Yoast SEO plugin v27.2 - https:\/\/yoast.com\/product\/yoast-seo-wordpress\/ -->\n<title>Wellenkupplungen: WK \/ WKL - St\u00fcwe - Hattingen<\/title>\n<meta name=\"robots\" content=\"index, follow, max-snippet:-1, max-image-preview:large, max-video-preview:-1\" \/>\n<link rel=\"canonical\" href=\"https:\/\/stuewe.de\/pl\/sprzegla-walu-wk-wkl\/\" \/>\n<meta property=\"og:locale\" content=\"pl_PL\" \/>\n<meta property=\"og:type\" content=\"article\" \/>\n<meta property=\"og:title\" content=\"Wellenkupplungen: WK \/ WKL - St\u00fcwe - Hattingen\" \/>\n<meta property=\"og:description\" content=\"Die Wellenkupplungen WK und WKL eignen sich \u00fcberall dort, wo mit wenig Aufwand eine sichere, starre Verbindung zwischen zwei freien Wellenenden gefordert ist. Die Kupplungen werden f\u00fcr Wellen mit gleichen oder unterschiedlichen Wellendurchmessern angeboten. F\u00fcr gr\u00f6\u00dfere axiale Abst\u00e4nde zwischen den Wellenabs\u00e4tzen...\" \/>\n<meta property=\"og:url\" content=\"https:\/\/stuewe.de\/pl\/sprzegla-walu-wk-wkl\/\" \/>\n<meta property=\"og:site_name\" content=\"St\u00fcwe - Hattingen\" \/>\n<meta property=\"article:modified_time\" content=\"2025-08-29T08:26:28+00:00\" \/>\n<meta property=\"og:image\" content=\"https:\/\/stuewe.de\/wp-content\/uploads\/2024\/08\/csm_wkl-exploded-drawing_9a62e12064.png\" \/>\n<meta name=\"twitter:card\" content=\"summary_large_image\" \/>\n<script type=\"application\/ld+json\" class=\"yoast-schema-graph\">{\"@context\":\"https:\/\/schema.org\",\"@graph\":[{\"@type\":\"WebPage\",\"@id\":\"https:\/\/stuewe.de\/fr\/accouplements-darbres-wk-wkl\/\",\"url\":\"https:\/\/stuewe.de\/fr\/accouplements-darbres-wk-wkl\/\",\"name\":\"Wellenkupplungen: WK \/ WKL - St\u00fcwe - Hattingen\",\"isPartOf\":{\"@id\":\"https:\/\/stuewe.de\/#website\"},\"primaryImageOfPage\":{\"@id\":\"https:\/\/stuewe.de\/fr\/accouplements-darbres-wk-wkl\/#primaryimage\"},\"image\":{\"@id\":\"https:\/\/stuewe.de\/fr\/accouplements-darbres-wk-wkl\/#primaryimage\"},\"thumbnailUrl\":\"https:\/\/stuewe.de\/wp-content\/uploads\/2024\/08\/csm_wkl-exploded-drawing_9a62e12064.png\",\"datePublished\":\"2024-08-20T10:39:40+00:00\",\"dateModified\":\"2025-08-29T08:26:28+00:00\",\"breadcrumb\":{\"@id\":\"https:\/\/stuewe.de\/fr\/accouplements-darbres-wk-wkl\/#breadcrumb\"},\"inLanguage\":\"pl-PL\",\"potentialAction\":[{\"@type\":\"ReadAction\",\"target\":[\"https:\/\/stuewe.de\/fr\/accouplements-darbres-wk-wkl\/\"]}]},{\"@type\":\"ImageObject\",\"inLanguage\":\"pl-PL\",\"@id\":\"https:\/\/stuewe.de\/fr\/accouplements-darbres-wk-wkl\/#primaryimage\",\"url\":\"https:\/\/stuewe.de\/wp-content\/uploads\/2024\/08\/csm_wkl-exploded-drawing_9a62e12064.png\",\"contentUrl\":\"https:\/\/stuewe.de\/wp-content\/uploads\/2024\/08\/csm_wkl-exploded-drawing_9a62e12064.png\"},{\"@type\":\"BreadcrumbList\",\"@id\":\"https:\/\/stuewe.de\/fr\/accouplements-darbres-wk-wkl\/#breadcrumb\",\"itemListElement\":[{\"@type\":\"ListItem\",\"position\":1,\"name\":\"Start\",\"item\":\"https:\/\/stuewe.de\/\"},{\"@type\":\"ListItem\",\"position\":2,\"name\":\"Wellenkupplungen: WK \/ WKL\"}]},{\"@type\":\"WebSite\",\"@id\":\"https:\/\/stuewe.de\/#website\",\"url\":\"https:\/\/stuewe.de\/\",\"name\":\"St\u00fcwe - Hattingen\",\"description\":\"Maschinenbauteilen f\u00fcr Antriebstechnik\",\"potentialAction\":[{\"@type\":\"SearchAction\",\"target\":{\"@type\":\"EntryPoint\",\"urlTemplate\":\"https:\/\/stuewe.de\/?s={search_term_string}\"},\"query-input\":{\"@type\":\"PropertyValueSpecification\",\"valueRequired\":true,\"valueName\":\"search_term_string\"}}],\"inLanguage\":\"pl-PL\"}]}<\/script>\n<!-- \/ Yoast SEO plugin. -->","yoast_head_json":{"title":"Sprz\u0119g\u0142a wa\u0142u: WK \/ WKL - St\u00fcwe - Hattingen","robots":{"index":"index","follow":"follow","max-snippet":"max-snippet:-1","max-image-preview":"max-image-preview:large","max-video-preview":"max-video-preview:-1"},"canonical":"https:\/\/stuewe.de\/pl\/sprzegla-walu-wk-wkl\/","og_locale":"pl_PL","og_type":"article","og_title":"Wellenkupplungen: WK \/ WKL - St\u00fcwe - Hattingen","og_description":"Die Wellenkupplungen WK und WKL eignen sich \u00fcberall dort, wo mit wenig Aufwand eine sichere, starre Verbindung zwischen zwei freien Wellenenden gefordert ist. Die Kupplungen werden f\u00fcr Wellen mit gleichen oder unterschiedlichen Wellendurchmessern angeboten. F\u00fcr gr\u00f6\u00dfere axiale Abst\u00e4nde zwischen den Wellenabs\u00e4tzen...","og_url":"https:\/\/stuewe.de\/pl\/sprzegla-walu-wk-wkl\/","og_site_name":"St\u00fcwe - Hattingen","article_modified_time":"2025-08-29T08:26:28+00:00","og_image":[{"url":"https:\/\/stuewe.de\/wp-content\/uploads\/2024\/08\/csm_wkl-exploded-drawing_9a62e12064.png","type":"","width":"","height":""}],"twitter_card":"summary_large_image","schema":{"@context":"https:\/\/schema.org","@graph":[{"@type":"WebPage","@id":"https:\/\/stuewe.de\/fr\/accouplements-darbres-wk-wkl\/","url":"https:\/\/stuewe.de\/fr\/accouplements-darbres-wk-wkl\/","name":"Sprz\u0119g\u0142a wa\u0142u: WK \/ WKL - St\u00fcwe - Hattingen","isPartOf":{"@id":"https:\/\/stuewe.de\/#website"},"primaryImageOfPage":{"@id":"https:\/\/stuewe.de\/fr\/accouplements-darbres-wk-wkl\/#primaryimage"},"image":{"@id":"https:\/\/stuewe.de\/fr\/accouplements-darbres-wk-wkl\/#primaryimage"},"thumbnailUrl":"https:\/\/stuewe.de\/wp-content\/uploads\/2024\/08\/csm_wkl-exploded-drawing_9a62e12064.png","datePublished":"2024-08-20T10:39:40+00:00","dateModified":"2025-08-29T08:26:28+00:00","breadcrumb":{"@id":"https:\/\/stuewe.de\/fr\/accouplements-darbres-wk-wkl\/#breadcrumb"},"inLanguage":"pl-PL","potentialAction":[{"@type":"ReadAction","target":["https:\/\/stuewe.de\/fr\/accouplements-darbres-wk-wkl\/"]}]},{"@type":"ImageObject","inLanguage":"pl-PL","@id":"https:\/\/stuewe.de\/fr\/accouplements-darbres-wk-wkl\/#primaryimage","url":"https:\/\/stuewe.de\/wp-content\/uploads\/2024\/08\/csm_wkl-exploded-drawing_9a62e12064.png","contentUrl":"https:\/\/stuewe.de\/wp-content\/uploads\/2024\/08\/csm_wkl-exploded-drawing_9a62e12064.png"},{"@type":"BreadcrumbList","@id":"https:\/\/stuewe.de\/fr\/accouplements-darbres-wk-wkl\/#breadcrumb","itemListElement":[{"@type":"ListItem","position":1,"name":"Start","item":"https:\/\/stuewe.de\/"},{"@type":"ListItem","position":2,"name":"Wellenkupplungen: WK \/ WKL"}]},{"@type":"WebSite","@id":"https:\/\/stuewe.de\/#website","url":"https:\/\/stuewe.de\/","name":"St\u00fcwe - Hattingen","description":"Komponenty maszyn dla technologii nap\u0119dowej","potentialAction":[{"@type":"SearchAction","target":{"@type":"EntryPoint","urlTemplate":"https:\/\/stuewe.de\/?s={search_term_string}"},"query-input":{"@type":"PropertyValueSpecification","valueRequired":true,"valueName":"search_term_string"}}],"inLanguage":"pl-PL"}]}},"_links":{"self":[{"href":"https:\/\/stuewe.de\/pl\/wp-json\/wp\/v2\/pages\/17569","targetHints":{"allow":["GET"]}}],"collection":[{"href":"https:\/\/stuewe.de\/pl\/wp-json\/wp\/v2\/pages"}],"about":[{"href":"https:\/\/stuewe.de\/pl\/wp-json\/wp\/v2\/types\/page"}],"author":[{"embeddable":true,"href":"https:\/\/stuewe.de\/pl\/wp-json\/wp\/v2\/users\/8"}],"replies":[{"embeddable":true,"href":"https:\/\/stuewe.de\/pl\/wp-json\/wp\/v2\/comments?post=17569"}],"version-history":[{"count":22,"href":"https:\/\/stuewe.de\/pl\/wp-json\/wp\/v2\/pages\/17569\/revisions"}],"predecessor-version":[{"id":19924,"href":"https:\/\/stuewe.de\/pl\/wp-json\/wp\/v2\/pages\/17569\/revisions\/19924"}],"wp:attachment":[{"href":"https:\/\/stuewe.de\/pl\/wp-json\/wp\/v2\/media?parent=17569"}],"curies":[{"name":"wp","href":"https:\/\/api.w.org\/{rel}","templated":true}]}}