{"id":17524,"date":"2024-08-20T10:56:43","date_gmt":"2024-08-20T08:56:43","guid":{"rendered":"https:\/\/stuewe-test.ge-buer.de\/?page_id=17524"},"modified":"2025-08-29T10:22:16","modified_gmt":"2025-08-29T08:22:16","slug":"tarcze-termokurczliwe-dzielone-sdg","status":"publish","type":"page","link":"https:\/\/stuewe.de\/pl\/schrumpfscheiben-geteilt-sdg\/","title":{"rendered":"Dyski termokurczliwe - dzielone: SDG"},"content":{"rendered":"<div data-elementor-type=\"wp-page\" data-elementor-id=\"17524\" class=\"elementor elementor-17524\">\n\t\t\t\t\t\t<section class=\"elementor-section elementor-top-section elementor-element elementor-element-190d5163 elementor-section-boxed elementor-section-height-default elementor-section-height-default\" data-id=\"190d5163\" data-element_type=\"section\" data-settings=\"{&quot;background_background&quot;:&quot;classic&quot;}\">\n\t\t\t\t\t\t<div class=\"elementor-container elementor-column-gap-no\">\n\t\t\t\t\t<div class=\"elementor-column elementor-col-100 elementor-top-column elementor-element elementor-element-5ec72f9a\" data-id=\"5ec72f9a\" data-element_type=\"column\">\n\t\t\t<div class=\"elementor-widget-wrap elementor-element-populated\">\n\t\t\t\t\t\t<section class=\"elementor-section elementor-inner-section elementor-element elementor-element-6be8e68a elementor-section-boxed elementor-section-height-default elementor-section-height-default\" data-id=\"6be8e68a\" data-element_type=\"section\" data-settings=\"{&quot;background_background&quot;:&quot;classic&quot;}\">\n\t\t\t\t\t\t<div class=\"elementor-container elementor-column-gap-no\">\n\t\t\t\t\t<div class=\"elementor-column elementor-col-50 elementor-inner-column elementor-element elementor-element-6f019cc6\" data-id=\"6f019cc6\" data-element_type=\"column\">\n\t\t\t<div class=\"elementor-widget-wrap elementor-element-populated\">\n\t\t\t\t\t\t<div class=\"elementor-element elementor-element-168c4a5 elementor-widget elementor-widget-text-editor\" data-id=\"168c4a5\" data-element_type=\"widget\" data-widget_type=\"text-editor.default\">\n\t\t\t\t<div class=\"elementor-widget-container\">\n\t\t\t\t\t\t\t<p>Tarcza termokurczliwa typu SDG jest czterocz\u0119\u015bciow\u0105 tarcz\u0105 termokurczliw\u0105 do oszcz\u0119dzaj\u0105cego miejsce monta\u017cu termokurczliwego element\u00f3w w kszta\u0142cie tarczy, takich jak ko\u0142a z\u0119bate. Wariantem typu SDG jest dwucz\u0119\u015bciowa tarcza termokurczliwa typu SDGH. Jest ona cz\u0119sto stosowana w przypadku ma\u0142ych przestrzeni monta\u017cowych.<\/p><p>Modele CAD s\u0105 dost\u0119pne w <a title=\"Cadenas\" href=\"http:\/\/stuewe.partcommunity.com\/3d-cad-models\/schrumpfscheibe-typ-sdg-st%C3%BCwe?info=stuewe%2Fss_typ_sdg\" target=\"_blank\" rel=\"noopener noreferrer\">Cadenas<\/a>.<\/p>\t\t\t\t\t\t<\/div>\n\t\t\t\t<\/div>\n\t\t\t\t<div class=\"elementor-element elementor-element-942d061 elementor-align-left elementor-widget elementor-widget-button\" data-id=\"942d061\" data-element_type=\"widget\" data-widget_type=\"button.default\">\n\t\t\t\t<div class=\"elementor-widget-container\">\n\t\t\t\t\t<div class=\"elementor-button-wrapper\">\n\t\t\t<a class=\"elementor-button elementor-button-link elementor-size-sm\" href=\"https:\/\/stuewe.de\/wp-content\/uploads\/2025\/02\/Gesamtkatalogenglisch.pdf\">\n\t\t\t\t\t\t<span class=\"elementor-button-content-wrapper\">\n\t\t\t\t\t\t\t\t\t<span class=\"elementor-button-text\">Kompletny katalog<\/span>\n\t\t\t\t\t<\/span>\n\t\t\t\t\t<\/a>\n\t\t<\/div>\n\t\t\t\t<\/div>\n\t\t\t\t<\/div>\n\t\t\t\t<div class=\"elementor-element elementor-element-4dc8405 elementor-align-left elementor-widget elementor-widget-button\" data-id=\"4dc8405\" data-element_type=\"widget\" data-widget_type=\"button.default\">\n\t\t\t\t<div class=\"elementor-widget-container\">\n\t\t\t\t\t<div class=\"elementor-button-wrapper\">\n\t\t\t<a class=\"elementor-button elementor-button-link elementor-size-sm\" href=\"https:\/\/stuewe.de\/wp-content\/uploads\/2024\/08\/stuewe_montageanleitung_sdg.pdf\">\n\t\t\t\t\t\t<span class=\"elementor-button-content-wrapper\">\n\t\t\t\t\t\t\t\t\t<span class=\"elementor-button-text\">Instrukcje monta\u017cu<\/span>\n\t\t\t\t\t<\/span>\n\t\t\t\t\t<\/a>\n\t\t<\/div>\n\t\t\t\t<\/div>\n\t\t\t\t<\/div>\n\t\t\t\t<div class=\"elementor-element elementor-element-0ee7209 elementor-align-left elementor-widget elementor-widget-button\" data-id=\"0ee7209\" data-element_type=\"widget\" data-widget_type=\"button.default\">\n\t\t\t\t<div class=\"elementor-widget-container\">\n\t\t\t\t\t<div class=\"elementor-button-wrapper\">\n\t\t\t<a class=\"elementor-button elementor-button-link elementor-size-sm\" href=\"https:\/\/stuewe.de\/wp-content\/uploads\/2025\/08\/stuewe_202001_katalog_typ-sdg-sdgh.pdf\">\n\t\t\t\t\t\t<span class=\"elementor-button-content-wrapper\">\n\t\t\t\t\t\t\t\t\t<span class=\"elementor-button-text\">Strony katalogu SDG<\/span>\n\t\t\t\t\t<\/span>\n\t\t\t\t\t<\/a>\n\t\t<\/div>\n\t\t\t\t<\/div>\n\t\t\t\t<\/div>\n\t\t\t\t<div class=\"elementor-element elementor-element-3504301 elementor-align-items-flex-start view-type-1 title-alignment-left elementor-widget elementor-widget-industrium_image_carousel\" data-id=\"3504301\" data-element_type=\"widget\" data-widget_type=\"industrium_image_carousel.default\">\n\t\t\t\t<div class=\"elementor-widget-container\">\n\t\t\t\n        <div class=\"industrium-image-slider-widget\">\n\n                        <div class=\"slider-wrapper\">\n                                <div class=\"slider-container\">\n                    <div class=\"image-carousel owl-carousel owl-theme\" data-slider-options=\"{&quot;items&quot;:3,&quot;nav&quot;:false,&quot;dots&quot;:true,&quot;dotsContainer&quot;:&quot;.owl-dots-3504301&quot;,&quot;dotsContainerMobile&quot;:&quot;.owl-dots-3504301&quot;,&quot;autoplayHoverPause&quot;:true,&quot;autoplay&quot;:true,&quot;autoplaySpeed&quot;:300,&quot;autoplayTimeout&quot;:5000,&quot;loop&quot;:true,&quot;speed&quot;:500}\">\n                        <div class=\"slider-item\"><div class=\"slider-item-inner\"><div class=\"slider-item-media\"><img fetchpriority=\"high\" decoding=\"async\" width=\"400\" height=\"400\" src=\"https:\/\/stuewe.de\/wp-content\/uploads\/2024\/08\/stuewe_201708_grafiken_s50_1.png\" class=\"attachment-full size-full wp-image-17538\" alt=\"\" srcset=\"https:\/\/stuewe.de\/wp-content\/uploads\/2024\/08\/stuewe_201708_grafiken_s50_1.png 400w, https:\/\/stuewe.de\/wp-content\/uploads\/2024\/08\/stuewe_201708_grafiken_s50_1-300x300.png 300w, https:\/\/stuewe.de\/wp-content\/uploads\/2024\/08\/stuewe_201708_grafiken_s50_1-150x150.png 150w\" sizes=\"(max-width: 400px) 100vw, 400px\" \/><\/div><div class=\"slider-item-title\">SDG 71\/72<\/div><div class=\"slider-item-description\"><br><strong>\u015arednica wa\u0142u<\/strong><br>\n19 - 470 mm\n<br><br>\n<strong>\nPrzekazywalne momenty obrotowe<\/strong><br>\n0,26 - 2386 kNm\n<br><br>\n<strong>Wysokie momenty obrotowe<\/strong><\/div><\/div><\/div><div class=\"slider-item\"><div class=\"slider-item-inner\"><div class=\"slider-item-media\"><img decoding=\"async\" width=\"400\" height=\"400\" src=\"https:\/\/stuewe.de\/wp-content\/uploads\/2024\/08\/stuewe_201708_grafiken_s50_3sdg91.png\" class=\"attachment-full size-full wp-image-17543\" alt=\"\" srcset=\"https:\/\/stuewe.de\/wp-content\/uploads\/2024\/08\/stuewe_201708_grafiken_s50_3sdg91.png 400w, https:\/\/stuewe.de\/wp-content\/uploads\/2024\/08\/stuewe_201708_grafiken_s50_3sdg91-300x300.png 300w, https:\/\/stuewe.de\/wp-content\/uploads\/2024\/08\/stuewe_201708_grafiken_s50_3sdg91-150x150.png 150w\" sizes=\"(max-width: 400px) 100vw, 400px\" \/><\/div><div class=\"slider-item-title\">SDG 91<\/div><div class=\"slider-item-description\"><br><strong>\u015arednica wa\u0142u<\/strong><br>\n95 - 320 mm<br><br>\n\n<strong>Przekazywalne momenty obrotowe<\/strong><br>\n23 - 919 kNm<br><br>\n\n<strong>\n\nNajwy\u017csze momenty obrotowe<\/strong><\/div><\/div><\/div><div class=\"slider-item\"><div class=\"slider-item-inner\"><div class=\"slider-item-media\"><img decoding=\"async\" width=\"400\" height=\"400\" src=\"https:\/\/stuewe.de\/wp-content\/uploads\/2024\/08\/stuewe_201708_grafiken_s55_bauform_a.png\" class=\"attachment-full size-full wp-image-17533\" alt=\"\" srcset=\"https:\/\/stuewe.de\/wp-content\/uploads\/2024\/08\/stuewe_201708_grafiken_s55_bauform_a.png 400w, https:\/\/stuewe.de\/wp-content\/uploads\/2024\/08\/stuewe_201708_grafiken_s55_bauform_a-300x300.png 300w, https:\/\/stuewe.de\/wp-content\/uploads\/2024\/08\/stuewe_201708_grafiken_s55_bauform_a-150x150.png 150w\" sizes=\"(max-width: 400px) 100vw, 400px\" \/><\/div><div class=\"slider-item-title\">SDGH<\/div><div class=\"slider-item-description\"><br \/><strong>Projekt A<\/strong><br \/><br \/><\/div><\/div><\/div><div class=\"slider-item\"><div class=\"slider-item-inner\"><div class=\"slider-item-media\"><img loading=\"lazy\" decoding=\"async\" width=\"400\" height=\"400\" src=\"https:\/\/stuewe.de\/wp-content\/uploads\/2024\/08\/stuewe_201708_grafiken_s55_bauform_b.png\" class=\"attachment-full size-full wp-image-17534\" alt=\"\" srcset=\"https:\/\/stuewe.de\/wp-content\/uploads\/2024\/08\/stuewe_201708_grafiken_s55_bauform_b.png 400w, https:\/\/stuewe.de\/wp-content\/uploads\/2024\/08\/stuewe_201708_grafiken_s55_bauform_b-300x300.png 300w, https:\/\/stuewe.de\/wp-content\/uploads\/2024\/08\/stuewe_201708_grafiken_s55_bauform_b-150x150.png 150w\" sizes=\"(max-width: 400px) 100vw, 400px\" \/><\/div><div class=\"slider-item-title\">SDGH<\/div><div class=\"slider-item-description\"><br \/><strong>Projekt B<\/strong><br \/><br \/><\/div><\/div><\/div><div class=\"slider-item\"><div class=\"slider-item-inner\"><div class=\"slider-item-media\"><img loading=\"lazy\" decoding=\"async\" width=\"400\" height=\"400\" src=\"https:\/\/stuewe.de\/wp-content\/uploads\/2024\/08\/stuewe_201708_grafiken_s55_bauform_c.png\" class=\"attachment-full size-full wp-image-17542\" alt=\"\" srcset=\"https:\/\/stuewe.de\/wp-content\/uploads\/2024\/08\/stuewe_201708_grafiken_s55_bauform_c.png 400w, https:\/\/stuewe.de\/wp-content\/uploads\/2024\/08\/stuewe_201708_grafiken_s55_bauform_c-300x300.png 300w, https:\/\/stuewe.de\/wp-content\/uploads\/2024\/08\/stuewe_201708_grafiken_s55_bauform_c-150x150.png 150w\" sizes=\"(max-width: 400px) 100vw, 400px\" \/><\/div><div class=\"slider-item-title\">SDGH<\/div><div class=\"slider-item-description\"><strong><br \/>Projekt C<\/strong><\/div><\/div><\/div>                    <\/div>\n                <\/div>\n            <\/div>\n\n            <div class=\"owl-dots owl-dots-3504301\"><\/div>\n        <\/div>\n        \t\t<\/div>\n\t\t\t\t<\/div>\n\t\t\t\t\t<\/div>\n\t\t<\/div>\n\t\t\t\t<div class=\"elementor-column elementor-col-50 elementor-inner-column elementor-element elementor-element-404f35fa\" data-id=\"404f35fa\" data-element_type=\"column\" data-settings=\"{&quot;background_background&quot;:&quot;classic&quot;}\">\n\t\t\t<div class=\"elementor-widget-wrap elementor-element-populated\">\n\t\t\t\t\t\t<div class=\"elementor-element elementor-element-a5d9995 elementor-widget elementor-widget-image\" data-id=\"a5d9995\" data-element_type=\"widget\" data-widget_type=\"image.default\">\n\t\t\t\t<div class=\"elementor-widget-container\">\n\t\t\t\t\t\t\t\t\t\t\t\t\t<img loading=\"lazy\" decoding=\"async\" width=\"360\" height=\"360\" src=\"https:\/\/stuewe.de\/wp-content\/uploads\/2024\/08\/csm_sdg-exploded-drawing_abe3f9ba58.png\" class=\"attachment-full size-full wp-image-17529\" alt=\"\" srcset=\"https:\/\/stuewe.de\/wp-content\/uploads\/2024\/08\/csm_sdg-exploded-drawing_abe3f9ba58.png 360w, https:\/\/stuewe.de\/wp-content\/uploads\/2024\/08\/csm_sdg-exploded-drawing_abe3f9ba58-300x300.png 300w, https:\/\/stuewe.de\/wp-content\/uploads\/2024\/08\/csm_sdg-exploded-drawing_abe3f9ba58-150x150.png 150w\" sizes=\"(max-width: 360px) 100vw, 360px\" \/>\t\t\t\t\t\t\t\t\t\t\t\t\t<\/div>\n\t\t\t\t<\/div>\n\t\t\t\t<div class=\"elementor-element elementor-element-7a2dc43e elementor-vertical-align-top elementor-widget elementor-widget-icon-box\" data-id=\"7a2dc43e\" data-element_type=\"widget\" data-widget_type=\"icon-box.default\">\n\t\t\t\t<div class=\"elementor-widget-container\">\n\t\t\t\t\t<div class=\"elementor-icon-box-wrapper\">\n\n\t\t\t\n\t\t\t\t\t\t<div class=\"elementor-icon-box-content\">\n\n\t\t\t\t\t\t\t\t\t<h3 class=\"elementor-icon-box-title\">\n\t\t\t\t\t\t<span  >\n\t\t\t\t\t\t\tWidok roz\u0142o\u017cony\t\t\t\t\t\t<\/span>\n\t\t\t\t\t<\/h3>\n\t\t\t\t\n\t\t\t\t\t\t\t\t\t<p class=\"elementor-icon-box-description\">\n\t\t\t\t\t\tMoc jest przenoszona bezpo\u015brednio z wa\u0142u na zamontowan\u0105 cz\u0119\u015b\u0107. Bezpo\u015bredni przep\u0142yw mocy zapewnia maksymalne przenoszone si\u0142y i momenty obrotowe.\t\t\t\t\t<\/p>\n\t\t\t\t\n\t\t\t<\/div>\n\t\t\t\n\t\t<\/div>\n\t\t\t\t<\/div>\n\t\t\t\t<\/div>\n\t\t\t\t\t<\/div>\n\t\t<\/div>\n\t\t\t\t\t<\/div>\n\t\t<\/section>\n\t\t\t\t\t<\/div>\n\t\t<\/div>\n\t\t\t\t\t<\/div>\n\t\t<\/section>\n\t\t\t\t<section class=\"elementor-section elementor-top-section elementor-element elementor-element-3af8da22 elementor-section-full_width elementor-section-height-default elementor-section-height-default\" data-id=\"3af8da22\" data-element_type=\"section\" data-settings=\"{&quot;background_background&quot;:&quot;classic&quot;}\">\n\t\t\t\t\t\t<div class=\"elementor-container elementor-column-gap-no\">\n\t\t\t\t\t<div class=\"elementor-column elementor-col-100 elementor-top-column elementor-element elementor-element-c72e9b6\" data-id=\"c72e9b6\" data-element_type=\"column\">\n\t\t\t<div class=\"elementor-widget-wrap elementor-element-populated\">\n\t\t\t\t\t\t<section class=\"elementor-section elementor-inner-section elementor-element elementor-element-5d9c5c46 elementor-section-full_width elementor-section-height-default elementor-section-height-default\" data-id=\"5d9c5c46\" data-element_type=\"section\" data-settings=\"{&quot;background_background&quot;:&quot;classic&quot;}\">\n\t\t\t\t\t\t<div class=\"elementor-container elementor-column-gap-no\">\n\t\t\t\t\t<div class=\"elementor-column elementor-col-50 elementor-inner-column elementor-element elementor-element-53fd20fb\" data-id=\"53fd20fb\" data-element_type=\"column\" data-settings=\"{&quot;background_background&quot;:&quot;classic&quot;}\">\n\t\t\t<div class=\"elementor-widget-wrap elementor-element-populated\">\n\t\t\t\t\t\t<div class=\"elementor-element elementor-element-7483a04d elementor-widget elementor-widget-spacer\" data-id=\"7483a04d\" data-element_type=\"widget\" data-widget_type=\"spacer.default\">\n\t\t\t\t<div class=\"elementor-widget-container\">\n\t\t\t\t\t<div class=\"elementor-spacer\">\n\t\t\t<div class=\"elementor-spacer-inner\"><\/div>\n\t\t<\/div>\n\t\t\t\t<\/div>\n\t\t\t\t<\/div>\n\t\t\t\t\t<\/div>\n\t\t<\/div>\n\t\t\t\t<div class=\"elementor-column elementor-col-50 elementor-inner-column elementor-element elementor-element-39ee89a2\" data-id=\"39ee89a2\" data-element_type=\"column\" data-settings=\"{&quot;background_background&quot;:&quot;classic&quot;}\">\n\t\t\t<div class=\"elementor-widget-wrap elementor-element-populated\">\n\t\t\t\t\t\t<div class=\"elementor-element elementor-element-50cd33af elementor-widget elementor-widget-industrium_heading\" data-id=\"50cd33af\" data-element_type=\"widget\" data-widget_type=\"industrium_heading.default\">\n\t\t\t\t<div class=\"elementor-widget-container\">\n\t\t\t<div class=\"industrium-heading-widget\"><h2 class=\"industrium-heading\"><span class=\"industrium-subheading no-dot\">Jeste\u015b zainteresowany wsp\u00f3\u0142prac\u0105 z nami?<\/span><span class=\"industrium-heading-content\">Skontaktuj si\u0119 z nami<\/span><\/h2><\/div>\t\t<\/div>\n\t\t\t\t<\/div>\n\t\t\t\t<div class=\"elementor-element elementor-element-13815ff2 elementor-align-left elementor-widget elementor-widget-button\" data-id=\"13815ff2\" data-element_type=\"widget\" data-widget_type=\"button.default\">\n\t\t\t\t<div class=\"elementor-widget-container\">\n\t\t\t\t\t<div class=\"elementor-button-wrapper\">\n\t\t\t<a class=\"elementor-button elementor-button-link elementor-size-sm\" href=\"\/pl\/kontakt\/\">\n\t\t\t\t\t\t<span class=\"elementor-button-content-wrapper\">\n\t\t\t\t\t\t\t\t\t<span class=\"elementor-button-text\">Skontaktuj si\u0119 z nami<\/span>\n\t\t\t\t\t<\/span>\n\t\t\t\t\t<\/a>\n\t\t<\/div>\n\t\t\t\t<\/div>\n\t\t\t\t<\/div>\n\t\t\t\t\t<\/div>\n\t\t<\/div>\n\t\t\t\t\t<\/div>\n\t\t<\/section>\n\t\t\t\t\t<\/div>\n\t\t<\/div>\n\t\t\t\t\t<\/div>\n\t\t<\/section>\n\t\t\t\t<\/div>","protected":false},"excerpt":{"rendered":"<p>Tarcza kurczliwa typu SDG to czterocz\u0119\u015bciowa tarcza kurczliwa do oszcz\u0119dzaj\u0105cego miejsce kurczenia osie i piasty, takich jak ko\u0142a z\u0119bate. Wariantem typu SDG jest dwucz\u0119\u015bciowa tarcza kurczliwa typu SDGH. Jest ona cz\u0119sto stosowana w ciasnych przestrzeniach monta\u017cowych. Modele CAD mo\u017cna znale\u017a\u0107 w firmie Cadenas. Katalog og\u00f3lny\u2026<\/p>","protected":false},"author":8,"featured_media":0,"parent":0,"menu_order":0,"comment_status":"closed","ping_status":"closed","template":"elementor_header_footer","meta":{"footnotes":""},"class_list":["post-17524","page","type-page","status-publish","hentry"],"yoast_head":"<!-- This site is optimized with the Yoast SEO plugin v27.2 - https:\/\/yoast.com\/product\/yoast-seo-wordpress\/ -->\n<title>Schrumpfscheiben - geteilt: SDG - St\u00fcwe - Hattingen<\/title>\n<meta name=\"robots\" content=\"index, follow, max-snippet:-1, max-image-preview:large, max-video-preview:-1\" \/>\n<link rel=\"canonical\" href=\"https:\/\/stuewe.de\/pl\/tarcze-termokurczliwe-dzielone-sdg\/\" \/>\n<meta property=\"og:locale\" content=\"pl_PL\" \/>\n<meta property=\"og:type\" content=\"article\" \/>\n<meta property=\"og:title\" content=\"Schrumpfscheiben - geteilt: SDG - St\u00fcwe - Hattingen\" \/>\n<meta property=\"og:description\" content=\"Die Schrumpfscheibe Typ SDG ist eine vierteilige Schrumpfscheibe zum platzsparenden Aufschrumpfen von scheibenf\u00f6rmigen Bauteilen wie bspw. Zahnr\u00e4dern. Eine Variante des Typs SDG ist die zweiteilige Schrumpfscheibe Typ SDGH. Verwendung findet diese h\u00e4ufig bei geringen Baur\u00e4umen. CAD-Modelle erhalten Sie bei Cadenas. Gesamtkatalog...\" \/>\n<meta property=\"og:url\" content=\"https:\/\/stuewe.de\/pl\/tarcze-termokurczliwe-dzielone-sdg\/\" \/>\n<meta property=\"og:site_name\" content=\"St\u00fcwe - Hattingen\" \/>\n<meta property=\"article:modified_time\" content=\"2025-08-29T08:22:16+00:00\" \/>\n<meta property=\"og:image\" content=\"https:\/\/stuewe.de\/wp-content\/uploads\/2024\/08\/csm_sdg-exploded-drawing_abe3f9ba58.png\" \/>\n<meta name=\"twitter:card\" content=\"summary_large_image\" \/>\n<script type=\"application\/ld+json\" class=\"yoast-schema-graph\">{\"@context\":\"https:\/\/schema.org\",\"@graph\":[{\"@type\":\"WebPage\",\"@id\":\"https:\/\/stuewe.de\/schrumpfscheiben-geteilt-sdg\/\",\"url\":\"https:\/\/stuewe.de\/schrumpfscheiben-geteilt-sdg\/\",\"name\":\"Schrumpfscheiben - geteilt: SDG - St\u00fcwe - Hattingen\",\"isPartOf\":{\"@id\":\"https:\/\/stuewe.de\/#website\"},\"primaryImageOfPage\":{\"@id\":\"https:\/\/stuewe.de\/schrumpfscheiben-geteilt-sdg\/#primaryimage\"},\"image\":{\"@id\":\"https:\/\/stuewe.de\/schrumpfscheiben-geteilt-sdg\/#primaryimage\"},\"thumbnailUrl\":\"https:\/\/stuewe.de\/wp-content\/uploads\/2024\/08\/csm_sdg-exploded-drawing_abe3f9ba58.png\",\"datePublished\":\"2024-08-20T08:56:43+00:00\",\"dateModified\":\"2025-08-29T08:22:16+00:00\",\"breadcrumb\":{\"@id\":\"https:\/\/stuewe.de\/schrumpfscheiben-geteilt-sdg\/#breadcrumb\"},\"inLanguage\":\"pl-PL\",\"potentialAction\":[{\"@type\":\"ReadAction\",\"target\":[\"https:\/\/stuewe.de\/schrumpfscheiben-geteilt-sdg\/\"]}]},{\"@type\":\"ImageObject\",\"inLanguage\":\"pl-PL\",\"@id\":\"https:\/\/stuewe.de\/schrumpfscheiben-geteilt-sdg\/#primaryimage\",\"url\":\"https:\/\/stuewe.de\/wp-content\/uploads\/2024\/08\/csm_sdg-exploded-drawing_abe3f9ba58.png\",\"contentUrl\":\"https:\/\/stuewe.de\/wp-content\/uploads\/2024\/08\/csm_sdg-exploded-drawing_abe3f9ba58.png\"},{\"@type\":\"BreadcrumbList\",\"@id\":\"https:\/\/stuewe.de\/schrumpfscheiben-geteilt-sdg\/#breadcrumb\",\"itemListElement\":[{\"@type\":\"ListItem\",\"position\":1,\"name\":\"Start\",\"item\":\"https:\/\/stuewe.de\/\"},{\"@type\":\"ListItem\",\"position\":2,\"name\":\"Schrumpfscheiben &#8211; geteilt: SDG\"}]},{\"@type\":\"WebSite\",\"@id\":\"https:\/\/stuewe.de\/#website\",\"url\":\"https:\/\/stuewe.de\/\",\"name\":\"St\u00fcwe - Hattingen\",\"description\":\"Maschinenbauteilen f\u00fcr Antriebstechnik\",\"potentialAction\":[{\"@type\":\"SearchAction\",\"target\":{\"@type\":\"EntryPoint\",\"urlTemplate\":\"https:\/\/stuewe.de\/?s={search_term_string}\"},\"query-input\":{\"@type\":\"PropertyValueSpecification\",\"valueRequired\":true,\"valueName\":\"search_term_string\"}}],\"inLanguage\":\"pl-PL\"}]}<\/script>\n<!-- \/ Yoast SEO plugin. -->","yoast_head_json":{"title":"Dyski termokurczliwe - dzielone: SDG - St\u00fcwe - Hattingen","robots":{"index":"index","follow":"follow","max-snippet":"max-snippet:-1","max-image-preview":"max-image-preview:large","max-video-preview":"max-video-preview:-1"},"canonical":"https:\/\/stuewe.de\/pl\/tarcze-termokurczliwe-dzielone-sdg\/","og_locale":"pl_PL","og_type":"article","og_title":"Schrumpfscheiben - geteilt: SDG - St\u00fcwe - Hattingen","og_description":"Die Schrumpfscheibe Typ SDG ist eine vierteilige Schrumpfscheibe zum platzsparenden Aufschrumpfen von scheibenf\u00f6rmigen Bauteilen wie bspw. Zahnr\u00e4dern. Eine Variante des Typs SDG ist die zweiteilige Schrumpfscheibe Typ SDGH. Verwendung findet diese h\u00e4ufig bei geringen Baur\u00e4umen. CAD-Modelle erhalten Sie bei Cadenas. Gesamtkatalog...","og_url":"https:\/\/stuewe.de\/pl\/tarcze-termokurczliwe-dzielone-sdg\/","og_site_name":"St\u00fcwe - Hattingen","article_modified_time":"2025-08-29T08:22:16+00:00","og_image":[{"url":"https:\/\/stuewe.de\/wp-content\/uploads\/2024\/08\/csm_sdg-exploded-drawing_abe3f9ba58.png","type":"","width":"","height":""}],"twitter_card":"summary_large_image","schema":{"@context":"https:\/\/schema.org","@graph":[{"@type":"WebPage","@id":"https:\/\/stuewe.de\/schrumpfscheiben-geteilt-sdg\/","url":"https:\/\/stuewe.de\/schrumpfscheiben-geteilt-sdg\/","name":"Dyski termokurczliwe - dzielone: SDG - St\u00fcwe - Hattingen","isPartOf":{"@id":"https:\/\/stuewe.de\/#website"},"primaryImageOfPage":{"@id":"https:\/\/stuewe.de\/schrumpfscheiben-geteilt-sdg\/#primaryimage"},"image":{"@id":"https:\/\/stuewe.de\/schrumpfscheiben-geteilt-sdg\/#primaryimage"},"thumbnailUrl":"https:\/\/stuewe.de\/wp-content\/uploads\/2024\/08\/csm_sdg-exploded-drawing_abe3f9ba58.png","datePublished":"2024-08-20T08:56:43+00:00","dateModified":"2025-08-29T08:22:16+00:00","breadcrumb":{"@id":"https:\/\/stuewe.de\/schrumpfscheiben-geteilt-sdg\/#breadcrumb"},"inLanguage":"pl-PL","potentialAction":[{"@type":"ReadAction","target":["https:\/\/stuewe.de\/schrumpfscheiben-geteilt-sdg\/"]}]},{"@type":"ImageObject","inLanguage":"pl-PL","@id":"https:\/\/stuewe.de\/schrumpfscheiben-geteilt-sdg\/#primaryimage","url":"https:\/\/stuewe.de\/wp-content\/uploads\/2024\/08\/csm_sdg-exploded-drawing_abe3f9ba58.png","contentUrl":"https:\/\/stuewe.de\/wp-content\/uploads\/2024\/08\/csm_sdg-exploded-drawing_abe3f9ba58.png"},{"@type":"BreadcrumbList","@id":"https:\/\/stuewe.de\/schrumpfscheiben-geteilt-sdg\/#breadcrumb","itemListElement":[{"@type":"ListItem","position":1,"name":"Start","item":"https:\/\/stuewe.de\/"},{"@type":"ListItem","position":2,"name":"Schrumpfscheiben &#8211; geteilt: SDG"}]},{"@type":"WebSite","@id":"https:\/\/stuewe.de\/#website","url":"https:\/\/stuewe.de\/","name":"St\u00fcwe - Hattingen","description":"Komponenty maszyn dla technologii nap\u0119dowej","potentialAction":[{"@type":"SearchAction","target":{"@type":"EntryPoint","urlTemplate":"https:\/\/stuewe.de\/?s={search_term_string}"},"query-input":{"@type":"PropertyValueSpecification","valueRequired":true,"valueName":"search_term_string"}}],"inLanguage":"pl-PL"}]}},"_links":{"self":[{"href":"https:\/\/stuewe.de\/pl\/wp-json\/wp\/v2\/pages\/17524","targetHints":{"allow":["GET"]}}],"collection":[{"href":"https:\/\/stuewe.de\/pl\/wp-json\/wp\/v2\/pages"}],"about":[{"href":"https:\/\/stuewe.de\/pl\/wp-json\/wp\/v2\/types\/page"}],"author":[{"embeddable":true,"href":"https:\/\/stuewe.de\/pl\/wp-json\/wp\/v2\/users\/8"}],"replies":[{"embeddable":true,"href":"https:\/\/stuewe.de\/pl\/wp-json\/wp\/v2\/comments?post=17524"}],"version-history":[{"count":34,"href":"https:\/\/stuewe.de\/pl\/wp-json\/wp\/v2\/pages\/17524\/revisions"}],"predecessor-version":[{"id":19915,"href":"https:\/\/stuewe.de\/pl\/wp-json\/wp\/v2\/pages\/17524\/revisions\/19915"}],"wp:attachment":[{"href":"https:\/\/stuewe.de\/pl\/wp-json\/wp\/v2\/media?parent=17524"}],"curies":[{"name":"wp","href":"https:\/\/api.w.org\/{rel}","templated":true}]}}