{"id":16659,"date":"2024-08-03T02:49:50","date_gmt":"2024-08-03T00:49:50","guid":{"rendered":"https:\/\/stuewe-test.ge-buer.de\/?page_id=16659"},"modified":"2024-11-18T22:28:39","modified_gmt":"2024-11-18T21:28:39","slug":"przemyslowe-tarcze-hamulcowe-stuewe-typu-sbd-2","status":"publish","type":"page","link":"https:\/\/stuewe.de\/pl\/stuewe-industriebremsscheiben-typ-sbd-2\/","title":{"rendered":"System Stop Turn Block"},"content":{"rendered":"<div data-elementor-type=\"wp-page\" data-elementor-id=\"16659\" class=\"elementor elementor-16659\">\n\t\t\t\t\t\t<section class=\"elementor-section elementor-top-section elementor-element elementor-element-190d5163 elementor-section-boxed elementor-section-height-default elementor-section-height-default\" data-id=\"190d5163\" data-element_type=\"section\" data-settings=\"{&quot;background_background&quot;:&quot;classic&quot;}\">\n\t\t\t\t\t\t<div class=\"elementor-container elementor-column-gap-no\">\n\t\t\t\t\t<div class=\"elementor-column elementor-col-100 elementor-top-column elementor-element elementor-element-5ec72f9a\" data-id=\"5ec72f9a\" data-element_type=\"column\">\n\t\t\t<div class=\"elementor-widget-wrap elementor-element-populated\">\n\t\t\t\t\t\t<section class=\"elementor-section elementor-inner-section elementor-element elementor-element-6be8e68a elementor-section-boxed elementor-section-height-default elementor-section-height-default\" data-id=\"6be8e68a\" data-element_type=\"section\" data-settings=\"{&quot;background_background&quot;:&quot;classic&quot;}\">\n\t\t\t\t\t\t<div class=\"elementor-container elementor-column-gap-no\">\n\t\t\t\t\t<div class=\"elementor-column elementor-col-50 elementor-inner-column elementor-element elementor-element-6f019cc6\" data-id=\"6f019cc6\" data-element_type=\"column\">\n\t\t\t<div class=\"elementor-widget-wrap elementor-element-populated\">\n\t\t\t\t\t\t<div class=\"elementor-element elementor-element-5abf5a2 elementor-widget elementor-widget-industrium_heading\" data-id=\"5abf5a2\" data-element_type=\"widget\" data-widget_type=\"industrium_heading.default\">\n\t\t\t\t<div class=\"elementor-widget-container\">\n\t\t\t<div class=\"industrium-heading-widget\"><h2 class=\"industrium-heading\"><span class=\"industrium-subheading no-dot\">System St\u00fcwe Stop-Turn-Block<\/span><span class=\"industrium-heading-content\">Wszechstronno\u015b\u0107 na najwy\u017cszym poziomie<\/span><\/h2><\/div>\t\t<\/div>\n\t\t\t\t<\/div>\n\t\t\t\t<div class=\"elementor-element elementor-element-168c4a5 elementor-widget elementor-widget-text-editor\" data-id=\"168c4a5\" data-element_type=\"widget\" data-widget_type=\"text-editor.default\">\n\t\t\t\t<div class=\"elementor-widget-container\">\n\t\t\t\t\t\t\t<p>System STB firmy ST\u00dcWE zosta\u0142 opracowany dla wa\u0142\u00f3w nap\u0119dowych o mocy g\u0142\u00f3wnej wynosz\u0105cej <br \/>do 25 MW na du\u017cych jachtach, statkach wycieczkowych, promach lub statkach handlowych <br \/>opracowany. Dzi\u0119ki modu\u0142owemu systemowi nasze urz\u0105dzenia mog\u0105 by\u0107 u\u017cywane ze wszystkimi trzema, tylko <br \/>mog\u0105 by\u0107 dost\u0119pne dwie lub tylko jedna z g\u0142\u00f3wnych funkcji STOP-TURN-BLOCK.<br \/><br \/><\/p>\t\t\t\t\t\t<\/div>\n\t\t\t\t<\/div>\n\t\t\t\t<div class=\"elementor-element elementor-element-98219a0 elementor-widget elementor-widget-text-editor\" data-id=\"98219a0\" data-element_type=\"widget\" data-widget_type=\"text-editor.default\">\n\t\t\t\t<div class=\"elementor-widget-container\">\n\t\t\t\t\t\t\t<p><b>STOP<\/b>: <span class=\"TextRun SCXW193646409 BCX0\" lang=\"DE-DE\" xml:lang=\"DE-DE\" data-contrast=\"auto\"><span class=\"NormalTextRun SCXW193646409 BCX0\">Po od\u0142\u0105czeniu silnika g\u0142\u00f3wnego wa\u0142 mo\u017cna zatrzyma\u0107 za pomoc\u0105 hydraulicznego, pneumatycznego lub elektrycznego uk\u0142adu hamulcowego. Hamulec<\/span> <\/span><span class=\"TextRun Highlight SCXW193646409 BCX0\" lang=\"DE-DE\" xml:lang=\"DE-DE\" data-contrast=\"auto\"><span class=\"NormalTextRun SCXW193646409 BCX0\">pot\u0119\u017cny<\/span><\/span><span class=\"TextRun SCXW193646409 BCX0\" lang=\"DE-DE\" xml:lang=\"DE-DE\" data-contrast=\"auto\"><span class=\"NormalTextRun SCXW193646409 BCX0\"> Zasilacz jest zawarty w zakresie dostawy i<\/span> <\/span><span class=\"TextRun Highlight SCXW193646409 BCX0\" lang=\"DE-DE\" xml:lang=\"DE-DE\" data-contrast=\"auto\"><span class=\"NormalTextRun SCXW193646409 BCX0\">Zar\u00f3wno interfejs, jak i funkcja s\u0105 <\/span><span class=\"NormalTextRun SCXW193646409 BCX0\">do <\/span><span class=\"NormalTextRun SCXW193646409 BCX0\">Dostosowane do wymaga\u0144 u\u017cytkownika.<\/span><\/span><\/p>\t\t\t\t\t\t<\/div>\n\t\t\t\t<\/div>\n\t\t\t\t<div class=\"elementor-element elementor-element-e275167 elementor-widget elementor-widget-text-editor\" data-id=\"e275167\" data-element_type=\"widget\" data-widget_type=\"text-editor.default\">\n\t\t\t\t<div class=\"elementor-widget-container\">\n\t\t\t\t\t\t\t<p><b>TURN<\/b>Wa\u0142 g\u0142\u00f3wny mo\u017cna obraca\u0107 w obu kierunkach bez uruchamiania silnika g\u0142\u00f3wnego. Rotator jest sterowany elektrycznie i jest zwykle wyposa\u017cony w pokr\u0119t\u0142o bezpiecze\u0144stwa do obs\u0142ugi awaryjnej.<\/p>\t\t\t\t\t\t<\/div>\n\t\t\t\t<\/div>\n\t\t\t\t<div class=\"elementor-element elementor-element-0126ff2 elementor-widget elementor-widget-text-editor\" data-id=\"0126ff2\" data-element_type=\"widget\" data-widget_type=\"text-editor.default\">\n\t\t\t\t<div class=\"elementor-widget-container\">\n\t\t\t\t\t\t\t<p><b>BLOK<\/b>Wa\u0142 mo\u017ce zosta\u0107 zablokowany za pomoc\u0105 sworznia, kt\u00f3ry jest w\u0142o\u017cony do <span class=\"TextRun Highlight SCXW142119647 BCX0\" lang=\"DE-DE\" xml:lang=\"DE-DE\" data-contrast=\"auto\"><span class=\"NormalTextRun SCXW142119647 BCX0\">zamierzony<\/span><\/span> otwory w tarczach. Trzpie\u0144 mo\u017ce by\u0107 \u0142atwo obs\u0142ugiwany r\u0119cznie lub wygodnie za pomoc\u0105 ko\u0142a r\u0119cznego lub elektrycznie.<\/p>\t\t\t\t\t\t<\/div>\n\t\t\t\t<\/div>\n\t\t\t\t<div class=\"elementor-element elementor-element-51ca683 elementor-widget elementor-widget-industrium_heading\" data-id=\"51ca683\" data-element_type=\"widget\" data-widget_type=\"industrium_heading.default\">\n\t\t\t\t<div class=\"elementor-widget-container\">\n\t\t\t<div class=\"industrium-heading-widget\"><h2 class=\"industrium-heading\"><span class=\"industrium-heading-content\">Zalety systemu STB firmy ST\u00dcWE:<\/span><\/h2><\/div>\t\t<\/div>\n\t\t\t\t<\/div>\n\t\t\t\t<div class=\"elementor-element elementor-element-2d1ca977 elementor-widget__width-auto elementor-icon-list--layout-traditional elementor-list-item-link-full_width elementor-widget elementor-widget-icon-list\" data-id=\"2d1ca977\" data-element_type=\"widget\" data-widget_type=\"icon-list.default\">\n\t\t\t\t<div class=\"elementor-widget-container\">\n\t\t\t\t\t<ul class=\"elementor-icon-list-items\">\n\t\t\t\t\t\t\t<li class=\"elementor-icon-list-item\">\n\t\t\t\t\t\t\t\t\t\t\t<span class=\"elementor-icon-list-icon\">\n\t\t\t\t\t\t\t<svg aria-hidden=\"true\" class=\"e-font-icon-svg e-fas-dot-circle\" viewbox=\"0 0 512 512\" xmlns=\"http:\/\/www.w3.org\/2000\/svg\"><path d=\"M256 8C119.033 8 8 119.033 8 256s111.033 248 248 248 248-111.033 248-248S392.967 8 256 8zm80 248c0 44.112-35.888 80-80 80s-80-35.888-80-80 35.888-80 80-80 80 35.888 80 80z\"><\/path><\/svg>\t\t\t\t\t\t<\/span>\n\t\t\t\t\t\t\t\t\t\t<span class=\"elementor-icon-list-text\">Prosta, bezpieczna i wytrzyma\u0142a konstrukcja o wysokim stopniu ochrony przed korozj\u0105<\/span>\n\t\t\t\t\t\t\t\t\t<\/li>\n\t\t\t\t\t\t\t\t<li class=\"elementor-icon-list-item\">\n\t\t\t\t\t\t\t\t\t\t\t<span class=\"elementor-icon-list-icon\">\n\t\t\t\t\t\t\t<svg aria-hidden=\"true\" class=\"e-font-icon-svg e-fas-dot-circle\" viewbox=\"0 0 512 512\" xmlns=\"http:\/\/www.w3.org\/2000\/svg\"><path d=\"M256 8C119.033 8 8 119.033 8 256s111.033 248 248 248 248-111.033 248-248S392.967 8 256 8zm80 248c0 44.112-35.888 80-80 80s-80-35.888-80-80 35.888-80 80-80 80 35.888 80 80z\"><\/path><\/svg>\t\t\t\t\t\t<\/span>\n\t\t\t\t\t\t\t\t\t\t<span class=\"elementor-icon-list-text\">Prosta i bezpieczna obs\u0142uga dzi\u0119ki blokadom w jednostce steruj\u0105cej<\/span>\n\t\t\t\t\t\t\t\t\t<\/li>\n\t\t\t\t\t\t\t\t<li class=\"elementor-icon-list-item\">\n\t\t\t\t\t\t\t\t\t\t\t<span class=\"elementor-icon-list-icon\">\n\t\t\t\t\t\t\t<svg aria-hidden=\"true\" class=\"e-font-icon-svg e-fas-dot-circle\" viewbox=\"0 0 512 512\" xmlns=\"http:\/\/www.w3.org\/2000\/svg\"><path d=\"M256 8C119.033 8 8 119.033 8 256s111.033 248 248 248 248-111.033 248-248S392.967 8 256 8zm80 248c0 44.112-35.888 80-80 80s-80-35.888-80-80 35.888-80 80-80 80 35.888 80 80z\"><\/path><\/svg>\t\t\t\t\t\t<\/span>\n\t\t\t\t\t\t\t\t\t\t<span class=\"elementor-icon-list-text\">Wszystkie komponenty elektroniczne, w tym czujniki, s\u0105 certyfikowane przez towarzystwo klasyfikacyjne<\/span>\n\t\t\t\t\t\t\t\t\t<\/li>\n\t\t\t\t\t\t\t\t<li class=\"elementor-icon-list-item\">\n\t\t\t\t\t\t\t\t\t\t\t<span class=\"elementor-icon-list-icon\">\n\t\t\t\t\t\t\t<svg aria-hidden=\"true\" class=\"e-font-icon-svg e-fas-dot-circle\" viewbox=\"0 0 512 512\" xmlns=\"http:\/\/www.w3.org\/2000\/svg\"><path d=\"M256 8C119.033 8 8 119.033 8 256s111.033 248 248 248 248-111.033 248-248S392.967 8 256 8zm80 248c0 44.112-35.888 80-80 80s-80-35.888-80-80 35.888-80 80-80 80 35.888 80 80z\"><\/path><\/svg>\t\t\t\t\t\t<\/span>\n\t\t\t\t\t\t\t\t\t\t<span class=\"elementor-icon-list-text\">Tylko jeden typ czujnika dla wszystkich funkcji oznacza wysok\u0105 dost\u0119pno\u015b\u0107 na morzu i na ca\u0142ym \u015bwiecie.<\/span>\n\t\t\t\t\t\t\t\t\t<\/li>\n\t\t\t\t\t\t\t\t<li class=\"elementor-icon-list-item\">\n\t\t\t\t\t\t\t\t\t\t\t<span class=\"elementor-icon-list-icon\">\n\t\t\t\t\t\t\t<svg aria-hidden=\"true\" class=\"e-font-icon-svg e-fas-dot-circle\" viewbox=\"0 0 512 512\" xmlns=\"http:\/\/www.w3.org\/2000\/svg\"><path d=\"M256 8C119.033 8 8 119.033 8 256s111.033 248 248 248 248-111.033 248-248S392.967 8 256 8zm80 248c0 44.112-35.888 80-80 80s-80-35.888-80-80 35.888-80 80-80 80 35.888 80 80z\"><\/path><\/svg>\t\t\t\t\t\t<\/span>\n\t\t\t\t\t\t\t\t\t\t<span class=\"elementor-icon-list-text\">\u0141atwa konserwacja, np. podczas wymiany klock\u00f3w hamulcowych<\/span>\n\t\t\t\t\t\t\t\t\t<\/li>\n\t\t\t\t\t\t<\/ul>\n\t\t\t\t<\/div>\n\t\t\t\t<\/div>\n\t\t\t\t<div class=\"elementor-element elementor-element-43fc715 elementor-widget elementor-widget-image\" data-id=\"43fc715\" data-element_type=\"widget\" data-widget_type=\"image.default\">\n\t\t\t\t<div class=\"elementor-widget-container\">\n\t\t\t\t\t\t\t\t\t\t\t\t\t<img fetchpriority=\"high\" decoding=\"async\" width=\"746\" height=\"639\" src=\"https:\/\/stuewe.de\/wp-content\/uploads\/2024\/11\/Screenshot-2024-11-18-222711.png\" class=\"attachment-large size-large wp-image-18957\" alt=\"\" srcset=\"https:\/\/stuewe.de\/wp-content\/uploads\/2024\/11\/Screenshot-2024-11-18-222711.png 746w, https:\/\/stuewe.de\/wp-content\/uploads\/2024\/11\/Screenshot-2024-11-18-222711-300x257.png 300w, https:\/\/stuewe.de\/wp-content\/uploads\/2024\/11\/Screenshot-2024-11-18-222711-14x12.png 14w\" sizes=\"(max-width: 746px) 100vw, 746px\" \/>\t\t\t\t\t\t\t\t\t\t\t\t\t<\/div>\n\t\t\t\t<\/div>\n\t\t\t\t\t<\/div>\n\t\t<\/div>\n\t\t\t\t<div class=\"elementor-column elementor-col-50 elementor-inner-column elementor-element elementor-element-404f35fa\" data-id=\"404f35fa\" data-element_type=\"column\" data-settings=\"{&quot;background_background&quot;:&quot;classic&quot;}\">\n\t\t\t<div class=\"elementor-widget-wrap elementor-element-populated\">\n\t\t\t\t\t\t<div class=\"elementor-element elementor-element-a5d9995 elementor-widget elementor-widget-image\" data-id=\"a5d9995\" data-element_type=\"widget\" data-widget_type=\"image.default\">\n\t\t\t\t<div class=\"elementor-widget-container\">\n\t\t\t\t\t\t\t\t\t\t\t\t\t<img decoding=\"async\" width=\"700\" height=\"700\" src=\"https:\/\/stuewe.de\/wp-content\/uploads\/2024\/09\/stuewe_stop.jpg\" class=\"attachment-full size-full wp-image-18708\" alt=\"\" srcset=\"https:\/\/stuewe.de\/wp-content\/uploads\/2024\/09\/stuewe_stop.jpg 700w, https:\/\/stuewe.de\/wp-content\/uploads\/2024\/09\/stuewe_stop-300x300.jpg 300w, https:\/\/stuewe.de\/wp-content\/uploads\/2024\/09\/stuewe_stop-150x150.jpg 150w\" sizes=\"(max-width: 700px) 100vw, 700px\" \/>\t\t\t\t\t\t\t\t\t\t\t\t\t<\/div>\n\t\t\t\t<\/div>\n\t\t\t\t<div class=\"elementor-element elementor-element-09af69f elementor-widget elementor-widget-image\" data-id=\"09af69f\" data-element_type=\"widget\" data-widget_type=\"image.default\">\n\t\t\t\t<div class=\"elementor-widget-container\">\n\t\t\t\t\t\t\t\t\t\t\t\t\t<img decoding=\"async\" width=\"388\" height=\"240\" src=\"https:\/\/stuewe.de\/wp-content\/uploads\/2024\/11\/stop_turn_block_system.png\" class=\"attachment-full size-full wp-image-18956\" alt=\"\" srcset=\"https:\/\/stuewe.de\/wp-content\/uploads\/2024\/11\/stop_turn_block_system.png 388w, https:\/\/stuewe.de\/wp-content\/uploads\/2024\/11\/stop_turn_block_system-300x186.png 300w, https:\/\/stuewe.de\/wp-content\/uploads\/2024\/11\/stop_turn_block_system-18x12.png 18w\" sizes=\"(max-width: 388px) 100vw, 388px\" \/>\t\t\t\t\t\t\t\t\t\t\t\t\t<\/div>\n\t\t\t\t<\/div>\n\t\t\t\t\t<\/div>\n\t\t<\/div>\n\t\t\t\t\t<\/div>\n\t\t<\/section>\n\t\t\t\t\t<\/div>\n\t\t<\/div>\n\t\t\t\t\t<\/div>\n\t\t<\/section>\n\t\t\t\t<section class=\"elementor-section elementor-top-section elementor-element elementor-element-7baccd31 elementor-section-full_width elementor-section-height-default elementor-section-height-default\" data-id=\"7baccd31\" data-element_type=\"section\" data-settings=\"{&quot;background_background&quot;:&quot;classic&quot;}\">\n\t\t\t\t\t\t<div class=\"elementor-container elementor-column-gap-no\">\n\t\t\t\t\t<div class=\"elementor-column elementor-col-100 elementor-top-column elementor-element elementor-element-252d8a85\" data-id=\"252d8a85\" data-element_type=\"column\">\n\t\t\t<div class=\"elementor-widget-wrap elementor-element-populated\">\n\t\t\t\t\t\t<section class=\"elementor-section elementor-inner-section elementor-element elementor-element-583e9025 elementor-section-full_width elementor-section-height-default elementor-section-height-default\" data-id=\"583e9025\" data-element_type=\"section\" data-settings=\"{&quot;background_background&quot;:&quot;classic&quot;}\">\n\t\t\t\t\t\t<div class=\"elementor-container elementor-column-gap-no\">\n\t\t\t\t\t<div class=\"elementor-column elementor-col-50 elementor-inner-column elementor-element elementor-element-7a50307\" data-id=\"7a50307\" data-element_type=\"column\" data-settings=\"{&quot;background_background&quot;:&quot;classic&quot;}\">\n\t\t\t<div class=\"elementor-widget-wrap elementor-element-populated\">\n\t\t\t\t\t\t<div class=\"elementor-element elementor-element-18158086 elementor-widget elementor-widget-spacer\" data-id=\"18158086\" data-element_type=\"widget\" data-widget_type=\"spacer.default\">\n\t\t\t\t<div class=\"elementor-widget-container\">\n\t\t\t\t\t<div class=\"elementor-spacer\">\n\t\t\t<div class=\"elementor-spacer-inner\"><\/div>\n\t\t<\/div>\n\t\t\t\t<\/div>\n\t\t\t\t<\/div>\n\t\t\t\t\t<\/div>\n\t\t<\/div>\n\t\t\t\t<div class=\"elementor-column elementor-col-50 elementor-inner-column elementor-element elementor-element-2a4b35e3\" data-id=\"2a4b35e3\" data-element_type=\"column\" data-settings=\"{&quot;background_background&quot;:&quot;classic&quot;}\">\n\t\t\t<div class=\"elementor-widget-wrap elementor-element-populated\">\n\t\t\t\t\t\t<div class=\"elementor-element elementor-element-1c81e63 elementor-widget elementor-widget-industrium_heading\" data-id=\"1c81e63\" data-element_type=\"widget\" data-widget_type=\"industrium_heading.default\">\n\t\t\t\t<div class=\"elementor-widget-container\">\n\t\t\t<div class=\"industrium-heading-widget\"><h2 class=\"industrium-heading\"><span class=\"industrium-subheading no-dot\">Jeste\u015b zainteresowany wsp\u00f3\u0142prac\u0105 z nami?<\/span><span class=\"industrium-heading-content\">Skontaktuj si\u0119 z nami<\/span><\/h2><\/div>\t\t<\/div>\n\t\t\t\t<\/div>\n\t\t\t\t<div class=\"elementor-element elementor-element-48dbcb58 elementor-align-left elementor-widget elementor-widget-button\" data-id=\"48dbcb58\" data-element_type=\"widget\" data-widget_type=\"button.default\">\n\t\t\t\t<div class=\"elementor-widget-container\">\n\t\t\t\t\t<div class=\"elementor-button-wrapper\">\n\t\t\t<a class=\"elementor-button elementor-button-link elementor-size-sm\" href=\"\/pl\/kontakt\/\">\n\t\t\t\t\t\t<span class=\"elementor-button-content-wrapper\">\n\t\t\t\t\t\t\t\t\t<span class=\"elementor-button-text\">Skontaktuj si\u0119 z nami<\/span>\n\t\t\t\t\t<\/span>\n\t\t\t\t\t<\/a>\n\t\t<\/div>\n\t\t\t\t<\/div>\n\t\t\t\t<\/div>\n\t\t\t\t\t<\/div>\n\t\t<\/div>\n\t\t\t\t\t<\/div>\n\t\t<\/section>\n\t\t\t\t\t<\/div>\n\t\t<\/div>\n\t\t\t\t\t<\/div>\n\t\t<\/section>\n\t\t\t\t<section class=\"elementor-section elementor-top-section elementor-element elementor-element-71663e7e elementor-section-boxed elementor-section-height-default elementor-section-height-default\" data-id=\"71663e7e\" data-element_type=\"section\" data-settings=\"{&quot;background_background&quot;:&quot;classic&quot;}\">\n\t\t\t\t\t\t<div class=\"elementor-container elementor-column-gap-no\">\n\t\t\t\t\t<div class=\"elementor-column elementor-col-100 elementor-top-column elementor-element elementor-element-45138353\" data-id=\"45138353\" data-element_type=\"column\">\n\t\t\t<div class=\"elementor-widget-wrap\">\n\t\t\t\t\t\t\t<\/div>\n\t\t<\/div>\n\t\t\t\t\t<\/div>\n\t\t<\/section>\n\t\t\t\t<\/div>","protected":false},"excerpt":{"rendered":"<p>System STB firmy ST\u00dcWE zosta\u0142 opracowany dla wa\u0142\u00f3w nap\u0119dowych o mocy g\u0142\u00f3wnej do 25 MW w du\u017cych jachtach, statkach wycieczkowych, promach lub statkach handlowych. Dzi\u0119ki modu\u0142owemu systemowi nasze urz\u0105dzenia mog\u0105 by\u0107 wyposa\u017cone we wszystkie trzy, tylko dwie lub tylko jedn\u0105 z g\u0142\u00f3wnych funkcji.<\/p>","protected":false},"author":8,"featured_media":0,"parent":0,"menu_order":0,"comment_status":"closed","ping_status":"closed","template":"elementor_header_footer","meta":{"footnotes":""},"class_list":["post-16659","page","type-page","status-publish","hentry"],"yoast_head":"<!-- This site is optimized with the Yoast SEO plugin v27.2 - https:\/\/yoast.com\/product\/yoast-seo-wordpress\/ -->\n<title>Stop Turn Block System - St\u00fcwe - Hattingen<\/title>\n<meta name=\"robots\" content=\"index, follow, max-snippet:-1, max-image-preview:large, max-video-preview:-1\" \/>\n<link rel=\"canonical\" href=\"https:\/\/stuewe.de\/pl\/przemyslowe-tarcze-hamulcowe-stuewe-typu-sbd-2\/\" \/>\n<meta property=\"og:locale\" content=\"pl_PL\" \/>\n<meta property=\"og:type\" content=\"article\" \/>\n<meta property=\"og:title\" content=\"Stop Turn Block System - St\u00fcwe - Hattingen\" \/>\n<meta property=\"og:description\" content=\"Das STB-System von ST\u00dcWE wurde f\u00fcr Propellerwellen mit einer Hauptleistung von bis zu 25 MW in gro\u00dfen Yachten, Kreuzfahrtschiffen, F\u00e4hren oder kommerziellen Schiffen entwickelt. Dank eines modularen Systems k\u00f6nnen unsere Ger\u00e4te mit allen drei, nur zwei oder nur einer der Hauptfunktionen...\" \/>\n<meta property=\"og:url\" content=\"https:\/\/stuewe.de\/pl\/przemyslowe-tarcze-hamulcowe-stuewe-typu-sbd-2\/\" \/>\n<meta property=\"og:site_name\" content=\"St\u00fcwe - Hattingen\" \/>\n<meta property=\"article:modified_time\" content=\"2024-11-18T21:28:39+00:00\" \/>\n<meta property=\"og:image\" content=\"https:\/\/stuewe.de\/wp-content\/uploads\/2024\/11\/Screenshot-2024-11-18-222711.png\" \/>\n\t<meta property=\"og:image:width\" content=\"746\" \/>\n\t<meta property=\"og:image:height\" content=\"639\" \/>\n\t<meta property=\"og:image:type\" content=\"image\/png\" \/>\n<meta name=\"twitter:card\" content=\"summary_large_image\" \/>\n<meta name=\"twitter:label1\" content=\"Szacowany czas czytania\" \/>\n\t<meta name=\"twitter:data1\" content=\"1 minuta\" \/>\n<script type=\"application\/ld+json\" class=\"yoast-schema-graph\">{\"@context\":\"https:\/\/schema.org\",\"@graph\":[{\"@type\":\"WebPage\",\"@id\":\"https:\/\/stuewe.de\/stuewe-industriebremsscheiben-typ-sbd-2\/\",\"url\":\"https:\/\/stuewe.de\/stuewe-industriebremsscheiben-typ-sbd-2\/\",\"name\":\"Stop Turn Block System - St\u00fcwe - Hattingen\",\"isPartOf\":{\"@id\":\"https:\/\/stuewe.de\/#website\"},\"primaryImageOfPage\":{\"@id\":\"https:\/\/stuewe.de\/stuewe-industriebremsscheiben-typ-sbd-2\/#primaryimage\"},\"image\":{\"@id\":\"https:\/\/stuewe.de\/stuewe-industriebremsscheiben-typ-sbd-2\/#primaryimage\"},\"thumbnailUrl\":\"https:\/\/stuewe.de\/wp-content\/uploads\/2024\/11\/Screenshot-2024-11-18-222711.png\",\"datePublished\":\"2024-08-03T00:49:50+00:00\",\"dateModified\":\"2024-11-18T21:28:39+00:00\",\"breadcrumb\":{\"@id\":\"https:\/\/stuewe.de\/stuewe-industriebremsscheiben-typ-sbd-2\/#breadcrumb\"},\"inLanguage\":\"pl-PL\",\"potentialAction\":[{\"@type\":\"ReadAction\",\"target\":[\"https:\/\/stuewe.de\/stuewe-industriebremsscheiben-typ-sbd-2\/\"]}]},{\"@type\":\"ImageObject\",\"inLanguage\":\"pl-PL\",\"@id\":\"https:\/\/stuewe.de\/stuewe-industriebremsscheiben-typ-sbd-2\/#primaryimage\",\"url\":\"https:\/\/stuewe.de\/wp-content\/uploads\/2024\/11\/Screenshot-2024-11-18-222711.png\",\"contentUrl\":\"https:\/\/stuewe.de\/wp-content\/uploads\/2024\/11\/Screenshot-2024-11-18-222711.png\"},{\"@type\":\"BreadcrumbList\",\"@id\":\"https:\/\/stuewe.de\/stuewe-industriebremsscheiben-typ-sbd-2\/#breadcrumb\",\"itemListElement\":[{\"@type\":\"ListItem\",\"position\":1,\"name\":\"Start\",\"item\":\"https:\/\/stuewe.de\/\"},{\"@type\":\"ListItem\",\"position\":2,\"name\":\"Stop Turn Block System\"}]},{\"@type\":\"WebSite\",\"@id\":\"https:\/\/stuewe.de\/#website\",\"url\":\"https:\/\/stuewe.de\/\",\"name\":\"St\u00fcwe - Hattingen\",\"description\":\"Maschinenbauteilen f\u00fcr Antriebstechnik\",\"potentialAction\":[{\"@type\":\"SearchAction\",\"target\":{\"@type\":\"EntryPoint\",\"urlTemplate\":\"https:\/\/stuewe.de\/?s={search_term_string}\"},\"query-input\":{\"@type\":\"PropertyValueSpecification\",\"valueRequired\":true,\"valueName\":\"search_term_string\"}}],\"inLanguage\":\"pl-PL\"}]}<\/script>\n<!-- \/ Yoast SEO plugin. -->","yoast_head_json":{"title":"System blokady skr\u0119tu - St\u00fcwe - Hattingen","robots":{"index":"index","follow":"follow","max-snippet":"max-snippet:-1","max-image-preview":"max-image-preview:large","max-video-preview":"max-video-preview:-1"},"canonical":"https:\/\/stuewe.de\/pl\/przemyslowe-tarcze-hamulcowe-stuewe-typu-sbd-2\/","og_locale":"pl_PL","og_type":"article","og_title":"Stop Turn Block System - St\u00fcwe - Hattingen","og_description":"Das STB-System von ST\u00dcWE wurde f\u00fcr Propellerwellen mit einer Hauptleistung von bis zu 25 MW in gro\u00dfen Yachten, Kreuzfahrtschiffen, F\u00e4hren oder kommerziellen Schiffen entwickelt. Dank eines modularen Systems k\u00f6nnen unsere Ger\u00e4te mit allen drei, nur zwei oder nur einer der Hauptfunktionen...","og_url":"https:\/\/stuewe.de\/pl\/przemyslowe-tarcze-hamulcowe-stuewe-typu-sbd-2\/","og_site_name":"St\u00fcwe - Hattingen","article_modified_time":"2024-11-18T21:28:39+00:00","og_image":[{"width":746,"height":639,"url":"https:\/\/stuewe.de\/wp-content\/uploads\/2024\/11\/Screenshot-2024-11-18-222711.png","type":"image\/png"}],"twitter_card":"summary_large_image","twitter_misc":{"Szacowany czas czytania":"1 minuta"},"schema":{"@context":"https:\/\/schema.org","@graph":[{"@type":"WebPage","@id":"https:\/\/stuewe.de\/stuewe-industriebremsscheiben-typ-sbd-2\/","url":"https:\/\/stuewe.de\/stuewe-industriebremsscheiben-typ-sbd-2\/","name":"System blokady skr\u0119tu - St\u00fcwe - Hattingen","isPartOf":{"@id":"https:\/\/stuewe.de\/#website"},"primaryImageOfPage":{"@id":"https:\/\/stuewe.de\/stuewe-industriebremsscheiben-typ-sbd-2\/#primaryimage"},"image":{"@id":"https:\/\/stuewe.de\/stuewe-industriebremsscheiben-typ-sbd-2\/#primaryimage"},"thumbnailUrl":"https:\/\/stuewe.de\/wp-content\/uploads\/2024\/11\/Screenshot-2024-11-18-222711.png","datePublished":"2024-08-03T00:49:50+00:00","dateModified":"2024-11-18T21:28:39+00:00","breadcrumb":{"@id":"https:\/\/stuewe.de\/stuewe-industriebremsscheiben-typ-sbd-2\/#breadcrumb"},"inLanguage":"pl-PL","potentialAction":[{"@type":"ReadAction","target":["https:\/\/stuewe.de\/stuewe-industriebremsscheiben-typ-sbd-2\/"]}]},{"@type":"ImageObject","inLanguage":"pl-PL","@id":"https:\/\/stuewe.de\/stuewe-industriebremsscheiben-typ-sbd-2\/#primaryimage","url":"https:\/\/stuewe.de\/wp-content\/uploads\/2024\/11\/Screenshot-2024-11-18-222711.png","contentUrl":"https:\/\/stuewe.de\/wp-content\/uploads\/2024\/11\/Screenshot-2024-11-18-222711.png"},{"@type":"BreadcrumbList","@id":"https:\/\/stuewe.de\/stuewe-industriebremsscheiben-typ-sbd-2\/#breadcrumb","itemListElement":[{"@type":"ListItem","position":1,"name":"Start","item":"https:\/\/stuewe.de\/"},{"@type":"ListItem","position":2,"name":"Stop Turn Block System"}]},{"@type":"WebSite","@id":"https:\/\/stuewe.de\/#website","url":"https:\/\/stuewe.de\/","name":"St\u00fcwe - Hattingen","description":"Komponenty maszyn dla technologii nap\u0119dowej","potentialAction":[{"@type":"SearchAction","target":{"@type":"EntryPoint","urlTemplate":"https:\/\/stuewe.de\/?s={search_term_string}"},"query-input":{"@type":"PropertyValueSpecification","valueRequired":true,"valueName":"search_term_string"}}],"inLanguage":"pl-PL"}]}},"_links":{"self":[{"href":"https:\/\/stuewe.de\/pl\/wp-json\/wp\/v2\/pages\/16659","targetHints":{"allow":["GET"]}}],"collection":[{"href":"https:\/\/stuewe.de\/pl\/wp-json\/wp\/v2\/pages"}],"about":[{"href":"https:\/\/stuewe.de\/pl\/wp-json\/wp\/v2\/types\/page"}],"author":[{"embeddable":true,"href":"https:\/\/stuewe.de\/pl\/wp-json\/wp\/v2\/users\/8"}],"replies":[{"embeddable":true,"href":"https:\/\/stuewe.de\/pl\/wp-json\/wp\/v2\/comments?post=16659"}],"version-history":[{"count":26,"href":"https:\/\/stuewe.de\/pl\/wp-json\/wp\/v2\/pages\/16659\/revisions"}],"predecessor-version":[{"id":18960,"href":"https:\/\/stuewe.de\/pl\/wp-json\/wp\/v2\/pages\/16659\/revisions\/18960"}],"wp:attachment":[{"href":"https:\/\/stuewe.de\/pl\/wp-json\/wp\/v2\/media?parent=16659"}],"curies":[{"name":"wp","href":"https:\/\/api.w.org\/{rel}","templated":true}]}}