{"id":16221,"date":"2024-07-30T01:28:41","date_gmt":"2024-07-29T23:28:41","guid":{"rendered":"https:\/\/stuewe-test.ge-buer.de\/?page_id=16221"},"modified":"2025-09-17T15:00:50","modified_gmt":"2025-09-17T13:00:50","slug":"stuwe-rotorlock-type-srl","status":"publish","type":"page","link":"https:\/\/stuewe.de\/pl\/stuwe-rotorlock-typ-srl\/","title":{"rendered":"St\u00fcwe Rotorlock"},"content":{"rendered":"<div data-elementor-type=\"wp-page\" data-elementor-id=\"16221\" class=\"elementor elementor-16221\">\n\t\t\t\t\t\t<section class=\"elementor-section elementor-top-section elementor-element elementor-element-190d5163 elementor-section-boxed elementor-section-height-default elementor-section-height-default\" data-id=\"190d5163\" data-element_type=\"section\" data-settings=\"{&quot;background_background&quot;:&quot;classic&quot;}\">\n\t\t\t\t\t\t<div class=\"elementor-container elementor-column-gap-no\">\n\t\t\t\t\t<div class=\"elementor-column elementor-col-100 elementor-top-column elementor-element elementor-element-5ec72f9a\" data-id=\"5ec72f9a\" data-element_type=\"column\">\n\t\t\t<div class=\"elementor-widget-wrap elementor-element-populated\">\n\t\t\t\t\t\t<section class=\"elementor-section elementor-inner-section elementor-element elementor-element-6be8e68a elementor-section-boxed elementor-section-height-default elementor-section-height-default\" data-id=\"6be8e68a\" data-element_type=\"section\" data-settings=\"{&quot;background_background&quot;:&quot;classic&quot;}\">\n\t\t\t\t\t\t<div class=\"elementor-container elementor-column-gap-no\">\n\t\t\t\t\t<div class=\"elementor-column elementor-col-50 elementor-inner-column elementor-element elementor-element-6f019cc6\" data-id=\"6f019cc6\" data-element_type=\"column\">\n\t\t\t<div class=\"elementor-widget-wrap elementor-element-populated\">\n\t\t\t\t\t\t<div class=\"elementor-element elementor-element-5abf5a2 elementor-widget elementor-widget-industrium_heading\" data-id=\"5abf5a2\" data-element_type=\"widget\" data-widget_type=\"industrium_heading.default\">\n\t\t\t\t<div class=\"elementor-widget-container\">\n\t\t\t<div class=\"industrium-heading-widget\"><h2 class=\"industrium-heading\"><span class=\"industrium-subheading no-dot\">St\u00fcwe Rotorlock TYP SRL<\/span><span class=\"industrium-heading-content\">Niezawodne blokowanie<\/span><\/h2><\/div>\t\t<\/div>\n\t\t\t\t<\/div>\n\t\t\t\t<div class=\"elementor-element elementor-element-168c4a5 elementor-widget elementor-widget-text-editor\" data-id=\"168c4a5\" data-element_type=\"widget\" data-widget_type=\"text-editor.default\">\n\t\t\t\t<div class=\"elementor-widget-container\">\n\t\t\t\t\t\t\t<p>Nasz Rotorlock to system blokowania wymuszonego stosowany w szczeg\u00f3lno\u015bci w turbinach wiatrowych i zastosowaniach morskich. Podczas serwisowania, \u0142opaty wirnika, piasty wirnika lub inne obracaj\u0105ce si\u0119 elementy mog\u0105 by\u0107 zabezpieczone przed obrotem za pomoc\u0105 \u015brub blokuj\u0105cych.<\/p><p>Nasze rozwi\u0105zania dla l\u0105dowych i morskich turbin wiatrowych charakteryzuj\u0105 si\u0119 wysokiej jako\u015bci ochron\u0105 antykorozyjn\u0105 i szerokim zakresem temperatur otoczenia (od -35\u00b0C do +60\u00b0C).<\/p><p>Rotorlocki St\u00fcwe s\u0105 dost\u0119pne w wersjach mechanicznych, elektromechanicznych i hydraulicznych.<\/p>\t\t\t\t\t\t<\/div>\n\t\t\t\t<\/div>\n\t\t\t\t<div class=\"elementor-element elementor-element-2d1ca977 elementor-widget__width-auto elementor-icon-list--layout-traditional elementor-list-item-link-full_width elementor-widget elementor-widget-icon-list\" data-id=\"2d1ca977\" data-element_type=\"widget\" data-widget_type=\"icon-list.default\">\n\t\t\t\t<div class=\"elementor-widget-container\">\n\t\t\t\t\t<ul class=\"elementor-icon-list-items\">\n\t\t\t\t\t\t\t<li class=\"elementor-icon-list-item\">\n\t\t\t\t\t\t\t\t\t\t\t<span class=\"elementor-icon-list-icon\">\n\t\t\t\t\t\t\t<svg aria-hidden=\"true\" class=\"e-font-icon-svg e-fas-dot-circle\" viewbox=\"0 0 512 512\" xmlns=\"http:\/\/www.w3.org\/2000\/svg\"><path d=\"M256 8C119.033 8 8 119.033 8 256s111.033 248 248 248 248-111.033 248-248S392.967 8 256 8zm80 248c0 44.112-35.888 80-80 80s-80-35.888-80-80 35.888-80 80-80 80 35.888 80 80z\"><\/path><\/svg>\t\t\t\t\t\t<\/span>\n\t\t\t\t\t\t\t\t\t\t<span class=\"elementor-icon-list-text\">Wysokie si\u0142y mocowania (hydrauliczne do 280 kN)<\/span>\n\t\t\t\t\t\t\t\t\t<\/li>\n\t\t\t\t\t\t\t\t<li class=\"elementor-icon-list-item\">\n\t\t\t\t\t\t\t\t\t\t\t<span class=\"elementor-icon-list-icon\">\n\t\t\t\t\t\t\t<svg aria-hidden=\"true\" class=\"e-font-icon-svg e-fas-dot-circle\" viewbox=\"0 0 512 512\" xmlns=\"http:\/\/www.w3.org\/2000\/svg\"><path d=\"M256 8C119.033 8 8 119.033 8 256s111.033 248 248 248 248-111.033 248-248S392.967 8 256 8zm80 248c0 44.112-35.888 80-80 80s-80-35.888-80-80 35.888-80 80-80 80 35.888 80 80z\"><\/path><\/svg>\t\t\t\t\t\t<\/span>\n\t\t\t\t\t\t\t\t\t\t<span class=\"elementor-icon-list-text\">Wysokie si\u0142y \u015bcinaj\u0105ce do 4000 kN<\/span>\n\t\t\t\t\t\t\t\t\t<\/li>\n\t\t\t\t\t\t\t\t<li class=\"elementor-icon-list-item\">\n\t\t\t\t\t\t\t\t\t\t\t<span class=\"elementor-icon-list-icon\">\n\t\t\t\t\t\t\t<svg aria-hidden=\"true\" class=\"e-font-icon-svg e-fas-dot-circle\" viewbox=\"0 0 512 512\" xmlns=\"http:\/\/www.w3.org\/2000\/svg\"><path d=\"M256 8C119.033 8 8 119.033 8 256s111.033 248 248 248 248-111.033 248-248S392.967 8 256 8zm80 248c0 44.112-35.888 80-80 80s-80-35.888-80-80 35.888-80 80-80 80 35.888 80 80z\"><\/path><\/svg>\t\t\t\t\t\t<\/span>\n\t\t\t\t\t\t\t\t\t\t<span class=\"elementor-icon-list-text\">Szeroki zakres temperatur otoczenia<\/span>\n\t\t\t\t\t\t\t\t\t<\/li>\n\t\t\t\t\t\t\t\t<li class=\"elementor-icon-list-item\">\n\t\t\t\t\t\t\t\t\t\t\t<span class=\"elementor-icon-list-icon\">\n\t\t\t\t\t\t\t<svg aria-hidden=\"true\" class=\"e-font-icon-svg e-fas-dot-circle\" viewbox=\"0 0 512 512\" xmlns=\"http:\/\/www.w3.org\/2000\/svg\"><path d=\"M256 8C119.033 8 8 119.033 8 256s111.033 248 248 248 248-111.033 248-248S392.967 8 256 8zm80 248c0 44.112-35.888 80-80 80s-80-35.888-80-80 35.888-80 80-80 80 35.888 80 80z\"><\/path><\/svg>\t\t\t\t\t\t<\/span>\n\t\t\t\t\t\t\t\t\t\t<span class=\"elementor-icon-list-text\">Wysokiej jako\u015bci czujniki do monitorowania po\u0142o\u017cenia<\/span>\n\t\t\t\t\t\t\t\t\t<\/li>\n\t\t\t\t\t\t\t\t<li class=\"elementor-icon-list-item\">\n\t\t\t\t\t\t\t\t\t\t\t<span class=\"elementor-icon-list-icon\">\n\t\t\t\t\t\t\t<svg aria-hidden=\"true\" class=\"e-font-icon-svg e-fas-dot-circle\" viewbox=\"0 0 512 512\" xmlns=\"http:\/\/www.w3.org\/2000\/svg\"><path d=\"M256 8C119.033 8 8 119.033 8 256s111.033 248 248 248 248-111.033 248-248S392.967 8 256 8zm80 248c0 44.112-35.888 80-80 80s-80-35.888-80-80 35.888-80 80-80 80 35.888 80 80z\"><\/path><\/svg>\t\t\t\t\t\t<\/span>\n\t\t\t\t\t\t\t\t\t\t<span class=\"elementor-icon-list-text\">Wysokiej jako\u015bci ochrona antykorozyjna wszystkich ods\u0142oni\u0119tych cz\u0119\u015bci<\/span>\n\t\t\t\t\t\t\t\t\t<\/li>\n\t\t\t\t\t\t\t\t<li class=\"elementor-icon-list-item\">\n\t\t\t\t\t\t\t\t\t\t\t<span class=\"elementor-icon-list-icon\">\n\t\t\t\t\t\t\t<svg aria-hidden=\"true\" class=\"e-font-icon-svg e-fas-dot-circle\" viewbox=\"0 0 512 512\" xmlns=\"http:\/\/www.w3.org\/2000\/svg\"><path d=\"M256 8C119.033 8 8 119.033 8 256s111.033 248 248 248 248-111.033 248-248S392.967 8 256 8zm80 248c0 44.112-35.888 80-80 80s-80-35.888-80-80 35.888-80 80-80 80 35.888 80 80z\"><\/path><\/svg>\t\t\t\t\t\t<\/span>\n\t\t\t\t\t\t\t\t\t\t<span class=\"elementor-icon-list-text\">Skok do 85 mm (inne na \u017c\u0105danie)<\/span>\n\t\t\t\t\t\t\t\t\t<\/li>\n\t\t\t\t\t\t\t\t<li class=\"elementor-icon-list-item\">\n\t\t\t\t\t\t\t\t\t\t\t<span class=\"elementor-icon-list-icon\">\n\t\t\t\t\t\t\t<svg aria-hidden=\"true\" class=\"e-font-icon-svg e-fas-dot-circle\" viewbox=\"0 0 512 512\" xmlns=\"http:\/\/www.w3.org\/2000\/svg\"><path d=\"M256 8C119.033 8 8 119.033 8 256s111.033 248 248 248 248-111.033 248-248S392.967 8 256 8zm80 248c0 44.112-35.888 80-80 80s-80-35.888-80-80 35.888-80 80-80 80 35.888 80 80z\"><\/path><\/svg>\t\t\t\t\t\t<\/span>\n\t\t\t\t\t\t\t\t\t\t<span class=\"elementor-icon-list-text\">Wersje niestandardowe na \u017cyczenie<\/span>\n\t\t\t\t\t\t\t\t\t<\/li>\n\t\t\t\t\t\t<\/ul>\n\t\t\t\t<\/div>\n\t\t\t\t<\/div>\n\t\t\t\t\t<\/div>\n\t\t<\/div>\n\t\t\t\t<div class=\"elementor-column elementor-col-50 elementor-inner-column elementor-element elementor-element-404f35fa\" data-id=\"404f35fa\" data-element_type=\"column\" data-settings=\"{&quot;background_background&quot;:&quot;classic&quot;}\">\n\t\t\t<div class=\"elementor-widget-wrap elementor-element-populated\">\n\t\t\t\t\t\t<div class=\"elementor-element elementor-element-a5d9995 elementor-widget elementor-widget-image\" data-id=\"a5d9995\" data-element_type=\"widget\" data-widget_type=\"image.default\">\n\t\t\t\t<div class=\"elementor-widget-container\">\n\t\t\t\t\t\t\t\t\t\t\t\t\t<img fetchpriority=\"high\" decoding=\"async\" width=\"1500\" height=\"1500\" src=\"https:\/\/stuewe.de\/wp-content\/uploads\/2024\/07\/Rotor.jpg\" class=\"attachment-full size-full wp-image-16232\" alt=\"\" srcset=\"https:\/\/stuewe.de\/wp-content\/uploads\/2024\/07\/Rotor.jpg 1500w, https:\/\/stuewe.de\/wp-content\/uploads\/2024\/07\/Rotor-300x300.jpg 300w, https:\/\/stuewe.de\/wp-content\/uploads\/2024\/07\/Rotor-1024x1024.jpg 1024w, https:\/\/stuewe.de\/wp-content\/uploads\/2024\/07\/Rotor-150x150.jpg 150w, https:\/\/stuewe.de\/wp-content\/uploads\/2024\/07\/Rotor-768x768.jpg 768w\" sizes=\"(max-width: 1500px) 100vw, 1500px\" \/>\t\t\t\t\t\t\t\t\t\t\t\t\t<\/div>\n\t\t\t\t<\/div>\n\t\t\t\t<div class=\"elementor-element elementor-element-7a2dc43e elementor-vertical-align-top elementor-widget elementor-widget-icon-box\" data-id=\"7a2dc43e\" data-element_type=\"widget\" data-widget_type=\"icon-box.default\">\n\t\t\t\t<div class=\"elementor-widget-container\">\n\t\t\t\t\t<div class=\"elementor-icon-box-wrapper\">\n\n\t\t\t\n\t\t\t\t\t\t<div class=\"elementor-icon-box-content\">\n\n\t\t\t\t\n\t\t\t\t\t\t\t\t\t<p class=\"elementor-icon-box-description\">\n\t\t\t\t\t\tPodczas pracy systemu tarcza skurczowa znajduje si\u0119 poza przep\u0142ywem si\u0142y. Tarcza skurczowa jest poddawana jedynie bardzo niewielkim obci\u0105\u017ceniom dynamicznym i nie ulega zu\u017cyciu. Tarcza skurczowa jest zatem odporna na zm\u0119czenie, je\u015bli jest prawid\u0142owo zaprojektowana.\t\t\t\t\t<\/p>\n\t\t\t\t\n\t\t\t<\/div>\n\t\t\t\n\t\t<\/div>\n\t\t\t\t<\/div>\n\t\t\t\t<\/div>\n\t\t\t\t\t<\/div>\n\t\t<\/div>\n\t\t\t\t\t<\/div>\n\t\t<\/section>\n\t\t\t\t\t<\/div>\n\t\t<\/div>\n\t\t\t\t\t<\/div>\n\t\t<\/section>\n\t\t\t\t<section class=\"elementor-section elementor-top-section elementor-element elementor-element-7baccd31 elementor-section-full_width elementor-section-height-default elementor-section-height-default\" data-id=\"7baccd31\" data-element_type=\"section\" data-settings=\"{&quot;background_background&quot;:&quot;classic&quot;}\">\n\t\t\t\t\t\t<div class=\"elementor-container elementor-column-gap-no\">\n\t\t\t\t\t<div class=\"elementor-column elementor-col-100 elementor-top-column elementor-element elementor-element-252d8a85\" data-id=\"252d8a85\" data-element_type=\"column\">\n\t\t\t<div class=\"elementor-widget-wrap elementor-element-populated\">\n\t\t\t\t\t\t<section class=\"elementor-section elementor-inner-section elementor-element elementor-element-583e9025 elementor-section-full_width elementor-section-height-default elementor-section-height-default\" data-id=\"583e9025\" data-element_type=\"section\" data-settings=\"{&quot;background_background&quot;:&quot;classic&quot;}\">\n\t\t\t\t\t\t<div class=\"elementor-container elementor-column-gap-no\">\n\t\t\t\t\t<div class=\"elementor-column elementor-col-50 elementor-inner-column elementor-element elementor-element-7a50307\" data-id=\"7a50307\" data-element_type=\"column\" data-settings=\"{&quot;background_background&quot;:&quot;classic&quot;}\">\n\t\t\t<div class=\"elementor-widget-wrap elementor-element-populated\">\n\t\t\t\t\t\t<div class=\"elementor-element elementor-element-18158086 elementor-widget elementor-widget-spacer\" data-id=\"18158086\" data-element_type=\"widget\" data-widget_type=\"spacer.default\">\n\t\t\t\t<div class=\"elementor-widget-container\">\n\t\t\t\t\t<div class=\"elementor-spacer\">\n\t\t\t<div class=\"elementor-spacer-inner\"><\/div>\n\t\t<\/div>\n\t\t\t\t<\/div>\n\t\t\t\t<\/div>\n\t\t\t\t\t<\/div>\n\t\t<\/div>\n\t\t\t\t<div class=\"elementor-column elementor-col-50 elementor-inner-column elementor-element elementor-element-2a4b35e3\" data-id=\"2a4b35e3\" data-element_type=\"column\" data-settings=\"{&quot;background_background&quot;:&quot;classic&quot;}\">\n\t\t\t<div class=\"elementor-widget-wrap elementor-element-populated\">\n\t\t\t\t\t\t<div class=\"elementor-element elementor-element-1c81e63 elementor-widget elementor-widget-industrium_heading\" data-id=\"1c81e63\" data-element_type=\"widget\" data-widget_type=\"industrium_heading.default\">\n\t\t\t\t<div class=\"elementor-widget-container\">\n\t\t\t<div class=\"industrium-heading-widget\"><h2 class=\"industrium-heading\"><span class=\"industrium-subheading no-dot\">Jeste\u015b zainteresowany wsp\u00f3\u0142prac\u0105 z nami?<\/span><span class=\"industrium-heading-content\">Skontaktuj si\u0119 z nami<\/span><\/h2><\/div>\t\t<\/div>\n\t\t\t\t<\/div>\n\t\t\t\t<div class=\"elementor-element elementor-element-48dbcb58 elementor-align-left elementor-widget elementor-widget-button\" data-id=\"48dbcb58\" data-element_type=\"widget\" data-widget_type=\"button.default\">\n\t\t\t\t<div class=\"elementor-widget-container\">\n\t\t\t\t\t<div class=\"elementor-button-wrapper\">\n\t\t\t<a class=\"elementor-button elementor-button-link elementor-size-sm\" href=\"\/pl\/kontakt\/\">\n\t\t\t\t\t\t<span class=\"elementor-button-content-wrapper\">\n\t\t\t\t\t\t\t\t\t<span class=\"elementor-button-text\">Skontaktuj si\u0119 z nami<\/span>\n\t\t\t\t\t<\/span>\n\t\t\t\t\t<\/a>\n\t\t<\/div>\n\t\t\t\t<\/div>\n\t\t\t\t<\/div>\n\t\t\t\t\t<\/div>\n\t\t<\/div>\n\t\t\t\t\t<\/div>\n\t\t<\/section>\n\t\t\t\t\t<\/div>\n\t\t<\/div>\n\t\t\t\t\t<\/div>\n\t\t<\/section>\n\t\t\t\t<\/div>","protected":false},"excerpt":{"rendered":"<p>Nasz Rotorlock to system blokowania wymuszonego stosowany w szczeg\u00f3lno\u015bci w turbinach wiatrowych i zastosowaniach morskich. Podczas serwisowania, \u0142opaty wirnika, piasty wirnika lub inne elementy obrotowe mog\u0105 by\u0107 zabezpieczone przed obrotem za pomoc\u0105 \u015brub blokuj\u0105cych. Nasze rozwi\u0105zanie dla l\u0105dowych i morskich turbin wiatrowych posiada wysokiej jako\u015bci system blokuj\u0105cy...<\/p>","protected":false},"author":8,"featured_media":0,"parent":0,"menu_order":0,"comment_status":"closed","ping_status":"closed","template":"elementor_header_footer","meta":{"footnotes":""},"class_list":["post-16221","page","type-page","status-publish","hentry"],"yoast_head":"<!-- This site is optimized with the Yoast SEO plugin v27.2 - https:\/\/yoast.com\/product\/yoast-seo-wordpress\/ -->\n<title>St\u00fcwe Rotorlock - St\u00fcwe - Hattingen<\/title>\n<meta name=\"robots\" content=\"index, follow, max-snippet:-1, max-image-preview:large, max-video-preview:-1\" \/>\n<link rel=\"canonical\" href=\"https:\/\/stuewe.de\/pl\/stuwe-rotorlock-type-srl\/\" \/>\n<meta property=\"og:locale\" content=\"pl_PL\" \/>\n<meta property=\"og:type\" content=\"article\" \/>\n<meta property=\"og:title\" content=\"St\u00fcwe Rotorlock - St\u00fcwe - Hattingen\" \/>\n<meta property=\"og:description\" content=\"Unser Rotorlock ist ein formschl\u00fcssiges Verriegelungssystem, das insbesondere in Windkraftanlagen und maritimen Anwendungen verwendet wird. Im Servicefall k\u00f6nnen Rotorbl\u00e4tter, Rotornabe oder andere rotierende Komponenten mittels Verriegelungsbolzen formschl\u00fcssig gegen Rotation gesichert werden. Unsere Entwicklung f\u00fcr On- und Offshore-Windkraftanlagen verf\u00fcgt \u00fcber einen hochwertigen...\" \/>\n<meta property=\"og:url\" content=\"https:\/\/stuewe.de\/pl\/stuwe-rotorlock-type-srl\/\" \/>\n<meta property=\"og:site_name\" content=\"St\u00fcwe - Hattingen\" \/>\n<meta property=\"article:modified_time\" content=\"2025-09-17T13:00:50+00:00\" \/>\n<meta property=\"og:image\" content=\"https:\/\/stuewe.de\/wp-content\/uploads\/2024\/07\/Rotor.jpg\" \/>\n\t<meta property=\"og:image:width\" content=\"1500\" \/>\n\t<meta property=\"og:image:height\" content=\"1500\" \/>\n\t<meta property=\"og:image:type\" content=\"image\/jpeg\" \/>\n<meta name=\"twitter:card\" content=\"summary_large_image\" \/>\n<meta name=\"twitter:label1\" content=\"Szacowany czas czytania\" \/>\n\t<meta name=\"twitter:data1\" content=\"1 minuta\" \/>\n<script type=\"application\/ld+json\" class=\"yoast-schema-graph\">{\"@context\":\"https:\/\/schema.org\",\"@graph\":[{\"@type\":\"WebPage\",\"@id\":\"https:\/\/stuewe.de\/stuwe-rotorlock-typ-srl\/\",\"url\":\"https:\/\/stuewe.de\/stuwe-rotorlock-typ-srl\/\",\"name\":\"St\u00fcwe Rotorlock - St\u00fcwe - Hattingen\",\"isPartOf\":{\"@id\":\"https:\/\/stuewe.de\/#website\"},\"primaryImageOfPage\":{\"@id\":\"https:\/\/stuewe.de\/stuwe-rotorlock-typ-srl\/#primaryimage\"},\"image\":{\"@id\":\"https:\/\/stuewe.de\/stuwe-rotorlock-typ-srl\/#primaryimage\"},\"thumbnailUrl\":\"https:\/\/stuewe.de\/wp-content\/uploads\/2024\/07\/Rotor.jpg\",\"datePublished\":\"2024-07-29T23:28:41+00:00\",\"dateModified\":\"2025-09-17T13:00:50+00:00\",\"breadcrumb\":{\"@id\":\"https:\/\/stuewe.de\/stuwe-rotorlock-typ-srl\/#breadcrumb\"},\"inLanguage\":\"pl-PL\",\"potentialAction\":[{\"@type\":\"ReadAction\",\"target\":[\"https:\/\/stuewe.de\/stuwe-rotorlock-typ-srl\/\"]}]},{\"@type\":\"ImageObject\",\"inLanguage\":\"pl-PL\",\"@id\":\"https:\/\/stuewe.de\/stuwe-rotorlock-typ-srl\/#primaryimage\",\"url\":\"https:\/\/stuewe.de\/wp-content\/uploads\/2024\/07\/Rotor.jpg\",\"contentUrl\":\"https:\/\/stuewe.de\/wp-content\/uploads\/2024\/07\/Rotor.jpg\"},{\"@type\":\"BreadcrumbList\",\"@id\":\"https:\/\/stuewe.de\/stuwe-rotorlock-typ-srl\/#breadcrumb\",\"itemListElement\":[{\"@type\":\"ListItem\",\"position\":1,\"name\":\"Start\",\"item\":\"https:\/\/stuewe.de\/\"},{\"@type\":\"ListItem\",\"position\":2,\"name\":\"St\u00fcwe Rotorlock\"}]},{\"@type\":\"WebSite\",\"@id\":\"https:\/\/stuewe.de\/#website\",\"url\":\"https:\/\/stuewe.de\/\",\"name\":\"St\u00fcwe - Hattingen\",\"description\":\"Maschinenbauteilen f\u00fcr Antriebstechnik\",\"potentialAction\":[{\"@type\":\"SearchAction\",\"target\":{\"@type\":\"EntryPoint\",\"urlTemplate\":\"https:\/\/stuewe.de\/?s={search_term_string}\"},\"query-input\":{\"@type\":\"PropertyValueSpecification\",\"valueRequired\":true,\"valueName\":\"search_term_string\"}}],\"inLanguage\":\"pl-PL\"}]}<\/script>\n<!-- \/ Yoast SEO plugin. -->","yoast_head_json":{"title":"St\u00fcwe Rotorlock - St\u00fcwe - Hattingen","robots":{"index":"index","follow":"follow","max-snippet":"max-snippet:-1","max-image-preview":"max-image-preview:large","max-video-preview":"max-video-preview:-1"},"canonical":"https:\/\/stuewe.de\/pl\/stuwe-rotorlock-type-srl\/","og_locale":"pl_PL","og_type":"article","og_title":"St\u00fcwe Rotorlock - St\u00fcwe - Hattingen","og_description":"Unser Rotorlock ist ein formschl\u00fcssiges Verriegelungssystem, das insbesondere in Windkraftanlagen und maritimen Anwendungen verwendet wird. Im Servicefall k\u00f6nnen Rotorbl\u00e4tter, Rotornabe oder andere rotierende Komponenten mittels Verriegelungsbolzen formschl\u00fcssig gegen Rotation gesichert werden. Unsere Entwicklung f\u00fcr On- und Offshore-Windkraftanlagen verf\u00fcgt \u00fcber einen hochwertigen...","og_url":"https:\/\/stuewe.de\/pl\/stuwe-rotorlock-type-srl\/","og_site_name":"St\u00fcwe - Hattingen","article_modified_time":"2025-09-17T13:00:50+00:00","og_image":[{"width":1500,"height":1500,"url":"https:\/\/stuewe.de\/wp-content\/uploads\/2024\/07\/Rotor.jpg","type":"image\/jpeg"}],"twitter_card":"summary_large_image","twitter_misc":{"Szacowany czas czytania":"1 minuta"},"schema":{"@context":"https:\/\/schema.org","@graph":[{"@type":"WebPage","@id":"https:\/\/stuewe.de\/stuwe-rotorlock-typ-srl\/","url":"https:\/\/stuewe.de\/stuwe-rotorlock-typ-srl\/","name":"St\u00fcwe Rotorlock - St\u00fcwe - Hattingen","isPartOf":{"@id":"https:\/\/stuewe.de\/#website"},"primaryImageOfPage":{"@id":"https:\/\/stuewe.de\/stuwe-rotorlock-typ-srl\/#primaryimage"},"image":{"@id":"https:\/\/stuewe.de\/stuwe-rotorlock-typ-srl\/#primaryimage"},"thumbnailUrl":"https:\/\/stuewe.de\/wp-content\/uploads\/2024\/07\/Rotor.jpg","datePublished":"2024-07-29T23:28:41+00:00","dateModified":"2025-09-17T13:00:50+00:00","breadcrumb":{"@id":"https:\/\/stuewe.de\/stuwe-rotorlock-typ-srl\/#breadcrumb"},"inLanguage":"pl-PL","potentialAction":[{"@type":"ReadAction","target":["https:\/\/stuewe.de\/stuwe-rotorlock-typ-srl\/"]}]},{"@type":"ImageObject","inLanguage":"pl-PL","@id":"https:\/\/stuewe.de\/stuwe-rotorlock-typ-srl\/#primaryimage","url":"https:\/\/stuewe.de\/wp-content\/uploads\/2024\/07\/Rotor.jpg","contentUrl":"https:\/\/stuewe.de\/wp-content\/uploads\/2024\/07\/Rotor.jpg"},{"@type":"BreadcrumbList","@id":"https:\/\/stuewe.de\/stuwe-rotorlock-typ-srl\/#breadcrumb","itemListElement":[{"@type":"ListItem","position":1,"name":"Start","item":"https:\/\/stuewe.de\/"},{"@type":"ListItem","position":2,"name":"St\u00fcwe Rotorlock"}]},{"@type":"WebSite","@id":"https:\/\/stuewe.de\/#website","url":"https:\/\/stuewe.de\/","name":"St\u00fcwe - Hattingen","description":"Komponenty maszyn dla technologii nap\u0119dowej","potentialAction":[{"@type":"SearchAction","target":{"@type":"EntryPoint","urlTemplate":"https:\/\/stuewe.de\/?s={search_term_string}"},"query-input":{"@type":"PropertyValueSpecification","valueRequired":true,"valueName":"search_term_string"}}],"inLanguage":"pl-PL"}]}},"_links":{"self":[{"href":"https:\/\/stuewe.de\/pl\/wp-json\/wp\/v2\/pages\/16221","targetHints":{"allow":["GET"]}}],"collection":[{"href":"https:\/\/stuewe.de\/pl\/wp-json\/wp\/v2\/pages"}],"about":[{"href":"https:\/\/stuewe.de\/pl\/wp-json\/wp\/v2\/types\/page"}],"author":[{"embeddable":true,"href":"https:\/\/stuewe.de\/pl\/wp-json\/wp\/v2\/users\/8"}],"replies":[{"embeddable":true,"href":"https:\/\/stuewe.de\/pl\/wp-json\/wp\/v2\/comments?post=16221"}],"version-history":[{"count":63,"href":"https:\/\/stuewe.de\/pl\/wp-json\/wp\/v2\/pages\/16221\/revisions"}],"predecessor-version":[{"id":20018,"href":"https:\/\/stuewe.de\/pl\/wp-json\/wp\/v2\/pages\/16221\/revisions\/20018"}],"wp:attachment":[{"href":"https:\/\/stuewe.de\/pl\/wp-json\/wp\/v2\/media?parent=16221"}],"curies":[{"name":"wp","href":"https:\/\/api.w.org\/{rel}","templated":true}]}}