{"id":132,"date":"2022-02-22T12:29:05","date_gmt":"2022-02-22T12:29:05","guid":{"rendered":"https:\/\/demo.artureanec.com\/themes\/industrium\/?page_id=132"},"modified":"2022-02-22T12:29:05","modified_gmt":"2022-02-22T12:29:05","slug":"typografia","status":"publish","type":"page","link":"https:\/\/stuewe.de\/pl\/typography\/","title":{"rendered":"Typografia"},"content":{"rendered":"<div data-elementor-type=\"wp-page\" data-elementor-id=\"132\" class=\"elementor elementor-132\">\n\t\t\t\t\t\t<section class=\"elementor-section elementor-top-section elementor-element elementor-element-d95d0c2 elementor-section-boxed elementor-section-height-default elementor-section-height-default\" data-id=\"d95d0c2\" data-element_type=\"section\">\n\t\t\t\t\t\t<div class=\"elementor-container elementor-column-gap-default\">\n\t\t\t\t\t<div class=\"elementor-column elementor-col-100 elementor-top-column elementor-element elementor-element-bd5e825\" data-id=\"bd5e825\" data-element_type=\"column\">\n\t\t\t<div class=\"elementor-widget-wrap elementor-element-populated\">\n\t\t\t\t\t\t<div class=\"elementor-element elementor-element-f410226 elementor-widget elementor-widget-text-editor\" data-id=\"f410226\" data-element_type=\"widget\" data-widget_type=\"text-editor.default\">\n\t\t\t\t<div class=\"elementor-widget-container\">\n\t\t\t\t\t\t\t<h1>Pozycja 1 - <span style=\"color: #e66445;\">60 px<\/span><\/h1>\t\t\t\t\t\t<\/div>\n\t\t\t\t<\/div>\n\t\t\t\t<div class=\"elementor-element elementor-element-528d54a elementor-widget elementor-widget-text-editor\" data-id=\"528d54a\" data-element_type=\"widget\" data-widget_type=\"text-editor.default\">\n\t\t\t\t<div class=\"elementor-widget-container\">\n\t\t\t\t\t\t\t<h2>Pozycja 2 - <span style=\"color: #e66445;\">45 px<\/span><\/h2>\t\t\t\t\t\t<\/div>\n\t\t\t\t<\/div>\n\t\t\t\t<div class=\"elementor-element elementor-element-44f3d9b elementor-widget elementor-widget-text-editor\" data-id=\"44f3d9b\" data-element_type=\"widget\" data-widget_type=\"text-editor.default\">\n\t\t\t\t<div class=\"elementor-widget-container\">\n\t\t\t\t\t\t\t<h3>Pozycja 3 - <span style=\"color: #e66445;\">30 px<\/span><\/h3>\t\t\t\t\t\t<\/div>\n\t\t\t\t<\/div>\n\t\t\t\t<div class=\"elementor-element elementor-element-32a5404 elementor-widget elementor-widget-text-editor\" data-id=\"32a5404\" data-element_type=\"widget\" data-widget_type=\"text-editor.default\">\n\t\t\t\t<div class=\"elementor-widget-container\">\n\t\t\t\t\t\t\t<h4>Pozycja 4 - <span style=\"color: #e66445;\">25 px<\/span><\/h4>\t\t\t\t\t\t<\/div>\n\t\t\t\t<\/div>\n\t\t\t\t<div class=\"elementor-element elementor-element-63cd9c2 elementor-widget elementor-widget-text-editor\" data-id=\"63cd9c2\" data-element_type=\"widget\" data-widget_type=\"text-editor.default\">\n\t\t\t\t<div class=\"elementor-widget-container\">\n\t\t\t\t\t\t\t<h5>Pozycja 5 - <span style=\"color: #e66445;\">20 px<\/span><\/h5>\t\t\t\t\t\t<\/div>\n\t\t\t\t<\/div>\n\t\t\t\t<div class=\"elementor-element elementor-element-79b5947 elementor-widget elementor-widget-text-editor\" data-id=\"79b5947\" data-element_type=\"widget\" data-widget_type=\"text-editor.default\">\n\t\t\t\t<div class=\"elementor-widget-container\">\n\t\t\t\t\t\t\t<h6>Pozycja 6 - <span style=\"color: #e66445;\">18 px<\/span><\/h6>\t\t\t\t\t\t<\/div>\n\t\t\t\t<\/div>\n\t\t\t\t<div class=\"elementor-element elementor-element-f367525 elementor-widget elementor-widget-text-editor\" data-id=\"f367525\" data-element_type=\"widget\" data-widget_type=\"text-editor.default\">\n\t\t\t\t<div class=\"elementor-widget-container\">\n\t\t\t\t\t\t\t<p><strong><span style=\"color: #1f2428;\">Allan wrasse wspinaczka gourami amur szczupak Arctic char, steelhead szprot min\u00f3g morski grunion. Walleye poolfish sand goby butterfly ray stream catfish jewfish.<\/span><\/strong><\/p><p>Hiszpa\u0144ska makrela \u017c\u00f3\u0142ta weaver sixgill. <span style=\"text-decoration: underline;\"><span style=\"color: #e66445; text-decoration: underline;\">Sandacz ryba lataj\u0105ca \u017c\u00f3\u0142top\u0142etwa<\/span><\/span> pstr\u0105g potokowy g\u0142owacz bia\u0142op\u0142etwy koza rekin g\u0142owacz bia\u0142op\u0142etwy g\u0142adzica kalifornijska ryba pr\u0119gowata ryba nitkowata ryba ogoniasta ryba szabloz\u0119bna kle\u0144 czerwony.<\/p><p>Arktyczny golec, steelhead szprot min\u00f3g morski grunion. Walleye poolfish sand goby butterfly ray stream catfish jewfish. Makrela hiszpa\u0144ska \u017c\u00f3\u0142ty weaver sixgill. Sandacz ryba lataj\u0105ca pstr\u0105g \u017c\u00f3\u0142top\u0142etwy gard\u0142osz grouper g\u0142owacz bia\u0142op\u0142etwy ryba ko\u0144 rekin byk rekin kalifornijski j\u0119zyk g\u0142adki ryba pr\u0119gowana ryba nitkowata ogon szablastoz\u0119bny blenny.<\/p>\t\t\t\t\t\t<\/div>\n\t\t\t\t<\/div>\n\t\t\t\t\t<\/div>\n\t\t<\/div>\n\t\t\t\t\t<\/div>\n\t\t<\/section>\n\t\t\t\t<section class=\"elementor-section elementor-top-section elementor-element elementor-element-12b1269 elementor-section-boxed elementor-section-height-default elementor-section-height-default\" data-id=\"12b1269\" data-element_type=\"section\">\n\t\t\t\t\t\t<div class=\"elementor-container elementor-column-gap-default\">\n\t\t\t\t\t<div class=\"elementor-column elementor-col-100 elementor-top-column elementor-element elementor-element-458518b\" data-id=\"458518b\" data-element_type=\"column\">\n\t\t\t<div class=\"elementor-widget-wrap elementor-element-populated\">\n\t\t\t\t\t\t<div class=\"elementor-element elementor-element-0ad5652 elementor-widget elementor-widget-text-editor\" data-id=\"0ad5652\" data-element_type=\"widget\" data-widget_type=\"text-editor.default\">\n\t\t\t\t<div class=\"elementor-widget-container\">\n\t\t\t\t\t\t\t<h2>1\/2 Dwie kolumny<\/h2>\t\t\t\t\t\t<\/div>\n\t\t\t\t<\/div>\n\t\t\t\t<section class=\"elementor-section elementor-inner-section elementor-element elementor-element-e838786 elementor-section-boxed elementor-section-height-default elementor-section-height-default\" data-id=\"e838786\" data-element_type=\"section\">\n\t\t\t\t\t\t<div class=\"elementor-container elementor-column-gap-extended\">\n\t\t\t\t\t<div class=\"elementor-column elementor-col-50 elementor-inner-column elementor-element elementor-element-d3440e6\" data-id=\"d3440e6\" data-element_type=\"column\">\n\t\t\t<div class=\"elementor-widget-wrap elementor-element-populated\">\n\t\t\t\t\t\t<div class=\"elementor-element elementor-element-2e158e8 elementor-widget elementor-widget-text-editor\" data-id=\"2e158e8\" data-element_type=\"widget\" data-widget_type=\"text-editor.default\">\n\t\t\t\t<div class=\"elementor-widget-container\">\n\t\t\t\t\t\t\t<p>Arktyczny golec, steelhead szprot min\u00f3g morski grunion. Walleye poolfish sand goby butterfly ray stream catfish jewfish. Makrela hiszpa\u0144ska \u017c\u00f3\u0142ty weaver sixgill. Sandacz<\/p>\t\t\t\t\t\t<\/div>\n\t\t\t\t<\/div>\n\t\t\t\t\t<\/div>\n\t\t<\/div>\n\t\t\t\t<div class=\"elementor-column elementor-col-50 elementor-inner-column elementor-element elementor-element-9c28d74\" data-id=\"9c28d74\" data-element_type=\"column\">\n\t\t\t<div class=\"elementor-widget-wrap elementor-element-populated\">\n\t\t\t\t\t\t<div class=\"elementor-element elementor-element-6c8e688 elementor-widget elementor-widget-text-editor\" data-id=\"6c8e688\" data-element_type=\"widget\" data-widget_type=\"text-editor.default\">\n\t\t\t\t<div class=\"elementor-widget-container\">\n\t\t\t\t\t\t\t<p>Walleye poolfish sand goby butterfly ray stream catfish jewfish. Makrela hiszpa\u0144ska \u017c\u00f3\u0142ty weaver sixgill. Sandacz ryba lataj\u0105ca pstr\u0105g \u017c\u00f3\u0142top\u0142etwy pstr\u0105g potokowy grouper<\/p>\t\t\t\t\t\t<\/div>\n\t\t\t\t<\/div>\n\t\t\t\t\t<\/div>\n\t\t<\/div>\n\t\t\t\t\t<\/div>\n\t\t<\/section>\n\t\t\t\t\t<\/div>\n\t\t<\/div>\n\t\t\t\t\t<\/div>\n\t\t<\/section>\n\t\t\t\t<section class=\"elementor-section elementor-top-section elementor-element elementor-element-77c8c24 elementor-section-boxed elementor-section-height-default elementor-section-height-default\" data-id=\"77c8c24\" data-element_type=\"section\">\n\t\t\t\t\t\t<div class=\"elementor-container elementor-column-gap-default\">\n\t\t\t\t\t<div class=\"elementor-column elementor-col-100 elementor-top-column elementor-element elementor-element-8f5ca97\" data-id=\"8f5ca97\" data-element_type=\"column\">\n\t\t\t<div class=\"elementor-widget-wrap elementor-element-populated\">\n\t\t\t\t\t\t<div class=\"elementor-element elementor-element-34ead79 elementor-widget elementor-widget-text-editor\" data-id=\"34ead79\" data-element_type=\"widget\" data-widget_type=\"text-editor.default\">\n\t\t\t\t<div class=\"elementor-widget-container\">\n\t\t\t\t\t\t\t<h2>1\/3 Trzy kolumny<\/h2>\t\t\t\t\t\t<\/div>\n\t\t\t\t<\/div>\n\t\t\t\t<section class=\"elementor-section elementor-inner-section elementor-element elementor-element-d5f070d elementor-section-boxed elementor-section-height-default elementor-section-height-default\" data-id=\"d5f070d\" data-element_type=\"section\">\n\t\t\t\t\t\t<div class=\"elementor-container elementor-column-gap-extended\">\n\t\t\t\t\t<div class=\"elementor-column elementor-col-33 elementor-inner-column elementor-element elementor-element-0ff435d\" data-id=\"0ff435d\" data-element_type=\"column\">\n\t\t\t<div class=\"elementor-widget-wrap elementor-element-populated\">\n\t\t\t\t\t\t<div class=\"elementor-element elementor-element-7446df5 elementor-widget elementor-widget-text-editor\" data-id=\"7446df5\" data-element_type=\"widget\" data-widget_type=\"text-editor.default\">\n\t\t\t\t<div class=\"elementor-widget-container\">\n\t\t\t\t\t\t\t<p>Golec arktyczny, steelhead szprot min\u00f3g morski grunion. Walleye poolfish sand goby butterfly ray stream<\/p>\t\t\t\t\t\t<\/div>\n\t\t\t\t<\/div>\n\t\t\t\t\t<\/div>\n\t\t<\/div>\n\t\t\t\t<div class=\"elementor-column elementor-col-33 elementor-inner-column elementor-element elementor-element-366f089\" data-id=\"366f089\" data-element_type=\"column\">\n\t\t\t<div class=\"elementor-widget-wrap elementor-element-populated\">\n\t\t\t\t\t\t<div class=\"elementor-element elementor-element-baf8805 elementor-widget elementor-widget-text-editor\" data-id=\"baf8805\" data-element_type=\"widget\" data-widget_type=\"text-editor.default\">\n\t\t\t\t<div class=\"elementor-widget-container\">\n\t\t\t\t\t\t\t<p>Walleye poolfish sand goby butterfly ray stream catfish jewfish. Makrela hiszpa\u0144ska weaver sixgill.<\/p>\t\t\t\t\t\t<\/div>\n\t\t\t\t<\/div>\n\t\t\t\t\t<\/div>\n\t\t<\/div>\n\t\t\t\t<div class=\"elementor-column elementor-col-33 elementor-inner-column elementor-element elementor-element-7336600\" data-id=\"7336600\" data-element_type=\"column\">\n\t\t\t<div class=\"elementor-widget-wrap elementor-element-populated\">\n\t\t\t\t\t\t<div class=\"elementor-element elementor-element-842bd19 elementor-widget elementor-widget-text-editor\" data-id=\"842bd19\" data-element_type=\"widget\" data-widget_type=\"text-editor.default\">\n\t\t\t\t<div class=\"elementor-widget-container\">\n\t\t\t\t\t\t\t<p>Makrela hiszpa\u0144ska \u017c\u00f3\u0142ty weaver sixgill. Sandacz ryba lataj\u0105ca pstr\u0105g \u017c\u00f3\u0142top\u0142etwy gard\u0142osz grouper<\/p>\t\t\t\t\t\t<\/div>\n\t\t\t\t<\/div>\n\t\t\t\t\t<\/div>\n\t\t<\/div>\n\t\t\t\t\t<\/div>\n\t\t<\/section>\n\t\t\t\t\t<\/div>\n\t\t<\/div>\n\t\t\t\t\t<\/div>\n\t\t<\/section>\n\t\t\t\t<section class=\"elementor-section elementor-top-section elementor-element elementor-element-cf9914d elementor-section-boxed elementor-section-height-default elementor-section-height-default\" data-id=\"cf9914d\" data-element_type=\"section\">\n\t\t\t\t\t\t<div class=\"elementor-container elementor-column-gap-default\">\n\t\t\t\t\t<div class=\"elementor-column elementor-col-100 elementor-top-column elementor-element elementor-element-1bc29c9\" data-id=\"1bc29c9\" data-element_type=\"column\">\n\t\t\t<div class=\"elementor-widget-wrap elementor-element-populated\">\n\t\t\t\t\t\t<div class=\"elementor-element elementor-element-5513810 elementor-widget elementor-widget-text-editor\" data-id=\"5513810\" data-element_type=\"widget\" data-widget_type=\"text-editor.default\">\n\t\t\t\t<div class=\"elementor-widget-container\">\n\t\t\t\t\t\t\t<h2>1\/4 Czwarta kolumna<\/h2>\t\t\t\t\t\t<\/div>\n\t\t\t\t<\/div>\n\t\t\t\t<section class=\"elementor-section elementor-inner-section elementor-element elementor-element-bbbddfe elementor-section-boxed elementor-section-height-default elementor-section-height-default\" data-id=\"bbbddfe\" data-element_type=\"section\">\n\t\t\t\t\t\t<div class=\"elementor-container elementor-column-gap-extended\">\n\t\t\t\t\t<div class=\"elementor-column elementor-col-25 elementor-inner-column elementor-element elementor-element-dd6ff06\" data-id=\"dd6ff06\" data-element_type=\"column\">\n\t\t\t<div class=\"elementor-widget-wrap elementor-element-populated\">\n\t\t\t\t\t\t<div class=\"elementor-element elementor-element-11f5eae elementor-widget elementor-widget-text-editor\" data-id=\"11f5eae\" data-element_type=\"widget\" data-widget_type=\"text-editor.default\">\n\t\t\t\t<div class=\"elementor-widget-container\">\n\t\t\t\t\t\t\t<p>Golec arktyczny, steelhead szprot min\u00f3g morski chru\u015bciel. Walleye poolfish sand<\/p>\t\t\t\t\t\t<\/div>\n\t\t\t\t<\/div>\n\t\t\t\t\t<\/div>\n\t\t<\/div>\n\t\t\t\t<div class=\"elementor-column elementor-col-25 elementor-inner-column elementor-element elementor-element-f6691e7\" data-id=\"f6691e7\" data-element_type=\"column\">\n\t\t\t<div class=\"elementor-widget-wrap elementor-element-populated\">\n\t\t\t\t\t\t<div class=\"elementor-element elementor-element-fef52a3 elementor-widget elementor-widget-text-editor\" data-id=\"fef52a3\" data-element_type=\"widget\" data-widget_type=\"text-editor.default\">\n\t\t\t\t<div class=\"elementor-widget-container\">\n\t\t\t\t\t\t\t<p>Walleye poolfish sand goby butterfly ray stream sum jewfish. Hiszpa\u0144ski<\/p>\t\t\t\t\t\t<\/div>\n\t\t\t\t<\/div>\n\t\t\t\t\t<\/div>\n\t\t<\/div>\n\t\t\t\t<div class=\"elementor-column elementor-col-25 elementor-inner-column elementor-element elementor-element-9505973\" data-id=\"9505973\" data-element_type=\"column\">\n\t\t\t<div class=\"elementor-widget-wrap elementor-element-populated\">\n\t\t\t\t\t\t<div class=\"elementor-element elementor-element-c512455 elementor-widget elementor-widget-text-editor\" data-id=\"c512455\" data-element_type=\"widget\" data-widget_type=\"text-editor.default\">\n\t\t\t\t<div class=\"elementor-widget-container\">\n\t\t\t\t\t\t\t<p>Makrela hiszpa\u0144ska \u017c\u00f3\u0142top\u0142etwa sze\u015bciog\u0142owa. Sandacz ryba lataj\u0105ca \u017c\u00f3\u0142top\u0142etwa<\/p>\t\t\t\t\t\t<\/div>\n\t\t\t\t<\/div>\n\t\t\t\t\t<\/div>\n\t\t<\/div>\n\t\t\t\t<div class=\"elementor-column elementor-col-25 elementor-inner-column elementor-element elementor-element-abb35b4\" data-id=\"abb35b4\" data-element_type=\"column\">\n\t\t\t<div class=\"elementor-widget-wrap elementor-element-populated\">\n\t\t\t\t\t\t<div class=\"elementor-element elementor-element-b9ab4ac elementor-widget elementor-widget-text-editor\" data-id=\"b9ab4ac\" data-element_type=\"widget\" data-widget_type=\"text-editor.default\">\n\t\t\t\t<div class=\"elementor-widget-container\">\n\t\t\t\t\t\t\t<p>Sandacz ryba lataj\u0105ca pstr\u0105g \u017c\u00f3\u0142top\u0142etwy tro\u0107 w\u0119drowna bia\u0142oryb<\/p>\t\t\t\t\t\t<\/div>\n\t\t\t\t<\/div>\n\t\t\t\t\t<\/div>\n\t\t<\/div>\n\t\t\t\t\t<\/div>\n\t\t<\/section>\n\t\t\t\t\t<\/div>\n\t\t<\/div>\n\t\t\t\t\t<\/div>\n\t\t<\/section>\n\t\t\t\t<section class=\"elementor-section elementor-top-section elementor-element elementor-element-51c1b5c elementor-section-boxed elementor-section-height-default elementor-section-height-default\" data-id=\"51c1b5c\" data-element_type=\"section\">\n\t\t\t\t\t\t<div class=\"elementor-container elementor-column-gap-default\">\n\t\t\t\t\t<div class=\"elementor-column elementor-col-100 elementor-top-column elementor-element elementor-element-4f493fb\" data-id=\"4f493fb\" data-element_type=\"column\">\n\t\t\t<div class=\"elementor-widget-wrap elementor-element-populated\">\n\t\t\t\t\t\t<div class=\"elementor-element elementor-element-992ac77 elementor-widget elementor-widget-wp-widget-block\" data-id=\"992ac77\" data-element_type=\"widget\" data-widget_type=\"wp-widget-block.default\">\n\t\t\t\t<div class=\"elementor-widget-container\">\n\t\t\t\r\n<figure class=\"wp-block-pullquote has-text-align-left has-background has-medium-font-size\" style=\"background-color:#e66445\"><blockquote><p>Makrela hiszpa\u0144ska \u017c\u00f3\u0142ty weaver sixgill. Sandacz ryba lataj\u0105ca pstr\u0105g \u017c\u00f3\u0142top\u0142etwy pstr\u0105g \u017c\u00f3\u0142top\u0142etwy rekin bia\u0142op\u0142etwy koza rekin g\u0142owacz bia\u0142op\u0142etwy rekin kalifornijski j\u0119zyk g\u0142adki ryba pr\u0119gowana ryba nitkowata ogon szablastoz\u0119bny blenny.<\/p><\/blockquote><\/figure>\r\n\t\t<\/div>\n\t\t\t\t<\/div>\n\t\t\t\t\t<\/div>\n\t\t<\/div>\n\t\t\t\t\t<\/div>\n\t\t<\/section>\n\t\t\t\t<section class=\"elementor-section elementor-top-section elementor-element elementor-element-6c1b80e elementor-section-boxed elementor-section-height-default elementor-section-height-default\" data-id=\"6c1b80e\" data-element_type=\"section\">\n\t\t\t\t\t\t<div class=\"elementor-container elementor-column-gap-default\">\n\t\t\t\t\t<div class=\"elementor-column elementor-col-100 elementor-top-column elementor-element elementor-element-358f011\" data-id=\"358f011\" data-element_type=\"column\">\n\t\t\t<div class=\"elementor-widget-wrap elementor-element-populated\">\n\t\t\t\t\t\t<div class=\"elementor-element elementor-element-ad93e77 elementor-widget elementor-widget-text-editor\" data-id=\"ad93e77\" data-element_type=\"widget\" data-widget_type=\"text-editor.default\">\n\t\t\t\t<div class=\"elementor-widget-container\">\n\t\t\t\t\t\t\t<h2>Cytaty blokowe<\/h2><blockquote><p>Arktyczny golec, steelhead szprot min\u00f3g morski grunion. Walleye poolfish sand goby butterfly ray stream catfish jewfish. Makrela hiszpa\u0144ska \u017c\u00f3\u0142ty weaver sixgill. Sandacz ryba lataj\u0105ca pstr\u0105g \u017c\u00f3\u0142top\u0142etwy pstr\u0105g \u017ar\u00f3dlany bia\u0142oryb ryba ko\u0144 rekin g\u0142owacz bia\u0142op\u0142etwy rekin kalifornijski j\u0119zyk g\u0142adki ryba pasiasta ryba nitkowata ogoniasta szablastoz\u0119bna. blenny.<\/p><\/blockquote>\t\t\t\t\t\t<\/div>\n\t\t\t\t<\/div>\n\t\t\t\t\t<\/div>\n\t\t<\/div>\n\t\t\t\t\t<\/div>\n\t\t<\/section>\n\t\t\t\t<section class=\"elementor-section elementor-top-section elementor-element elementor-element-bda3674 elementor-section-boxed elementor-section-height-default elementor-section-height-default\" data-id=\"bda3674\" data-element_type=\"section\">\n\t\t\t\t\t\t<div class=\"elementor-container elementor-column-gap-default\">\n\t\t\t\t\t<div class=\"elementor-column elementor-col-100 elementor-top-column elementor-element elementor-element-fbfd473\" data-id=\"fbfd473\" data-element_type=\"column\">\n\t\t\t<div class=\"elementor-widget-wrap elementor-element-populated\">\n\t\t\t\t\t\t<div class=\"elementor-element elementor-element-2a9f3cd elementor-widget elementor-widget-text-editor\" data-id=\"2a9f3cd\" data-element_type=\"widget\" data-widget_type=\"text-editor.default\">\n\t\t\t\t<div class=\"elementor-widget-container\">\n\t\t\t\t\t\t\t<h2>Lista styl\u00f3w<\/h2>\t\t\t\t\t\t<\/div>\n\t\t\t\t<\/div>\n\t\t\t\t<section class=\"elementor-section elementor-inner-section elementor-element elementor-element-a3af2a8 elementor-section-boxed elementor-section-height-default elementor-section-height-default\" data-id=\"a3af2a8\" data-element_type=\"section\">\n\t\t\t\t\t\t<div class=\"elementor-container elementor-column-gap-default\">\n\t\t\t\t\t<div class=\"elementor-column elementor-col-33 elementor-inner-column elementor-element elementor-element-09071dc\" data-id=\"09071dc\" data-element_type=\"column\">\n\t\t\t<div class=\"elementor-widget-wrap elementor-element-populated\">\n\t\t\t\t\t\t<div class=\"elementor-element elementor-element-6bdec1a elementor-widget elementor-widget-text-editor\" data-id=\"6bdec1a\" data-element_type=\"widget\" data-widget_type=\"text-editor.default\">\n\t\t\t\t<div class=\"elementor-widget-container\">\n\t\t\t\t\t\t\t<ul><li>Golec arktyczny, szprot<\/li><li>Walleye poolfish babka piaskowa<\/li><li>Promie\u0144 motyla sum strumieniowy<\/li><\/ul>\t\t\t\t\t\t<\/div>\n\t\t\t\t<\/div>\n\t\t\t\t\t<\/div>\n\t\t<\/div>\n\t\t\t\t<div class=\"elementor-column elementor-col-33 elementor-inner-column elementor-element elementor-element-7b2b2da\" data-id=\"7b2b2da\" data-element_type=\"column\">\n\t\t\t<div class=\"elementor-widget-wrap elementor-element-populated\">\n\t\t\t\t\t\t<div class=\"elementor-element elementor-element-ebac6ee elementor-widget elementor-widget-text-editor\" data-id=\"ebac6ee\" data-element_type=\"widget\" data-widget_type=\"text-editor.default\">\n\t\t\t\t<div class=\"elementor-widget-container\">\n\t\t\t\t\t\t\t<ol><li>Golec arktyczny, szprot<\/li><li>Walleye poolfish babka piaskowa<\/li><li>Promie\u0144 motyla sum strumieniowy<\/li><\/ol>\t\t\t\t\t\t<\/div>\n\t\t\t\t<\/div>\n\t\t\t\t\t<\/div>\n\t\t<\/div>\n\t\t\t\t<div class=\"elementor-column elementor-col-33 elementor-inner-column elementor-element elementor-element-d6e7a1b elementor-hidden-tablet_extra elementor-hidden-tablet elementor-hidden-mobile_extra elementor-hidden-mobile\" data-id=\"d6e7a1b\" data-element_type=\"column\">\n\t\t\t<div class=\"elementor-widget-wrap\">\n\t\t\t\t\t\t\t<\/div>\n\t\t<\/div>\n\t\t\t\t\t<\/div>\n\t\t<\/section>\n\t\t\t\t\t<\/div>\n\t\t<\/div>\n\t\t\t\t\t<\/div>\n\t\t<\/section>\n\t\t\t\t<\/div>","protected":false},"excerpt":{"rendered":"<p>Nag\u0142\u00f3wek 1 \u2013 60 px Nag\u0142\u00f3wek 2 \u2013 45 px Nag\u0142\u00f3wek 3 \u2013 30 px Nag\u0142\u00f3wek 4 \u2013 25 px Nag\u0142\u00f3wek 5 \u2013 20 px Nag\u0142\u00f3wek 6 \u2013 18 px Allan wrasse climbing gourami amur pike Arctic char, steelhead sprat sea lamprey\u2026<\/p>","protected":false},"author":8,"featured_media":0,"parent":0,"menu_order":0,"comment_status":"closed","ping_status":"closed","template":"","meta":{"footnotes":""},"class_list":["post-132","page","type-page","status-publish","hentry"],"yoast_head":"<!-- This site is optimized with the Yoast SEO plugin v27.2 - https:\/\/yoast.com\/product\/yoast-seo-wordpress\/ -->\n<title>Typography - St\u00fcwe - Hattingen<\/title>\n<meta name=\"robots\" content=\"index, follow, max-snippet:-1, max-image-preview:large, max-video-preview:-1\" \/>\n<link rel=\"canonical\" href=\"https:\/\/stuewe.de\/pl\/typografia\/\" \/>\n<meta property=\"og:locale\" content=\"pl_PL\" \/>\n<meta property=\"og:type\" content=\"article\" \/>\n<meta property=\"og:title\" content=\"Typography - St\u00fcwe - Hattingen\" \/>\n<meta property=\"og:description\" content=\"Heading 1 &#8211; 60 px Heading 2 &#8211; 45 px Heading 3 &#8211; 30 px Heading 4 &#8211; 25 px Heading 5 &#8211; 20 px Heading 6 &#8211; 18\u00a0px Allan wrasse climbing gourami amur pike Arctic char, steelhead sprat sea lamprey...\" \/>\n<meta property=\"og:url\" content=\"https:\/\/stuewe.de\/pl\/typografia\/\" \/>\n<meta property=\"og:site_name\" content=\"St\u00fcwe - Hattingen\" \/>\n<meta name=\"twitter:card\" content=\"summary_large_image\" \/>\n<meta name=\"twitter:label1\" content=\"Szacowany czas czytania\" \/>\n\t<meta name=\"twitter:data1\" content=\"1 minuta\" \/>\n<script type=\"application\/ld+json\" class=\"yoast-schema-graph\">{\"@context\":\"https:\/\/schema.org\",\"@graph\":[{\"@type\":\"WebPage\",\"@id\":\"https:\/\/stuewe.de\/typography\/\",\"url\":\"https:\/\/stuewe.de\/typography\/\",\"name\":\"Typography - St\u00fcwe - Hattingen\",\"isPartOf\":{\"@id\":\"https:\/\/stuewe.de\/#website\"},\"datePublished\":\"2022-02-22T12:29:05+00:00\",\"breadcrumb\":{\"@id\":\"https:\/\/stuewe.de\/typography\/#breadcrumb\"},\"inLanguage\":\"pl-PL\",\"potentialAction\":[{\"@type\":\"ReadAction\",\"target\":[\"https:\/\/stuewe.de\/typography\/\"]}]},{\"@type\":\"BreadcrumbList\",\"@id\":\"https:\/\/stuewe.de\/typography\/#breadcrumb\",\"itemListElement\":[{\"@type\":\"ListItem\",\"position\":1,\"name\":\"Start\",\"item\":\"https:\/\/stuewe.de\/\"},{\"@type\":\"ListItem\",\"position\":2,\"name\":\"Typography\"}]},{\"@type\":\"WebSite\",\"@id\":\"https:\/\/stuewe.de\/#website\",\"url\":\"https:\/\/stuewe.de\/\",\"name\":\"St\u00fcwe - Hattingen\",\"description\":\"Maschinenbauteilen f\u00fcr Antriebstechnik\",\"potentialAction\":[{\"@type\":\"SearchAction\",\"target\":{\"@type\":\"EntryPoint\",\"urlTemplate\":\"https:\/\/stuewe.de\/?s={search_term_string}\"},\"query-input\":{\"@type\":\"PropertyValueSpecification\",\"valueRequired\":true,\"valueName\":\"search_term_string\"}}],\"inLanguage\":\"pl-PL\"}]}<\/script>\n<!-- \/ Yoast SEO plugin. -->","yoast_head_json":{"title":"Typografia - St\u00fcwe - Hattingen","robots":{"index":"index","follow":"follow","max-snippet":"max-snippet:-1","max-image-preview":"max-image-preview:large","max-video-preview":"max-video-preview:-1"},"canonical":"https:\/\/stuewe.de\/pl\/typografia\/","og_locale":"pl_PL","og_type":"article","og_title":"Typography - St\u00fcwe - Hattingen","og_description":"Heading 1 &#8211; 60 px Heading 2 &#8211; 45 px Heading 3 &#8211; 30 px Heading 4 &#8211; 25 px Heading 5 &#8211; 20 px Heading 6 &#8211; 18\u00a0px Allan wrasse climbing gourami amur pike Arctic char, steelhead sprat sea lamprey...","og_url":"https:\/\/stuewe.de\/pl\/typografia\/","og_site_name":"St\u00fcwe - Hattingen","twitter_card":"summary_large_image","twitter_misc":{"Szacowany czas czytania":"1 minuta"},"schema":{"@context":"https:\/\/schema.org","@graph":[{"@type":"WebPage","@id":"https:\/\/stuewe.de\/typography\/","url":"https:\/\/stuewe.de\/typography\/","name":"Typografia - St\u00fcwe - Hattingen","isPartOf":{"@id":"https:\/\/stuewe.de\/#website"},"datePublished":"2022-02-22T12:29:05+00:00","breadcrumb":{"@id":"https:\/\/stuewe.de\/typography\/#breadcrumb"},"inLanguage":"pl-PL","potentialAction":[{"@type":"ReadAction","target":["https:\/\/stuewe.de\/typography\/"]}]},{"@type":"BreadcrumbList","@id":"https:\/\/stuewe.de\/typography\/#breadcrumb","itemListElement":[{"@type":"ListItem","position":1,"name":"Start","item":"https:\/\/stuewe.de\/"},{"@type":"ListItem","position":2,"name":"Typography"}]},{"@type":"WebSite","@id":"https:\/\/stuewe.de\/#website","url":"https:\/\/stuewe.de\/","name":"St\u00fcwe - Hattingen","description":"Komponenty maszyn dla technologii nap\u0119dowej","potentialAction":[{"@type":"SearchAction","target":{"@type":"EntryPoint","urlTemplate":"https:\/\/stuewe.de\/?s={search_term_string}"},"query-input":{"@type":"PropertyValueSpecification","valueRequired":true,"valueName":"search_term_string"}}],"inLanguage":"pl-PL"}]}},"_links":{"self":[{"href":"https:\/\/stuewe.de\/pl\/wp-json\/wp\/v2\/pages\/132","targetHints":{"allow":["GET"]}}],"collection":[{"href":"https:\/\/stuewe.de\/pl\/wp-json\/wp\/v2\/pages"}],"about":[{"href":"https:\/\/stuewe.de\/pl\/wp-json\/wp\/v2\/types\/page"}],"author":[{"embeddable":true,"href":"https:\/\/stuewe.de\/pl\/wp-json\/wp\/v2\/users\/8"}],"replies":[{"embeddable":true,"href":"https:\/\/stuewe.de\/pl\/wp-json\/wp\/v2\/comments?post=132"}],"version-history":[{"count":0,"href":"https:\/\/stuewe.de\/pl\/wp-json\/wp\/v2\/pages\/132\/revisions"}],"wp:attachment":[{"href":"https:\/\/stuewe.de\/pl\/wp-json\/wp\/v2\/media?parent=132"}],"curies":[{"name":"wp","href":"https:\/\/api.w.org\/{rel}","templated":true}]}}