{"id":6606,"date":"2022-09-14T16:33:24","date_gmt":"2022-09-14T16:33:24","guid":{"rendered":"https:\/\/demo.artureanec.com\/themes\/industrium\/?page_id=6606"},"modified":"2024-11-12T18:03:49","modified_gmt":"2024-11-12T17:03:49","slug":"produits","status":"publish","type":"page","link":"https:\/\/stuewe.de\/fr\/produkte\/","title":{"rendered":"Produits"},"content":{"rendered":"<div data-elementor-type=\"wp-page\" data-elementor-id=\"6606\" class=\"elementor elementor-6606\">\n\t\t\t\t\t\t<section class=\"elementor-section elementor-top-section elementor-element elementor-element-abe5ab5 elementor-section-boxed elementor-section-height-default elementor-section-height-default\" data-id=\"abe5ab5\" data-element_type=\"section\">\n\t\t\t\t\t\t<div class=\"elementor-container elementor-column-gap-default\">\n\t\t\t\t\t<div class=\"elementor-column elementor-col-100 elementor-top-column elementor-element elementor-element-40d5f46\" data-id=\"40d5f46\" data-element_type=\"column\">\n\t\t\t<div class=\"elementor-widget-wrap elementor-element-populated\">\n\t\t\t\t\t\t<div class=\"elementor-element elementor-element-630d795 elementor-widget elementor-widget-industrium_heading\" data-id=\"630d795\" data-element_type=\"widget\" data-widget_type=\"industrium_heading.default\">\n\t\t\t\t<div class=\"elementor-widget-container\">\n\t\t\t<div class=\"industrium-heading-widget\"><h2 class=\"industrium-heading\"><span class=\"industrium-heading-content\">Nos produits<\/span><\/h2><\/div>\t\t<\/div>\n\t\t\t\t<\/div>\n\t\t\t\t\t<\/div>\n\t\t<\/div>\n\t\t\t\t\t<\/div>\n\t\t<\/section>\n\t\t\t\t<section class=\"elementor-section elementor-inner-section elementor-element elementor-element-8ec8679 elementor-section-boxed elementor-section-height-default elementor-section-height-default\" data-id=\"8ec8679\" data-element_type=\"section\">\n\t\t\t\t\t\t<div class=\"elementor-container elementor-column-gap-no\">\n\t\t\t\t\t<div class=\"elementor-column elementor-col-33 elementor-inner-column elementor-element elementor-element-b327a80\" data-id=\"b327a80\" data-element_type=\"column\">\n\t\t\t<div class=\"elementor-widget-wrap elementor-element-populated\">\n\t\t\t\t\t\t<div class=\"elementor-element elementor-element-7dfb88e elementor-widget elementor-widget-html\" data-id=\"7dfb88e\" data-element_type=\"widget\" data-widget_type=\"html.default\">\n\t\t\t\t<div class=\"elementor-widget-container\">\n\t\t\t<div class=\"ss-service-card\"style=\"\" >\n        <a href=\"https:\/\/stuewe.de\/fr\/stuewe-raccords-a-friction\/\">\n            <img decoding=\"async\" src=\"https:\/\/stuewe.de\/wp-content\/uploads\/2024\/08\/produkte_test.jpg\" alt=\"Assemblages par friction\">\n            <div class=\"ss-service-content\">\n                <div class=\"ss-service-title-wrapper\">\n                    <h5 class=\"ss-service-title\">Assemblages par friction<\/h5>\n\n<svg viewbox=\"0 0 1702 1371.1542\" xmlns=\"http:\/\/www.w3.org\/2000\/svg\" class=\"arrow-icon\">\n  <path d=\"M971 148v-41H271v71h564L0 1048l53 59 835-871v530h83V148z\" fill=\"white\"\/>\n<\/svg>\n                <\/div>\n                <div class=\"ss-service-excerpt\">Liaisons arbre-moyeu pour une transmission s\u00fbre des couples les plus \u00e9lev\u00e9s<\/div>\n            <\/div>\n        <\/a>\n    <\/div>\t\t<\/div>\n\t\t\t\t<\/div>\n\t\t\t\t\t<\/div>\n\t\t<\/div>\n\t\t\t\t<div class=\"elementor-column elementor-col-33 elementor-inner-column elementor-element elementor-element-3e37194\" data-id=\"3e37194\" data-element_type=\"column\">\n\t\t\t<div class=\"elementor-widget-wrap elementor-element-populated\">\n\t\t\t\t\t\t<div class=\"elementor-element elementor-element-e9c529a elementor-widget elementor-widget-html\" data-id=\"e9c529a\" data-element_type=\"widget\" data-widget_type=\"html.default\">\n\t\t\t\t<div class=\"elementor-widget-container\">\n\t\t\t<div class=\"ss-service-card\" >\n        <a href=\"https:\/\/stuewe.de\/fr\/stuwe-rotorlock-type-srl\/\">\n            <img decoding=\"async\" src=\"https:\/\/stuewe.de\/wp-content\/uploads\/2024\/08\/stuewe_rotorlock.jpg\" alt=\"St\u00fcwe Rotorlock\">\n            <div class=\"ss-service-content\">\n                <div class=\"ss-service-title-wrapper\">\n                    <h5 class=\"ss-service-title\">Rotorlock<\/h5>\n\n<svg viewbox=\"0 0 1702 1371.1542\" xmlns=\"http:\/\/www.w3.org\/2000\/svg\" class=\"arrow-icon\">\n  <path d=\"M971 148v-41H271v71h564L0 1048l53 59 835-871v530h83V148z\" fill=\"white\"\/>\n<\/svg>\n                <\/div>\n                <div class=\"ss-service-excerpt\">Pour des applications de verrouillage et de fermeture fiables<\/div>\n            <\/div>\n        <\/a>\n    <\/div>\t\t<\/div>\n\t\t\t\t<\/div>\n\t\t\t\t\t<\/div>\n\t\t<\/div>\n\t\t\t\t<div class=\"elementor-column elementor-col-33 elementor-inner-column elementor-element elementor-element-242e82d\" data-id=\"242e82d\" data-element_type=\"column\">\n\t\t\t<div class=\"elementor-widget-wrap elementor-element-populated\">\n\t\t\t\t\t\t<div class=\"elementor-element elementor-element-d5846e2 elementor-widget elementor-widget-html\" data-id=\"d5846e2\" data-element_type=\"widget\" data-widget_type=\"html.default\">\n\t\t\t\t<div class=\"elementor-widget-container\">\n\t\t\t<div class=\"ss-service-card\" >\n        <a href=\"https:\/\/stuewe.de\/fr\/stuewe-systemes-de-freinage-type-sbs\/\">\n            <img decoding=\"async\" src=\"https:\/\/stuewe.de\/wp-content\/uploads\/2024\/08\/stuewe_bremssysteme.jpg\" alt=\"St\u00fcwe Syst\u00e8mes de freinage\">\n            <div class=\"ss-service-content\">\n                <div class=\"ss-service-title-wrapper\">\n                    <h5 class=\"ss-service-title\">Syst\u00e8mes de freinage<\/h5>\n\n<svg viewbox=\"0 0 1702 1371.1542\" xmlns=\"http:\/\/www.w3.org\/2000\/svg\" class=\"arrow-icon\">\n  <path d=\"M971 148v-41H271v71h564L0 1048l53 59 835-871v530h83V148z\" fill=\"white\"\/>\n<\/svg>\n                <\/div>\n                <div class=\"ss-service-excerpt\">Actifs et passifs pour transmettre les couples de freinage les plus \u00e9lev\u00e9s<\/div>\n            <\/div>\n        <\/a>\n    <\/div>\t\t<\/div>\n\t\t\t\t<\/div>\n\t\t\t\t\t<\/div>\n\t\t<\/div>\n\t\t\t\t\t<\/div>\n\t\t<\/section>\n\t\t\t\t<section class=\"elementor-section elementor-inner-section elementor-element elementor-element-2f6ad60 elementor-section-boxed elementor-section-height-default elementor-section-height-default\" data-id=\"2f6ad60\" data-element_type=\"section\">\n\t\t\t\t\t\t<div class=\"elementor-container elementor-column-gap-no\">\n\t\t\t\t\t<div class=\"elementor-column elementor-col-33 elementor-inner-column elementor-element elementor-element-d52f4aa\" data-id=\"d52f4aa\" data-element_type=\"column\">\n\t\t\t<div class=\"elementor-widget-wrap elementor-element-populated\">\n\t\t\t\t\t\t<div class=\"elementor-element elementor-element-ab1d15d elementor-widget elementor-widget-html\" data-id=\"ab1d15d\" data-element_type=\"widget\" data-widget_type=\"html.default\">\n\t\t\t\t<div class=\"elementor-widget-container\">\n\t\t\t<div class=\"ss-service-card\" >\n        <a href=\"https:\/\/stuewe.de\/fr\/stuewe-disques-de-frein-industriels-type-sbd\/\">\n            <img decoding=\"async\" src=\"https:\/\/stuewe.de\/wp-content\/uploads\/2024\/08\/stuewe_industriescheibe.jpg\" alt=\"Disque de frein industriel St\u00fcwe\">\n            <div class=\"ss-service-content\">\n                <div class=\"ss-service-title-wrapper\">\n                    <h5 class=\"ss-service-title\">Disque de frein industriel<\/h5>\n\n<svg viewbox=\"0 0 1702 1371.1542\" xmlns=\"http:\/\/www.w3.org\/2000\/svg\" class=\"arrow-icon\">\n  <path d=\"M971 148v-41H271v71h564L0 1048l53 59 835-871v530h83V148z\" fill=\"white\"\/>\n<\/svg>\n                <\/div>\n                <div class=\"ss-service-excerpt\">Pour de nombreuses applications industrielles<\/div>\n            <\/div>\n        <\/a>\n    <\/div>\t\t<\/div>\n\t\t\t\t<\/div>\n\t\t\t\t\t<\/div>\n\t\t<\/div>\n\t\t\t\t<div class=\"elementor-column elementor-col-33 elementor-inner-column elementor-element elementor-element-1b024ce\" data-id=\"1b024ce\" data-element_type=\"column\">\n\t\t\t<div class=\"elementor-widget-wrap elementor-element-populated\">\n\t\t\t\t\t\t<div class=\"elementor-element elementor-element-225509d elementor-widget elementor-widget-html\" data-id=\"225509d\" data-element_type=\"widget\" data-widget_type=\"html.default\">\n\t\t\t\t<div class=\"elementor-widget-container\">\n\t\t\t<div class=\"ss-service-card\" >\n        <a href=\"https:\/\/stuewe.de\/fr\/stuewe-locking-nut-typ-sln\/\">\n            <img decoding=\"async\" src=\"https:\/\/stuewe.de\/wp-content\/uploads\/2024\/08\/stuewe_wellenmutter.jpg\" alt=\"\u00c9crou d&#039;arbre St\u00fcwe\">\n            <div class=\"ss-service-content\">\n                <div class=\"ss-service-title-wrapper\">\n                    <h5 class=\"ss-service-title\">\u00c9crou d'arbre<\/h5>\n\n<svg viewbox=\"0 0 1702 1371.1542\" xmlns=\"http:\/\/www.w3.org\/2000\/svg\" class=\"arrow-icon\">\n  <path d=\"M971 148v-41H271v71h564L0 1048l53 59 835-871v530h83V148z\" fill=\"white\"\/>\n<\/svg>\n                <\/div>\n                <div class=\"ss-service-excerpt\">Protection fiable des composants axiaux et des roulements<\/div>\n            <\/div>\n        <\/a>\n    <\/div>\t\t<\/div>\n\t\t\t\t<\/div>\n\t\t\t\t\t<\/div>\n\t\t<\/div>\n\t\t\t\t<div class=\"elementor-column elementor-col-33 elementor-inner-column elementor-element elementor-element-c8c1d39\" data-id=\"c8c1d39\" data-element_type=\"column\">\n\t\t\t<div class=\"elementor-widget-wrap elementor-element-populated\">\n\t\t\t\t\t\t<div class=\"elementor-element elementor-element-77c090a elementor-widget elementor-widget-html\" data-id=\"77c090a\" data-element_type=\"widget\" data-widget_type=\"html.default\">\n\t\t\t\t<div class=\"elementor-widget-container\">\n\t\t\t<div class=\"ss-service-card\">\n        <a href=\"https:\/\/stuewe.de\/fr\/stuewe-disques-de-frein-industriels-type-sbd-2\/\">\n            <img decoding=\"async\" src=\"https:\/\/stuewe.de\/wp-content\/uploads\/2024\/08\/stuewe_stoplock.jpg\" alt=\"Syst\u00e8me de bloc tournant St\u00fcwe\">\n            <div class=\"ss-service-content\">\n                <div class=\"ss-service-title-wrapper\">\n                    <h5 class=\"ss-service-title\">Syst\u00e8me de bloc d'arr\u00eat de rotation<\/h5>\n\n<svg viewbox=\"0 0 1702 1371.1542\" xmlns=\"http:\/\/www.w3.org\/2000\/svg\" class=\"arrow-icon\">\n  <path d=\"M971 148v-41H271v71h564L0 1048l53 59 835-871v530h83V148z\" fill=\"white\"\/>\n<\/svg>\n                <\/div>\n                <div class=\"ss-service-excerpt\">Pour les arbres d'h\u00e9lice d'une puissance principale allant jusqu'\u00e0 25 MW dans les grands yachts, les bateaux de croisi\u00e8re, les ferries ou les navires commerciaux.<\/div>\n            <\/div>\n        <\/a>\n    <\/div>\t\t<\/div>\n\t\t\t\t<\/div>\n\t\t\t\t\t<\/div>\n\t\t<\/div>\n\t\t\t\t\t<\/div>\n\t\t<\/section>\n\t\t\t\t<section class=\"elementor-section elementor-top-section elementor-element elementor-element-11d6846 elementor-section-boxed elementor-section-height-default elementor-section-height-default\" data-id=\"11d6846\" data-element_type=\"section\">\n\t\t\t\t\t\t<div class=\"elementor-container elementor-column-gap-default\">\n\t\t\t\t\t<div class=\"elementor-column elementor-col-33 elementor-top-column elementor-element elementor-element-f127c56\" data-id=\"f127c56\" data-element_type=\"column\">\n\t\t\t<div class=\"elementor-widget-wrap\">\n\t\t\t\t\t\t\t<\/div>\n\t\t<\/div>\n\t\t\t\t<div class=\"elementor-column elementor-col-33 elementor-top-column elementor-element elementor-element-30f337c\" data-id=\"30f337c\" data-element_type=\"column\">\n\t\t\t<div class=\"elementor-widget-wrap\">\n\t\t\t\t\t\t\t<\/div>\n\t\t<\/div>\n\t\t\t\t<div class=\"elementor-column elementor-col-33 elementor-top-column elementor-element elementor-element-563ce30\" data-id=\"563ce30\" data-element_type=\"column\">\n\t\t\t<div class=\"elementor-widget-wrap\">\n\t\t\t\t\t\t\t<\/div>\n\t\t<\/div>\n\t\t\t\t\t<\/div>\n\t\t<\/section>\n\t\t\t\t<\/div>","protected":false},"excerpt":{"rendered":"<p>Reibschlussverbindungen Welle-Nabe Verbindungen zur sicheren \u00dcbertragung h\u00f6chster Drehmomente Rotorlock F\u00fcr zuverl\u00e4ssige Verriegelungs- und Schlie\u00dfanwendungen Bremssysteme Aktive und passive zur \u00dcbertragung h\u00f6chster Bremsmomente Industriebremsscheibe F\u00fcr vielz\u00e4hlige industrielle Anwendungen Wellenmutter Zuverl\u00e4ssige axiale Bauteil und Lagersicherung Stop turn block system F\u00fcr Propellerwellen mit einer&#8230;<\/p>","protected":false},"author":8,"featured_media":0,"parent":0,"menu_order":0,"comment_status":"closed","ping_status":"closed","template":"elementor_header_footer","meta":{"footnotes":""},"class_list":["post-6606","page","type-page","status-publish","hentry"],"yoast_head":"<!-- This site is optimized with the Yoast SEO plugin v27.2 - https:\/\/yoast.com\/product\/yoast-seo-wordpress\/ -->\n<title>Produkte - St\u00fcwe - Hattingen<\/title>\n<meta name=\"robots\" content=\"index, follow, max-snippet:-1, max-image-preview:large, max-video-preview:-1\" \/>\n<link rel=\"canonical\" href=\"https:\/\/stuewe.de\/fr\/produits\/\" \/>\n<meta property=\"og:locale\" content=\"fr_FR\" \/>\n<meta property=\"og:type\" content=\"article\" \/>\n<meta property=\"og:title\" content=\"Produkte - St\u00fcwe - Hattingen\" \/>\n<meta property=\"og:description\" content=\"Reibschlussverbindungen Welle-Nabe Verbindungen zur sicheren \u00dcbertragung h\u00f6chster Drehmomente Rotorlock F\u00fcr zuverl\u00e4ssige Verriegelungs- und Schlie\u00dfanwendungen Bremssysteme Aktive und passive zur \u00dcbertragung h\u00f6chster Bremsmomente Industriebremsscheibe F\u00fcr vielz\u00e4hlige industrielle Anwendungen Wellenmutter Zuverl\u00e4ssige axiale Bauteil und Lagersicherung Stop turn block system F\u00fcr Propellerwellen mit einer...\" \/>\n<meta property=\"og:url\" content=\"https:\/\/stuewe.de\/fr\/produits\/\" \/>\n<meta property=\"og:site_name\" content=\"St\u00fcwe - Hattingen\" \/>\n<meta property=\"article:modified_time\" content=\"2024-11-12T17:03:49+00:00\" \/>\n<meta property=\"og:image\" content=\"https:\/\/stuewe.de\/wp-content\/uploads\/2024\/08\/produkte_test.jpg\" \/>\n<meta name=\"twitter:card\" content=\"summary_large_image\" \/>\n<script type=\"application\/ld+json\" class=\"yoast-schema-graph\">{\"@context\":\"https:\/\/schema.org\",\"@graph\":[{\"@type\":\"WebPage\",\"@id\":\"https:\/\/stuewe.de\/fr\/produits\/\",\"url\":\"https:\/\/stuewe.de\/fr\/produits\/\",\"name\":\"Produkte - St\u00fcwe - Hattingen\",\"isPartOf\":{\"@id\":\"https:\/\/stuewe.de\/#website\"},\"primaryImageOfPage\":{\"@id\":\"https:\/\/stuewe.de\/fr\/produits\/#primaryimage\"},\"image\":{\"@id\":\"https:\/\/stuewe.de\/fr\/produits\/#primaryimage\"},\"thumbnailUrl\":\"https:\/\/stuewe.de\/wp-content\/uploads\/2024\/08\/produkte_test.jpg\",\"datePublished\":\"2022-09-14T16:33:24+00:00\",\"dateModified\":\"2024-11-12T17:03:49+00:00\",\"breadcrumb\":{\"@id\":\"https:\/\/stuewe.de\/fr\/produits\/#breadcrumb\"},\"inLanguage\":\"fr-FR\",\"potentialAction\":[{\"@type\":\"ReadAction\",\"target\":[\"https:\/\/stuewe.de\/fr\/produits\/\"]}]},{\"@type\":\"ImageObject\",\"inLanguage\":\"fr-FR\",\"@id\":\"https:\/\/stuewe.de\/fr\/produits\/#primaryimage\",\"url\":\"https:\/\/stuewe.de\/wp-content\/uploads\/2024\/08\/produkte_test.jpg\",\"contentUrl\":\"https:\/\/stuewe.de\/wp-content\/uploads\/2024\/08\/produkte_test.jpg\"},{\"@type\":\"BreadcrumbList\",\"@id\":\"https:\/\/stuewe.de\/fr\/produits\/#breadcrumb\",\"itemListElement\":[{\"@type\":\"ListItem\",\"position\":1,\"name\":\"Start\",\"item\":\"https:\/\/stuewe.de\/\"},{\"@type\":\"ListItem\",\"position\":2,\"name\":\"Produkte\"}]},{\"@type\":\"WebSite\",\"@id\":\"https:\/\/stuewe.de\/#website\",\"url\":\"https:\/\/stuewe.de\/\",\"name\":\"St\u00fcwe - Hattingen\",\"description\":\"Maschinenbauteilen f\u00fcr Antriebstechnik\",\"potentialAction\":[{\"@type\":\"SearchAction\",\"target\":{\"@type\":\"EntryPoint\",\"urlTemplate\":\"https:\/\/stuewe.de\/?s={search_term_string}\"},\"query-input\":{\"@type\":\"PropertyValueSpecification\",\"valueRequired\":true,\"valueName\":\"search_term_string\"}}],\"inLanguage\":\"fr-FR\"}]}<\/script>\n<!-- \/ Yoast SEO plugin. -->","yoast_head_json":{"title":"Produits - St\u00fcwe - Hattingen","robots":{"index":"index","follow":"follow","max-snippet":"max-snippet:-1","max-image-preview":"max-image-preview:large","max-video-preview":"max-video-preview:-1"},"canonical":"https:\/\/stuewe.de\/fr\/produits\/","og_locale":"fr_FR","og_type":"article","og_title":"Produkte - St\u00fcwe - Hattingen","og_description":"Reibschlussverbindungen Welle-Nabe Verbindungen zur sicheren \u00dcbertragung h\u00f6chster Drehmomente Rotorlock F\u00fcr zuverl\u00e4ssige Verriegelungs- und Schlie\u00dfanwendungen Bremssysteme Aktive und passive zur \u00dcbertragung h\u00f6chster Bremsmomente Industriebremsscheibe F\u00fcr vielz\u00e4hlige industrielle Anwendungen Wellenmutter Zuverl\u00e4ssige axiale Bauteil und Lagersicherung Stop turn block system F\u00fcr Propellerwellen mit einer...","og_url":"https:\/\/stuewe.de\/fr\/produits\/","og_site_name":"St\u00fcwe - Hattingen","article_modified_time":"2024-11-12T17:03:49+00:00","og_image":[{"url":"https:\/\/stuewe.de\/wp-content\/uploads\/2024\/08\/produkte_test.jpg","type":"","width":"","height":""}],"twitter_card":"summary_large_image","schema":{"@context":"https:\/\/schema.org","@graph":[{"@type":"WebPage","@id":"https:\/\/stuewe.de\/fr\/produits\/","url":"https:\/\/stuewe.de\/fr\/produits\/","name":"Produits - St\u00fcwe - Hattingen","isPartOf":{"@id":"https:\/\/stuewe.de\/#website"},"primaryImageOfPage":{"@id":"https:\/\/stuewe.de\/fr\/produits\/#primaryimage"},"image":{"@id":"https:\/\/stuewe.de\/fr\/produits\/#primaryimage"},"thumbnailUrl":"https:\/\/stuewe.de\/wp-content\/uploads\/2024\/08\/produkte_test.jpg","datePublished":"2022-09-14T16:33:24+00:00","dateModified":"2024-11-12T17:03:49+00:00","breadcrumb":{"@id":"https:\/\/stuewe.de\/fr\/produits\/#breadcrumb"},"inLanguage":"fr-FR","potentialAction":[{"@type":"ReadAction","target":["https:\/\/stuewe.de\/fr\/produits\/"]}]},{"@type":"ImageObject","inLanguage":"fr-FR","@id":"https:\/\/stuewe.de\/fr\/produits\/#primaryimage","url":"https:\/\/stuewe.de\/wp-content\/uploads\/2024\/08\/produkte_test.jpg","contentUrl":"https:\/\/stuewe.de\/wp-content\/uploads\/2024\/08\/produkte_test.jpg"},{"@type":"BreadcrumbList","@id":"https:\/\/stuewe.de\/fr\/produits\/#breadcrumb","itemListElement":[{"@type":"ListItem","position":1,"name":"Start","item":"https:\/\/stuewe.de\/"},{"@type":"ListItem","position":2,"name":"Produkte"}]},{"@type":"WebSite","@id":"https:\/\/stuewe.de\/#website","url":"https:\/\/stuewe.de\/","name":"St\u00fcwe - Hattingen","description":"Pi\u00e8ces de machines pour la technique d'entra\u00eenement","potentialAction":[{"@type":"SearchAction","target":{"@type":"EntryPoint","urlTemplate":"https:\/\/stuewe.de\/?s={search_term_string}"},"query-input":{"@type":"PropertyValueSpecification","valueRequired":true,"valueName":"search_term_string"}}],"inLanguage":"fr-FR"}]}},"_links":{"self":[{"href":"https:\/\/stuewe.de\/fr\/wp-json\/wp\/v2\/pages\/6606","targetHints":{"allow":["GET"]}}],"collection":[{"href":"https:\/\/stuewe.de\/fr\/wp-json\/wp\/v2\/pages"}],"about":[{"href":"https:\/\/stuewe.de\/fr\/wp-json\/wp\/v2\/types\/page"}],"author":[{"embeddable":true,"href":"https:\/\/stuewe.de\/fr\/wp-json\/wp\/v2\/users\/8"}],"replies":[{"embeddable":true,"href":"https:\/\/stuewe.de\/fr\/wp-json\/wp\/v2\/comments?post=6606"}],"version-history":[{"count":103,"href":"https:\/\/stuewe.de\/fr\/wp-json\/wp\/v2\/pages\/6606\/revisions"}],"predecessor-version":[{"id":18647,"href":"https:\/\/stuewe.de\/fr\/wp-json\/wp\/v2\/pages\/6606\/revisions\/18647"}],"wp:attachment":[{"href":"https:\/\/stuewe.de\/fr\/wp-json\/wp\/v2\/media?parent=6606"}],"curies":[{"name":"wp","href":"https:\/\/api.w.org\/{rel}","templated":true}]}}