{"id":19410,"date":"2025-07-08T09:42:00","date_gmt":"2025-07-08T07:42:00","guid":{"rendered":"https:\/\/stuewe.de\/?page_id=19410"},"modified":"2025-09-10T09:32:14","modified_gmt":"2025-09-10T07:32:14","slug":"systeme-de-freinage-sbs-2l","status":"publish","type":"page","link":"https:\/\/stuewe.de\/fr\/bremssystem-sbs-2l\/","title":{"rendered":"Syst\u00e8me de freinage SBS 2L"},"content":{"rendered":"<div data-elementor-type=\"wp-page\" data-elementor-id=\"19410\" class=\"elementor elementor-19410\">\n\t\t\t\t\t\t<section class=\"elementor-section elementor-top-section elementor-element elementor-element-190d5163 elementor-section-boxed elementor-section-height-default elementor-section-height-default\" data-id=\"190d5163\" data-element_type=\"section\" data-settings=\"{&quot;background_background&quot;:&quot;classic&quot;}\">\n\t\t\t\t\t\t<div class=\"elementor-container elementor-column-gap-no\">\n\t\t\t\t\t<div class=\"elementor-column elementor-col-100 elementor-top-column elementor-element elementor-element-5ec72f9a\" data-id=\"5ec72f9a\" data-element_type=\"column\">\n\t\t\t<div class=\"elementor-widget-wrap elementor-element-populated\">\n\t\t\t\t\t\t<section class=\"elementor-section elementor-inner-section elementor-element elementor-element-6be8e68a elementor-section-boxed elementor-section-height-default elementor-section-height-default\" data-id=\"6be8e68a\" data-element_type=\"section\" data-settings=\"{&quot;background_background&quot;:&quot;classic&quot;}\">\n\t\t\t\t\t\t<div class=\"elementor-container elementor-column-gap-no\">\n\t\t\t\t\t<div class=\"elementor-column elementor-col-50 elementor-inner-column elementor-element elementor-element-6f019cc6\" data-id=\"6f019cc6\" data-element_type=\"column\">\n\t\t\t<div class=\"elementor-widget-wrap elementor-element-populated\">\n\t\t\t\t\t\t<div class=\"elementor-element elementor-element-168c4a5 elementor-widget elementor-widget-text-editor\" data-id=\"168c4a5\" data-element_type=\"widget\" data-widget_type=\"text-editor.default\">\n\t\t\t\t<div class=\"elementor-widget-container\">\n\t\t\t\t\t\t\t<p>Le mod\u00e8le SBS 2L offre une combinaison \u00e9quilibr\u00e9e entre une construction compacte et une puissance de freinage accrue. Par rapport au mod\u00e8le SBS 1L, il est con\u00e7u pour des applications avec des couples plus \u00e9lev\u00e9s et convient donc parfaitement aux puissances d'entra\u00eenement moyennes. La conception modulaire permet une adaptation flexible aux diff\u00e9rentes situations de montage.<\/p><p>Les domaines d'application typiques sont, entre autres, les engins de levage, les installations d'enroulement et les applications de freinage li\u00e9es \u00e0 la s\u00e9curit\u00e9 dans l'industrie. Gr\u00e2ce au choix de diff\u00e9rents actionneurs, le SBS 2L peut \u00eatre adapt\u00e9 individuellement \u00e0 chaque cas d'application.<\/p>\t\t\t\t\t\t<\/div>\n\t\t\t\t<\/div>\n\t\t\t\t<div class=\"elementor-element elementor-element-f81bdd7 elementor-widget elementor-widget-shortcode\" data-id=\"f81bdd7\" data-element_type=\"widget\" data-widget_type=\"shortcode.default\">\n\t\t\t\t<div class=\"elementor-widget-container\">\n\t\t\t\t\t<div class=\"elementor-shortcode\"> <div class=\"_df_thumb dflip-no-ridge\" id=\"df_16985\"  _slug=\"sbs-broschuere\" data-title=\"sbs-broschuere\" wpoptions=\"true\" thumb=\"https:\/\/stuewe.de\/wp-content\/uploads\/2024\/08\/sbs_broschuere.jpg\" thumbtype=\"\" >Brochure SBS<\/div><script class=\"df-shortcode-script\" nowprocket type=\"application\/javascript\">window.option_df_16985 = {\"outline\":[],\"autoEnableOutline\":\"false\",\"autoEnableThumbnail\":\"false\",\"overwritePDFOutline\":\"false\",\"direction\":\"1\",\"pageSize\":\"0\",\"source\":\"https:\\\/\\\/stuewe.de\\\/wp-content\\\/uploads\\\/2024\\\/08\\\/240125_STUEWE_de_komp.pdf\",\"wpOptions\":\"true\"}; if(window.DFLIP && window.DFLIP.parseBooks){window.DFLIP.parseBooks();}<\/script><\/div>\n\t\t\t\t<\/div>\n\t\t\t\t<\/div>\n\t\t\t\t<div class=\"elementor-element elementor-element-4dc8405 elementor-align-left elementor-hidden-widescreen elementor-hidden-desktop elementor-hidden-laptop elementor-hidden-tablet_extra elementor-hidden-tablet elementor-hidden-mobile_extra elementor-hidden-mobile elementor-widget elementor-widget-button\" data-id=\"4dc8405\" data-element_type=\"widget\" data-widget_type=\"button.default\">\n\t\t\t\t<div class=\"elementor-widget-container\">\n\t\t\t\t\t<div class=\"elementor-button-wrapper\">\n\t\t\t<a class=\"elementor-button elementor-button-link elementor-size-sm\" href=\"https:\/\/stuewe.de\/wp-content\/uploads\/2024\/08\/stuewe_montageanleitung_hsd.pdf\">\n\t\t\t\t\t\t<span class=\"elementor-button-content-wrapper\">\n\t\t\t\t\t\t\t\t\t<span class=\"elementor-button-text\">Instructions de montage<\/span>\n\t\t\t\t\t<\/span>\n\t\t\t\t\t<\/a>\n\t\t<\/div>\n\t\t\t\t<\/div>\n\t\t\t\t<\/div>\n\t\t\t\t<div class=\"elementor-element elementor-element-0ee7209 elementor-align-left elementor-hidden-widescreen elementor-hidden-desktop elementor-hidden-laptop elementor-hidden-tablet_extra elementor-hidden-tablet elementor-hidden-mobile_extra elementor-hidden-mobile elementor-widget elementor-widget-button\" data-id=\"0ee7209\" data-element_type=\"widget\" data-widget_type=\"button.default\">\n\t\t\t\t<div class=\"elementor-widget-container\">\n\t\t\t\t\t<div class=\"elementor-button-wrapper\">\n\t\t\t<a class=\"elementor-button elementor-button-link elementor-size-sm\" href=\"https:\/\/stuewe.de\/wp-content\/uploads\/2025\/01\/Einzelkatalog-Deutsch-HSD-und-SD.pdf\">\n\t\t\t\t\t\t<span class=\"elementor-button-content-wrapper\">\n\t\t\t\t\t\t\t\t\t<span class=\"elementor-button-text\">Pages du catalogue SBS L<\/span>\n\t\t\t\t\t<\/span>\n\t\t\t\t\t<\/a>\n\t\t<\/div>\n\t\t\t\t<\/div>\n\t\t\t\t<\/div>\n\t\t\t\t<div class=\"elementor-element elementor-element-832ab38 elementor-align-items-flex-start view-type-1 title-alignment-left elementor-widget elementor-widget-industrium_image_carousel\" data-id=\"832ab38\" data-element_type=\"widget\" data-widget_type=\"industrium_image_carousel.default\">\n\t\t\t\t<div class=\"elementor-widget-container\">\n\t\t\t\n        <div class=\"industrium-image-slider-widget\">\n\n                        <div class=\"slider-wrapper\">\n                                <div class=\"slider-container\">\n                    <div class=\"image-carousel owl-carousel owl-theme\" data-slider-options=\"{&quot;items&quot;:3,&quot;nav&quot;:false,&quot;dots&quot;:true,&quot;dotsContainer&quot;:&quot;.owl-dots-832ab38&quot;,&quot;dotsContainerMobile&quot;:&quot;.owl-dots-832ab38&quot;,&quot;autoplayHoverPause&quot;:true,&quot;autoplay&quot;:true,&quot;autoplaySpeed&quot;:300,&quot;autoplayTimeout&quot;:5000,&quot;loop&quot;:true,&quot;speed&quot;:500}\">\n                        <div class=\"slider-item\"><div class=\"slider-item-inner\"><div class=\"slider-item-title\">SBA-M0,32A<\/div><div class=\"slider-item-description\"><strong>Force de pression<\/strong>\n0,32 kN <br><strong>Pression de service :<\/strong>\n\n \tbar\n<\/div><\/div><\/div><div class=\"slider-item\"><div class=\"slider-item-inner\"><div class=\"slider-item-title\">SBA-M0,5A<\/div><div class=\"slider-item-description\"><strong>Force de pression<\/strong>\n0,5 kN <br><strong>Pression de service :<\/strong>\n\n \tbar\n<\/div><\/div><\/div><div class=\"slider-item\"><div class=\"slider-item-inner\"><div class=\"slider-item-title\">SBA-P0,5A<\/div><div class=\"slider-item-description\"><strong>Force de pression<\/strong>\n0,5 kN <br><strong>Pression de service :<\/strong>\n\n \t8 bar\n<\/div><\/div><\/div><div class=\"slider-item\"><div class=\"slider-item-inner\"><div class=\"slider-item-title\">SBA-P1,0P<\/div><div class=\"slider-item-description\"><strong>Force de pression<\/strong>\n1 kN <br><strong>Pression de service :<\/strong>\n\n \t5 bar\n<\/div><\/div><\/div><div class=\"slider-item\"><div class=\"slider-item-inner\"><div class=\"slider-item-title\">SBA-P2,0A<\/div><div class=\"slider-item-description\"><strong>Force de pression<\/strong>\n2 kN <br><strong>Pression de service :<\/strong>\n\n \t7 bar\n<\/div><\/div><\/div><div class=\"slider-item\"><div class=\"slider-item-inner\"><div class=\"slider-item-title\">SBA-P3,6A<\/div><div class=\"slider-item-description\"><strong>Force de pression<\/strong>\n3,6 kN <br><strong>Pression de service :<\/strong>\n\n \t7 bar\n<\/div><\/div><\/div><div class=\"slider-item\"><div class=\"slider-item-inner\"><div class=\"slider-item-title\">SBA-P6,0A<\/div><div class=\"slider-item-description\"><strong>Force de pression<\/strong>\n6 kN <br><strong>Pression de service :<\/strong>\n\n \t7 bar\n<\/div><\/div><\/div><div class=\"slider-item\"><div class=\"slider-item-inner\"><div class=\"slider-item-title\">SBA-P15P,8A<\/div><div class=\"slider-item-description\"><strong>Force de pression<\/strong>\n15,8 kN <br><strong>Pression de service :<\/strong>\n\n \t7 bar\n<\/div><\/div><\/div><div class=\"slider-item\"><div class=\"slider-item-inner\"><div class=\"slider-item-title\">SBA-P15P,0<\/div><div class=\"slider-item-description\"><strong>Force de pression<\/strong><br \/>15 kN <br \/><strong>Pression de service :<\/strong>5 bar<\/div><\/div><\/div>                    <\/div>\n                <\/div>\n            <\/div>\n\n            <div class=\"owl-dots owl-dots-832ab38\"><\/div>\n        <\/div>\n        \t\t<\/div>\n\t\t\t\t<\/div>\n\t\t\t\t\t<\/div>\n\t\t<\/div>\n\t\t\t\t<div class=\"elementor-column elementor-col-50 elementor-inner-column elementor-element elementor-element-404f35fa\" data-id=\"404f35fa\" data-element_type=\"column\" data-settings=\"{&quot;background_background&quot;:&quot;classic&quot;}\">\n\t\t\t<div class=\"elementor-widget-wrap elementor-element-populated\">\n\t\t\t\t\t\t<div class=\"elementor-element elementor-element-a5d9995 elementor-widget elementor-widget-image\" data-id=\"a5d9995\" data-element_type=\"widget\" data-widget_type=\"image.default\">\n\t\t\t\t<div class=\"elementor-widget-container\">\n\t\t\t\t\t\t\t\t\t\t\t\t\t<img fetchpriority=\"high\" decoding=\"async\" width=\"600\" height=\"600\" src=\"https:\/\/stuewe.de\/wp-content\/uploads\/2025\/07\/SBS_2L.jpg\" class=\"attachment-full size-full wp-image-19360\" alt=\"\" srcset=\"https:\/\/stuewe.de\/wp-content\/uploads\/2025\/07\/SBS_2L.jpg 600w, https:\/\/stuewe.de\/wp-content\/uploads\/2025\/07\/SBS_2L-300x300.jpg 300w, https:\/\/stuewe.de\/wp-content\/uploads\/2025\/07\/SBS_2L-150x150.jpg 150w, https:\/\/stuewe.de\/wp-content\/uploads\/2025\/07\/SBS_2L-12x12.jpg 12w\" sizes=\"(max-width: 600px) 100vw, 600px\" \/>\t\t\t\t\t\t\t\t\t\t\t\t\t<\/div>\n\t\t\t\t<\/div>\n\t\t\t\t<div class=\"elementor-element elementor-element-7a2dc43e elementor-hidden-widescreen elementor-hidden-desktop elementor-hidden-laptop elementor-hidden-tablet_extra elementor-hidden-tablet elementor-hidden-mobile_extra elementor-hidden-mobile elementor-vertical-align-top elementor-widget elementor-widget-icon-box\" data-id=\"7a2dc43e\" data-element_type=\"widget\" data-widget_type=\"icon-box.default\">\n\t\t\t\t<div class=\"elementor-widget-container\">\n\t\t\t\t\t<div class=\"elementor-icon-box-wrapper\">\n\n\t\t\t\n\t\t\t\t\t\t<div class=\"elementor-icon-box-content\">\n\n\t\t\t\t\t\t\t\t\t<h3 class=\"elementor-icon-box-title\">\n\t\t\t\t\t\t<span  >\n\t\t\t\t\t\t\tVue \u00e9clat\u00e9e\t\t\t\t\t\t<\/span>\n\t\t\t\t\t<\/h3>\n\t\t\t\t\n\t\t\t\t\t\t\t\t\t<p class=\"elementor-icon-box-description\">\n\t\t\t\t\t\tPendant le fonctionnement de l'installation, la frette d'assemblage se trouve en dehors du flux de force. Il n'y a que de tr\u00e8s faibles charges dynamiques et aucune usure de la frette d'assemblage. La frette d'assemblage est donc r\u00e9sistante \u00e0 la fatigue si elle est correctement con\u00e7ue.\t\t\t\t\t<\/p>\n\t\t\t\t\n\t\t\t<\/div>\n\t\t\t\n\t\t<\/div>\n\t\t\t\t<\/div>\n\t\t\t\t<\/div>\n\t\t\t\t\t<\/div>\n\t\t<\/div>\n\t\t\t\t\t<\/div>\n\t\t<\/section>\n\t\t\t\t\t<\/div>\n\t\t<\/div>\n\t\t\t\t\t<\/div>\n\t\t<\/section>\n\t\t\t\t<section class=\"elementor-section elementor-top-section elementor-element elementor-element-3af8da22 elementor-section-full_width elementor-section-height-default elementor-section-height-default\" data-id=\"3af8da22\" data-element_type=\"section\" data-settings=\"{&quot;background_background&quot;:&quot;classic&quot;}\">\n\t\t\t\t\t\t<div class=\"elementor-container elementor-column-gap-no\">\n\t\t\t\t\t<div class=\"elementor-column elementor-col-100 elementor-top-column elementor-element elementor-element-c72e9b6\" data-id=\"c72e9b6\" data-element_type=\"column\">\n\t\t\t<div class=\"elementor-widget-wrap elementor-element-populated\">\n\t\t\t\t\t\t<section class=\"elementor-section elementor-inner-section elementor-element elementor-element-5d9c5c46 elementor-section-full_width elementor-section-height-default elementor-section-height-default\" data-id=\"5d9c5c46\" data-element_type=\"section\" data-settings=\"{&quot;background_background&quot;:&quot;classic&quot;}\">\n\t\t\t\t\t\t<div class=\"elementor-container elementor-column-gap-no\">\n\t\t\t\t\t<div class=\"elementor-column elementor-col-50 elementor-inner-column elementor-element elementor-element-53fd20fb\" data-id=\"53fd20fb\" data-element_type=\"column\" data-settings=\"{&quot;background_background&quot;:&quot;classic&quot;}\">\n\t\t\t<div class=\"elementor-widget-wrap elementor-element-populated\">\n\t\t\t\t\t\t<div class=\"elementor-element elementor-element-7483a04d elementor-widget elementor-widget-spacer\" data-id=\"7483a04d\" data-element_type=\"widget\" data-widget_type=\"spacer.default\">\n\t\t\t\t<div class=\"elementor-widget-container\">\n\t\t\t\t\t<div class=\"elementor-spacer\">\n\t\t\t<div class=\"elementor-spacer-inner\"><\/div>\n\t\t<\/div>\n\t\t\t\t<\/div>\n\t\t\t\t<\/div>\n\t\t\t\t\t<\/div>\n\t\t<\/div>\n\t\t\t\t<div class=\"elementor-column elementor-col-50 elementor-inner-column elementor-element elementor-element-39ee89a2\" data-id=\"39ee89a2\" data-element_type=\"column\" data-settings=\"{&quot;background_background&quot;:&quot;classic&quot;}\">\n\t\t\t<div class=\"elementor-widget-wrap elementor-element-populated\">\n\t\t\t\t\t\t<div class=\"elementor-element elementor-element-50cd33af elementor-widget elementor-widget-industrium_heading\" data-id=\"50cd33af\" data-element_type=\"widget\" data-widget_type=\"industrium_heading.default\">\n\t\t\t\t<div class=\"elementor-widget-container\">\n\t\t\t<div class=\"industrium-heading-widget\"><h2 class=\"industrium-heading\"><span class=\"industrium-subheading no-dot\">Int\u00e9ress\u00e9(e) \u00e0 travailler avec nous ?<\/span><span class=\"industrium-heading-content\">Contactez-nous<\/span><\/h2><\/div>\t\t<\/div>\n\t\t\t\t<\/div>\n\t\t\t\t<div class=\"elementor-element elementor-element-13815ff2 elementor-align-left elementor-widget elementor-widget-button\" data-id=\"13815ff2\" data-element_type=\"widget\" data-widget_type=\"button.default\">\n\t\t\t\t<div class=\"elementor-widget-container\">\n\t\t\t\t\t<div class=\"elementor-button-wrapper\">\n\t\t\t<a class=\"elementor-button elementor-button-link elementor-size-sm\" href=\"\/fr\/contact\/\">\n\t\t\t\t\t\t<span class=\"elementor-button-content-wrapper\">\n\t\t\t\t\t\t\t\t\t<span class=\"elementor-button-text\">Contact<\/span>\n\t\t\t\t\t<\/span>\n\t\t\t\t\t<\/a>\n\t\t<\/div>\n\t\t\t\t<\/div>\n\t\t\t\t<\/div>\n\t\t\t\t\t<\/div>\n\t\t<\/div>\n\t\t\t\t\t<\/div>\n\t\t<\/section>\n\t\t\t\t\t<\/div>\n\t\t<\/div>\n\t\t\t\t\t<\/div>\n\t\t<\/section>\n\t\t\t\t<\/div>","protected":false},"excerpt":{"rendered":"<p>Le mod\u00e8le SBS 2L offre une combinaison \u00e9quilibr\u00e9e entre une construction compacte et une puissance de freinage accrue. Par rapport au mod\u00e8le SBS 1L, il est con\u00e7u pour des applications avec des couples plus \u00e9lev\u00e9s et convient donc parfaitement aux puissances d'entra\u00eenement moyennes. La conception modulaire permet une flexibilit\u00e9...<\/p>","protected":false},"author":8,"featured_media":0,"parent":0,"menu_order":0,"comment_status":"closed","ping_status":"closed","template":"elementor_header_footer","meta":{"footnotes":""},"class_list":["post-19410","page","type-page","status-publish","hentry"],"yoast_head":"<!-- This site is optimized with the Yoast SEO plugin v27.2 - https:\/\/yoast.com\/product\/yoast-seo-wordpress\/ -->\n<title>Bremssystem SBS 2L - St\u00fcwe - Hattingen<\/title>\n<meta name=\"robots\" content=\"index, follow, max-snippet:-1, max-image-preview:large, max-video-preview:-1\" \/>\n<link rel=\"canonical\" href=\"https:\/\/stuewe.de\/fr\/systeme-de-freinage-sbs-2l\/\" \/>\n<meta property=\"og:locale\" content=\"fr_FR\" \/>\n<meta property=\"og:type\" content=\"article\" \/>\n<meta property=\"og:title\" content=\"Bremssystem SBS 2L - St\u00fcwe - Hattingen\" \/>\n<meta property=\"og:description\" content=\"Das Modell SBS 2L bietet eine ausgewogene Kombination aus kompakter Bauweise und erh\u00f6hter Bremsleistung. Im Vergleich zum SBS 1L ist es f\u00fcr Anwendungen mit h\u00f6heren Drehmomenten ausgelegt und eignet sich damit ideal f\u00fcr mittlere Antriebsleistungen. Die modulare Ausf\u00fchrung erm\u00f6glicht eine flexible...\" \/>\n<meta property=\"og:url\" content=\"https:\/\/stuewe.de\/fr\/systeme-de-freinage-sbs-2l\/\" \/>\n<meta property=\"og:site_name\" content=\"St\u00fcwe - Hattingen\" \/>\n<meta property=\"article:modified_time\" content=\"2025-09-10T07:32:14+00:00\" \/>\n<meta property=\"og:image\" content=\"https:\/\/stuewe.de\/wp-content\/uploads\/2025\/07\/SBS_2L.jpg\" \/>\n\t<meta property=\"og:image:width\" content=\"600\" \/>\n\t<meta property=\"og:image:height\" content=\"600\" \/>\n\t<meta property=\"og:image:type\" content=\"image\/jpeg\" \/>\n<meta name=\"twitter:card\" content=\"summary_large_image\" \/>\n<meta name=\"twitter:label1\" content=\"Dur\u00e9e de lecture estim\u00e9e\" \/>\n\t<meta name=\"twitter:data1\" content=\"1 minute\" \/>\n<script type=\"application\/ld+json\" class=\"yoast-schema-graph\">{\"@context\":\"https:\/\/schema.org\",\"@graph\":[{\"@type\":\"WebPage\",\"@id\":\"https:\/\/stuewe.de\/bremssystem-sbs-2l\/\",\"url\":\"https:\/\/stuewe.de\/bremssystem-sbs-2l\/\",\"name\":\"Bremssystem SBS 2L - St\u00fcwe - Hattingen\",\"isPartOf\":{\"@id\":\"https:\/\/stuewe.de\/#website\"},\"primaryImageOfPage\":{\"@id\":\"https:\/\/stuewe.de\/bremssystem-sbs-2l\/#primaryimage\"},\"image\":{\"@id\":\"https:\/\/stuewe.de\/bremssystem-sbs-2l\/#primaryimage\"},\"thumbnailUrl\":\"https:\/\/stuewe.de\/wp-content\/uploads\/2025\/07\/SBS_2L.jpg\",\"datePublished\":\"2025-07-08T07:42:00+00:00\",\"dateModified\":\"2025-09-10T07:32:14+00:00\",\"breadcrumb\":{\"@id\":\"https:\/\/stuewe.de\/bremssystem-sbs-2l\/#breadcrumb\"},\"inLanguage\":\"fr-FR\",\"potentialAction\":[{\"@type\":\"ReadAction\",\"target\":[\"https:\/\/stuewe.de\/bremssystem-sbs-2l\/\"]}]},{\"@type\":\"ImageObject\",\"inLanguage\":\"fr-FR\",\"@id\":\"https:\/\/stuewe.de\/bremssystem-sbs-2l\/#primaryimage\",\"url\":\"https:\/\/stuewe.de\/wp-content\/uploads\/2025\/07\/SBS_2L.jpg\",\"contentUrl\":\"https:\/\/stuewe.de\/wp-content\/uploads\/2025\/07\/SBS_2L.jpg\"},{\"@type\":\"BreadcrumbList\",\"@id\":\"https:\/\/stuewe.de\/bremssystem-sbs-2l\/#breadcrumb\",\"itemListElement\":[{\"@type\":\"ListItem\",\"position\":1,\"name\":\"Start\",\"item\":\"https:\/\/stuewe.de\/\"},{\"@type\":\"ListItem\",\"position\":2,\"name\":\"Bremssystem SBS 2L\"}]},{\"@type\":\"WebSite\",\"@id\":\"https:\/\/stuewe.de\/#website\",\"url\":\"https:\/\/stuewe.de\/\",\"name\":\"St\u00fcwe - Hattingen\",\"description\":\"Maschinenbauteilen f\u00fcr Antriebstechnik\",\"potentialAction\":[{\"@type\":\"SearchAction\",\"target\":{\"@type\":\"EntryPoint\",\"urlTemplate\":\"https:\/\/stuewe.de\/?s={search_term_string}\"},\"query-input\":{\"@type\":\"PropertyValueSpecification\",\"valueRequired\":true,\"valueName\":\"search_term_string\"}}],\"inLanguage\":\"fr-FR\"}]}<\/script>\n<!-- \/ Yoast SEO plugin. -->","yoast_head_json":{"title":"Syst\u00e8me de freinage SBS 2L - St\u00fcwe - Hattingen","robots":{"index":"index","follow":"follow","max-snippet":"max-snippet:-1","max-image-preview":"max-image-preview:large","max-video-preview":"max-video-preview:-1"},"canonical":"https:\/\/stuewe.de\/fr\/systeme-de-freinage-sbs-2l\/","og_locale":"fr_FR","og_type":"article","og_title":"Bremssystem SBS 2L - St\u00fcwe - Hattingen","og_description":"Das Modell SBS 2L bietet eine ausgewogene Kombination aus kompakter Bauweise und erh\u00f6hter Bremsleistung. Im Vergleich zum SBS 1L ist es f\u00fcr Anwendungen mit h\u00f6heren Drehmomenten ausgelegt und eignet sich damit ideal f\u00fcr mittlere Antriebsleistungen. Die modulare Ausf\u00fchrung erm\u00f6glicht eine flexible...","og_url":"https:\/\/stuewe.de\/fr\/systeme-de-freinage-sbs-2l\/","og_site_name":"St\u00fcwe - Hattingen","article_modified_time":"2025-09-10T07:32:14+00:00","og_image":[{"width":600,"height":600,"url":"https:\/\/stuewe.de\/wp-content\/uploads\/2025\/07\/SBS_2L.jpg","type":"image\/jpeg"}],"twitter_card":"summary_large_image","twitter_misc":{"Dur\u00e9e de lecture estim\u00e9e":"1 minute"},"schema":{"@context":"https:\/\/schema.org","@graph":[{"@type":"WebPage","@id":"https:\/\/stuewe.de\/bremssystem-sbs-2l\/","url":"https:\/\/stuewe.de\/bremssystem-sbs-2l\/","name":"Syst\u00e8me de freinage SBS 2L - St\u00fcwe - Hattingen","isPartOf":{"@id":"https:\/\/stuewe.de\/#website"},"primaryImageOfPage":{"@id":"https:\/\/stuewe.de\/bremssystem-sbs-2l\/#primaryimage"},"image":{"@id":"https:\/\/stuewe.de\/bremssystem-sbs-2l\/#primaryimage"},"thumbnailUrl":"https:\/\/stuewe.de\/wp-content\/uploads\/2025\/07\/SBS_2L.jpg","datePublished":"2025-07-08T07:42:00+00:00","dateModified":"2025-09-10T07:32:14+00:00","breadcrumb":{"@id":"https:\/\/stuewe.de\/bremssystem-sbs-2l\/#breadcrumb"},"inLanguage":"fr-FR","potentialAction":[{"@type":"ReadAction","target":["https:\/\/stuewe.de\/bremssystem-sbs-2l\/"]}]},{"@type":"ImageObject","inLanguage":"fr-FR","@id":"https:\/\/stuewe.de\/bremssystem-sbs-2l\/#primaryimage","url":"https:\/\/stuewe.de\/wp-content\/uploads\/2025\/07\/SBS_2L.jpg","contentUrl":"https:\/\/stuewe.de\/wp-content\/uploads\/2025\/07\/SBS_2L.jpg"},{"@type":"BreadcrumbList","@id":"https:\/\/stuewe.de\/bremssystem-sbs-2l\/#breadcrumb","itemListElement":[{"@type":"ListItem","position":1,"name":"Start","item":"https:\/\/stuewe.de\/"},{"@type":"ListItem","position":2,"name":"Bremssystem SBS 2L"}]},{"@type":"WebSite","@id":"https:\/\/stuewe.de\/#website","url":"https:\/\/stuewe.de\/","name":"St\u00fcwe - Hattingen","description":"Pi\u00e8ces de machines pour la technique d'entra\u00eenement","potentialAction":[{"@type":"SearchAction","target":{"@type":"EntryPoint","urlTemplate":"https:\/\/stuewe.de\/?s={search_term_string}"},"query-input":{"@type":"PropertyValueSpecification","valueRequired":true,"valueName":"search_term_string"}}],"inLanguage":"fr-FR"}]}},"_links":{"self":[{"href":"https:\/\/stuewe.de\/fr\/wp-json\/wp\/v2\/pages\/19410","targetHints":{"allow":["GET"]}}],"collection":[{"href":"https:\/\/stuewe.de\/fr\/wp-json\/wp\/v2\/pages"}],"about":[{"href":"https:\/\/stuewe.de\/fr\/wp-json\/wp\/v2\/types\/page"}],"author":[{"embeddable":true,"href":"https:\/\/stuewe.de\/fr\/wp-json\/wp\/v2\/users\/8"}],"replies":[{"embeddable":true,"href":"https:\/\/stuewe.de\/fr\/wp-json\/wp\/v2\/comments?post=19410"}],"version-history":[{"count":34,"href":"https:\/\/stuewe.de\/fr\/wp-json\/wp\/v2\/pages\/19410\/revisions"}],"predecessor-version":[{"id":19975,"href":"https:\/\/stuewe.de\/fr\/wp-json\/wp\/v2\/pages\/19410\/revisions\/19975"}],"wp:attachment":[{"href":"https:\/\/stuewe.de\/fr\/wp-json\/wp\/v2\/media?parent=19410"}],"curies":[{"name":"wp","href":"https:\/\/api.w.org\/{rel}","templated":true}]}}