{"id":19311,"date":"2025-07-02T12:09:06","date_gmt":"2025-07-02T10:09:06","guid":{"rendered":"https:\/\/stuewe.de\/?page_id=19311"},"modified":"2025-07-02T12:47:48","modified_gmt":"2025-07-02T10:47:48","slug":"declaration-daccessibilite","status":"publish","type":"page","link":"https:\/\/stuewe.de\/fr\/barrierefreiheitserklaerung\/","title":{"rendered":"D\u00e9claration d'accessibilit\u00e9"},"content":{"rendered":"<h1 class=\"wp-block-heading\">D\u00e9claration d'accessibilit\u00e9 pour les services<\/h1>\n\n\n\n<p>Dans le cadre de notre d\u00e9claration d'accessibilit\u00e9, nous souhaitons vous donner un aper\u00e7u de l'\u00e9tat de la compatibilit\u00e9 du\/des service(s) d\u00e9crit(s) ci-dessous avec les exigences d'accessibilit\u00e9 selon les dispositions l\u00e9gales (en particulier avec la loi sur le renforcement de l'accessibilit\u00e9 - BFSG).<\/p>\n\n\n\n<h2 class=\"wp-block-heading\">Informations sur le prestataire de services<\/h2>\n\n\n\n<p>St\u00fcwe GmbH &amp; Co. KG<br>Vers la vall\u00e9e de Ludwig 35<br>45527 Hattingen (Ruhr)<br>Rh\u00e9nanie-du-Nord-Westphalie<\/p>\n\n\n\n<h2 class=\"wp-block-heading\">Description g\u00e9n\u00e9rale du service<\/h2>\n\n\n\n<p>Vente de freins, de raccords \u00e0 friction, de Rotorlock, d'\u00e9crous d'arbre \u00e0 des clients B2B dans le monde entier.<\/p>\n\n\n\n<h2 class=\"wp-block-heading\">Explications sur la mise en \u0153uvre du service<\/h2>\n\n\n\n<p>Sur le site web, il n'y a que des informations sur les produits et l'entreprise. Ce n'est pas une boutique en ligne. Les commandes doivent \u00eatre pass\u00e9es par t\u00e9l\u00e9phone ou par e-mail.<\/p>\n\n\n\n<h2 class=\"wp-block-heading\">\u00c9tat de la compatibilit\u00e9 avec les exigences<\/h2>\n\n\n\n<p>Le service susmentionn\u00e9 est enti\u00e8rement conforme \u00e0 la loi sur le renforcement de l'accessibilit\u00e9 (LRAI).<\/p>\n\n\n\n<h2 class=\"wp-block-heading\">\u00c9laboration de la d\u00e9claration d'accessibilit\u00e9<\/h2>\n\n\n\n<p>Date d'\u00e9tablissement de la d\u00e9claration d'accessibilit\u00e9 : 02.07.2025<br>Date du dernier contr\u00f4le des prestations susmentionn\u00e9es en ce qui concerne les exigences en mati\u00e8re d'accessibilit\u00e9 : 02.07.2025<\/p>\n\n\n\n<h2 class=\"wp-block-heading\">\u00c9valuation de l'\u00e9tat de l'accessibilit\u00e9<\/h2>\n\n\n\n<p>L'\u00e9valuation de l'\u00e9tat de l'accessibilit\u00e9 se base sur notre auto-\u00e9valuation.<\/p>\n\n\n\n<h2 class=\"wp-block-heading\">Possibilit\u00e9 de feedback et coordonn\u00e9es<\/h2>\n\n\n\n<p>Adresse :<br>Rue Haute 5<br>45894 Gelsenkirchen<\/p>\n\n\n\n<p>Courrier \u00e9lectronique : info@thatsit.marketing<\/p>\n\n\n\n<p>T\u00e9l\u00e9phone : 0209 36660644<\/p>\n\n\n\n<p>Lien vers le site web : <a href=\"https:\/\/stuewe.de\/fr\/contact\/\">https:\/\/stuewe.de\/kontakt\/<\/a><\/p>","protected":false},"excerpt":{"rendered":"<p>D\u00e9claration d'accessibilit\u00e9 pour les services Dans le cadre de notre d\u00e9claration d'accessibilit\u00e9, nous souhaitons vous donner un aper\u00e7u de l'\u00e9tat de conformit\u00e9 des services d\u00e9crits ci-dessous avec les exigences d'accessibilit\u00e9 conform\u00e9ment aux dispositions l\u00e9gales (en particulier la loi sur le renforcement de l'accessibilit\u00e9 \u2013 BFSG). Informations sur le fournisseur de services\u2026<\/p>","protected":false},"author":8,"featured_media":0,"parent":0,"menu_order":0,"comment_status":"closed","ping_status":"closed","template":"","meta":{"footnotes":""},"class_list":["post-19311","page","type-page","status-publish","hentry"],"yoast_head":"<!-- This site is optimized with the Yoast SEO plugin v27.2 - https:\/\/yoast.com\/product\/yoast-seo-wordpress\/ -->\n<title>Barrierefreiheitserkl\u00e4rung - St\u00fcwe - Hattingen<\/title>\n<meta name=\"robots\" content=\"index, follow, max-snippet:-1, max-image-preview:large, max-video-preview:-1\" \/>\n<link rel=\"canonical\" href=\"https:\/\/stuewe.de\/fr\/declaration-daccessibilite\/\" \/>\n<meta property=\"og:locale\" content=\"fr_FR\" \/>\n<meta property=\"og:type\" content=\"article\" \/>\n<meta property=\"og:title\" content=\"Barrierefreiheitserkl\u00e4rung - St\u00fcwe - Hattingen\" \/>\n<meta property=\"og:description\" content=\"Erkl\u00e4rung zur Barrierefreiheit f\u00fcr Dienstleistungen Im Rahmen unserer Barrierefreiheitserkl\u00e4rung m\u00f6chten wir Ihnen einen \u00dcberblick \u00fcber den Stand der Vereinbarkeit der unten beschriebenen Dienstleistung(en) mit den Anforderungen der Barrierefreiheit nach gesetzlichen Vorschriften (insbesondere mit dem Barrierefreiheitsst\u00e4rkungsgesetz \u2013 BFSG) geben. Angaben zum Dienstleistungserbringer...\" \/>\n<meta property=\"og:url\" content=\"https:\/\/stuewe.de\/fr\/declaration-daccessibilite\/\" \/>\n<meta property=\"og:site_name\" content=\"St\u00fcwe - Hattingen\" \/>\n<meta property=\"article:modified_time\" content=\"2025-07-02T10:47:48+00:00\" \/>\n<meta name=\"twitter:card\" content=\"summary_large_image\" \/>\n<meta name=\"twitter:label1\" content=\"Dur\u00e9e de lecture estim\u00e9e\" \/>\n\t<meta name=\"twitter:data1\" content=\"1 minute\" \/>\n<script type=\"application\/ld+json\" class=\"yoast-schema-graph\">{\"@context\":\"https:\/\/schema.org\",\"@graph\":[{\"@type\":\"WebPage\",\"@id\":\"https:\/\/stuewe.de\/barrierefreiheitserklaerung\/\",\"url\":\"https:\/\/stuewe.de\/barrierefreiheitserklaerung\/\",\"name\":\"Barrierefreiheitserkl\u00e4rung - St\u00fcwe - Hattingen\",\"isPartOf\":{\"@id\":\"https:\/\/stuewe.de\/#website\"},\"datePublished\":\"2025-07-02T10:09:06+00:00\",\"dateModified\":\"2025-07-02T10:47:48+00:00\",\"breadcrumb\":{\"@id\":\"https:\/\/stuewe.de\/barrierefreiheitserklaerung\/#breadcrumb\"},\"inLanguage\":\"fr-FR\",\"potentialAction\":[{\"@type\":\"ReadAction\",\"target\":[\"https:\/\/stuewe.de\/barrierefreiheitserklaerung\/\"]}]},{\"@type\":\"BreadcrumbList\",\"@id\":\"https:\/\/stuewe.de\/barrierefreiheitserklaerung\/#breadcrumb\",\"itemListElement\":[{\"@type\":\"ListItem\",\"position\":1,\"name\":\"Start\",\"item\":\"https:\/\/stuewe.de\/\"},{\"@type\":\"ListItem\",\"position\":2,\"name\":\"Barrierefreiheitserkl\u00e4rung\"}]},{\"@type\":\"WebSite\",\"@id\":\"https:\/\/stuewe.de\/#website\",\"url\":\"https:\/\/stuewe.de\/\",\"name\":\"St\u00fcwe - Hattingen\",\"description\":\"Maschinenbauteilen f\u00fcr Antriebstechnik\",\"potentialAction\":[{\"@type\":\"SearchAction\",\"target\":{\"@type\":\"EntryPoint\",\"urlTemplate\":\"https:\/\/stuewe.de\/?s={search_term_string}\"},\"query-input\":{\"@type\":\"PropertyValueSpecification\",\"valueRequired\":true,\"valueName\":\"search_term_string\"}}],\"inLanguage\":\"fr-FR\"}]}<\/script>\n<!-- \/ Yoast SEO plugin. -->","yoast_head_json":{"title":"D\u00e9claration d'accessibilit\u00e9 - St\u00fcwe - Hattingen","robots":{"index":"index","follow":"follow","max-snippet":"max-snippet:-1","max-image-preview":"max-image-preview:large","max-video-preview":"max-video-preview:-1"},"canonical":"https:\/\/stuewe.de\/fr\/declaration-daccessibilite\/","og_locale":"fr_FR","og_type":"article","og_title":"Barrierefreiheitserkl\u00e4rung - St\u00fcwe - Hattingen","og_description":"Erkl\u00e4rung zur Barrierefreiheit f\u00fcr Dienstleistungen Im Rahmen unserer Barrierefreiheitserkl\u00e4rung m\u00f6chten wir Ihnen einen \u00dcberblick \u00fcber den Stand der Vereinbarkeit der unten beschriebenen Dienstleistung(en) mit den Anforderungen der Barrierefreiheit nach gesetzlichen Vorschriften (insbesondere mit dem Barrierefreiheitsst\u00e4rkungsgesetz \u2013 BFSG) geben. Angaben zum Dienstleistungserbringer...","og_url":"https:\/\/stuewe.de\/fr\/declaration-daccessibilite\/","og_site_name":"St\u00fcwe - Hattingen","article_modified_time":"2025-07-02T10:47:48+00:00","twitter_card":"summary_large_image","twitter_misc":{"Dur\u00e9e de lecture estim\u00e9e":"1 minute"},"schema":{"@context":"https:\/\/schema.org","@graph":[{"@type":"WebPage","@id":"https:\/\/stuewe.de\/barrierefreiheitserklaerung\/","url":"https:\/\/stuewe.de\/barrierefreiheitserklaerung\/","name":"D\u00e9claration d'accessibilit\u00e9 - St\u00fcwe - Hattingen","isPartOf":{"@id":"https:\/\/stuewe.de\/#website"},"datePublished":"2025-07-02T10:09:06+00:00","dateModified":"2025-07-02T10:47:48+00:00","breadcrumb":{"@id":"https:\/\/stuewe.de\/barrierefreiheitserklaerung\/#breadcrumb"},"inLanguage":"fr-FR","potentialAction":[{"@type":"ReadAction","target":["https:\/\/stuewe.de\/barrierefreiheitserklaerung\/"]}]},{"@type":"BreadcrumbList","@id":"https:\/\/stuewe.de\/barrierefreiheitserklaerung\/#breadcrumb","itemListElement":[{"@type":"ListItem","position":1,"name":"Start","item":"https:\/\/stuewe.de\/"},{"@type":"ListItem","position":2,"name":"Barrierefreiheitserkl\u00e4rung"}]},{"@type":"WebSite","@id":"https:\/\/stuewe.de\/#website","url":"https:\/\/stuewe.de\/","name":"St\u00fcwe - Hattingen","description":"Pi\u00e8ces de machines pour la technique d'entra\u00eenement","potentialAction":[{"@type":"SearchAction","target":{"@type":"EntryPoint","urlTemplate":"https:\/\/stuewe.de\/?s={search_term_string}"},"query-input":{"@type":"PropertyValueSpecification","valueRequired":true,"valueName":"search_term_string"}}],"inLanguage":"fr-FR"}]}},"_links":{"self":[{"href":"https:\/\/stuewe.de\/fr\/wp-json\/wp\/v2\/pages\/19311","targetHints":{"allow":["GET"]}}],"collection":[{"href":"https:\/\/stuewe.de\/fr\/wp-json\/wp\/v2\/pages"}],"about":[{"href":"https:\/\/stuewe.de\/fr\/wp-json\/wp\/v2\/types\/page"}],"author":[{"embeddable":true,"href":"https:\/\/stuewe.de\/fr\/wp-json\/wp\/v2\/users\/8"}],"replies":[{"embeddable":true,"href":"https:\/\/stuewe.de\/fr\/wp-json\/wp\/v2\/comments?post=19311"}],"version-history":[{"count":1,"href":"https:\/\/stuewe.de\/fr\/wp-json\/wp\/v2\/pages\/19311\/revisions"}],"predecessor-version":[{"id":19313,"href":"https:\/\/stuewe.de\/fr\/wp-json\/wp\/v2\/pages\/19311\/revisions\/19313"}],"wp:attachment":[{"href":"https:\/\/stuewe.de\/fr\/wp-json\/wp\/v2\/media?parent=19311"}],"curies":[{"name":"wp","href":"https:\/\/api.w.org\/{rel}","templated":true}]}}