{"id":19196,"date":"2025-04-24T13:28:38","date_gmt":"2025-04-24T11:28:38","guid":{"rendered":"https:\/\/stuewe.de\/?page_id=19196"},"modified":"2025-04-28T13:55:48","modified_gmt":"2025-04-28T11:55:48","slug":"news-2","status":"publish","type":"page","link":"https:\/\/stuewe.de\/fr\/news-2\/","title":{"rendered":"NEWS"},"content":{"rendered":"<div data-elementor-type=\"wp-page\" data-elementor-id=\"19196\" class=\"elementor elementor-19196\">\n\t\t\t\t<div class=\"elementor-element elementor-element-54c6f1a e-flex e-con-boxed e-con e-parent\" data-id=\"54c6f1a\" data-element_type=\"container\">\n\t\t\t\t\t<div class=\"e-con-inner\">\n\t\t\t\t<div class=\"elementor-element elementor-element-687d7df elementor-widget elementor-widget-industrium_blog_listing\" data-id=\"687d7df\" data-element_type=\"widget\" data-widget_type=\"industrium_blog_listing.default\">\n\t\t\t\t<div class=\"elementor-widget-container\">\n\t\t\t\n        <div class=\"archive-listing\" data-ajax='{&quot;post_type&quot;:&quot;post&quot;,&quot;posts_per_page&quot;:0,&quot;orderby&quot;:&quot;date&quot;,&quot;order&quot;:&quot;desc&quot;,&quot;paged&quot;:1,&quot;category_name&quot;:&quot;&quot;,&quot;tag&quot;:&quot;&quot;,&quot;post__in&quot;:&quot;&quot;,&quot;ignore_sticky_posts&quot;:false,&quot;link_base&quot;:&quot;https:\\\/\\\/stuewe.de\\\/fr\\\/wp-json\\\/wp\\\/v2\\\/pages\\\/19196&quot;}' data-widget='{&quot;excerpt_length&quot;:190,&quot;show_cat&quot;:&quot;yes&quot;,&quot;show_media&quot;:&quot;yes&quot;,&quot;show_author&quot;:&quot;&quot;,&quot;show_date&quot;:&quot;&quot;,&quot;show_title&quot;:&quot;yes&quot;,&quot;show_tags&quot;:&quot;no&quot;,&quot;show_excerpt&quot;:&quot;yes&quot;,&quot;show_read_more&quot;:&quot;yes&quot;,&quot;read_more_text&quot;:&quot;Mehr lesen&quot;,&quot;item_class&quot;:&quot;post standard-blog-item-wrapper&quot;,&quot;columns_number&quot;:1,&quot;listing_type&quot;:&quot;classic&quot;}'>\n            <div class=\"archive-listing-wrapper\">\n                \r\n<div class=\"standard-blog-item-wrapper post post-20495 type-post status-publish format-standard hentry category-allgemein category-messe tag-74 tag-messe tag-navalia tag-spanien\">\r\n    <div class=\"blog-item\">\r\n        <div class=\"post-labels\"><div class=\"post-categories\"><a class=\"post-category-item\" href=\"https:\/\/stuewe.de\/fr\/category\/allgemein\/\">G\u00e9n\u00e9ralit\u00e9s<\/a><a class=\"post-category-item\" href=\"https:\/\/stuewe.de\/fr\/category\/messe\/\">Salon<\/a><\/div><\/div><h2 class=\"post-title\"><a href=\"https:\/\/stuewe.de\/fr\/2026\/03\/25\/stuewe-auf-der-navalia-2026-in-vigo-vertreten-2\/\">ST\u00dcWE repr\u00e9sent\u00e9 \u00e0 Navalia 2026 \u00e0 Vigo<\/a><\/h2><div class=\"post-content\">Du 19 mai 2026 au 21 mai 2026, ST\u00dcWE participera \u00e0 Navalia \u00e0 Vigo \u2013 le salon professionnel international de la construction navale, de l'industrie des fournisseurs maritimes et des technologies offshore. Nous nous pr\u00e9senterons<\/div><div class=\"post-more-button\"><a href=\"https:\/\/stuewe.de\/fr\/2026\/03\/25\/stuewe-auf-der-navalia-2026-in-vigo-vertreten-2\/\" class=\"industrium-button\">Lire la suite<svg viewbox=\"0 0 13 20\"><polyline points=\"0.5 19.5 3 19.5 12.5 10 3 0.5\" \/><\/svg><\/a><\/div>    <\/div>\r\n<\/div>            <\/div>\n\n                    <\/div>\n        \t\t<\/div>\n\t\t\t\t<\/div>\n\t\t\t\t\t<\/div>\n\t\t\t\t<\/div>\n\t\t\t\t<\/div>","protected":false},"excerpt":{"rendered":"","protected":false},"author":8,"featured_media":0,"parent":0,"menu_order":0,"comment_status":"closed","ping_status":"closed","template":"","meta":{"footnotes":""},"class_list":["post-19196","page","type-page","status-publish","hentry"],"yoast_head":"<!-- This site is optimized with the Yoast SEO plugin v27.2 - https:\/\/yoast.com\/product\/yoast-seo-wordpress\/ -->\n<title>NEWS - St\u00fcwe - Hattingen<\/title>\n<meta name=\"robots\" content=\"index, follow, max-snippet:-1, max-image-preview:large, max-video-preview:-1\" \/>\n<link rel=\"canonical\" href=\"https:\/\/stuewe.de\/fr\/news-2\/\" \/>\n<meta property=\"og:locale\" content=\"fr_FR\" \/>\n<meta property=\"og:type\" content=\"article\" \/>\n<meta property=\"og:title\" content=\"NEWS - St\u00fcwe - Hattingen\" \/>\n<meta property=\"og:url\" content=\"https:\/\/stuewe.de\/fr\/news-2\/\" \/>\n<meta property=\"og:site_name\" content=\"St\u00fcwe - Hattingen\" \/>\n<meta property=\"article:modified_time\" content=\"2025-04-28T11:55:48+00:00\" \/>\n<meta name=\"twitter:card\" content=\"summary_large_image\" \/>\n<script type=\"application\/ld+json\" class=\"yoast-schema-graph\">{\"@context\":\"https:\/\/schema.org\",\"@graph\":[{\"@type\":\"WebPage\",\"@id\":\"https:\/\/stuewe.de\/news-2\/\",\"url\":\"https:\/\/stuewe.de\/news-2\/\",\"name\":\"NEWS - St\u00fcwe - Hattingen\",\"isPartOf\":{\"@id\":\"https:\/\/stuewe.de\/#website\"},\"datePublished\":\"2025-04-24T11:28:38+00:00\",\"dateModified\":\"2025-04-28T11:55:48+00:00\",\"breadcrumb\":{\"@id\":\"https:\/\/stuewe.de\/news-2\/#breadcrumb\"},\"inLanguage\":\"fr-FR\",\"potentialAction\":[{\"@type\":\"ReadAction\",\"target\":[\"https:\/\/stuewe.de\/news-2\/\"]}]},{\"@type\":\"BreadcrumbList\",\"@id\":\"https:\/\/stuewe.de\/news-2\/#breadcrumb\",\"itemListElement\":[{\"@type\":\"ListItem\",\"position\":1,\"name\":\"Start\",\"item\":\"https:\/\/stuewe.de\/\"},{\"@type\":\"ListItem\",\"position\":2,\"name\":\"NEWS\"}]},{\"@type\":\"WebSite\",\"@id\":\"https:\/\/stuewe.de\/#website\",\"url\":\"https:\/\/stuewe.de\/\",\"name\":\"St\u00fcwe - Hattingen\",\"description\":\"Maschinenbauteilen f\u00fcr Antriebstechnik\",\"potentialAction\":[{\"@type\":\"SearchAction\",\"target\":{\"@type\":\"EntryPoint\",\"urlTemplate\":\"https:\/\/stuewe.de\/?s={search_term_string}\"},\"query-input\":{\"@type\":\"PropertyValueSpecification\",\"valueRequired\":true,\"valueName\":\"search_term_string\"}}],\"inLanguage\":\"fr-FR\"}]}<\/script>\n<!-- \/ Yoast SEO plugin. -->","yoast_head_json":{"title":"NEWS - St\u00fcwe - Hattingen","robots":{"index":"index","follow":"follow","max-snippet":"max-snippet:-1","max-image-preview":"max-image-preview:large","max-video-preview":"max-video-preview:-1"},"canonical":"https:\/\/stuewe.de\/fr\/news-2\/","og_locale":"fr_FR","og_type":"article","og_title":"NEWS - St\u00fcwe - Hattingen","og_url":"https:\/\/stuewe.de\/fr\/news-2\/","og_site_name":"St\u00fcwe - Hattingen","article_modified_time":"2025-04-28T11:55:48+00:00","twitter_card":"summary_large_image","schema":{"@context":"https:\/\/schema.org","@graph":[{"@type":"WebPage","@id":"https:\/\/stuewe.de\/news-2\/","url":"https:\/\/stuewe.de\/news-2\/","name":"NEWS - St\u00fcwe - Hattingen","isPartOf":{"@id":"https:\/\/stuewe.de\/#website"},"datePublished":"2025-04-24T11:28:38+00:00","dateModified":"2025-04-28T11:55:48+00:00","breadcrumb":{"@id":"https:\/\/stuewe.de\/news-2\/#breadcrumb"},"inLanguage":"fr-FR","potentialAction":[{"@type":"ReadAction","target":["https:\/\/stuewe.de\/news-2\/"]}]},{"@type":"BreadcrumbList","@id":"https:\/\/stuewe.de\/news-2\/#breadcrumb","itemListElement":[{"@type":"ListItem","position":1,"name":"Start","item":"https:\/\/stuewe.de\/"},{"@type":"ListItem","position":2,"name":"NEWS"}]},{"@type":"WebSite","@id":"https:\/\/stuewe.de\/#website","url":"https:\/\/stuewe.de\/","name":"St\u00fcwe - Hattingen","description":"Pi\u00e8ces de machines pour la technique d'entra\u00eenement","potentialAction":[{"@type":"SearchAction","target":{"@type":"EntryPoint","urlTemplate":"https:\/\/stuewe.de\/?s={search_term_string}"},"query-input":{"@type":"PropertyValueSpecification","valueRequired":true,"valueName":"search_term_string"}}],"inLanguage":"fr-FR"}]}},"_links":{"self":[{"href":"https:\/\/stuewe.de\/fr\/wp-json\/wp\/v2\/pages\/19196","targetHints":{"allow":["GET"]}}],"collection":[{"href":"https:\/\/stuewe.de\/fr\/wp-json\/wp\/v2\/pages"}],"about":[{"href":"https:\/\/stuewe.de\/fr\/wp-json\/wp\/v2\/types\/page"}],"author":[{"embeddable":true,"href":"https:\/\/stuewe.de\/fr\/wp-json\/wp\/v2\/users\/8"}],"replies":[{"embeddable":true,"href":"https:\/\/stuewe.de\/fr\/wp-json\/wp\/v2\/comments?post=19196"}],"version-history":[{"count":11,"href":"https:\/\/stuewe.de\/fr\/wp-json\/wp\/v2\/pages\/19196\/revisions"}],"predecessor-version":[{"id":20162,"href":"https:\/\/stuewe.de\/fr\/wp-json\/wp\/v2\/pages\/19196\/revisions\/20162"}],"wp:attachment":[{"href":"https:\/\/stuewe.de\/fr\/wp-json\/wp\/v2\/media?parent=19196"}],"curies":[{"name":"wp","href":"https:\/\/api.w.org\/{rel}","templated":true}]}}