{"id":17617,"date":"2024-08-20T14:43:18","date_gmt":"2024-08-20T12:43:18","guid":{"rendered":"https:\/\/stuewe-test.ge-buer.de\/?page_id=17617"},"modified":"2025-08-29T10:21:52","modified_gmt":"2025-08-29T08:21:52","slug":"filets-interieurs-is","status":"publish","type":"page","link":"https:\/\/stuewe.de\/fr\/innenspannsaetze-is\/","title":{"rendered":"Jeux de serrage int\u00e9rieurs : IS"},"content":{"rendered":"<div data-elementor-type=\"wp-page\" data-elementor-id=\"17617\" class=\"elementor elementor-17617\">\n\t\t\t\t\t\t<section class=\"elementor-section elementor-top-section elementor-element elementor-element-190d5163 elementor-section-boxed elementor-section-height-default elementor-section-height-default\" data-id=\"190d5163\" data-element_type=\"section\" data-settings=\"{&quot;background_background&quot;:&quot;classic&quot;}\">\n\t\t\t\t\t\t<div class=\"elementor-container elementor-column-gap-no\">\n\t\t\t\t\t<div class=\"elementor-column elementor-col-100 elementor-top-column elementor-element elementor-element-5ec72f9a\" data-id=\"5ec72f9a\" data-element_type=\"column\">\n\t\t\t<div class=\"elementor-widget-wrap elementor-element-populated\">\n\t\t\t\t\t\t<section class=\"elementor-section elementor-inner-section elementor-element elementor-element-6be8e68a elementor-section-boxed elementor-section-height-default elementor-section-height-default\" data-id=\"6be8e68a\" data-element_type=\"section\" data-settings=\"{&quot;background_background&quot;:&quot;classic&quot;}\">\n\t\t\t\t\t\t<div class=\"elementor-container elementor-column-gap-no\">\n\t\t\t\t\t<div class=\"elementor-column elementor-col-50 elementor-inner-column elementor-element elementor-element-6f019cc6\" data-id=\"6f019cc6\" data-element_type=\"column\">\n\t\t\t<div class=\"elementor-widget-wrap elementor-element-populated\">\n\t\t\t\t\t\t<div class=\"elementor-element elementor-element-168c4a5 elementor-widget elementor-widget-text-editor\" data-id=\"168c4a5\" data-element_type=\"widget\" data-widget_type=\"text-editor.default\">\n\t\t\t\t<div class=\"elementor-widget-container\">\n\t\t\t\t\t\t\t<p>Les jeux de serrage int\u00e9rieurs permettent de fixer des moyeux de tous types sur des arbres courants. Chaque type offre les avantages suivants : autocentrage, angle conique autobloquant, augmentation de la pr\u00e9cision de rotation gr\u00e2ce au pr\u00e9centrage.<\/p><p>Vous pouvez obtenir des mod\u00e8les CAD aupr\u00e8s de <a title=\"Cadenas\" href=\"http:\/\/stuewe.partcommunity.com\/3d-cad-models\/spannsatz-typ-is-st%C3%BCwe?info=stuewe%2Fsps_typ_is\" target=\"_blank\" rel=\"noopener noreferrer\">Cadenas<\/a>.<\/p>\t\t\t\t\t\t<\/div>\n\t\t\t\t<\/div>\n\t\t\t\t<div class=\"elementor-element elementor-element-942d061 elementor-align-left elementor-widget elementor-widget-button\" data-id=\"942d061\" data-element_type=\"widget\" data-widget_type=\"button.default\">\n\t\t\t\t<div class=\"elementor-widget-container\">\n\t\t\t\t\t<div class=\"elementor-button-wrapper\">\n\t\t\t<a class=\"elementor-button elementor-button-link elementor-size-sm\" href=\"https:\/\/stuewe.de\/wp-content\/uploads\/2025\/02\/Gesamtkatalogenglisch.pdf\">\n\t\t\t\t\t\t<span class=\"elementor-button-content-wrapper\">\n\t\t\t\t\t\t\t\t\t<span class=\"elementor-button-text\">Catalogue g\u00e9n\u00e9ral<\/span>\n\t\t\t\t\t<\/span>\n\t\t\t\t\t<\/a>\n\t\t<\/div>\n\t\t\t\t<\/div>\n\t\t\t\t<\/div>\n\t\t\t\t<div class=\"elementor-element elementor-element-4dc8405 elementor-align-left elementor-widget elementor-widget-button\" data-id=\"4dc8405\" data-element_type=\"widget\" data-widget_type=\"button.default\">\n\t\t\t\t<div class=\"elementor-widget-container\">\n\t\t\t\t\t<div class=\"elementor-button-wrapper\">\n\t\t\t<a class=\"elementor-button elementor-button-link elementor-size-sm\" href=\"https:\/\/stuewe.de\/wp-content\/uploads\/2024\/08\/stuewe_montageanleitung_is.pdf\">\n\t\t\t\t\t\t<span class=\"elementor-button-content-wrapper\">\n\t\t\t\t\t\t\t\t\t<span class=\"elementor-button-text\">Instructions de montage<\/span>\n\t\t\t\t\t<\/span>\n\t\t\t\t\t<\/a>\n\t\t<\/div>\n\t\t\t\t<\/div>\n\t\t\t\t<\/div>\n\t\t\t\t<div class=\"elementor-element elementor-element-0ee7209 elementor-align-left elementor-widget elementor-widget-button\" data-id=\"0ee7209\" data-element_type=\"widget\" data-widget_type=\"button.default\">\n\t\t\t\t<div class=\"elementor-widget-container\">\n\t\t\t\t\t<div class=\"elementor-button-wrapper\">\n\t\t\t<a class=\"elementor-button elementor-button-link elementor-size-sm\" href=\"https:\/\/stuewe.de\/wp-content\/uploads\/2025\/01\/stuewe_202001_katalog_typ-is.pdf\">\n\t\t\t\t\t\t<span class=\"elementor-button-content-wrapper\">\n\t\t\t\t\t\t\t\t\t<span class=\"elementor-button-text\">Pages du catalogue IS<\/span>\n\t\t\t\t\t<\/span>\n\t\t\t\t\t<\/a>\n\t\t<\/div>\n\t\t\t\t<\/div>\n\t\t\t\t<\/div>\n\t\t\t\t<div class=\"elementor-element elementor-element-3504301 elementor-align-items-flex-start view-type-1 title-alignment-left elementor-widget elementor-widget-industrium_image_carousel\" data-id=\"3504301\" data-element_type=\"widget\" data-widget_type=\"industrium_image_carousel.default\">\n\t\t\t\t<div class=\"elementor-widget-container\">\n\t\t\t\n        <div class=\"industrium-image-slider-widget\">\n\n                        <div class=\"slider-wrapper\">\n                                <div class=\"slider-container\">\n                    <div class=\"image-carousel owl-carousel owl-theme\" data-slider-options=\"{&quot;items&quot;:3,&quot;nav&quot;:false,&quot;dots&quot;:true,&quot;dotsContainer&quot;:&quot;.owl-dots-3504301&quot;,&quot;dotsContainerMobile&quot;:&quot;.owl-dots-3504301&quot;,&quot;autoplayHoverPause&quot;:true,&quot;autoplay&quot;:true,&quot;autoplaySpeed&quot;:300,&quot;autoplayTimeout&quot;:5000,&quot;loop&quot;:true,&quot;speed&quot;:500}\">\n                        <div class=\"slider-item\"><div class=\"slider-item-inner\"><div class=\"slider-item-media\"><img fetchpriority=\"high\" decoding=\"async\" width=\"400\" height=\"400\" src=\"https:\/\/stuewe.de\/wp-content\/uploads\/2024\/08\/IS1stuewe_201708_grafiken_s92.png\" class=\"attachment-full size-full wp-image-17629\" alt=\"\" srcset=\"https:\/\/stuewe.de\/wp-content\/uploads\/2024\/08\/IS1stuewe_201708_grafiken_s92.png 400w, https:\/\/stuewe.de\/wp-content\/uploads\/2024\/08\/IS1stuewe_201708_grafiken_s92-300x300.png 300w, https:\/\/stuewe.de\/wp-content\/uploads\/2024\/08\/IS1stuewe_201708_grafiken_s92-150x150.png 150w\" sizes=\"(max-width: 400px) 100vw, 400px\" \/><\/div><div class=\"slider-item-title\">IS 1<\/div><div class=\"slider-item-description\"><br>\n<strong>Diam\u00e8tre de l'arbre<\/strong><br>\n20 - 500 mm<br><br>\n\n<strong>Couples transmissibles<\/strong><br>\n0,3 - 880 kNm<br><br>\n\n<strong>Petit espace de montage,\nD\u00e9placement du moyeu lors du serrage<\/strong><\/div><\/div><\/div><div class=\"slider-item\"><div class=\"slider-item-inner\"><div class=\"slider-item-media\"><img decoding=\"async\" width=\"400\" height=\"400\" src=\"https:\/\/stuewe.de\/wp-content\/uploads\/2024\/08\/ISN1.png\" class=\"attachment-full size-full wp-image-17630\" alt=\"\" srcset=\"https:\/\/stuewe.de\/wp-content\/uploads\/2024\/08\/ISN1.png 400w, https:\/\/stuewe.de\/wp-content\/uploads\/2024\/08\/ISN1-300x300.png 300w, https:\/\/stuewe.de\/wp-content\/uploads\/2024\/08\/ISN1-150x150.png 150w\" sizes=\"(max-width: 400px) 100vw, 400px\" \/><\/div><div class=\"slider-item-title\">ISN 1<\/div><div class=\"slider-item-description\"><br>\n<strong>Diam\u00e8tre de l'arbre<\/strong><br>\n20 - 500 mm<br><br>\n\n<strong>Couples transmissibles<\/strong><br>\n0,3 - 723 kNm<br><br>\n\n<strong>Fixation axiale,\npas de d\u00e9placement du moyeu lors du serrage<\/strong><\/div><\/div><\/div><div class=\"slider-item\"><div class=\"slider-item-inner\"><div class=\"slider-item-media\"><img decoding=\"async\" width=\"400\" height=\"400\" src=\"https:\/\/stuewe.de\/wp-content\/uploads\/2024\/08\/IS4_stuewe_201708_grafiken_s96-1.png\" class=\"attachment-full size-full wp-image-17633\" alt=\"\" srcset=\"https:\/\/stuewe.de\/wp-content\/uploads\/2024\/08\/IS4_stuewe_201708_grafiken_s96-1.png 400w, https:\/\/stuewe.de\/wp-content\/uploads\/2024\/08\/IS4_stuewe_201708_grafiken_s96-1-300x300.png 300w, https:\/\/stuewe.de\/wp-content\/uploads\/2024\/08\/IS4_stuewe_201708_grafiken_s96-1-150x150.png 150w\" sizes=\"(max-width: 400px) 100vw, 400px\" \/><\/div><div class=\"slider-item-title\">IS 4<\/div><div class=\"slider-item-description\"><br>\n<strong>Diam\u00e8tre de l'arbre<\/strong><br>\n30 - 600 mm<br><br>\n\n<strong>Couples transmissibles<\/strong><br>\n0,9 - 1266 kNm<br><br>\n\n<strong>Pour les couples les plus \u00e9lev\u00e9s,\npas de d\u00e9placement lors du serrage<\/strong><\/div><\/div><\/div><div class=\"slider-item\"><div class=\"slider-item-inner\"><div class=\"slider-item-media\"><img loading=\"lazy\" decoding=\"async\" width=\"400\" height=\"400\" src=\"https:\/\/stuewe.de\/wp-content\/uploads\/2024\/08\/IS4.1stuewe_201708_grafiken_s98.png\" class=\"attachment-full size-full wp-image-17634\" alt=\"\" srcset=\"https:\/\/stuewe.de\/wp-content\/uploads\/2024\/08\/IS4.1stuewe_201708_grafiken_s98.png 400w, https:\/\/stuewe.de\/wp-content\/uploads\/2024\/08\/IS4.1stuewe_201708_grafiken_s98-300x300.png 300w, https:\/\/stuewe.de\/wp-content\/uploads\/2024\/08\/IS4.1stuewe_201708_grafiken_s98-150x150.png 150w\" sizes=\"(max-width: 400px) 100vw, 400px\" \/><\/div><div class=\"slider-item-title\">IS 4.1<\/div><div class=\"slider-item-description\"><br>\n<strong>Diam\u00e8tre de l'arbre<\/strong><br>\n100 - 600 mm<br><br>\n\n<strong>Couples transmissibles<\/strong><br>\n11 - 903 kNm<br><br>\n\n<strong>Pression de surface r\u00e9duite,\nsp\u00e9cialement adapt\u00e9 aux tambours de convoyeur,\npas de d\u00e9placement du moyeu lors du serrage<\/strong><\/div><\/div><\/div>                    <\/div>\n                <\/div>\n            <\/div>\n\n            <div class=\"owl-dots owl-dots-3504301\"><\/div>\n        <\/div>\n        \t\t<\/div>\n\t\t\t\t<\/div>\n\t\t\t\t\t<\/div>\n\t\t<\/div>\n\t\t\t\t<div class=\"elementor-column elementor-col-50 elementor-inner-column elementor-element elementor-element-404f35fa\" data-id=\"404f35fa\" data-element_type=\"column\" data-settings=\"{&quot;background_background&quot;:&quot;classic&quot;}\">\n\t\t\t<div class=\"elementor-widget-wrap elementor-element-populated\">\n\t\t\t\t\t\t<div class=\"elementor-element elementor-element-a5d9995 elementor-widget elementor-widget-image\" data-id=\"a5d9995\" data-element_type=\"widget\" data-widget_type=\"image.default\">\n\t\t\t\t<div class=\"elementor-widget-container\">\n\t\t\t\t\t\t\t\t\t\t\t\t\t<img loading=\"lazy\" decoding=\"async\" width=\"360\" height=\"329\" src=\"https:\/\/stuewe.de\/wp-content\/uploads\/2024\/08\/csm_is_demontiert_explosion_572665c3c1.png\" class=\"attachment-full size-full wp-image-17625\" alt=\"\" srcset=\"https:\/\/stuewe.de\/wp-content\/uploads\/2024\/08\/csm_is_demontiert_explosion_572665c3c1.png 360w, https:\/\/stuewe.de\/wp-content\/uploads\/2024\/08\/csm_is_demontiert_explosion_572665c3c1-300x274.png 300w\" sizes=\"(max-width: 360px) 100vw, 360px\" \/>\t\t\t\t\t\t\t\t\t\t\t\t\t<\/div>\n\t\t\t\t<\/div>\n\t\t\t\t<div class=\"elementor-element elementor-element-7a2dc43e elementor-vertical-align-top elementor-widget elementor-widget-icon-box\" data-id=\"7a2dc43e\" data-element_type=\"widget\" data-widget_type=\"icon-box.default\">\n\t\t\t\t<div class=\"elementor-widget-container\">\n\t\t\t\t\t<div class=\"elementor-icon-box-wrapper\">\n\n\t\t\t\n\t\t\t\t\t\t<div class=\"elementor-icon-box-content\">\n\n\t\t\t\t\t\t\t\t\t<h3 class=\"elementor-icon-box-title\">\n\t\t\t\t\t\t<span  >\n\t\t\t\t\t\t\tVue \u00e9clat\u00e9e\t\t\t\t\t\t<\/span>\n\t\t\t\t\t<\/h3>\n\t\t\t\t\n\t\t\t\t\t\t\t\t\t<p class=\"elementor-icon-box-description\">\n\t\t\t\t\t\tPendant le fonctionnement de l'installation, la frette d'assemblage se trouve en dehors du flux de force. Il n'y a que de tr\u00e8s faibles charges dynamiques et aucune usure de la frette d'assemblage. La frette d'assemblage est donc r\u00e9sistante \u00e0 la fatigue si elle est correctement con\u00e7ue.\t\t\t\t\t<\/p>\n\t\t\t\t\n\t\t\t<\/div>\n\t\t\t\n\t\t<\/div>\n\t\t\t\t<\/div>\n\t\t\t\t<\/div>\n\t\t\t\t\t<\/div>\n\t\t<\/div>\n\t\t\t\t\t<\/div>\n\t\t<\/section>\n\t\t\t\t\t<\/div>\n\t\t<\/div>\n\t\t\t\t\t<\/div>\n\t\t<\/section>\n\t\t\t\t<section class=\"elementor-section elementor-top-section elementor-element elementor-element-3af8da22 elementor-section-full_width elementor-section-height-default elementor-section-height-default\" data-id=\"3af8da22\" data-element_type=\"section\" data-settings=\"{&quot;background_background&quot;:&quot;classic&quot;}\">\n\t\t\t\t\t\t<div class=\"elementor-container elementor-column-gap-no\">\n\t\t\t\t\t<div class=\"elementor-column elementor-col-100 elementor-top-column elementor-element elementor-element-c72e9b6\" data-id=\"c72e9b6\" data-element_type=\"column\">\n\t\t\t<div class=\"elementor-widget-wrap elementor-element-populated\">\n\t\t\t\t\t\t<section class=\"elementor-section elementor-inner-section elementor-element elementor-element-5d9c5c46 elementor-section-full_width elementor-section-height-default elementor-section-height-default\" data-id=\"5d9c5c46\" data-element_type=\"section\" data-settings=\"{&quot;background_background&quot;:&quot;classic&quot;}\">\n\t\t\t\t\t\t<div class=\"elementor-container elementor-column-gap-no\">\n\t\t\t\t\t<div class=\"elementor-column elementor-col-50 elementor-inner-column elementor-element elementor-element-53fd20fb\" data-id=\"53fd20fb\" data-element_type=\"column\" data-settings=\"{&quot;background_background&quot;:&quot;classic&quot;}\">\n\t\t\t<div class=\"elementor-widget-wrap elementor-element-populated\">\n\t\t\t\t\t\t<div class=\"elementor-element elementor-element-7483a04d elementor-widget elementor-widget-spacer\" data-id=\"7483a04d\" data-element_type=\"widget\" data-widget_type=\"spacer.default\">\n\t\t\t\t<div class=\"elementor-widget-container\">\n\t\t\t\t\t<div class=\"elementor-spacer\">\n\t\t\t<div class=\"elementor-spacer-inner\"><\/div>\n\t\t<\/div>\n\t\t\t\t<\/div>\n\t\t\t\t<\/div>\n\t\t\t\t\t<\/div>\n\t\t<\/div>\n\t\t\t\t<div class=\"elementor-column elementor-col-50 elementor-inner-column elementor-element elementor-element-39ee89a2\" data-id=\"39ee89a2\" data-element_type=\"column\" data-settings=\"{&quot;background_background&quot;:&quot;classic&quot;}\">\n\t\t\t<div class=\"elementor-widget-wrap elementor-element-populated\">\n\t\t\t\t\t\t<div class=\"elementor-element elementor-element-50cd33af elementor-widget elementor-widget-industrium_heading\" data-id=\"50cd33af\" data-element_type=\"widget\" data-widget_type=\"industrium_heading.default\">\n\t\t\t\t<div class=\"elementor-widget-container\">\n\t\t\t<div class=\"industrium-heading-widget\"><h2 class=\"industrium-heading\"><span class=\"industrium-subheading no-dot\">Int\u00e9ress\u00e9(e) \u00e0 travailler avec nous ?<\/span><span class=\"industrium-heading-content\">Contactez-nous<\/span><\/h2><\/div>\t\t<\/div>\n\t\t\t\t<\/div>\n\t\t\t\t<div class=\"elementor-element elementor-element-13815ff2 elementor-align-left elementor-widget elementor-widget-button\" data-id=\"13815ff2\" data-element_type=\"widget\" data-widget_type=\"button.default\">\n\t\t\t\t<div class=\"elementor-widget-container\">\n\t\t\t\t\t<div class=\"elementor-button-wrapper\">\n\t\t\t<a class=\"elementor-button elementor-size-sm\" role=\"button\">\n\t\t\t\t\t\t<span class=\"elementor-button-content-wrapper\">\n\t\t\t\t\t\t\t\t\t<span class=\"elementor-button-text\">Contact<\/span>\n\t\t\t\t\t<\/span>\n\t\t\t\t\t<\/a>\n\t\t<\/div>\n\t\t\t\t<\/div>\n\t\t\t\t<\/div>\n\t\t\t\t\t<\/div>\n\t\t<\/div>\n\t\t\t\t\t<\/div>\n\t\t<\/section>\n\t\t\t\t\t<\/div>\n\t\t<\/div>\n\t\t\t\t\t<\/div>\n\t\t<\/section>\n\t\t\t\t<\/div>","protected":false},"excerpt":{"rendered":"<p>Les jeux de serrage int\u00e9rieurs permettent de fixer des moyeux de tous types sur des arbres courants. Chaque type offre les avantages suivants : autocentrage, angles coniques autobloquants, augmentation de la pr\u00e9cision de rotation gr\u00e2ce au pr\u00e9-centrage. Des mod\u00e8les CAO sont disponibles chez Cadenas. Catalogue g\u00e9n\u00e9ral Instructions de montage Pages du catalogue IS Vue \u00e9clat\u00e9e La frette d'assemblage se trouve...<\/p>","protected":false},"author":8,"featured_media":0,"parent":0,"menu_order":0,"comment_status":"closed","ping_status":"closed","template":"elementor_header_footer","meta":{"footnotes":""},"class_list":["post-17617","page","type-page","status-publish","hentry"],"yoast_head":"<!-- This site is optimized with the Yoast SEO plugin v27.2 - https:\/\/yoast.com\/product\/yoast-seo-wordpress\/ -->\n<title>Innenspanns\u00e4tze: IS - St\u00fcwe - Hattingen<\/title>\n<meta name=\"robots\" content=\"index, follow, max-snippet:-1, max-image-preview:large, max-video-preview:-1\" \/>\n<link rel=\"canonical\" href=\"https:\/\/stuewe.de\/fr\/filets-interieurs-is\/\" \/>\n<meta property=\"og:locale\" content=\"fr_FR\" \/>\n<meta property=\"og:type\" content=\"article\" \/>\n<meta property=\"og:title\" content=\"Innenspanns\u00e4tze: IS - St\u00fcwe - Hattingen\" \/>\n<meta property=\"og:description\" content=\"Mit den Innenspanns\u00e4tzen lassen sich Naben aller Art auf handels\u00fcbliche Wellen befestigen. Dabei bietet jeder Typ die folgenden Vorteile: Selbstzentrierend, selbsthemmende Kegelwinkel, Erh\u00f6hung der Rundlaufgenauigkeit durch Vorzentrierung. CAD-Modelle erhalten Sie bei Cadenas. Gesamtkatalog Montageanleitung Katalogseiten IS Explosionsansicht Die Schrumpfscheibe liegt im...\" \/>\n<meta property=\"og:url\" content=\"https:\/\/stuewe.de\/fr\/filets-interieurs-is\/\" \/>\n<meta property=\"og:site_name\" content=\"St\u00fcwe - Hattingen\" \/>\n<meta property=\"article:modified_time\" content=\"2025-08-29T08:21:52+00:00\" \/>\n<meta property=\"og:image\" content=\"https:\/\/stuewe.de\/wp-content\/uploads\/2024\/08\/csm_is_demontiert_explosion_572665c3c1.png\" \/>\n<meta name=\"twitter:card\" content=\"summary_large_image\" \/>\n<script type=\"application\/ld+json\" class=\"yoast-schema-graph\">{\"@context\":\"https:\/\/schema.org\",\"@graph\":[{\"@type\":\"WebPage\",\"@id\":\"https:\/\/stuewe.de\/innenspannsaetze-is\/\",\"url\":\"https:\/\/stuewe.de\/innenspannsaetze-is\/\",\"name\":\"Innenspanns\u00e4tze: IS - St\u00fcwe - Hattingen\",\"isPartOf\":{\"@id\":\"https:\/\/stuewe.de\/#website\"},\"primaryImageOfPage\":{\"@id\":\"https:\/\/stuewe.de\/innenspannsaetze-is\/#primaryimage\"},\"image\":{\"@id\":\"https:\/\/stuewe.de\/innenspannsaetze-is\/#primaryimage\"},\"thumbnailUrl\":\"https:\/\/stuewe.de\/wp-content\/uploads\/2024\/08\/csm_is_demontiert_explosion_572665c3c1.png\",\"datePublished\":\"2024-08-20T12:43:18+00:00\",\"dateModified\":\"2025-08-29T08:21:52+00:00\",\"breadcrumb\":{\"@id\":\"https:\/\/stuewe.de\/innenspannsaetze-is\/#breadcrumb\"},\"inLanguage\":\"fr-FR\",\"potentialAction\":[{\"@type\":\"ReadAction\",\"target\":[\"https:\/\/stuewe.de\/innenspannsaetze-is\/\"]}]},{\"@type\":\"ImageObject\",\"inLanguage\":\"fr-FR\",\"@id\":\"https:\/\/stuewe.de\/innenspannsaetze-is\/#primaryimage\",\"url\":\"https:\/\/stuewe.de\/wp-content\/uploads\/2024\/08\/csm_is_demontiert_explosion_572665c3c1.png\",\"contentUrl\":\"https:\/\/stuewe.de\/wp-content\/uploads\/2024\/08\/csm_is_demontiert_explosion_572665c3c1.png\"},{\"@type\":\"BreadcrumbList\",\"@id\":\"https:\/\/stuewe.de\/innenspannsaetze-is\/#breadcrumb\",\"itemListElement\":[{\"@type\":\"ListItem\",\"position\":1,\"name\":\"Start\",\"item\":\"https:\/\/stuewe.de\/\"},{\"@type\":\"ListItem\",\"position\":2,\"name\":\"Innenspanns\u00e4tze: IS\"}]},{\"@type\":\"WebSite\",\"@id\":\"https:\/\/stuewe.de\/#website\",\"url\":\"https:\/\/stuewe.de\/\",\"name\":\"St\u00fcwe - Hattingen\",\"description\":\"Maschinenbauteilen f\u00fcr Antriebstechnik\",\"potentialAction\":[{\"@type\":\"SearchAction\",\"target\":{\"@type\":\"EntryPoint\",\"urlTemplate\":\"https:\/\/stuewe.de\/?s={search_term_string}\"},\"query-input\":{\"@type\":\"PropertyValueSpecification\",\"valueRequired\":true,\"valueName\":\"search_term_string\"}}],\"inLanguage\":\"fr-FR\"}]}<\/script>\n<!-- \/ Yoast SEO plugin. -->","yoast_head_json":{"title":"Kits de serrage int\u00e9rieur : IS - St\u00fcwe - Hattingen","robots":{"index":"index","follow":"follow","max-snippet":"max-snippet:-1","max-image-preview":"max-image-preview:large","max-video-preview":"max-video-preview:-1"},"canonical":"https:\/\/stuewe.de\/fr\/filets-interieurs-is\/","og_locale":"fr_FR","og_type":"article","og_title":"Innenspanns\u00e4tze: IS - St\u00fcwe - Hattingen","og_description":"Mit den Innenspanns\u00e4tzen lassen sich Naben aller Art auf handels\u00fcbliche Wellen befestigen. Dabei bietet jeder Typ die folgenden Vorteile: Selbstzentrierend, selbsthemmende Kegelwinkel, Erh\u00f6hung der Rundlaufgenauigkeit durch Vorzentrierung. CAD-Modelle erhalten Sie bei Cadenas. Gesamtkatalog Montageanleitung Katalogseiten IS Explosionsansicht Die Schrumpfscheibe liegt im...","og_url":"https:\/\/stuewe.de\/fr\/filets-interieurs-is\/","og_site_name":"St\u00fcwe - Hattingen","article_modified_time":"2025-08-29T08:21:52+00:00","og_image":[{"url":"https:\/\/stuewe.de\/wp-content\/uploads\/2024\/08\/csm_is_demontiert_explosion_572665c3c1.png","type":"","width":"","height":""}],"twitter_card":"summary_large_image","schema":{"@context":"https:\/\/schema.org","@graph":[{"@type":"WebPage","@id":"https:\/\/stuewe.de\/innenspannsaetze-is\/","url":"https:\/\/stuewe.de\/innenspannsaetze-is\/","name":"Kits de serrage int\u00e9rieur : IS - St\u00fcwe - Hattingen","isPartOf":{"@id":"https:\/\/stuewe.de\/#website"},"primaryImageOfPage":{"@id":"https:\/\/stuewe.de\/innenspannsaetze-is\/#primaryimage"},"image":{"@id":"https:\/\/stuewe.de\/innenspannsaetze-is\/#primaryimage"},"thumbnailUrl":"https:\/\/stuewe.de\/wp-content\/uploads\/2024\/08\/csm_is_demontiert_explosion_572665c3c1.png","datePublished":"2024-08-20T12:43:18+00:00","dateModified":"2025-08-29T08:21:52+00:00","breadcrumb":{"@id":"https:\/\/stuewe.de\/innenspannsaetze-is\/#breadcrumb"},"inLanguage":"fr-FR","potentialAction":[{"@type":"ReadAction","target":["https:\/\/stuewe.de\/innenspannsaetze-is\/"]}]},{"@type":"ImageObject","inLanguage":"fr-FR","@id":"https:\/\/stuewe.de\/innenspannsaetze-is\/#primaryimage","url":"https:\/\/stuewe.de\/wp-content\/uploads\/2024\/08\/csm_is_demontiert_explosion_572665c3c1.png","contentUrl":"https:\/\/stuewe.de\/wp-content\/uploads\/2024\/08\/csm_is_demontiert_explosion_572665c3c1.png"},{"@type":"BreadcrumbList","@id":"https:\/\/stuewe.de\/innenspannsaetze-is\/#breadcrumb","itemListElement":[{"@type":"ListItem","position":1,"name":"Start","item":"https:\/\/stuewe.de\/"},{"@type":"ListItem","position":2,"name":"Innenspanns\u00e4tze: IS"}]},{"@type":"WebSite","@id":"https:\/\/stuewe.de\/#website","url":"https:\/\/stuewe.de\/","name":"St\u00fcwe - Hattingen","description":"Pi\u00e8ces de machines pour la technique d'entra\u00eenement","potentialAction":[{"@type":"SearchAction","target":{"@type":"EntryPoint","urlTemplate":"https:\/\/stuewe.de\/?s={search_term_string}"},"query-input":{"@type":"PropertyValueSpecification","valueRequired":true,"valueName":"search_term_string"}}],"inLanguage":"fr-FR"}]}},"_links":{"self":[{"href":"https:\/\/stuewe.de\/fr\/wp-json\/wp\/v2\/pages\/17617","targetHints":{"allow":["GET"]}}],"collection":[{"href":"https:\/\/stuewe.de\/fr\/wp-json\/wp\/v2\/pages"}],"about":[{"href":"https:\/\/stuewe.de\/fr\/wp-json\/wp\/v2\/types\/page"}],"author":[{"embeddable":true,"href":"https:\/\/stuewe.de\/fr\/wp-json\/wp\/v2\/users\/8"}],"replies":[{"embeddable":true,"href":"https:\/\/stuewe.de\/fr\/wp-json\/wp\/v2\/comments?post=17617"}],"version-history":[{"count":19,"href":"https:\/\/stuewe.de\/fr\/wp-json\/wp\/v2\/pages\/17617\/revisions"}],"predecessor-version":[{"id":19912,"href":"https:\/\/stuewe.de\/fr\/wp-json\/wp\/v2\/pages\/17617\/revisions\/19912"}],"wp:attachment":[{"href":"https:\/\/stuewe.de\/fr\/wp-json\/wp\/v2\/media?parent=17617"}],"curies":[{"name":"wp","href":"https:\/\/api.w.org\/{rel}","templated":true}]}}