{"id":17600,"date":"2024-08-20T12:58:40","date_gmt":"2024-08-20T10:58:40","guid":{"rendered":"https:\/\/stuewe-test.ge-buer.de\/?page_id=17600"},"modified":"2026-03-25T16:45:51","modified_gmt":"2026-03-25T15:45:51","slug":"brides-de-raccordement-darbre-de-transmission-gf","status":"publish","type":"page","link":"https:\/\/stuewe.de\/fr\/gelenkwellenanschlussflansche-gf\/","title":{"rendered":"Brides de raccordement de l'arbre de transmission : GF"},"content":{"rendered":"<div data-elementor-type=\"wp-page\" data-elementor-id=\"17600\" class=\"elementor elementor-17600\">\n\t\t\t\t\t\t<section class=\"elementor-section elementor-top-section elementor-element elementor-element-190d5163 elementor-section-boxed elementor-section-height-default elementor-section-height-default\" data-id=\"190d5163\" data-element_type=\"section\" data-settings=\"{&quot;background_background&quot;:&quot;classic&quot;}\">\n\t\t\t\t\t\t<div class=\"elementor-container elementor-column-gap-no\">\n\t\t\t\t\t<div class=\"elementor-column elementor-col-100 elementor-top-column elementor-element elementor-element-5ec72f9a\" data-id=\"5ec72f9a\" data-element_type=\"column\">\n\t\t\t<div class=\"elementor-widget-wrap elementor-element-populated\">\n\t\t\t\t\t\t<section class=\"elementor-section elementor-inner-section elementor-element elementor-element-6be8e68a elementor-section-boxed elementor-section-height-default elementor-section-height-default\" data-id=\"6be8e68a\" data-element_type=\"section\" data-settings=\"{&quot;background_background&quot;:&quot;classic&quot;}\">\n\t\t\t\t\t\t<div class=\"elementor-container elementor-column-gap-no\">\n\t\t\t\t\t<div class=\"elementor-column elementor-col-50 elementor-inner-column elementor-element elementor-element-6f019cc6\" data-id=\"6f019cc6\" data-element_type=\"column\">\n\t\t\t<div class=\"elementor-widget-wrap elementor-element-populated\">\n\t\t\t\t\t\t<div class=\"elementor-element elementor-element-168c4a5 elementor-widget elementor-widget-text-editor\" data-id=\"168c4a5\" data-element_type=\"widget\" data-widget_type=\"text-editor.default\">\n\t\t\t\t<div class=\"elementor-widget-container\">\n\t\t\t\t\t\t\t<p>La bride de raccordement d'arbre \u00e0 cardan de type GF est con\u00e7ue pour le raccordement d'arbres \u00e0 cardan standard \u00e0 des arbres cylindriques. Elle se caract\u00e9rise par une transmission optimale des forces, un montage simple et rapide, ainsi qu'une connexion s\u00fbre en cas de couples variables ou de chocs.<br \/>Sur demande, ST\u00dcWE peut en outre r\u00e9aliser des dimensions de raccordement diff\u00e9rentes du standard.<\/p><p>Vous pouvez obtenir des mod\u00e8les CAD aupr\u00e8s de <a title=\"Cadenas\" href=\"http:\/\/stuewe.partcommunity.com\/3d-cad-models\/flanschkupplung-typ-gf-fkh-st%C3%BCwe?info=stuewe%2Ffk_typ_fkh\" target=\"_blank\" rel=\"noopener noreferrer\">Cadenas<\/a>.<\/p>\t\t\t\t\t\t<\/div>\n\t\t\t\t<\/div>\n\t\t\t\t<div class=\"elementor-element elementor-element-942d061 elementor-align-left elementor-widget elementor-widget-button\" data-id=\"942d061\" data-element_type=\"widget\" data-widget_type=\"button.default\">\n\t\t\t\t<div class=\"elementor-widget-container\">\n\t\t\t\t\t<div class=\"elementor-button-wrapper\">\n\t\t\t<a class=\"elementor-button elementor-button-link elementor-size-sm\" href=\"\/wp-content\/uploads\/2025\/08\/stuewe_gesamtkatalog_de.pdf\">\n\t\t\t\t\t\t<span class=\"elementor-button-content-wrapper\">\n\t\t\t\t\t\t\t\t\t<span class=\"elementor-button-text\">Catalogue g\u00e9n\u00e9ral<\/span>\n\t\t\t\t\t<\/span>\n\t\t\t\t\t<\/a>\n\t\t<\/div>\n\t\t\t\t<\/div>\n\t\t\t\t<\/div>\n\t\t\t\t<div class=\"elementor-element elementor-element-435c48a elementor-align-left elementor-widget elementor-widget-button\" data-id=\"435c48a\" data-element_type=\"widget\" data-widget_type=\"button.default\">\n\t\t\t\t<div class=\"elementor-widget-container\">\n\t\t\t\t\t<div class=\"elementor-button-wrapper\">\n\t\t\t<a class=\"elementor-button elementor-button-link elementor-size-sm\" href=\"https:\/\/stuewe.de\/wp-content\/uploads\/2024\/08\/stuewe_montageanleitung_gf.pdf\">\n\t\t\t\t\t\t<span class=\"elementor-button-content-wrapper\">\n\t\t\t\t\t\t\t\t\t<span class=\"elementor-button-text\">Instructions de montage<\/span>\n\t\t\t\t\t<\/span>\n\t\t\t\t\t<\/a>\n\t\t<\/div>\n\t\t\t\t<\/div>\n\t\t\t\t<\/div>\n\t\t\t\t<div class=\"elementor-element elementor-element-0ee7209 elementor-align-left elementor-widget elementor-widget-button\" data-id=\"0ee7209\" data-element_type=\"widget\" data-widget_type=\"button.default\">\n\t\t\t\t<div class=\"elementor-widget-container\">\n\t\t\t\t\t<div class=\"elementor-button-wrapper\">\n\t\t\t<a class=\"elementor-button elementor-button-link elementor-size-sm\" href=\"https:\/\/stuewe.de\/wp-content\/uploads\/2025\/01\/stuewe_202001_katalog_typ-gf.pdf\">\n\t\t\t\t\t\t<span class=\"elementor-button-content-wrapper\">\n\t\t\t\t\t\t\t\t\t<span class=\"elementor-button-text\">Pages du catalogue GF<\/span>\n\t\t\t\t\t<\/span>\n\t\t\t\t\t<\/a>\n\t\t<\/div>\n\t\t\t\t<\/div>\n\t\t\t\t<\/div>\n\t\t\t\t<div class=\"elementor-element elementor-element-3504301 elementor-align-items-flex-start view-type-1 title-alignment-left elementor-widget elementor-widget-industrium_image_carousel\" data-id=\"3504301\" data-element_type=\"widget\" data-widget_type=\"industrium_image_carousel.default\">\n\t\t\t\t<div class=\"elementor-widget-container\">\n\t\t\t\n        <div class=\"industrium-image-slider-widget\">\n\n                        <div class=\"slider-wrapper\">\n                                <div class=\"slider-container\">\n                    <div class=\"image-carousel owl-carousel owl-theme\" data-slider-options=\"{&quot;items&quot;:3,&quot;nav&quot;:false,&quot;dots&quot;:true,&quot;dotsContainer&quot;:&quot;.owl-dots-3504301&quot;,&quot;dotsContainerMobile&quot;:&quot;.owl-dots-3504301&quot;,&quot;autoplayHoverPause&quot;:true,&quot;autoplay&quot;:true,&quot;autoplaySpeed&quot;:300,&quot;autoplayTimeout&quot;:5000,&quot;loop&quot;:true,&quot;speed&quot;:500}\">\n                        <div class=\"slider-item\"><div class=\"slider-item-inner\"><div class=\"slider-item-media\"><img fetchpriority=\"high\" decoding=\"async\" width=\"400\" height=\"400\" src=\"https:\/\/stuewe.de\/wp-content\/uploads\/2024\/08\/gf21stuewe_201708_grafiken_s86.png\" class=\"attachment-full size-full wp-image-17607\" alt=\"\" srcset=\"https:\/\/stuewe.de\/wp-content\/uploads\/2024\/08\/gf21stuewe_201708_grafiken_s86.png 400w, https:\/\/stuewe.de\/wp-content\/uploads\/2024\/08\/gf21stuewe_201708_grafiken_s86-300x300.png 300w, https:\/\/stuewe.de\/wp-content\/uploads\/2024\/08\/gf21stuewe_201708_grafiken_s86-150x150.png 150w\" sizes=\"(max-width: 400px) 100vw, 400px\" \/><\/div><div class=\"slider-item-title\">GF 21<\/div><div class=\"slider-item-description\">Mod\u00e8le A\/B<br><br>\n\n<strong>Diam\u00e8tre de l'arbre<\/strong><br>\n20 - 85 mm<br><br>\n\n<strong>Couples transmissibles<\/strong><br>\n0,12 - 9,52 kNm<br><br>\n\n<strong>Les vis \u00e0 brides sont \u00e9galement utilis\u00e9es pour le serrage<\/strong><\/div><\/div><\/div><div class=\"slider-item\"><div class=\"slider-item-inner\"><div class=\"slider-item-media\"><img decoding=\"async\" width=\"400\" height=\"400\" src=\"https:\/\/stuewe.de\/wp-content\/uploads\/2024\/08\/GF22stuewe_201708_grafiken_s87.png\" class=\"attachment-full size-full wp-image-17608\" alt=\"\" srcset=\"https:\/\/stuewe.de\/wp-content\/uploads\/2024\/08\/GF22stuewe_201708_grafiken_s87.png 400w, https:\/\/stuewe.de\/wp-content\/uploads\/2024\/08\/GF22stuewe_201708_grafiken_s87-300x300.png 300w, https:\/\/stuewe.de\/wp-content\/uploads\/2024\/08\/GF22stuewe_201708_grafiken_s87-150x150.png 150w\" sizes=\"(max-width: 400px) 100vw, 400px\" \/><\/div><div class=\"slider-item-title\">GF22<\/div><div class=\"slider-item-description\">Mod\u00e8le A\/B<br><br>\n\n<strong>Diam\u00e8tre de l'arbre<\/strong><br>\n65 - 220 mm<br><br>\n\n<strong>Couples transmissibles<\/strong><br>\n7 - 229 kNm<br><br>\n\n<strong>Principalement pour relier les petits diam\u00e8tres d'arbre aux grandes brides d'arbre de transmission<\/strong><\/div><\/div><\/div><div class=\"slider-item\"><div class=\"slider-item-inner\"><div class=\"slider-item-media\"><img decoding=\"async\" width=\"400\" height=\"400\" src=\"https:\/\/stuewe.de\/wp-content\/uploads\/2024\/08\/G23Astuewe_201708_grafiken_s88_bauform_a.png\" class=\"attachment-full size-full wp-image-17609\" alt=\"\" srcset=\"https:\/\/stuewe.de\/wp-content\/uploads\/2024\/08\/G23Astuewe_201708_grafiken_s88_bauform_a.png 400w, https:\/\/stuewe.de\/wp-content\/uploads\/2024\/08\/G23Astuewe_201708_grafiken_s88_bauform_a-300x300.png 300w, https:\/\/stuewe.de\/wp-content\/uploads\/2024\/08\/G23Astuewe_201708_grafiken_s88_bauform_a-150x150.png 150w\" sizes=\"(max-width: 400px) 100vw, 400px\" \/><\/div><div class=\"slider-item-title\">GF23<\/div><div class=\"slider-item-description\">Mod\u00e8le A<br><br>\n\n<strong>Diam\u00e8tre de l'arbre<\/strong><br>\n90 - 300 mm<br><br>\n\n<strong>Couples transmissibles<\/strong><br>\n13 - 507 kNm<br><br>\n\n<strong>Principalement pour relier des arbres de grand diam\u00e8tre<\/strong><\/div><\/div><\/div><div class=\"slider-item\"><div class=\"slider-item-inner\"><div class=\"slider-item-media\"><img loading=\"lazy\" decoding=\"async\" width=\"400\" height=\"400\" src=\"https:\/\/stuewe.de\/wp-content\/uploads\/2024\/08\/GF23Bstuewe_201708_grafiken_s88_bauform_b.png\" class=\"attachment-full size-full wp-image-17610\" alt=\"\" srcset=\"https:\/\/stuewe.de\/wp-content\/uploads\/2024\/08\/GF23Bstuewe_201708_grafiken_s88_bauform_b.png 400w, https:\/\/stuewe.de\/wp-content\/uploads\/2024\/08\/GF23Bstuewe_201708_grafiken_s88_bauform_b-300x300.png 300w, https:\/\/stuewe.de\/wp-content\/uploads\/2024\/08\/GF23Bstuewe_201708_grafiken_s88_bauform_b-150x150.png 150w\" sizes=\"(max-width: 400px) 100vw, 400px\" \/><\/div><div class=\"slider-item-title\">GF23<\/div><div class=\"slider-item-description\">Mod\u00e8le B<br><br>\n\n<strong>Diam\u00e8tre de l'arbre<\/strong><br>\n90 - 300 mm<br><br>\n\n<strong>Couples transmissibles<\/strong><br>\n13 - 507 kNm<br><br>\n\n<strong>Principalement pour relier des arbres de grand diam\u00e8tre<\/strong><\/div><\/div><\/div>                    <\/div>\n                <\/div>\n            <\/div>\n\n            <div class=\"owl-dots owl-dots-3504301\"><\/div>\n        <\/div>\n        \t\t<\/div>\n\t\t\t\t<\/div>\n\t\t\t\t\t<\/div>\n\t\t<\/div>\n\t\t\t\t<div class=\"elementor-column elementor-col-50 elementor-inner-column elementor-element elementor-element-404f35fa\" data-id=\"404f35fa\" data-element_type=\"column\" data-settings=\"{&quot;background_background&quot;:&quot;classic&quot;}\">\n\t\t\t<div class=\"elementor-widget-wrap elementor-element-populated\">\n\t\t\t\t\t\t<div class=\"elementor-element elementor-element-a5d9995 elementor-widget elementor-widget-image\" data-id=\"a5d9995\" data-element_type=\"widget\" data-widget_type=\"image.default\">\n\t\t\t\t<div class=\"elementor-widget-container\">\n\t\t\t\t\t\t\t\t\t\t\t\t\t<img loading=\"lazy\" decoding=\"async\" width=\"360\" height=\"302\" src=\"https:\/\/stuewe.de\/wp-content\/uploads\/2024\/08\/csm_gf_demoniert_explosion_6c2326196f.png\" class=\"attachment-full size-full wp-image-17605\" alt=\"\" srcset=\"https:\/\/stuewe.de\/wp-content\/uploads\/2024\/08\/csm_gf_demoniert_explosion_6c2326196f.png 360w, https:\/\/stuewe.de\/wp-content\/uploads\/2024\/08\/csm_gf_demoniert_explosion_6c2326196f-300x252.png 300w\" sizes=\"(max-width: 360px) 100vw, 360px\" \/>\t\t\t\t\t\t\t\t\t\t\t\t\t<\/div>\n\t\t\t\t<\/div>\n\t\t\t\t<div class=\"elementor-element elementor-element-7a2dc43e elementor-vertical-align-top elementor-widget elementor-widget-icon-box\" data-id=\"7a2dc43e\" data-element_type=\"widget\" data-widget_type=\"icon-box.default\">\n\t\t\t\t<div class=\"elementor-widget-container\">\n\t\t\t\t\t<div class=\"elementor-icon-box-wrapper\">\n\n\t\t\t\n\t\t\t\t\t\t<div class=\"elementor-icon-box-content\">\n\n\t\t\t\t\t\t\t\t\t<h3 class=\"elementor-icon-box-title\">\n\t\t\t\t\t\t<span  >\n\t\t\t\t\t\t\tVue \u00e9clat\u00e9e\t\t\t\t\t\t<\/span>\n\t\t\t\t\t<\/h3>\n\t\t\t\t\n\t\t\t\t\t\t\t\t\t<p class=\"elementor-icon-box-description\">\n\t\t\t\t\t\tLiaison par friction de la bride pour une transmission s\u00fbre des forces et des couples les plus \u00e9lev\u00e9s, ainsi que pour \u00e9viter la rouille d'ajustement en cas de couples dynamiques.\t\t\t\t\t<\/p>\n\t\t\t\t\n\t\t\t<\/div>\n\t\t\t\n\t\t<\/div>\n\t\t\t\t<\/div>\n\t\t\t\t<\/div>\n\t\t\t\t\t<\/div>\n\t\t<\/div>\n\t\t\t\t\t<\/div>\n\t\t<\/section>\n\t\t\t\t\t<\/div>\n\t\t<\/div>\n\t\t\t\t\t<\/div>\n\t\t<\/section>\n\t\t\t\t<section class=\"elementor-section elementor-top-section elementor-element elementor-element-3af8da22 elementor-section-full_width elementor-section-height-default elementor-section-height-default\" data-id=\"3af8da22\" data-element_type=\"section\" data-settings=\"{&quot;background_background&quot;:&quot;classic&quot;}\">\n\t\t\t\t\t\t<div class=\"elementor-container elementor-column-gap-no\">\n\t\t\t\t\t<div class=\"elementor-column elementor-col-100 elementor-top-column elementor-element elementor-element-c72e9b6\" data-id=\"c72e9b6\" data-element_type=\"column\">\n\t\t\t<div class=\"elementor-widget-wrap elementor-element-populated\">\n\t\t\t\t\t\t<section class=\"elementor-section elementor-inner-section elementor-element elementor-element-5d9c5c46 elementor-section-full_width elementor-section-height-default elementor-section-height-default\" data-id=\"5d9c5c46\" data-element_type=\"section\" data-settings=\"{&quot;background_background&quot;:&quot;classic&quot;}\">\n\t\t\t\t\t\t<div class=\"elementor-container elementor-column-gap-no\">\n\t\t\t\t\t<div class=\"elementor-column elementor-col-50 elementor-inner-column elementor-element elementor-element-53fd20fb\" data-id=\"53fd20fb\" data-element_type=\"column\" data-settings=\"{&quot;background_background&quot;:&quot;classic&quot;}\">\n\t\t\t<div class=\"elementor-widget-wrap elementor-element-populated\">\n\t\t\t\t\t\t<div class=\"elementor-element elementor-element-7483a04d elementor-widget elementor-widget-spacer\" data-id=\"7483a04d\" data-element_type=\"widget\" data-widget_type=\"spacer.default\">\n\t\t\t\t<div class=\"elementor-widget-container\">\n\t\t\t\t\t<div class=\"elementor-spacer\">\n\t\t\t<div class=\"elementor-spacer-inner\"><\/div>\n\t\t<\/div>\n\t\t\t\t<\/div>\n\t\t\t\t<\/div>\n\t\t\t\t\t<\/div>\n\t\t<\/div>\n\t\t\t\t<div class=\"elementor-column elementor-col-50 elementor-inner-column elementor-element elementor-element-39ee89a2\" data-id=\"39ee89a2\" data-element_type=\"column\" data-settings=\"{&quot;background_background&quot;:&quot;classic&quot;}\">\n\t\t\t<div class=\"elementor-widget-wrap elementor-element-populated\">\n\t\t\t\t\t\t<div class=\"elementor-element elementor-element-50cd33af elementor-widget elementor-widget-industrium_heading\" data-id=\"50cd33af\" data-element_type=\"widget\" data-widget_type=\"industrium_heading.default\">\n\t\t\t\t<div class=\"elementor-widget-container\">\n\t\t\t<div class=\"industrium-heading-widget\"><h2 class=\"industrium-heading\"><span class=\"industrium-subheading no-dot\">Int\u00e9ress\u00e9(e) \u00e0 travailler avec nous ?<\/span><span class=\"industrium-heading-content\">Contactez-nous<\/span><\/h2><\/div>\t\t<\/div>\n\t\t\t\t<\/div>\n\t\t\t\t<div class=\"elementor-element elementor-element-13815ff2 elementor-align-left elementor-widget elementor-widget-button\" data-id=\"13815ff2\" data-element_type=\"widget\" data-widget_type=\"button.default\">\n\t\t\t\t<div class=\"elementor-widget-container\">\n\t\t\t\t\t<div class=\"elementor-button-wrapper\">\n\t\t\t<a class=\"elementor-button elementor-button-link elementor-size-sm\" href=\"\/fr\/contact\/\">\n\t\t\t\t\t\t<span class=\"elementor-button-content-wrapper\">\n\t\t\t\t\t\t\t\t\t<span class=\"elementor-button-text\">Contact<\/span>\n\t\t\t\t\t<\/span>\n\t\t\t\t\t<\/a>\n\t\t<\/div>\n\t\t\t\t<\/div>\n\t\t\t\t<\/div>\n\t\t\t\t\t<\/div>\n\t\t<\/div>\n\t\t\t\t\t<\/div>\n\t\t<\/section>\n\t\t\t\t\t<\/div>\n\t\t<\/div>\n\t\t\t\t\t<\/div>\n\t\t<\/section>\n\t\t\t\t<\/div>","protected":false},"excerpt":{"rendered":"<p>Der Gelenkwellenanschlussflansch Typ GF ist f\u00fcr den Anschluss von Standardgelenkwellen an zylindrische Wellen geeignet. Er zeichnet sich durch eine optimale Kraft\u00fcbertragung, eine einfache und schnelle Montage, sowie eine sichere Verbindung bei wechselnden oder sto\u00dfhaften Drehmomenten aus.Auf Anfrage k\u00f6nnen zudem vom Standard&#8230;<\/p>","protected":false},"author":8,"featured_media":0,"parent":0,"menu_order":0,"comment_status":"closed","ping_status":"closed","template":"elementor_header_footer","meta":{"footnotes":""},"class_list":["post-17600","page","type-page","status-publish","hentry"],"yoast_head":"<!-- This site is optimized with the Yoast SEO plugin v27.2 - https:\/\/yoast.com\/product\/yoast-seo-wordpress\/ -->\n<title>Gelenkwellenanschlussflansche: GF - St\u00fcwe - Hattingen<\/title>\n<meta name=\"robots\" content=\"index, follow, max-snippet:-1, max-image-preview:large, max-video-preview:-1\" \/>\n<link rel=\"canonical\" href=\"https:\/\/stuewe.de\/fr\/brides-de-raccordement-darbre-de-transmission-gf\/\" \/>\n<meta property=\"og:locale\" content=\"fr_FR\" \/>\n<meta property=\"og:type\" content=\"article\" \/>\n<meta property=\"og:title\" content=\"Gelenkwellenanschlussflansche: GF - St\u00fcwe - Hattingen\" \/>\n<meta property=\"og:description\" content=\"Der Gelenkwellenanschlussflansch Typ GF ist f\u00fcr den Anschluss von Standardgelenkwellen an zylindrische Wellen geeignet. Er zeichnet sich durch eine optimale Kraft\u00fcbertragung, eine einfache und schnelle Montage, sowie eine sichere Verbindung bei wechselnden oder sto\u00dfhaften Drehmomenten aus.Auf Anfrage k\u00f6nnen zudem vom Standard...\" \/>\n<meta property=\"og:url\" content=\"https:\/\/stuewe.de\/fr\/brides-de-raccordement-darbre-de-transmission-gf\/\" \/>\n<meta property=\"og:site_name\" content=\"St\u00fcwe - Hattingen\" \/>\n<meta property=\"article:modified_time\" content=\"2026-03-25T15:45:51+00:00\" \/>\n<meta property=\"og:image\" content=\"https:\/\/stuewe.de\/wp-content\/uploads\/2024\/08\/csm_gf_demoniert_explosion_6c2326196f.png\" \/>\n<meta name=\"twitter:card\" content=\"summary_large_image\" \/>\n<meta name=\"twitter:label1\" content=\"Dur\u00e9e de lecture estim\u00e9e\" \/>\n\t<meta name=\"twitter:data1\" content=\"4 minutes\" \/>\n<script type=\"application\/ld+json\" class=\"yoast-schema-graph\">{\"@context\":\"https:\/\/schema.org\",\"@graph\":[{\"@type\":\"WebPage\",\"@id\":\"https:\/\/stuewe.de\/gelenkwellenanschlussflansche-gf\/\",\"url\":\"https:\/\/stuewe.de\/gelenkwellenanschlussflansche-gf\/\",\"name\":\"Gelenkwellenanschlussflansche: GF - St\u00fcwe - Hattingen\",\"isPartOf\":{\"@id\":\"https:\/\/stuewe.de\/#website\"},\"primaryImageOfPage\":{\"@id\":\"https:\/\/stuewe.de\/gelenkwellenanschlussflansche-gf\/#primaryimage\"},\"image\":{\"@id\":\"https:\/\/stuewe.de\/gelenkwellenanschlussflansche-gf\/#primaryimage\"},\"thumbnailUrl\":\"https:\/\/stuewe.de\/wp-content\/uploads\/2024\/08\/csm_gf_demoniert_explosion_6c2326196f.png\",\"datePublished\":\"2024-08-20T10:58:40+00:00\",\"dateModified\":\"2026-03-25T15:45:51+00:00\",\"breadcrumb\":{\"@id\":\"https:\/\/stuewe.de\/gelenkwellenanschlussflansche-gf\/#breadcrumb\"},\"inLanguage\":\"fr-FR\",\"potentialAction\":[{\"@type\":\"ReadAction\",\"target\":[\"https:\/\/stuewe.de\/gelenkwellenanschlussflansche-gf\/\"]}]},{\"@type\":\"ImageObject\",\"inLanguage\":\"fr-FR\",\"@id\":\"https:\/\/stuewe.de\/gelenkwellenanschlussflansche-gf\/#primaryimage\",\"url\":\"https:\/\/stuewe.de\/wp-content\/uploads\/2024\/08\/csm_gf_demoniert_explosion_6c2326196f.png\",\"contentUrl\":\"https:\/\/stuewe.de\/wp-content\/uploads\/2024\/08\/csm_gf_demoniert_explosion_6c2326196f.png\"},{\"@type\":\"BreadcrumbList\",\"@id\":\"https:\/\/stuewe.de\/gelenkwellenanschlussflansche-gf\/#breadcrumb\",\"itemListElement\":[{\"@type\":\"ListItem\",\"position\":1,\"name\":\"Start\",\"item\":\"https:\/\/stuewe.de\/\"},{\"@type\":\"ListItem\",\"position\":2,\"name\":\"Gelenkwellenanschlussflansche: GF\"}]},{\"@type\":\"WebSite\",\"@id\":\"https:\/\/stuewe.de\/#website\",\"url\":\"https:\/\/stuewe.de\/\",\"name\":\"St\u00fcwe - Hattingen\",\"description\":\"Maschinenbauteilen f\u00fcr Antriebstechnik\",\"potentialAction\":[{\"@type\":\"SearchAction\",\"target\":{\"@type\":\"EntryPoint\",\"urlTemplate\":\"https:\/\/stuewe.de\/?s={search_term_string}\"},\"query-input\":{\"@type\":\"PropertyValueSpecification\",\"valueRequired\":true,\"valueName\":\"search_term_string\"}}],\"inLanguage\":\"fr-FR\"}]}<\/script>\n<!-- \/ Yoast SEO plugin. -->","yoast_head_json":{"title":"Brides de raccordement d'arbre \u00e0 cardan : GF - St\u00fcwe - Hattingen","robots":{"index":"index","follow":"follow","max-snippet":"max-snippet:-1","max-image-preview":"max-image-preview:large","max-video-preview":"max-video-preview:-1"},"canonical":"https:\/\/stuewe.de\/fr\/brides-de-raccordement-darbre-de-transmission-gf\/","og_locale":"fr_FR","og_type":"article","og_title":"Gelenkwellenanschlussflansche: GF - St\u00fcwe - Hattingen","og_description":"Der Gelenkwellenanschlussflansch Typ GF ist f\u00fcr den Anschluss von Standardgelenkwellen an zylindrische Wellen geeignet. Er zeichnet sich durch eine optimale Kraft\u00fcbertragung, eine einfache und schnelle Montage, sowie eine sichere Verbindung bei wechselnden oder sto\u00dfhaften Drehmomenten aus.Auf Anfrage k\u00f6nnen zudem vom Standard...","og_url":"https:\/\/stuewe.de\/fr\/brides-de-raccordement-darbre-de-transmission-gf\/","og_site_name":"St\u00fcwe - Hattingen","article_modified_time":"2026-03-25T15:45:51+00:00","og_image":[{"url":"https:\/\/stuewe.de\/wp-content\/uploads\/2024\/08\/csm_gf_demoniert_explosion_6c2326196f.png","type":"","width":"","height":""}],"twitter_card":"summary_large_image","twitter_misc":{"Dur\u00e9e de lecture estim\u00e9e":"4 minutes"},"schema":{"@context":"https:\/\/schema.org","@graph":[{"@type":"WebPage","@id":"https:\/\/stuewe.de\/gelenkwellenanschlussflansche-gf\/","url":"https:\/\/stuewe.de\/gelenkwellenanschlussflansche-gf\/","name":"Brides de raccordement d'arbre \u00e0 cardan : GF - St\u00fcwe - Hattingen","isPartOf":{"@id":"https:\/\/stuewe.de\/#website"},"primaryImageOfPage":{"@id":"https:\/\/stuewe.de\/gelenkwellenanschlussflansche-gf\/#primaryimage"},"image":{"@id":"https:\/\/stuewe.de\/gelenkwellenanschlussflansche-gf\/#primaryimage"},"thumbnailUrl":"https:\/\/stuewe.de\/wp-content\/uploads\/2024\/08\/csm_gf_demoniert_explosion_6c2326196f.png","datePublished":"2024-08-20T10:58:40+00:00","dateModified":"2026-03-25T15:45:51+00:00","breadcrumb":{"@id":"https:\/\/stuewe.de\/gelenkwellenanschlussflansche-gf\/#breadcrumb"},"inLanguage":"fr-FR","potentialAction":[{"@type":"ReadAction","target":["https:\/\/stuewe.de\/gelenkwellenanschlussflansche-gf\/"]}]},{"@type":"ImageObject","inLanguage":"fr-FR","@id":"https:\/\/stuewe.de\/gelenkwellenanschlussflansche-gf\/#primaryimage","url":"https:\/\/stuewe.de\/wp-content\/uploads\/2024\/08\/csm_gf_demoniert_explosion_6c2326196f.png","contentUrl":"https:\/\/stuewe.de\/wp-content\/uploads\/2024\/08\/csm_gf_demoniert_explosion_6c2326196f.png"},{"@type":"BreadcrumbList","@id":"https:\/\/stuewe.de\/gelenkwellenanschlussflansche-gf\/#breadcrumb","itemListElement":[{"@type":"ListItem","position":1,"name":"Start","item":"https:\/\/stuewe.de\/"},{"@type":"ListItem","position":2,"name":"Gelenkwellenanschlussflansche: GF"}]},{"@type":"WebSite","@id":"https:\/\/stuewe.de\/#website","url":"https:\/\/stuewe.de\/","name":"St\u00fcwe - Hattingen","description":"Pi\u00e8ces de machines pour la technique d'entra\u00eenement","potentialAction":[{"@type":"SearchAction","target":{"@type":"EntryPoint","urlTemplate":"https:\/\/stuewe.de\/?s={search_term_string}"},"query-input":{"@type":"PropertyValueSpecification","valueRequired":true,"valueName":"search_term_string"}}],"inLanguage":"fr-FR"}]}},"_links":{"self":[{"href":"https:\/\/stuewe.de\/fr\/wp-json\/wp\/v2\/pages\/17600","targetHints":{"allow":["GET"]}}],"collection":[{"href":"https:\/\/stuewe.de\/fr\/wp-json\/wp\/v2\/pages"}],"about":[{"href":"https:\/\/stuewe.de\/fr\/wp-json\/wp\/v2\/types\/page"}],"author":[{"embeddable":true,"href":"https:\/\/stuewe.de\/fr\/wp-json\/wp\/v2\/users\/8"}],"replies":[{"embeddable":true,"href":"https:\/\/stuewe.de\/fr\/wp-json\/wp\/v2\/comments?post=17600"}],"version-history":[{"count":19,"href":"https:\/\/stuewe.de\/fr\/wp-json\/wp\/v2\/pages\/17600\/revisions"}],"predecessor-version":[{"id":20521,"href":"https:\/\/stuewe.de\/fr\/wp-json\/wp\/v2\/pages\/17600\/revisions\/20521"}],"wp:attachment":[{"href":"https:\/\/stuewe.de\/fr\/wp-json\/wp\/v2\/media?parent=17600"}],"curies":[{"name":"wp","href":"https:\/\/api.w.org\/{rel}","templated":true}]}}