{"id":16659,"date":"2024-08-03T02:49:50","date_gmt":"2024-08-03T00:49:50","guid":{"rendered":"https:\/\/stuewe-test.ge-buer.de\/?page_id=16659"},"modified":"2024-11-18T22:28:39","modified_gmt":"2024-11-18T21:28:39","slug":"stuewe-disques-de-frein-industriels-type-sbd-2","status":"publish","type":"page","link":"https:\/\/stuewe.de\/fr\/stuewe-industriebremsscheiben-typ-sbd-2\/","title":{"rendered":"Syst\u00e8me Stop Turn Block"},"content":{"rendered":"<div data-elementor-type=\"wp-page\" data-elementor-id=\"16659\" class=\"elementor elementor-16659\">\n\t\t\t\t\t\t<section class=\"elementor-section elementor-top-section elementor-element elementor-element-190d5163 elementor-section-boxed elementor-section-height-default elementor-section-height-default\" data-id=\"190d5163\" data-element_type=\"section\" data-settings=\"{&quot;background_background&quot;:&quot;classic&quot;}\">\n\t\t\t\t\t\t<div class=\"elementor-container elementor-column-gap-no\">\n\t\t\t\t\t<div class=\"elementor-column elementor-col-100 elementor-top-column elementor-element elementor-element-5ec72f9a\" data-id=\"5ec72f9a\" data-element_type=\"column\">\n\t\t\t<div class=\"elementor-widget-wrap elementor-element-populated\">\n\t\t\t\t\t\t<section class=\"elementor-section elementor-inner-section elementor-element elementor-element-6be8e68a elementor-section-boxed elementor-section-height-default elementor-section-height-default\" data-id=\"6be8e68a\" data-element_type=\"section\" data-settings=\"{&quot;background_background&quot;:&quot;classic&quot;}\">\n\t\t\t\t\t\t<div class=\"elementor-container elementor-column-gap-no\">\n\t\t\t\t\t<div class=\"elementor-column elementor-col-50 elementor-inner-column elementor-element elementor-element-6f019cc6\" data-id=\"6f019cc6\" data-element_type=\"column\">\n\t\t\t<div class=\"elementor-widget-wrap elementor-element-populated\">\n\t\t\t\t\t\t<div class=\"elementor-element elementor-element-5abf5a2 elementor-widget elementor-widget-industrium_heading\" data-id=\"5abf5a2\" data-element_type=\"widget\" data-widget_type=\"industrium_heading.default\">\n\t\t\t\t<div class=\"elementor-widget-container\">\n\t\t\t<div class=\"industrium-heading-widget\"><h2 class=\"industrium-heading\"><span class=\"industrium-subheading no-dot\">Syst\u00e8me Stop-Turn-Block de St\u00fcwe<\/span><span class=\"industrium-heading-content\">Polyvalence au plus haut niveau<\/span><\/h2><\/div>\t\t<\/div>\n\t\t\t\t<\/div>\n\t\t\t\t<div class=\"elementor-element elementor-element-168c4a5 elementor-widget elementor-widget-text-editor\" data-id=\"168c4a5\" data-element_type=\"widget\" data-widget_type=\"text-editor.default\">\n\t\t\t\t<div class=\"elementor-widget-container\">\n\t\t\t\t\t\t\t<p>Le syst\u00e8me STB de ST\u00dcWE a \u00e9t\u00e9 con\u00e7u pour les arbres d'h\u00e9lice avec une puissance principale de <br \/>jusqu'\u00e0 25 MW dans les grands yachts, les bateaux de croisi\u00e8re, les ferries ou les navires commerciaux <br \/>ont \u00e9t\u00e9 d\u00e9velopp\u00e9s. Gr\u00e2ce \u00e0 un syst\u00e8me modulaire, nos appareils peuvent \u00eatre utilis\u00e9s avec les trois seuls <br \/>deux ou une seule des fonctions principales STOP-TURN-BLOCK.<br \/><br \/><\/p>\t\t\t\t\t\t<\/div>\n\t\t\t\t<\/div>\n\t\t\t\t<div class=\"elementor-element elementor-element-98219a0 elementor-widget elementor-widget-text-editor\" data-id=\"98219a0\" data-element_type=\"widget\" data-widget_type=\"text-editor.default\">\n\t\t\t\t<div class=\"elementor-widget-container\">\n\t\t\t\t\t\t\t<p><b>STOP<\/b>: <span class=\"TextRun SCXW193646409 BCX0\" lang=\"DE-DE\" xml:lang=\"DE-DE\" data-contrast=\"auto\"><span class=\"NormalTextRun SCXW193646409 BCX0\">L'arbre peut \u00eatre stopp\u00e9 par un syst\u00e8me de freinage \u00e0 commande hydraulique, pneumatique ou \u00e9lectrique apr\u00e8s la d\u00e9connexion du moteur principal. Le<\/span> <\/span><span class=\"TextRun Highlight SCXW193646409 BCX0\" lang=\"DE-DE\" xml:lang=\"DE-DE\" data-contrast=\"auto\"><span class=\"NormalTextRun SCXW193646409 BCX0\">puissant<\/span><\/span><span class=\"TextRun SCXW193646409 BCX0\" lang=\"DE-DE\" xml:lang=\"DE-DE\" data-contrast=\"auto\"><span class=\"NormalTextRun SCXW193646409 BCX0\"> Le paquet de force est inclus dans la livraison et<\/span> <\/span><span class=\"TextRun Highlight SCXW193646409 BCX0\" lang=\"DE-DE\" xml:lang=\"DE-DE\" data-contrast=\"auto\"><span class=\"NormalTextRun SCXW193646409 BCX0\">l'interface et la fonction sont toutes deux <\/span><span class=\"NormalTextRun SCXW193646409 BCX0\">selon <\/span><span class=\"NormalTextRun SCXW193646409 BCX0\">Adapt\u00e9 \u00e0 vos besoins.<\/span><\/span><\/p>\t\t\t\t\t\t<\/div>\n\t\t\t\t<\/div>\n\t\t\t\t<div class=\"elementor-element elementor-element-e275167 elementor-widget elementor-widget-text-editor\" data-id=\"e275167\" data-element_type=\"widget\" data-widget_type=\"text-editor.default\">\n\t\t\t\t<div class=\"elementor-widget-container\">\n\t\t\t\t\t\t\t<p><b>TURN<\/b>L'arbre principal peut \u00eatre tourn\u00e9 dans les deux sens sans avoir \u00e0 d\u00e9marrer le moteur principal. L'appareil de rotation fonctionne \u00e9lectriquement et est normalement \u00e9quip\u00e9 d'un volant de s\u00e9curit\u00e9 pour le fonctionnement d'urgence.<\/p>\t\t\t\t\t\t<\/div>\n\t\t\t\t<\/div>\n\t\t\t\t<div class=\"elementor-element elementor-element-0126ff2 elementor-widget elementor-widget-text-editor\" data-id=\"0126ff2\" data-element_type=\"widget\" data-widget_type=\"text-editor.default\">\n\t\t\t\t<div class=\"elementor-widget-container\">\n\t\t\t\t\t\t\t<p><b>BLOCK<\/b>: l'arbre peut \u00eatre bloqu\u00e9 par une goupille qui est <span class=\"TextRun Highlight SCXW142119647 BCX0\" lang=\"DE-DE\" xml:lang=\"DE-DE\" data-contrast=\"auto\"><span class=\"NormalTextRun SCXW142119647 BCX0\">pr\u00e9vu<\/span><\/span> les trous des disques. L'utilisation de la goupille peut se faire facilement \u00e0 la main ou confortablement par volant ou \u00e9lectriquement.<\/p>\t\t\t\t\t\t<\/div>\n\t\t\t\t<\/div>\n\t\t\t\t<div class=\"elementor-element elementor-element-51ca683 elementor-widget elementor-widget-industrium_heading\" data-id=\"51ca683\" data-element_type=\"widget\" data-widget_type=\"industrium_heading.default\">\n\t\t\t\t<div class=\"elementor-widget-container\">\n\t\t\t<div class=\"industrium-heading-widget\"><h2 class=\"industrium-heading\"><span class=\"industrium-heading-content\">Avantages du syst\u00e8me STB de ST\u00dcWE :<\/span><\/h2><\/div>\t\t<\/div>\n\t\t\t\t<\/div>\n\t\t\t\t<div class=\"elementor-element elementor-element-2d1ca977 elementor-widget__width-auto elementor-icon-list--layout-traditional elementor-list-item-link-full_width elementor-widget elementor-widget-icon-list\" data-id=\"2d1ca977\" data-element_type=\"widget\" data-widget_type=\"icon-list.default\">\n\t\t\t\t<div class=\"elementor-widget-container\">\n\t\t\t\t\t<ul class=\"elementor-icon-list-items\">\n\t\t\t\t\t\t\t<li class=\"elementor-icon-list-item\">\n\t\t\t\t\t\t\t\t\t\t\t<span class=\"elementor-icon-list-icon\">\n\t\t\t\t\t\t\t<svg aria-hidden=\"true\" class=\"e-font-icon-svg e-fas-dot-circle\" viewbox=\"0 0 512 512\" xmlns=\"http:\/\/www.w3.org\/2000\/svg\"><path d=\"M256 8C119.033 8 8 119.033 8 256s111.033 248 248 248 248-111.033 248-248S392.967 8 256 8zm80 248c0 44.112-35.888 80-80 80s-80-35.888-80-80 35.888-80 80-80 80 35.888 80 80z\"><\/path><\/svg>\t\t\t\t\t\t<\/span>\n\t\t\t\t\t\t\t\t\t\t<span class=\"elementor-icon-list-text\">Construction simple, s\u00fbre et robuste avec une protection \u00e9lev\u00e9e contre la corrosion<\/span>\n\t\t\t\t\t\t\t\t\t<\/li>\n\t\t\t\t\t\t\t\t<li class=\"elementor-icon-list-item\">\n\t\t\t\t\t\t\t\t\t\t\t<span class=\"elementor-icon-list-icon\">\n\t\t\t\t\t\t\t<svg aria-hidden=\"true\" class=\"e-font-icon-svg e-fas-dot-circle\" viewbox=\"0 0 512 512\" xmlns=\"http:\/\/www.w3.org\/2000\/svg\"><path d=\"M256 8C119.033 8 8 119.033 8 256s111.033 248 248 248 248-111.033 248-248S392.967 8 256 8zm80 248c0 44.112-35.888 80-80 80s-80-35.888-80-80 35.888-80 80-80 80 35.888 80 80z\"><\/path><\/svg>\t\t\t\t\t\t<\/span>\n\t\t\t\t\t\t\t\t\t\t<span class=\"elementor-icon-list-text\">Utilisation simple et s\u00fbre gr\u00e2ce aux verrouillages dans la commande<\/span>\n\t\t\t\t\t\t\t\t\t<\/li>\n\t\t\t\t\t\t\t\t<li class=\"elementor-icon-list-item\">\n\t\t\t\t\t\t\t\t\t\t\t<span class=\"elementor-icon-list-icon\">\n\t\t\t\t\t\t\t<svg aria-hidden=\"true\" class=\"e-font-icon-svg e-fas-dot-circle\" viewbox=\"0 0 512 512\" xmlns=\"http:\/\/www.w3.org\/2000\/svg\"><path d=\"M256 8C119.033 8 8 119.033 8 256s111.033 248 248 248 248-111.033 248-248S392.967 8 256 8zm80 248c0 44.112-35.888 80-80 80s-80-35.888-80-80 35.888-80 80-80 80 35.888 80 80z\"><\/path><\/svg>\t\t\t\t\t\t<\/span>\n\t\t\t\t\t\t\t\t\t\t<span class=\"elementor-icon-list-text\">Tous les composants \u00e9lectroniques, y compris les capteurs, sont certifi\u00e9s par une soci\u00e9t\u00e9 de classification.<\/span>\n\t\t\t\t\t\t\t\t\t<\/li>\n\t\t\t\t\t\t\t\t<li class=\"elementor-icon-list-item\">\n\t\t\t\t\t\t\t\t\t\t\t<span class=\"elementor-icon-list-icon\">\n\t\t\t\t\t\t\t<svg aria-hidden=\"true\" class=\"e-font-icon-svg e-fas-dot-circle\" viewbox=\"0 0 512 512\" xmlns=\"http:\/\/www.w3.org\/2000\/svg\"><path d=\"M256 8C119.033 8 8 119.033 8 256s111.033 248 248 248 248-111.033 248-248S392.967 8 256 8zm80 248c0 44.112-35.888 80-80 80s-80-35.888-80-80 35.888-80 80-80 80 35.888 80 80z\"><\/path><\/svg>\t\t\t\t\t\t<\/span>\n\t\t\t\t\t\t\t\t\t\t<span class=\"elementor-icon-list-text\">Un seul type de capteur pour toutes les fonctions signifie une grande disponibilit\u00e9 en mer et dans le monde entier<\/span>\n\t\t\t\t\t\t\t\t\t<\/li>\n\t\t\t\t\t\t\t\t<li class=\"elementor-icon-list-item\">\n\t\t\t\t\t\t\t\t\t\t\t<span class=\"elementor-icon-list-icon\">\n\t\t\t\t\t\t\t<svg aria-hidden=\"true\" class=\"e-font-icon-svg e-fas-dot-circle\" viewbox=\"0 0 512 512\" xmlns=\"http:\/\/www.w3.org\/2000\/svg\"><path d=\"M256 8C119.033 8 8 119.033 8 256s111.033 248 248 248 248-111.033 248-248S392.967 8 256 8zm80 248c0 44.112-35.888 80-80 80s-80-35.888-80-80 35.888-80 80-80 80 35.888 80 80z\"><\/path><\/svg>\t\t\t\t\t\t<\/span>\n\t\t\t\t\t\t\t\t\t\t<span class=\"elementor-icon-list-text\">Entretien tr\u00e8s simple, par exemple lors du remplacement des garnitures de frein<\/span>\n\t\t\t\t\t\t\t\t\t<\/li>\n\t\t\t\t\t\t<\/ul>\n\t\t\t\t<\/div>\n\t\t\t\t<\/div>\n\t\t\t\t<div class=\"elementor-element elementor-element-43fc715 elementor-widget elementor-widget-image\" data-id=\"43fc715\" data-element_type=\"widget\" data-widget_type=\"image.default\">\n\t\t\t\t<div class=\"elementor-widget-container\">\n\t\t\t\t\t\t\t\t\t\t\t\t\t<img fetchpriority=\"high\" decoding=\"async\" width=\"746\" height=\"639\" src=\"https:\/\/stuewe.de\/wp-content\/uploads\/2024\/11\/Screenshot-2024-11-18-222711.png\" class=\"attachment-large size-large wp-image-18957\" alt=\"\" srcset=\"https:\/\/stuewe.de\/wp-content\/uploads\/2024\/11\/Screenshot-2024-11-18-222711.png 746w, https:\/\/stuewe.de\/wp-content\/uploads\/2024\/11\/Screenshot-2024-11-18-222711-300x257.png 300w, https:\/\/stuewe.de\/wp-content\/uploads\/2024\/11\/Screenshot-2024-11-18-222711-14x12.png 14w\" sizes=\"(max-width: 746px) 100vw, 746px\" \/>\t\t\t\t\t\t\t\t\t\t\t\t\t<\/div>\n\t\t\t\t<\/div>\n\t\t\t\t\t<\/div>\n\t\t<\/div>\n\t\t\t\t<div class=\"elementor-column elementor-col-50 elementor-inner-column elementor-element elementor-element-404f35fa\" data-id=\"404f35fa\" data-element_type=\"column\" data-settings=\"{&quot;background_background&quot;:&quot;classic&quot;}\">\n\t\t\t<div class=\"elementor-widget-wrap elementor-element-populated\">\n\t\t\t\t\t\t<div class=\"elementor-element elementor-element-a5d9995 elementor-widget elementor-widget-image\" data-id=\"a5d9995\" data-element_type=\"widget\" data-widget_type=\"image.default\">\n\t\t\t\t<div class=\"elementor-widget-container\">\n\t\t\t\t\t\t\t\t\t\t\t\t\t<img decoding=\"async\" width=\"700\" height=\"700\" src=\"https:\/\/stuewe.de\/wp-content\/uploads\/2024\/09\/stuewe_stop.jpg\" class=\"attachment-full size-full wp-image-18708\" alt=\"\" srcset=\"https:\/\/stuewe.de\/wp-content\/uploads\/2024\/09\/stuewe_stop.jpg 700w, https:\/\/stuewe.de\/wp-content\/uploads\/2024\/09\/stuewe_stop-300x300.jpg 300w, https:\/\/stuewe.de\/wp-content\/uploads\/2024\/09\/stuewe_stop-150x150.jpg 150w\" sizes=\"(max-width: 700px) 100vw, 700px\" \/>\t\t\t\t\t\t\t\t\t\t\t\t\t<\/div>\n\t\t\t\t<\/div>\n\t\t\t\t<div class=\"elementor-element elementor-element-09af69f elementor-widget elementor-widget-image\" data-id=\"09af69f\" data-element_type=\"widget\" data-widget_type=\"image.default\">\n\t\t\t\t<div class=\"elementor-widget-container\">\n\t\t\t\t\t\t\t\t\t\t\t\t\t<img decoding=\"async\" width=\"388\" height=\"240\" src=\"https:\/\/stuewe.de\/wp-content\/uploads\/2024\/11\/stop_turn_block_system.png\" class=\"attachment-full size-full wp-image-18956\" alt=\"\" srcset=\"https:\/\/stuewe.de\/wp-content\/uploads\/2024\/11\/stop_turn_block_system.png 388w, https:\/\/stuewe.de\/wp-content\/uploads\/2024\/11\/stop_turn_block_system-300x186.png 300w, https:\/\/stuewe.de\/wp-content\/uploads\/2024\/11\/stop_turn_block_system-18x12.png 18w\" sizes=\"(max-width: 388px) 100vw, 388px\" \/>\t\t\t\t\t\t\t\t\t\t\t\t\t<\/div>\n\t\t\t\t<\/div>\n\t\t\t\t\t<\/div>\n\t\t<\/div>\n\t\t\t\t\t<\/div>\n\t\t<\/section>\n\t\t\t\t\t<\/div>\n\t\t<\/div>\n\t\t\t\t\t<\/div>\n\t\t<\/section>\n\t\t\t\t<section class=\"elementor-section elementor-top-section elementor-element elementor-element-7baccd31 elementor-section-full_width elementor-section-height-default elementor-section-height-default\" data-id=\"7baccd31\" data-element_type=\"section\" data-settings=\"{&quot;background_background&quot;:&quot;classic&quot;}\">\n\t\t\t\t\t\t<div class=\"elementor-container elementor-column-gap-no\">\n\t\t\t\t\t<div class=\"elementor-column elementor-col-100 elementor-top-column elementor-element elementor-element-252d8a85\" data-id=\"252d8a85\" data-element_type=\"column\">\n\t\t\t<div class=\"elementor-widget-wrap elementor-element-populated\">\n\t\t\t\t\t\t<section class=\"elementor-section elementor-inner-section elementor-element elementor-element-583e9025 elementor-section-full_width elementor-section-height-default elementor-section-height-default\" data-id=\"583e9025\" data-element_type=\"section\" data-settings=\"{&quot;background_background&quot;:&quot;classic&quot;}\">\n\t\t\t\t\t\t<div class=\"elementor-container elementor-column-gap-no\">\n\t\t\t\t\t<div class=\"elementor-column elementor-col-50 elementor-inner-column elementor-element elementor-element-7a50307\" data-id=\"7a50307\" data-element_type=\"column\" data-settings=\"{&quot;background_background&quot;:&quot;classic&quot;}\">\n\t\t\t<div class=\"elementor-widget-wrap elementor-element-populated\">\n\t\t\t\t\t\t<div class=\"elementor-element elementor-element-18158086 elementor-widget elementor-widget-spacer\" data-id=\"18158086\" data-element_type=\"widget\" data-widget_type=\"spacer.default\">\n\t\t\t\t<div class=\"elementor-widget-container\">\n\t\t\t\t\t<div class=\"elementor-spacer\">\n\t\t\t<div class=\"elementor-spacer-inner\"><\/div>\n\t\t<\/div>\n\t\t\t\t<\/div>\n\t\t\t\t<\/div>\n\t\t\t\t\t<\/div>\n\t\t<\/div>\n\t\t\t\t<div class=\"elementor-column elementor-col-50 elementor-inner-column elementor-element elementor-element-2a4b35e3\" data-id=\"2a4b35e3\" data-element_type=\"column\" data-settings=\"{&quot;background_background&quot;:&quot;classic&quot;}\">\n\t\t\t<div class=\"elementor-widget-wrap elementor-element-populated\">\n\t\t\t\t\t\t<div class=\"elementor-element elementor-element-1c81e63 elementor-widget elementor-widget-industrium_heading\" data-id=\"1c81e63\" data-element_type=\"widget\" data-widget_type=\"industrium_heading.default\">\n\t\t\t\t<div class=\"elementor-widget-container\">\n\t\t\t<div class=\"industrium-heading-widget\"><h2 class=\"industrium-heading\"><span class=\"industrium-subheading no-dot\">Int\u00e9ress\u00e9(e) \u00e0 travailler avec nous ?<\/span><span class=\"industrium-heading-content\">Contactez-nous<\/span><\/h2><\/div>\t\t<\/div>\n\t\t\t\t<\/div>\n\t\t\t\t<div class=\"elementor-element elementor-element-48dbcb58 elementor-align-left elementor-widget elementor-widget-button\" data-id=\"48dbcb58\" data-element_type=\"widget\" data-widget_type=\"button.default\">\n\t\t\t\t<div class=\"elementor-widget-container\">\n\t\t\t\t\t<div class=\"elementor-button-wrapper\">\n\t\t\t<a class=\"elementor-button elementor-button-link elementor-size-sm\" href=\"\/fr\/contact\/\">\n\t\t\t\t\t\t<span class=\"elementor-button-content-wrapper\">\n\t\t\t\t\t\t\t\t\t<span class=\"elementor-button-text\">Contact<\/span>\n\t\t\t\t\t<\/span>\n\t\t\t\t\t<\/a>\n\t\t<\/div>\n\t\t\t\t<\/div>\n\t\t\t\t<\/div>\n\t\t\t\t\t<\/div>\n\t\t<\/div>\n\t\t\t\t\t<\/div>\n\t\t<\/section>\n\t\t\t\t\t<\/div>\n\t\t<\/div>\n\t\t\t\t\t<\/div>\n\t\t<\/section>\n\t\t\t\t<section class=\"elementor-section elementor-top-section elementor-element elementor-element-71663e7e elementor-section-boxed elementor-section-height-default elementor-section-height-default\" data-id=\"71663e7e\" data-element_type=\"section\" data-settings=\"{&quot;background_background&quot;:&quot;classic&quot;}\">\n\t\t\t\t\t\t<div class=\"elementor-container elementor-column-gap-no\">\n\t\t\t\t\t<div class=\"elementor-column elementor-col-100 elementor-top-column elementor-element elementor-element-45138353\" data-id=\"45138353\" data-element_type=\"column\">\n\t\t\t<div class=\"elementor-widget-wrap\">\n\t\t\t\t\t\t\t<\/div>\n\t\t<\/div>\n\t\t\t\t\t<\/div>\n\t\t<\/section>\n\t\t\t\t<\/div>","protected":false},"excerpt":{"rendered":"<p>Le syst\u00e8me STB de ST\u00dcWE a \u00e9t\u00e9 con\u00e7u pour les arbres d'h\u00e9lice d'une puissance principale allant jusqu'\u00e0 25 MW dans les grands yachts, les bateaux de croisi\u00e8re, les ferries ou les navires commerciaux. Gr\u00e2ce \u00e0 un syst\u00e8me modulaire, nos appareils peuvent \u00eatre \u00e9quip\u00e9s des trois fonctions principales, de deux seulement ou d'une...<\/p>","protected":false},"author":8,"featured_media":0,"parent":0,"menu_order":0,"comment_status":"closed","ping_status":"closed","template":"elementor_header_footer","meta":{"footnotes":""},"class_list":["post-16659","page","type-page","status-publish","hentry"],"yoast_head":"<!-- This site is optimized with the Yoast SEO plugin v27.2 - https:\/\/yoast.com\/product\/yoast-seo-wordpress\/ -->\n<title>Stop Turn Block System - St\u00fcwe - Hattingen<\/title>\n<meta name=\"robots\" content=\"index, follow, max-snippet:-1, max-image-preview:large, max-video-preview:-1\" \/>\n<link rel=\"canonical\" href=\"https:\/\/stuewe.de\/fr\/stuewe-disques-de-frein-industriels-type-sbd-2\/\" \/>\n<meta property=\"og:locale\" content=\"fr_FR\" \/>\n<meta property=\"og:type\" content=\"article\" \/>\n<meta property=\"og:title\" content=\"Stop Turn Block System - St\u00fcwe - Hattingen\" \/>\n<meta property=\"og:description\" content=\"Das STB-System von ST\u00dcWE wurde f\u00fcr Propellerwellen mit einer Hauptleistung von bis zu 25 MW in gro\u00dfen Yachten, Kreuzfahrtschiffen, F\u00e4hren oder kommerziellen Schiffen entwickelt. Dank eines modularen Systems k\u00f6nnen unsere Ger\u00e4te mit allen drei, nur zwei oder nur einer der Hauptfunktionen...\" \/>\n<meta property=\"og:url\" content=\"https:\/\/stuewe.de\/fr\/stuewe-disques-de-frein-industriels-type-sbd-2\/\" \/>\n<meta property=\"og:site_name\" content=\"St\u00fcwe - Hattingen\" \/>\n<meta property=\"article:modified_time\" content=\"2024-11-18T21:28:39+00:00\" \/>\n<meta property=\"og:image\" content=\"https:\/\/stuewe.de\/wp-content\/uploads\/2024\/11\/Screenshot-2024-11-18-222711.png\" \/>\n\t<meta property=\"og:image:width\" content=\"746\" \/>\n\t<meta property=\"og:image:height\" content=\"639\" \/>\n\t<meta property=\"og:image:type\" content=\"image\/png\" \/>\n<meta name=\"twitter:card\" content=\"summary_large_image\" \/>\n<meta name=\"twitter:label1\" content=\"Dur\u00e9e de lecture estim\u00e9e\" \/>\n\t<meta name=\"twitter:data1\" content=\"1 minute\" \/>\n<script type=\"application\/ld+json\" class=\"yoast-schema-graph\">{\"@context\":\"https:\/\/schema.org\",\"@graph\":[{\"@type\":\"WebPage\",\"@id\":\"https:\/\/stuewe.de\/stuewe-industriebremsscheiben-typ-sbd-2\/\",\"url\":\"https:\/\/stuewe.de\/stuewe-industriebremsscheiben-typ-sbd-2\/\",\"name\":\"Stop Turn Block System - St\u00fcwe - Hattingen\",\"isPartOf\":{\"@id\":\"https:\/\/stuewe.de\/#website\"},\"primaryImageOfPage\":{\"@id\":\"https:\/\/stuewe.de\/stuewe-industriebremsscheiben-typ-sbd-2\/#primaryimage\"},\"image\":{\"@id\":\"https:\/\/stuewe.de\/stuewe-industriebremsscheiben-typ-sbd-2\/#primaryimage\"},\"thumbnailUrl\":\"https:\/\/stuewe.de\/wp-content\/uploads\/2024\/11\/Screenshot-2024-11-18-222711.png\",\"datePublished\":\"2024-08-03T00:49:50+00:00\",\"dateModified\":\"2024-11-18T21:28:39+00:00\",\"breadcrumb\":{\"@id\":\"https:\/\/stuewe.de\/stuewe-industriebremsscheiben-typ-sbd-2\/#breadcrumb\"},\"inLanguage\":\"fr-FR\",\"potentialAction\":[{\"@type\":\"ReadAction\",\"target\":[\"https:\/\/stuewe.de\/stuewe-industriebremsscheiben-typ-sbd-2\/\"]}]},{\"@type\":\"ImageObject\",\"inLanguage\":\"fr-FR\",\"@id\":\"https:\/\/stuewe.de\/stuewe-industriebremsscheiben-typ-sbd-2\/#primaryimage\",\"url\":\"https:\/\/stuewe.de\/wp-content\/uploads\/2024\/11\/Screenshot-2024-11-18-222711.png\",\"contentUrl\":\"https:\/\/stuewe.de\/wp-content\/uploads\/2024\/11\/Screenshot-2024-11-18-222711.png\"},{\"@type\":\"BreadcrumbList\",\"@id\":\"https:\/\/stuewe.de\/stuewe-industriebremsscheiben-typ-sbd-2\/#breadcrumb\",\"itemListElement\":[{\"@type\":\"ListItem\",\"position\":1,\"name\":\"Start\",\"item\":\"https:\/\/stuewe.de\/\"},{\"@type\":\"ListItem\",\"position\":2,\"name\":\"Stop Turn Block System\"}]},{\"@type\":\"WebSite\",\"@id\":\"https:\/\/stuewe.de\/#website\",\"url\":\"https:\/\/stuewe.de\/\",\"name\":\"St\u00fcwe - Hattingen\",\"description\":\"Maschinenbauteilen f\u00fcr Antriebstechnik\",\"potentialAction\":[{\"@type\":\"SearchAction\",\"target\":{\"@type\":\"EntryPoint\",\"urlTemplate\":\"https:\/\/stuewe.de\/?s={search_term_string}\"},\"query-input\":{\"@type\":\"PropertyValueSpecification\",\"valueRequired\":true,\"valueName\":\"search_term_string\"}}],\"inLanguage\":\"fr-FR\"}]}<\/script>\n<!-- \/ Yoast SEO plugin. -->","yoast_head_json":{"title":"Syst\u00e8me de bloc Stop Turn - St\u00fcwe - Hattingen","robots":{"index":"index","follow":"follow","max-snippet":"max-snippet:-1","max-image-preview":"max-image-preview:large","max-video-preview":"max-video-preview:-1"},"canonical":"https:\/\/stuewe.de\/fr\/stuewe-disques-de-frein-industriels-type-sbd-2\/","og_locale":"fr_FR","og_type":"article","og_title":"Stop Turn Block System - St\u00fcwe - Hattingen","og_description":"Das STB-System von ST\u00dcWE wurde f\u00fcr Propellerwellen mit einer Hauptleistung von bis zu 25 MW in gro\u00dfen Yachten, Kreuzfahrtschiffen, F\u00e4hren oder kommerziellen Schiffen entwickelt. Dank eines modularen Systems k\u00f6nnen unsere Ger\u00e4te mit allen drei, nur zwei oder nur einer der Hauptfunktionen...","og_url":"https:\/\/stuewe.de\/fr\/stuewe-disques-de-frein-industriels-type-sbd-2\/","og_site_name":"St\u00fcwe - Hattingen","article_modified_time":"2024-11-18T21:28:39+00:00","og_image":[{"width":746,"height":639,"url":"https:\/\/stuewe.de\/wp-content\/uploads\/2024\/11\/Screenshot-2024-11-18-222711.png","type":"image\/png"}],"twitter_card":"summary_large_image","twitter_misc":{"Dur\u00e9e de lecture estim\u00e9e":"1 minute"},"schema":{"@context":"https:\/\/schema.org","@graph":[{"@type":"WebPage","@id":"https:\/\/stuewe.de\/stuewe-industriebremsscheiben-typ-sbd-2\/","url":"https:\/\/stuewe.de\/stuewe-industriebremsscheiben-typ-sbd-2\/","name":"Syst\u00e8me de bloc Stop Turn - St\u00fcwe - Hattingen","isPartOf":{"@id":"https:\/\/stuewe.de\/#website"},"primaryImageOfPage":{"@id":"https:\/\/stuewe.de\/stuewe-industriebremsscheiben-typ-sbd-2\/#primaryimage"},"image":{"@id":"https:\/\/stuewe.de\/stuewe-industriebremsscheiben-typ-sbd-2\/#primaryimage"},"thumbnailUrl":"https:\/\/stuewe.de\/wp-content\/uploads\/2024\/11\/Screenshot-2024-11-18-222711.png","datePublished":"2024-08-03T00:49:50+00:00","dateModified":"2024-11-18T21:28:39+00:00","breadcrumb":{"@id":"https:\/\/stuewe.de\/stuewe-industriebremsscheiben-typ-sbd-2\/#breadcrumb"},"inLanguage":"fr-FR","potentialAction":[{"@type":"ReadAction","target":["https:\/\/stuewe.de\/stuewe-industriebremsscheiben-typ-sbd-2\/"]}]},{"@type":"ImageObject","inLanguage":"fr-FR","@id":"https:\/\/stuewe.de\/stuewe-industriebremsscheiben-typ-sbd-2\/#primaryimage","url":"https:\/\/stuewe.de\/wp-content\/uploads\/2024\/11\/Screenshot-2024-11-18-222711.png","contentUrl":"https:\/\/stuewe.de\/wp-content\/uploads\/2024\/11\/Screenshot-2024-11-18-222711.png"},{"@type":"BreadcrumbList","@id":"https:\/\/stuewe.de\/stuewe-industriebremsscheiben-typ-sbd-2\/#breadcrumb","itemListElement":[{"@type":"ListItem","position":1,"name":"Start","item":"https:\/\/stuewe.de\/"},{"@type":"ListItem","position":2,"name":"Stop Turn Block System"}]},{"@type":"WebSite","@id":"https:\/\/stuewe.de\/#website","url":"https:\/\/stuewe.de\/","name":"St\u00fcwe - Hattingen","description":"Pi\u00e8ces de machines pour la technique d'entra\u00eenement","potentialAction":[{"@type":"SearchAction","target":{"@type":"EntryPoint","urlTemplate":"https:\/\/stuewe.de\/?s={search_term_string}"},"query-input":{"@type":"PropertyValueSpecification","valueRequired":true,"valueName":"search_term_string"}}],"inLanguage":"fr-FR"}]}},"_links":{"self":[{"href":"https:\/\/stuewe.de\/fr\/wp-json\/wp\/v2\/pages\/16659","targetHints":{"allow":["GET"]}}],"collection":[{"href":"https:\/\/stuewe.de\/fr\/wp-json\/wp\/v2\/pages"}],"about":[{"href":"https:\/\/stuewe.de\/fr\/wp-json\/wp\/v2\/types\/page"}],"author":[{"embeddable":true,"href":"https:\/\/stuewe.de\/fr\/wp-json\/wp\/v2\/users\/8"}],"replies":[{"embeddable":true,"href":"https:\/\/stuewe.de\/fr\/wp-json\/wp\/v2\/comments?post=16659"}],"version-history":[{"count":26,"href":"https:\/\/stuewe.de\/fr\/wp-json\/wp\/v2\/pages\/16659\/revisions"}],"predecessor-version":[{"id":18960,"href":"https:\/\/stuewe.de\/fr\/wp-json\/wp\/v2\/pages\/16659\/revisions\/18960"}],"wp:attachment":[{"href":"https:\/\/stuewe.de\/fr\/wp-json\/wp\/v2\/media?parent=16659"}],"curies":[{"name":"wp","href":"https:\/\/api.w.org\/{rel}","templated":true}]}}