{"id":19467,"date":"2025-07-08T09:42:20","date_gmt":"2025-07-08T07:42:20","guid":{"rendered":"https:\/\/stuewe.de\/?page_id=19467"},"modified":"2025-09-11T09:49:06","modified_gmt":"2025-09-11T07:49:06","slug":"brake-system-sbs-8h","status":"publish","type":"page","link":"https:\/\/stuewe.de\/en\/bremssystem-sbs-8h\/","title":{"rendered":"Brake system SBS 8H"},"content":{"rendered":"\t\t<div data-elementor-type=\"wp-page\" data-elementor-id=\"19467\" class=\"elementor elementor-19467\">\n\t\t\t\t\t\t<section class=\"elementor-section elementor-top-section elementor-element elementor-element-190d5163 elementor-section-boxed elementor-section-height-default elementor-section-height-default\" data-id=\"190d5163\" data-element_type=\"section\" data-settings=\"{&quot;background_background&quot;:&quot;classic&quot;}\">\n\t\t\t\t\t\t<div class=\"elementor-container elementor-column-gap-no\">\n\t\t\t\t\t<div class=\"elementor-column elementor-col-100 elementor-top-column elementor-element elementor-element-5ec72f9a\" data-id=\"5ec72f9a\" data-element_type=\"column\">\n\t\t\t<div class=\"elementor-widget-wrap elementor-element-populated\">\n\t\t\t\t\t\t<section class=\"elementor-section elementor-inner-section elementor-element elementor-element-6be8e68a elementor-section-boxed elementor-section-height-default elementor-section-height-default\" data-id=\"6be8e68a\" data-element_type=\"section\" data-settings=\"{&quot;background_background&quot;:&quot;classic&quot;}\">\n\t\t\t\t\t\t<div class=\"elementor-container elementor-column-gap-no\">\n\t\t\t\t\t<div class=\"elementor-column elementor-col-50 elementor-inner-column elementor-element elementor-element-6f019cc6\" data-id=\"6f019cc6\" data-element_type=\"column\">\n\t\t\t<div class=\"elementor-widget-wrap elementor-element-populated\">\n\t\t\t\t\t\t<div class=\"elementor-element elementor-element-168c4a5 elementor-widget elementor-widget-text-editor\" data-id=\"168c4a5\" data-element_type=\"widget\" data-widget_type=\"text-editor.default\">\n\t\t\t\t<div class=\"elementor-widget-container\">\n\t\t\t\t\t\t\t<article class=\"text-token-text-primary w-full\" dir=\"auto\" data-testid=\"conversation-turn-14\" data-scroll-anchor=\"true\"><div class=\"text-base my-auto mx-auto py-5 [--thread-content-margin:--spacing(4)] @[37rem]:[--thread-content-margin:--spacing(6)] @[72rem]:[--thread-content-margin:--spacing(16)] px-(--thread-content-margin)\"><div class=\"[--thread-content-max-width:32rem] @[34rem]:[--thread-content-max-width:40rem] @[64rem]:[--thread-content-max-width:48rem] mx-auto flex max-w-(--thread-content-max-width) flex-1 text-base gap-4 md:gap-5 lg:gap-6 group\/turn-messages focus-visible:outline-hidden\"><div class=\"group\/conversation-turn relative flex w-full min-w-0 flex-col agent-turn\"><div class=\"relative flex-col gap-1 md:gap-3\"><div class=\"flex max-w-full flex-col grow\"><div class=\"min-h-8 text-message relative flex w-full flex-col items-end gap-2 text-start break-words whitespace-normal [.text-message+&amp;]:mt-5\" dir=\"auto\" data-message-author-role=\"assistant\" data-message-id=\"ee6a071c-b633-4431-8a9e-3e1082aab3ee\" data-message-model-slug=\"gpt-4o\"><div class=\"flex w-full flex-col gap-1 empty:hidden first:pt-[3px]\"><div class=\"markdown prose dark:prose-invert w-full break-words dark\"><p data-start=\"76\" data-end=\"339\">Das Modell SBS 8H ist das leistungsst\u00e4rkste Bremssystem der H-Serie und bietet h\u00f6chste Bremsmomente bei zugleich maximaler Belastbarkeit. Die massive Ausf\u00fchrung garantiert einen zuverl\u00e4ssigen Betrieb selbst unter extremen mechanischen und thermischen Belastungen.<\/p><p data-start=\"341\" data-end=\"611\" data-is-last-node=\"\" data-is-only-node=\"\">Zum Einsatz kommt das SBS 8H vor allem in Gro\u00dfanlagen, wie z.\u202fB. in Stahlwerken, F\u00f6rderbr\u00fccken oder Schwerlastkrananlagen. Die breite Auswahl an Aktuatoren sorgt daf\u00fcr, dass auch spezielle Anforderungen hinsichtlich Steuerung und Ausfallsicherheit erf\u00fcllt werden k\u00f6nnen.<\/p><\/div><\/div><\/div><\/div><\/div><\/div><\/div><\/div><\/article>\t\t\t\t\t\t<\/div>\n\t\t\t\t<\/div>\n\t\t\t\t<div class=\"elementor-element elementor-element-50b2061 elementor-widget elementor-widget-shortcode\" data-id=\"50b2061\" data-element_type=\"widget\" data-widget_type=\"shortcode.default\">\n\t\t\t\t<div class=\"elementor-widget-container\">\n\t\t\t\t\t<div class=\"elementor-shortcode\"> <div class=\"_df_thumb dflip-no-ridge\" id=\"df_16985\"  _slug=\"sbs-broschuere\" data-title=\"sbs-broschuere\" wpoptions=\"true\" thumb=\"https:\/\/stuewe.de\/wp-content\/uploads\/2024\/08\/sbs_broschuere.jpg\" thumbtype=\"\" >SBS Brosch\u00fcre<\/div><script class=\"df-shortcode-script\" nowprocket type=\"application\/javascript\">window.option_df_16985 = {\"outline\":[],\"autoEnableOutline\":\"false\",\"autoEnableThumbnail\":\"false\",\"overwritePDFOutline\":\"false\",\"direction\":\"1\",\"pageSize\":\"0\",\"source\":\"https:\\\/\\\/stuewe.de\\\/wp-content\\\/uploads\\\/2024\\\/08\\\/240125_STUEWE_de_komp.pdf\",\"wpOptions\":\"true\"}; if(window.DFLIP && window.DFLIP.parseBooks){window.DFLIP.parseBooks();}<\/script><\/div>\n\t\t\t\t<\/div>\n\t\t\t\t<\/div>\n\t\t\t\t<div class=\"elementor-element elementor-element-4dc8405 elementor-align-left elementor-hidden-widescreen elementor-hidden-desktop elementor-hidden-laptop elementor-hidden-tablet_extra elementor-hidden-tablet elementor-hidden-mobile_extra elementor-hidden-mobile elementor-widget elementor-widget-button\" data-id=\"4dc8405\" data-element_type=\"widget\" data-widget_type=\"button.default\">\n\t\t\t\t<div class=\"elementor-widget-container\">\n\t\t\t\t\t<div class=\"elementor-button-wrapper\">\n\t\t\t<a class=\"elementor-button elementor-button-link elementor-size-sm\" href=\"https:\/\/stuewe.de\/wp-content\/uploads\/2024\/08\/stuewe_montageanleitung_hsd.pdf\">\n\t\t\t\t\t\t<span class=\"elementor-button-content-wrapper\">\n\t\t\t\t\t\t\t\t\t<span class=\"elementor-button-text\">Montageanleitung<\/span>\n\t\t\t\t\t<\/span>\n\t\t\t\t\t<\/a>\n\t\t<\/div>\n\t\t\t\t<\/div>\n\t\t\t\t<\/div>\n\t\t\t\t<div class=\"elementor-element elementor-element-0ee7209 elementor-align-left elementor-hidden-widescreen elementor-hidden-desktop elementor-hidden-laptop elementor-hidden-tablet_extra elementor-hidden-tablet elementor-hidden-mobile_extra elementor-hidden-mobile elementor-widget elementor-widget-button\" data-id=\"0ee7209\" data-element_type=\"widget\" data-widget_type=\"button.default\">\n\t\t\t\t<div class=\"elementor-widget-container\">\n\t\t\t\t\t<div class=\"elementor-button-wrapper\">\n\t\t\t<a class=\"elementor-button elementor-button-link elementor-size-sm\" href=\"https:\/\/stuewe.de\/wp-content\/uploads\/2025\/01\/Einzelkatalog-Deutsch-HSD-und-SD.pdf\">\n\t\t\t\t\t\t<span class=\"elementor-button-content-wrapper\">\n\t\t\t\t\t\t\t\t\t<span class=\"elementor-button-text\">Katalogseiten SBS H<\/span>\n\t\t\t\t\t<\/span>\n\t\t\t\t\t<\/a>\n\t\t<\/div>\n\t\t\t\t<\/div>\n\t\t\t\t<\/div>\n\t\t\t\t<div class=\"elementor-element elementor-element-7c9a7ad elementor-align-items-flex-start view-type-1 title-alignment-left elementor-widget elementor-widget-industrium_image_carousel\" data-id=\"7c9a7ad\" data-element_type=\"widget\" data-widget_type=\"industrium_image_carousel.default\">\n\t\t\t\t<div class=\"elementor-widget-container\">\n\t\t\t\n        <div class=\"industrium-image-slider-widget\">\n\n                        <div class=\"slider-wrapper\">\n                                <div class=\"slider-container\">\n                    <div class=\"image-carousel owl-carousel owl-theme\" data-slider-options={&quot;items&quot;:3,&quot;nav&quot;:false,&quot;dots&quot;:true,&quot;dotsContainer&quot;:&quot;.owl-dots-7c9a7ad&quot;,&quot;dotsContainerMobile&quot;:&quot;.owl-dots-7c9a7ad&quot;,&quot;autoplayHoverPause&quot;:true,&quot;autoplay&quot;:true,&quot;autoplaySpeed&quot;:300,&quot;autoplayTimeout&quot;:5000,&quot;loop&quot;:true,&quot;speed&quot;:500}>\n                        <div class=\"slider-item\"><div class=\"slider-item-inner\"><div class=\"slider-item-title\">SBA-M0,32A<\/div><div class=\"slider-item-description\"><strong>Anpresskraft<\/strong><br \/>0,32 kN <br \/><strong>Betriebsdruck:<\/strong>bar<\/div><\/div><\/div><div class=\"slider-item\"><div class=\"slider-item-inner\"><div class=\"slider-item-title\">SBA-M0,5A<\/div><div class=\"slider-item-description\"><strong>Anpresskraft<\/strong><br \/>0,5 kN <br \/><strong>Betriebsdruck:<\/strong>bar<\/div><\/div><\/div><div class=\"slider-item\"><div class=\"slider-item-inner\"><div class=\"slider-item-title\">SBA-P0,5A<\/div><div class=\"slider-item-description\"><strong>Anpresskraft<\/strong><br \/>0,5 kN <br \/><strong>Betriebsdruck:<\/strong>8 bar<\/div><\/div><\/div><div class=\"slider-item\"><div class=\"slider-item-inner\"><div class=\"slider-item-title\">SBA-P1,0P<\/div><div class=\"slider-item-description\"><strong>Anpresskraft<\/strong><br \/>1 kN <br \/><strong>Betriebsdruck:<\/strong>5 bar<\/div><\/div><\/div><div class=\"slider-item\"><div class=\"slider-item-inner\"><div class=\"slider-item-title\">SBA-P2,0A<\/div><div class=\"slider-item-description\"><strong>Anpresskraft<\/strong><br \/>2 kN <br \/><strong>Betriebsdruck:<\/strong>7 bar<\/div><\/div><\/div><div class=\"slider-item\"><div class=\"slider-item-inner\"><div class=\"slider-item-title\">SBA-P3,6A<\/div><div class=\"slider-item-description\"><strong>Anpresskraft<\/strong><br \/>3,6 kN <br \/><strong>Betriebsdruck:<\/strong>7 bar<\/div><\/div><\/div><div class=\"slider-item\"><div class=\"slider-item-inner\"><div class=\"slider-item-title\">SBA-P6,0A<\/div><div class=\"slider-item-description\"><strong>Anpresskraft<\/strong><br \/>6 kN <br \/><strong>Betriebsdruck:<\/strong>7 bar<\/div><\/div><\/div><div class=\"slider-item\"><div class=\"slider-item-inner\"><div class=\"slider-item-title\">SBA-P15P,8A<\/div><div class=\"slider-item-description\"><strong>Anpresskraft<\/strong><br \/>15,8 kN <br \/><strong>Betriebsdruck:<\/strong>7 bar<\/div><\/div><\/div><div class=\"slider-item\"><div class=\"slider-item-inner\"><div class=\"slider-item-title\">SBA-P15P,0<\/div><div class=\"slider-item-description\"><strong>Anpresskraft<\/strong><br \/>15 kN <br \/><strong>Betriebsdruck:<\/strong>5 bar<\/div><\/div><\/div>                    <\/div>\n                <\/div>\n            <\/div>\n\n            <div class=\"owl-dots owl-dots-7c9a7ad\"><\/div>\n        <\/div>\n        \t\t<\/div>\n\t\t\t\t<\/div>\n\t\t\t\t\t<\/div>\n\t\t<\/div>\n\t\t\t\t<div class=\"elementor-column elementor-col-50 elementor-inner-column elementor-element elementor-element-404f35fa\" data-id=\"404f35fa\" data-element_type=\"column\" data-settings=\"{&quot;background_background&quot;:&quot;classic&quot;}\">\n\t\t\t<div class=\"elementor-widget-wrap elementor-element-populated\">\n\t\t\t\t\t\t<div class=\"elementor-element elementor-element-a5d9995 elementor-widget elementor-widget-image\" data-id=\"a5d9995\" data-element_type=\"widget\" data-widget_type=\"image.default\">\n\t\t\t\t<div class=\"elementor-widget-container\">\n\t\t\t\t\t\t\t\t\t\t\t\t\t<img fetchpriority=\"high\" decoding=\"async\" width=\"600\" height=\"600\" src=\"https:\/\/stuewe.de\/wp-content\/uploads\/2025\/07\/SBS_8H.jpg\" class=\"attachment-full size-full wp-image-19368\" alt=\"\" srcset=\"https:\/\/stuewe.de\/wp-content\/uploads\/2025\/07\/SBS_8H.jpg 600w, https:\/\/stuewe.de\/wp-content\/uploads\/2025\/07\/SBS_8H-300x300.jpg 300w, https:\/\/stuewe.de\/wp-content\/uploads\/2025\/07\/SBS_8H-150x150.jpg 150w, https:\/\/stuewe.de\/wp-content\/uploads\/2025\/07\/SBS_8H-12x12.jpg 12w\" sizes=\"(max-width: 600px) 100vw, 600px\" \/>\t\t\t\t\t\t\t\t\t\t\t\t\t<\/div>\n\t\t\t\t<\/div>\n\t\t\t\t<div class=\"elementor-element elementor-element-7a2dc43e elementor-hidden-widescreen elementor-hidden-desktop elementor-hidden-laptop elementor-hidden-tablet_extra elementor-hidden-tablet elementor-hidden-mobile_extra elementor-hidden-mobile elementor-vertical-align-top elementor-widget elementor-widget-icon-box\" data-id=\"7a2dc43e\" data-element_type=\"widget\" data-widget_type=\"icon-box.default\">\n\t\t\t\t<div class=\"elementor-widget-container\">\n\t\t\t\t\t<div class=\"elementor-icon-box-wrapper\">\n\n\t\t\t\n\t\t\t\t\t\t<div class=\"elementor-icon-box-content\">\n\n\t\t\t\t\t\t\t\t\t<h3 class=\"elementor-icon-box-title\">\n\t\t\t\t\t\t<span  >\n\t\t\t\t\t\t\tExplosionsansicht\t\t\t\t\t\t<\/span>\n\t\t\t\t\t<\/h3>\n\t\t\t\t\n\t\t\t\t\t\t\t\t\t<p class=\"elementor-icon-box-description\">\n\t\t\t\t\t\tDie Schrumpfscheibe liegt im Betrieb der Anlage au\u00dferhalb des Kraftflusses. Es treten nur sehr geringe dynamische Lasten und kein Verschlei\u00df an der Schrumpfscheibe auf. Die Schrumpfscheibe ist somit bei korrekter Auslegung dauerfest.\t\t\t\t\t<\/p>\n\t\t\t\t\n\t\t\t<\/div>\n\t\t\t\n\t\t<\/div>\n\t\t\t\t<\/div>\n\t\t\t\t<\/div>\n\t\t\t\t\t<\/div>\n\t\t<\/div>\n\t\t\t\t\t<\/div>\n\t\t<\/section>\n\t\t\t\t\t<\/div>\n\t\t<\/div>\n\t\t\t\t\t<\/div>\n\t\t<\/section>\n\t\t\t\t<section class=\"elementor-section elementor-top-section elementor-element elementor-element-3af8da22 elementor-section-full_width elementor-section-height-default elementor-section-height-default\" data-id=\"3af8da22\" data-element_type=\"section\" data-settings=\"{&quot;background_background&quot;:&quot;classic&quot;}\">\n\t\t\t\t\t\t<div class=\"elementor-container elementor-column-gap-no\">\n\t\t\t\t\t<div class=\"elementor-column elementor-col-100 elementor-top-column elementor-element elementor-element-c72e9b6\" data-id=\"c72e9b6\" data-element_type=\"column\">\n\t\t\t<div class=\"elementor-widget-wrap elementor-element-populated\">\n\t\t\t\t\t\t<section class=\"elementor-section elementor-inner-section elementor-element elementor-element-5d9c5c46 elementor-section-full_width elementor-section-height-default elementor-section-height-default\" data-id=\"5d9c5c46\" data-element_type=\"section\" data-settings=\"{&quot;background_background&quot;:&quot;classic&quot;}\">\n\t\t\t\t\t\t<div class=\"elementor-container elementor-column-gap-no\">\n\t\t\t\t\t<div class=\"elementor-column elementor-col-50 elementor-inner-column elementor-element elementor-element-53fd20fb\" data-id=\"53fd20fb\" data-element_type=\"column\" data-settings=\"{&quot;background_background&quot;:&quot;classic&quot;}\">\n\t\t\t<div class=\"elementor-widget-wrap elementor-element-populated\">\n\t\t\t\t\t\t<div class=\"elementor-element elementor-element-7483a04d elementor-widget elementor-widget-spacer\" data-id=\"7483a04d\" data-element_type=\"widget\" data-widget_type=\"spacer.default\">\n\t\t\t\t<div class=\"elementor-widget-container\">\n\t\t\t\t\t<div class=\"elementor-spacer\">\n\t\t\t<div class=\"elementor-spacer-inner\"><\/div>\n\t\t<\/div>\n\t\t\t\t<\/div>\n\t\t\t\t<\/div>\n\t\t\t\t\t<\/div>\n\t\t<\/div>\n\t\t\t\t<div class=\"elementor-column elementor-col-50 elementor-inner-column elementor-element elementor-element-39ee89a2\" data-id=\"39ee89a2\" data-element_type=\"column\" data-settings=\"{&quot;background_background&quot;:&quot;classic&quot;}\">\n\t\t\t<div class=\"elementor-widget-wrap elementor-element-populated\">\n\t\t\t\t\t\t<div class=\"elementor-element elementor-element-50cd33af elementor-widget elementor-widget-industrium_heading\" data-id=\"50cd33af\" data-element_type=\"widget\" data-widget_type=\"industrium_heading.default\">\n\t\t\t\t<div class=\"elementor-widget-container\">\n\t\t\t<div class=\"industrium-heading-widget\"><h2 class=\"industrium-heading\"><span class=\"industrium-subheading no-dot\">Interesse mit uns zu arbeiten?<\/span><span class=\"industrium-heading-content\">Kontaktieren Sie Uns<\/span><\/h2><\/div>\t\t<\/div>\n\t\t\t\t<\/div>\n\t\t\t\t<div class=\"elementor-element elementor-element-13815ff2 elementor-align-left elementor-widget elementor-widget-button\" data-id=\"13815ff2\" data-element_type=\"widget\" data-widget_type=\"button.default\">\n\t\t\t\t<div class=\"elementor-widget-container\">\n\t\t\t\t\t<div class=\"elementor-button-wrapper\">\n\t\t\t<a class=\"elementor-button elementor-button-link elementor-size-sm\" href=\"\/kontakt\">\n\t\t\t\t\t\t<span class=\"elementor-button-content-wrapper\">\n\t\t\t\t\t\t\t\t\t<span class=\"elementor-button-text\">Kontakt<\/span>\n\t\t\t\t\t<\/span>\n\t\t\t\t\t<\/a>\n\t\t<\/div>\n\t\t\t\t<\/div>\n\t\t\t\t<\/div>\n\t\t\t\t\t<\/div>\n\t\t<\/div>\n\t\t\t\t\t<\/div>\n\t\t<\/section>\n\t\t\t\t\t<\/div>\n\t\t<\/div>\n\t\t\t\t\t<\/div>\n\t\t<\/section>\n\t\t\t\t<\/div>\n\t\t","protected":false},"excerpt":{"rendered":"<p>Das Modell SBS 8H ist das leistungsst\u00e4rkste Bremssystem der H-Serie und bietet h\u00f6chste Bremsmomente bei zugleich maximaler Belastbarkeit. Die massive Ausf\u00fchrung garantiert einen zuverl\u00e4ssigen Betrieb selbst unter extremen mechanischen und thermischen Belastungen. Zum Einsatz kommt das SBS 8H vor allem in&#8230;<\/p>","protected":false},"author":8,"featured_media":0,"parent":0,"menu_order":0,"comment_status":"closed","ping_status":"closed","template":"elementor_header_footer","meta":{"footnotes":""},"class_list":["post-19467","page","type-page","status-publish","hentry"],"yoast_head":"<!-- This site is optimized with the Yoast SEO plugin v27.2 - https:\/\/yoast.com\/product\/yoast-seo-wordpress\/ -->\n<title>Bremssystem SBS 8H - St\u00fcwe - Hattingen<\/title>\n<meta name=\"robots\" content=\"index, follow, max-snippet:-1, max-image-preview:large, max-video-preview:-1\" \/>\n<link rel=\"canonical\" href=\"https:\/\/stuewe.de\/en\/brake-system-sbs-8h\/\" \/>\n<meta property=\"og:locale\" content=\"en_GB\" \/>\n<meta property=\"og:type\" content=\"article\" \/>\n<meta property=\"og:title\" content=\"Bremssystem SBS 8H - St\u00fcwe - Hattingen\" \/>\n<meta property=\"og:description\" content=\"Das Modell SBS 8H ist das leistungsst\u00e4rkste Bremssystem der H-Serie und bietet h\u00f6chste Bremsmomente bei zugleich maximaler Belastbarkeit. Die massive Ausf\u00fchrung garantiert einen zuverl\u00e4ssigen Betrieb selbst unter extremen mechanischen und thermischen Belastungen. Zum Einsatz kommt das SBS 8H vor allem in...\" \/>\n<meta property=\"og:url\" content=\"https:\/\/stuewe.de\/en\/brake-system-sbs-8h\/\" \/>\n<meta property=\"og:site_name\" content=\"St\u00fcwe - Hattingen\" \/>\n<meta property=\"article:modified_time\" content=\"2025-09-11T07:49:06+00:00\" \/>\n<meta property=\"og:image\" content=\"https:\/\/stuewe.de\/wp-content\/uploads\/2025\/07\/SBS_8H.jpg\" \/>\n\t<meta property=\"og:image:width\" content=\"600\" \/>\n\t<meta property=\"og:image:height\" content=\"600\" \/>\n\t<meta property=\"og:image:type\" content=\"image\/jpeg\" \/>\n<meta name=\"twitter:card\" content=\"summary_large_image\" \/>\n<meta name=\"twitter:label1\" content=\"Estimated reading time\" \/>\n\t<meta name=\"twitter:data1\" content=\"1 minute\" \/>\n<script type=\"application\/ld+json\" class=\"yoast-schema-graph\">{\"@context\":\"https:\/\/schema.org\",\"@graph\":[{\"@type\":\"WebPage\",\"@id\":\"https:\/\/stuewe.de\/bremssystem-sbs-8h\/\",\"url\":\"https:\/\/stuewe.de\/bremssystem-sbs-8h\/\",\"name\":\"Bremssystem SBS 8H - St\u00fcwe - Hattingen\",\"isPartOf\":{\"@id\":\"https:\/\/stuewe.de\/#website\"},\"primaryImageOfPage\":{\"@id\":\"https:\/\/stuewe.de\/bremssystem-sbs-8h\/#primaryimage\"},\"image\":{\"@id\":\"https:\/\/stuewe.de\/bremssystem-sbs-8h\/#primaryimage\"},\"thumbnailUrl\":\"https:\/\/stuewe.de\/wp-content\/uploads\/2025\/07\/SBS_8H.jpg\",\"datePublished\":\"2025-07-08T07:42:20+00:00\",\"dateModified\":\"2025-09-11T07:49:06+00:00\",\"breadcrumb\":{\"@id\":\"https:\/\/stuewe.de\/bremssystem-sbs-8h\/#breadcrumb\"},\"inLanguage\":\"en-GB\",\"potentialAction\":[{\"@type\":\"ReadAction\",\"target\":[\"https:\/\/stuewe.de\/bremssystem-sbs-8h\/\"]}]},{\"@type\":\"ImageObject\",\"inLanguage\":\"en-GB\",\"@id\":\"https:\/\/stuewe.de\/bremssystem-sbs-8h\/#primaryimage\",\"url\":\"https:\/\/stuewe.de\/wp-content\/uploads\/2025\/07\/SBS_8H.jpg\",\"contentUrl\":\"https:\/\/stuewe.de\/wp-content\/uploads\/2025\/07\/SBS_8H.jpg\"},{\"@type\":\"BreadcrumbList\",\"@id\":\"https:\/\/stuewe.de\/bremssystem-sbs-8h\/#breadcrumb\",\"itemListElement\":[{\"@type\":\"ListItem\",\"position\":1,\"name\":\"Start\",\"item\":\"https:\/\/stuewe.de\/\"},{\"@type\":\"ListItem\",\"position\":2,\"name\":\"Bremssystem SBS 8H\"}]},{\"@type\":\"WebSite\",\"@id\":\"https:\/\/stuewe.de\/#website\",\"url\":\"https:\/\/stuewe.de\/\",\"name\":\"St\u00fcwe - Hattingen\",\"description\":\"Maschinenbauteilen f\u00fcr Antriebstechnik\",\"potentialAction\":[{\"@type\":\"SearchAction\",\"target\":{\"@type\":\"EntryPoint\",\"urlTemplate\":\"https:\/\/stuewe.de\/?s={search_term_string}\"},\"query-input\":{\"@type\":\"PropertyValueSpecification\",\"valueRequired\":true,\"valueName\":\"search_term_string\"}}],\"inLanguage\":\"en-GB\"}]}<\/script>\n<!-- \/ Yoast SEO plugin. -->","yoast_head_json":{"title":"Brake system SBS 8H - St\u00fcwe - Hattingen","robots":{"index":"index","follow":"follow","max-snippet":"max-snippet:-1","max-image-preview":"max-image-preview:large","max-video-preview":"max-video-preview:-1"},"canonical":"https:\/\/stuewe.de\/en\/brake-system-sbs-8h\/","og_locale":"en_GB","og_type":"article","og_title":"Bremssystem SBS 8H - St\u00fcwe - Hattingen","og_description":"Das Modell SBS 8H ist das leistungsst\u00e4rkste Bremssystem der H-Serie und bietet h\u00f6chste Bremsmomente bei zugleich maximaler Belastbarkeit. Die massive Ausf\u00fchrung garantiert einen zuverl\u00e4ssigen Betrieb selbst unter extremen mechanischen und thermischen Belastungen. Zum Einsatz kommt das SBS 8H vor allem in...","og_url":"https:\/\/stuewe.de\/en\/brake-system-sbs-8h\/","og_site_name":"St\u00fcwe - Hattingen","article_modified_time":"2025-09-11T07:49:06+00:00","og_image":[{"width":600,"height":600,"url":"https:\/\/stuewe.de\/wp-content\/uploads\/2025\/07\/SBS_8H.jpg","type":"image\/jpeg"}],"twitter_card":"summary_large_image","twitter_misc":{"Estimated reading time":"1 minute"},"schema":{"@context":"https:\/\/schema.org","@graph":[{"@type":"WebPage","@id":"https:\/\/stuewe.de\/bremssystem-sbs-8h\/","url":"https:\/\/stuewe.de\/bremssystem-sbs-8h\/","name":"Brake system SBS 8H - St\u00fcwe - Hattingen","isPartOf":{"@id":"https:\/\/stuewe.de\/#website"},"primaryImageOfPage":{"@id":"https:\/\/stuewe.de\/bremssystem-sbs-8h\/#primaryimage"},"image":{"@id":"https:\/\/stuewe.de\/bremssystem-sbs-8h\/#primaryimage"},"thumbnailUrl":"https:\/\/stuewe.de\/wp-content\/uploads\/2025\/07\/SBS_8H.jpg","datePublished":"2025-07-08T07:42:20+00:00","dateModified":"2025-09-11T07:49:06+00:00","breadcrumb":{"@id":"https:\/\/stuewe.de\/bremssystem-sbs-8h\/#breadcrumb"},"inLanguage":"en-GB","potentialAction":[{"@type":"ReadAction","target":["https:\/\/stuewe.de\/bremssystem-sbs-8h\/"]}]},{"@type":"ImageObject","inLanguage":"en-GB","@id":"https:\/\/stuewe.de\/bremssystem-sbs-8h\/#primaryimage","url":"https:\/\/stuewe.de\/wp-content\/uploads\/2025\/07\/SBS_8H.jpg","contentUrl":"https:\/\/stuewe.de\/wp-content\/uploads\/2025\/07\/SBS_8H.jpg"},{"@type":"BreadcrumbList","@id":"https:\/\/stuewe.de\/bremssystem-sbs-8h\/#breadcrumb","itemListElement":[{"@type":"ListItem","position":1,"name":"Start","item":"https:\/\/stuewe.de\/"},{"@type":"ListItem","position":2,"name":"Bremssystem SBS 8H"}]},{"@type":"WebSite","@id":"https:\/\/stuewe.de\/#website","url":"https:\/\/stuewe.de\/","name":"St\u00fcwe - Hattingen","description":"Machine components for drive technology","potentialAction":[{"@type":"SearchAction","target":{"@type":"EntryPoint","urlTemplate":"https:\/\/stuewe.de\/?s={search_term_string}"},"query-input":{"@type":"PropertyValueSpecification","valueRequired":true,"valueName":"search_term_string"}}],"inLanguage":"en-GB"}]}},"_links":{"self":[{"href":"https:\/\/stuewe.de\/en\/wp-json\/wp\/v2\/pages\/19467","targetHints":{"allow":["GET"]}}],"collection":[{"href":"https:\/\/stuewe.de\/en\/wp-json\/wp\/v2\/pages"}],"about":[{"href":"https:\/\/stuewe.de\/en\/wp-json\/wp\/v2\/types\/page"}],"author":[{"embeddable":true,"href":"https:\/\/stuewe.de\/en\/wp-json\/wp\/v2\/users\/8"}],"replies":[{"embeddable":true,"href":"https:\/\/stuewe.de\/en\/wp-json\/wp\/v2\/comments?post=19467"}],"version-history":[{"count":32,"href":"https:\/\/stuewe.de\/en\/wp-json\/wp\/v2\/pages\/19467\/revisions"}],"predecessor-version":[{"id":19992,"href":"https:\/\/stuewe.de\/en\/wp-json\/wp\/v2\/pages\/19467\/revisions\/19992"}],"wp:attachment":[{"href":"https:\/\/stuewe.de\/en\/wp-json\/wp\/v2\/media?parent=19467"}],"curies":[{"name":"wp","href":"https:\/\/api.w.org\/{rel}","templated":true}]}}