{"id":19416,"date":"2025-07-08T09:44:13","date_gmt":"2025-07-08T07:44:13","guid":{"rendered":"https:\/\/stuewe.de\/?page_id=19416"},"modified":"2025-09-10T09:32:34","modified_gmt":"2025-09-10T07:32:34","slug":"brake-system-sbs-3l","status":"publish","type":"page","link":"https:\/\/stuewe.de\/en\/bremssystem-sbs-3l\/","title":{"rendered":"Brake system SBS 3L"},"content":{"rendered":"<div data-elementor-type=\"wp-page\" data-elementor-id=\"19416\" class=\"elementor elementor-19416\">\n\t\t\t\t\t\t<section class=\"elementor-section elementor-top-section elementor-element elementor-element-190d5163 elementor-section-boxed elementor-section-height-default elementor-section-height-default\" data-id=\"190d5163\" data-element_type=\"section\" data-settings=\"{&quot;background_background&quot;:&quot;classic&quot;}\">\n\t\t\t\t\t\t<div class=\"elementor-container elementor-column-gap-no\">\n\t\t\t\t\t<div class=\"elementor-column elementor-col-100 elementor-top-column elementor-element elementor-element-5ec72f9a\" data-id=\"5ec72f9a\" data-element_type=\"column\">\n\t\t\t<div class=\"elementor-widget-wrap elementor-element-populated\">\n\t\t\t\t\t\t<section class=\"elementor-section elementor-inner-section elementor-element elementor-element-6be8e68a elementor-section-boxed elementor-section-height-default elementor-section-height-default\" data-id=\"6be8e68a\" data-element_type=\"section\" data-settings=\"{&quot;background_background&quot;:&quot;classic&quot;}\">\n\t\t\t\t\t\t<div class=\"elementor-container elementor-column-gap-no\">\n\t\t\t\t\t<div class=\"elementor-column elementor-col-50 elementor-inner-column elementor-element elementor-element-6f019cc6\" data-id=\"6f019cc6\" data-element_type=\"column\">\n\t\t\t<div class=\"elementor-widget-wrap elementor-element-populated\">\n\t\t\t\t\t\t<div class=\"elementor-element elementor-element-168c4a5 elementor-widget elementor-widget-text-editor\" data-id=\"168c4a5\" data-element_type=\"widget\" data-widget_type=\"text-editor.default\">\n\t\t\t\t<div class=\"elementor-widget-container\">\n\t\t\t\t\t\t\t<p>The SBS 3L model is the powerful solution for applications with increased braking torque requirements. The robust design ensures a reliable braking effect even under demanding environmental conditions and high loads.<\/p><p>The larger size and optimised force flow make this model particularly suitable for heavier drives and safety-critical braking functions. Various actuator options offer additional flexibility for integration into existing systems.<\/p>\t\t\t\t\t\t<\/div>\n\t\t\t\t<\/div>\n\t\t\t\t<div class=\"elementor-element elementor-element-7579040 elementor-widget elementor-widget-shortcode\" data-id=\"7579040\" data-element_type=\"widget\" data-widget_type=\"shortcode.default\">\n\t\t\t\t<div class=\"elementor-widget-container\">\n\t\t\t\t\t<div class=\"elementor-shortcode\"> <div class=\"_df_thumb dflip-no-ridge\" id=\"df_16985\"  _slug=\"sbs-broschuere\" data-title=\"sbs-broschuere\" wpoptions=\"true\" thumb=\"https:\/\/stuewe.de\/wp-content\/uploads\/2024\/08\/sbs_broschuere.jpg\" thumbtype=\"\" >SBS brochure<\/div><script class=\"df-shortcode-script\" nowprocket type=\"application\/javascript\">window.option_df_16985 = {\"outline\":[],\"autoEnableOutline\":\"false\",\"autoEnableThumbnail\":\"false\",\"overwritePDFOutline\":\"false\",\"direction\":\"1\",\"pageSize\":\"0\",\"source\":\"https:\\\/\\\/stuewe.de\\\/wp-content\\\/uploads\\\/2024\\\/08\\\/240125_STUEWE_de_komp.pdf\",\"wpOptions\":\"true\"}; if(window.DFLIP && window.DFLIP.parseBooks){window.DFLIP.parseBooks();}<\/script><\/div>\n\t\t\t\t<\/div>\n\t\t\t\t<\/div>\n\t\t\t\t<div class=\"elementor-element elementor-element-4dc8405 elementor-align-left elementor-hidden-widescreen elementor-hidden-desktop elementor-hidden-laptop elementor-hidden-tablet_extra elementor-hidden-tablet elementor-hidden-mobile_extra elementor-hidden-mobile elementor-widget elementor-widget-button\" data-id=\"4dc8405\" data-element_type=\"widget\" data-widget_type=\"button.default\">\n\t\t\t\t<div class=\"elementor-widget-container\">\n\t\t\t\t\t<div class=\"elementor-button-wrapper\">\n\t\t\t<a class=\"elementor-button elementor-button-link elementor-size-sm\" href=\"https:\/\/stuewe.de\/wp-content\/uploads\/2024\/08\/stuewe_montageanleitung_hsd.pdf\">\n\t\t\t\t\t\t<span class=\"elementor-button-content-wrapper\">\n\t\t\t\t\t\t\t\t\t<span class=\"elementor-button-text\">Assembly instructions<\/span>\n\t\t\t\t\t<\/span>\n\t\t\t\t\t<\/a>\n\t\t<\/div>\n\t\t\t\t<\/div>\n\t\t\t\t<\/div>\n\t\t\t\t<div class=\"elementor-element elementor-element-0ee7209 elementor-align-left elementor-hidden-widescreen elementor-hidden-desktop elementor-hidden-laptop elementor-hidden-tablet_extra elementor-hidden-tablet elementor-hidden-mobile_extra elementor-hidden-mobile elementor-widget elementor-widget-button\" data-id=\"0ee7209\" data-element_type=\"widget\" data-widget_type=\"button.default\">\n\t\t\t\t<div class=\"elementor-widget-container\">\n\t\t\t\t\t<div class=\"elementor-button-wrapper\">\n\t\t\t<a class=\"elementor-button elementor-button-link elementor-size-sm\" href=\"https:\/\/stuewe.de\/wp-content\/uploads\/2025\/01\/Einzelkatalog-Englisch-HSD-und-SD.pdf\">\n\t\t\t\t\t\t<span class=\"elementor-button-content-wrapper\">\n\t\t\t\t\t\t\t\t\t<span class=\"elementor-button-text\">Catalogue pages SBS L<\/span>\n\t\t\t\t\t<\/span>\n\t\t\t\t\t<\/a>\n\t\t<\/div>\n\t\t\t\t<\/div>\n\t\t\t\t<\/div>\n\t\t\t\t<div class=\"elementor-element elementor-element-cf53433 elementor-align-items-flex-start view-type-1 title-alignment-left elementor-widget elementor-widget-industrium_image_carousel\" data-id=\"cf53433\" data-element_type=\"widget\" data-widget_type=\"industrium_image_carousel.default\">\n\t\t\t\t<div class=\"elementor-widget-container\">\n\t\t\t\n        <div class=\"industrium-image-slider-widget\">\n\n                        <div class=\"slider-wrapper\">\n                                <div class=\"slider-container\">\n                    <div class=\"image-carousel owl-carousel owl-theme\" data-slider-options=\"{&quot;items&quot;:3,&quot;nav&quot;:false,&quot;dots&quot;:true,&quot;dotsContainer&quot;:&quot;.owl-dots-cf53433&quot;,&quot;dotsContainerMobile&quot;:&quot;.owl-dots-cf53433&quot;,&quot;autoplayHoverPause&quot;:true,&quot;autoplay&quot;:true,&quot;autoplaySpeed&quot;:300,&quot;autoplayTimeout&quot;:5000,&quot;loop&quot;:true,&quot;speed&quot;:500}\">\n                        <div class=\"slider-item\"><div class=\"slider-item-inner\"><div class=\"slider-item-title\">SBA-M0.32A<\/div><div class=\"slider-item-description\"><strong>Contact pressure<\/strong>\n0.32 kN <br><strong>Operating pressure:<\/strong>\n\n \tcash\n<\/div><\/div><\/div><div class=\"slider-item\"><div class=\"slider-item-inner\"><div class=\"slider-item-title\">SBA-M0.5A<\/div><div class=\"slider-item-description\"><strong>Contact pressure<\/strong>\n0.5 kN <br><strong>Operating pressure:<\/strong>\n\n \tcash\n<\/div><\/div><\/div><div class=\"slider-item\"><div class=\"slider-item-inner\"><div class=\"slider-item-title\">SBA-P0.5A<\/div><div class=\"slider-item-description\"><strong>Contact pressure<\/strong>\n0.5 kN <br><strong>Operating pressure:<\/strong>\n\n \t8 bar\n<\/div><\/div><\/div><div class=\"slider-item\"><div class=\"slider-item-inner\"><div class=\"slider-item-title\">SBA-P1.0P<\/div><div class=\"slider-item-description\"><strong>Contact pressure<\/strong>\n1 kN <br><strong>Operating pressure:<\/strong>\n\n \t5 bar\n<\/div><\/div><\/div><div class=\"slider-item\"><div class=\"slider-item-inner\"><div class=\"slider-item-title\">SBA-P2.0A<\/div><div class=\"slider-item-description\"><strong>Contact pressure<\/strong>\n2 kN <br><strong>Operating pressure:<\/strong>\n\n \t7 bar\n<\/div><\/div><\/div><div class=\"slider-item\"><div class=\"slider-item-inner\"><div class=\"slider-item-title\">SBA-P3.6A<\/div><div class=\"slider-item-description\"><strong>Contact pressure<\/strong>\n3.6 kN <br><strong>Operating pressure:<\/strong>\n\n \t7 bar\n<\/div><\/div><\/div><div class=\"slider-item\"><div class=\"slider-item-inner\"><div class=\"slider-item-title\">SBA-P6.0A<\/div><div class=\"slider-item-description\"><strong>Contact pressure<\/strong>\n6 kN <br><strong>Operating pressure:<\/strong>\n\n \t7 bar\n<\/div><\/div><\/div><div class=\"slider-item\"><div class=\"slider-item-inner\"><div class=\"slider-item-title\">SBA-P15P,8A<\/div><div class=\"slider-item-description\"><strong>Contact pressure<\/strong>\n15.8 kN <br><strong>Operating pressure:<\/strong>\n\n \t7 bar\n<\/div><\/div><\/div><div class=\"slider-item\"><div class=\"slider-item-inner\"><div class=\"slider-item-title\">SBA-P15P,0<\/div><div class=\"slider-item-description\"><strong>Contact pressure<\/strong><br \/>15 kN <br \/><strong>Operating pressure:<\/strong>5 bar<\/div><\/div><\/div>                    <\/div>\n                <\/div>\n            <\/div>\n\n            <div class=\"owl-dots owl-dots-cf53433\"><\/div>\n        <\/div>\n        \t\t<\/div>\n\t\t\t\t<\/div>\n\t\t\t\t\t<\/div>\n\t\t<\/div>\n\t\t\t\t<div class=\"elementor-column elementor-col-50 elementor-inner-column elementor-element elementor-element-404f35fa\" data-id=\"404f35fa\" data-element_type=\"column\" data-settings=\"{&quot;background_background&quot;:&quot;classic&quot;}\">\n\t\t\t<div class=\"elementor-widget-wrap elementor-element-populated\">\n\t\t\t\t\t\t<div class=\"elementor-element elementor-element-a5d9995 elementor-widget elementor-widget-image\" data-id=\"a5d9995\" data-element_type=\"widget\" data-widget_type=\"image.default\">\n\t\t\t\t<div class=\"elementor-widget-container\">\n\t\t\t\t\t\t\t\t\t\t\t\t\t<img fetchpriority=\"high\" decoding=\"async\" width=\"600\" height=\"600\" src=\"https:\/\/stuewe.de\/wp-content\/uploads\/2025\/07\/SBS_3L.jpg\" class=\"attachment-full size-full wp-image-19362\" alt=\"\" srcset=\"https:\/\/stuewe.de\/wp-content\/uploads\/2025\/07\/SBS_3L.jpg 600w, https:\/\/stuewe.de\/wp-content\/uploads\/2025\/07\/SBS_3L-300x300.jpg 300w, https:\/\/stuewe.de\/wp-content\/uploads\/2025\/07\/SBS_3L-150x150.jpg 150w, https:\/\/stuewe.de\/wp-content\/uploads\/2025\/07\/SBS_3L-12x12.jpg 12w\" sizes=\"(max-width: 600px) 100vw, 600px\" \/>\t\t\t\t\t\t\t\t\t\t\t\t\t<\/div>\n\t\t\t\t<\/div>\n\t\t\t\t<div class=\"elementor-element elementor-element-7a2dc43e elementor-hidden-widescreen elementor-hidden-desktop elementor-hidden-laptop elementor-hidden-tablet_extra elementor-hidden-tablet elementor-hidden-mobile_extra elementor-hidden-mobile elementor-vertical-align-top elementor-widget elementor-widget-icon-box\" data-id=\"7a2dc43e\" data-element_type=\"widget\" data-widget_type=\"icon-box.default\">\n\t\t\t\t<div class=\"elementor-widget-container\">\n\t\t\t\t\t<div class=\"elementor-icon-box-wrapper\">\n\n\t\t\t\n\t\t\t\t\t\t<div class=\"elementor-icon-box-content\">\n\n\t\t\t\t\t\t\t\t\t<h3 class=\"elementor-icon-box-title\">\n\t\t\t\t\t\t<span  >\n\t\t\t\t\t\t\tExploded view\t\t\t\t\t\t<\/span>\n\t\t\t\t\t<\/h3>\n\t\t\t\t\n\t\t\t\t\t\t\t\t\t<p class=\"elementor-icon-box-description\">\n\t\t\t\t\t\tThe shrink disc is outside the flow of force when the system is in operation. Only very low dynamic loads and no wear occur on the shrink disc. The shrink disc is therefore fatigue-resistant when correctly designed.\t\t\t\t\t<\/p>\n\t\t\t\t\n\t\t\t<\/div>\n\t\t\t\n\t\t<\/div>\n\t\t\t\t<\/div>\n\t\t\t\t<\/div>\n\t\t\t\t\t<\/div>\n\t\t<\/div>\n\t\t\t\t\t<\/div>\n\t\t<\/section>\n\t\t\t\t\t<\/div>\n\t\t<\/div>\n\t\t\t\t\t<\/div>\n\t\t<\/section>\n\t\t\t\t<section class=\"elementor-section elementor-top-section elementor-element elementor-element-3af8da22 elementor-section-full_width elementor-section-height-default elementor-section-height-default\" data-id=\"3af8da22\" data-element_type=\"section\" data-settings=\"{&quot;background_background&quot;:&quot;classic&quot;}\">\n\t\t\t\t\t\t<div class=\"elementor-container elementor-column-gap-no\">\n\t\t\t\t\t<div class=\"elementor-column elementor-col-100 elementor-top-column elementor-element elementor-element-c72e9b6\" data-id=\"c72e9b6\" data-element_type=\"column\">\n\t\t\t<div class=\"elementor-widget-wrap elementor-element-populated\">\n\t\t\t\t\t\t<section class=\"elementor-section elementor-inner-section elementor-element elementor-element-5d9c5c46 elementor-section-full_width elementor-section-height-default elementor-section-height-default\" data-id=\"5d9c5c46\" data-element_type=\"section\" data-settings=\"{&quot;background_background&quot;:&quot;classic&quot;}\">\n\t\t\t\t\t\t<div class=\"elementor-container elementor-column-gap-no\">\n\t\t\t\t\t<div class=\"elementor-column elementor-col-50 elementor-inner-column elementor-element elementor-element-53fd20fb\" data-id=\"53fd20fb\" data-element_type=\"column\" data-settings=\"{&quot;background_background&quot;:&quot;classic&quot;}\">\n\t\t\t<div class=\"elementor-widget-wrap elementor-element-populated\">\n\t\t\t\t\t\t<div class=\"elementor-element elementor-element-7483a04d elementor-widget elementor-widget-spacer\" data-id=\"7483a04d\" data-element_type=\"widget\" data-widget_type=\"spacer.default\">\n\t\t\t\t<div class=\"elementor-widget-container\">\n\t\t\t\t\t<div class=\"elementor-spacer\">\n\t\t\t<div class=\"elementor-spacer-inner\"><\/div>\n\t\t<\/div>\n\t\t\t\t<\/div>\n\t\t\t\t<\/div>\n\t\t\t\t\t<\/div>\n\t\t<\/div>\n\t\t\t\t<div class=\"elementor-column elementor-col-50 elementor-inner-column elementor-element elementor-element-39ee89a2\" data-id=\"39ee89a2\" data-element_type=\"column\" data-settings=\"{&quot;background_background&quot;:&quot;classic&quot;}\">\n\t\t\t<div class=\"elementor-widget-wrap elementor-element-populated\">\n\t\t\t\t\t\t<div class=\"elementor-element elementor-element-50cd33af elementor-widget elementor-widget-industrium_heading\" data-id=\"50cd33af\" data-element_type=\"widget\" data-widget_type=\"industrium_heading.default\">\n\t\t\t\t<div class=\"elementor-widget-container\">\n\t\t\t<div class=\"industrium-heading-widget\"><h2 class=\"industrium-heading\"><span class=\"industrium-subheading no-dot\">Interested in working with us?<\/span><span class=\"industrium-heading-content\">Contact us<\/span><\/h2><\/div>\t\t<\/div>\n\t\t\t\t<\/div>\n\t\t\t\t<div class=\"elementor-element elementor-element-13815ff2 elementor-align-left elementor-widget elementor-widget-button\" data-id=\"13815ff2\" data-element_type=\"widget\" data-widget_type=\"button.default\">\n\t\t\t\t<div class=\"elementor-widget-container\">\n\t\t\t\t\t<div class=\"elementor-button-wrapper\">\n\t\t\t<a class=\"elementor-button elementor-button-link elementor-size-sm\" href=\"\/en\/contact\/\">\n\t\t\t\t\t\t<span class=\"elementor-button-content-wrapper\">\n\t\t\t\t\t\t\t\t\t<span class=\"elementor-button-text\">Contact us<\/span>\n\t\t\t\t\t<\/span>\n\t\t\t\t\t<\/a>\n\t\t<\/div>\n\t\t\t\t<\/div>\n\t\t\t\t<\/div>\n\t\t\t\t\t<\/div>\n\t\t<\/div>\n\t\t\t\t\t<\/div>\n\t\t<\/section>\n\t\t\t\t\t<\/div>\n\t\t<\/div>\n\t\t\t\t\t<\/div>\n\t\t<\/section>\n\t\t\t\t<\/div>","protected":false},"excerpt":{"rendered":"<p>Das Modell SBS 3L ist die leistungsstarke L\u00f6sung f\u00fcr Anwendungen mit erh\u00f6htem Bremsmomentbedarf. Die robuste Konstruktion sorgt f\u00fcr eine zuverl\u00e4ssige Bremswirkung auch bei anspruchsvollen Umgebungsbedingungen und hoher Beanspruchung. Durch die gr\u00f6\u00dfere Baugr\u00f6\u00dfe und den optimierten Kraftfluss eignet sich dieses Modell besonders&#8230;<\/p>","protected":false},"author":8,"featured_media":0,"parent":0,"menu_order":0,"comment_status":"closed","ping_status":"closed","template":"elementor_header_footer","meta":{"footnotes":""},"class_list":["post-19416","page","type-page","status-publish","hentry"],"yoast_head":"<!-- This site is optimized with the Yoast SEO plugin v27.2 - https:\/\/yoast.com\/product\/yoast-seo-wordpress\/ -->\n<title>Bremssystem SBS 3L - St\u00fcwe - Hattingen<\/title>\n<meta name=\"robots\" content=\"index, follow, max-snippet:-1, max-image-preview:large, max-video-preview:-1\" \/>\n<link rel=\"canonical\" href=\"https:\/\/stuewe.de\/en\/brake-system-sbs-3l\/\" \/>\n<meta property=\"og:locale\" content=\"en_GB\" \/>\n<meta property=\"og:type\" content=\"article\" \/>\n<meta property=\"og:title\" content=\"Bremssystem SBS 3L - St\u00fcwe - Hattingen\" \/>\n<meta property=\"og:description\" content=\"Das Modell SBS 3L ist die leistungsstarke L\u00f6sung f\u00fcr Anwendungen mit erh\u00f6htem Bremsmomentbedarf. Die robuste Konstruktion sorgt f\u00fcr eine zuverl\u00e4ssige Bremswirkung auch bei anspruchsvollen Umgebungsbedingungen und hoher Beanspruchung. Durch die gr\u00f6\u00dfere Baugr\u00f6\u00dfe und den optimierten Kraftfluss eignet sich dieses Modell besonders...\" \/>\n<meta property=\"og:url\" content=\"https:\/\/stuewe.de\/en\/brake-system-sbs-3l\/\" \/>\n<meta property=\"og:site_name\" content=\"St\u00fcwe - Hattingen\" \/>\n<meta property=\"article:modified_time\" content=\"2025-09-10T07:32:34+00:00\" \/>\n<meta property=\"og:image\" content=\"https:\/\/stuewe.de\/wp-content\/uploads\/2025\/07\/SBS_3L.jpg\" \/>\n\t<meta property=\"og:image:width\" content=\"600\" \/>\n\t<meta property=\"og:image:height\" content=\"600\" \/>\n\t<meta property=\"og:image:type\" content=\"image\/jpeg\" \/>\n<meta name=\"twitter:card\" content=\"summary_large_image\" \/>\n<meta name=\"twitter:label1\" content=\"Estimated reading time\" \/>\n\t<meta name=\"twitter:data1\" content=\"1 minute\" \/>\n<script type=\"application\/ld+json\" class=\"yoast-schema-graph\">{\"@context\":\"https:\/\/schema.org\",\"@graph\":[{\"@type\":\"WebPage\",\"@id\":\"https:\/\/stuewe.de\/bremssystem-sbs-3l\/\",\"url\":\"https:\/\/stuewe.de\/bremssystem-sbs-3l\/\",\"name\":\"Bremssystem SBS 3L - St\u00fcwe - Hattingen\",\"isPartOf\":{\"@id\":\"https:\/\/stuewe.de\/#website\"},\"primaryImageOfPage\":{\"@id\":\"https:\/\/stuewe.de\/bremssystem-sbs-3l\/#primaryimage\"},\"image\":{\"@id\":\"https:\/\/stuewe.de\/bremssystem-sbs-3l\/#primaryimage\"},\"thumbnailUrl\":\"https:\/\/stuewe.de\/wp-content\/uploads\/2025\/07\/SBS_3L.jpg\",\"datePublished\":\"2025-07-08T07:44:13+00:00\",\"dateModified\":\"2025-09-10T07:32:34+00:00\",\"breadcrumb\":{\"@id\":\"https:\/\/stuewe.de\/bremssystem-sbs-3l\/#breadcrumb\"},\"inLanguage\":\"en-GB\",\"potentialAction\":[{\"@type\":\"ReadAction\",\"target\":[\"https:\/\/stuewe.de\/bremssystem-sbs-3l\/\"]}]},{\"@type\":\"ImageObject\",\"inLanguage\":\"en-GB\",\"@id\":\"https:\/\/stuewe.de\/bremssystem-sbs-3l\/#primaryimage\",\"url\":\"https:\/\/stuewe.de\/wp-content\/uploads\/2025\/07\/SBS_3L.jpg\",\"contentUrl\":\"https:\/\/stuewe.de\/wp-content\/uploads\/2025\/07\/SBS_3L.jpg\"},{\"@type\":\"BreadcrumbList\",\"@id\":\"https:\/\/stuewe.de\/bremssystem-sbs-3l\/#breadcrumb\",\"itemListElement\":[{\"@type\":\"ListItem\",\"position\":1,\"name\":\"Start\",\"item\":\"https:\/\/stuewe.de\/\"},{\"@type\":\"ListItem\",\"position\":2,\"name\":\"Bremssystem SBS 3L\"}]},{\"@type\":\"WebSite\",\"@id\":\"https:\/\/stuewe.de\/#website\",\"url\":\"https:\/\/stuewe.de\/\",\"name\":\"St\u00fcwe - Hattingen\",\"description\":\"Maschinenbauteilen f\u00fcr Antriebstechnik\",\"potentialAction\":[{\"@type\":\"SearchAction\",\"target\":{\"@type\":\"EntryPoint\",\"urlTemplate\":\"https:\/\/stuewe.de\/?s={search_term_string}\"},\"query-input\":{\"@type\":\"PropertyValueSpecification\",\"valueRequired\":true,\"valueName\":\"search_term_string\"}}],\"inLanguage\":\"en-GB\"}]}<\/script>\n<!-- \/ Yoast SEO plugin. -->","yoast_head_json":{"title":"Brake system SBS 3L - St\u00fcwe - Hattingen","robots":{"index":"index","follow":"follow","max-snippet":"max-snippet:-1","max-image-preview":"max-image-preview:large","max-video-preview":"max-video-preview:-1"},"canonical":"https:\/\/stuewe.de\/en\/brake-system-sbs-3l\/","og_locale":"en_GB","og_type":"article","og_title":"Bremssystem SBS 3L - St\u00fcwe - Hattingen","og_description":"Das Modell SBS 3L ist die leistungsstarke L\u00f6sung f\u00fcr Anwendungen mit erh\u00f6htem Bremsmomentbedarf. Die robuste Konstruktion sorgt f\u00fcr eine zuverl\u00e4ssige Bremswirkung auch bei anspruchsvollen Umgebungsbedingungen und hoher Beanspruchung. Durch die gr\u00f6\u00dfere Baugr\u00f6\u00dfe und den optimierten Kraftfluss eignet sich dieses Modell besonders...","og_url":"https:\/\/stuewe.de\/en\/brake-system-sbs-3l\/","og_site_name":"St\u00fcwe - Hattingen","article_modified_time":"2025-09-10T07:32:34+00:00","og_image":[{"width":600,"height":600,"url":"https:\/\/stuewe.de\/wp-content\/uploads\/2025\/07\/SBS_3L.jpg","type":"image\/jpeg"}],"twitter_card":"summary_large_image","twitter_misc":{"Estimated reading time":"1 minute"},"schema":{"@context":"https:\/\/schema.org","@graph":[{"@type":"WebPage","@id":"https:\/\/stuewe.de\/bremssystem-sbs-3l\/","url":"https:\/\/stuewe.de\/bremssystem-sbs-3l\/","name":"Brake system SBS 3L - St\u00fcwe - Hattingen","isPartOf":{"@id":"https:\/\/stuewe.de\/#website"},"primaryImageOfPage":{"@id":"https:\/\/stuewe.de\/bremssystem-sbs-3l\/#primaryimage"},"image":{"@id":"https:\/\/stuewe.de\/bremssystem-sbs-3l\/#primaryimage"},"thumbnailUrl":"https:\/\/stuewe.de\/wp-content\/uploads\/2025\/07\/SBS_3L.jpg","datePublished":"2025-07-08T07:44:13+00:00","dateModified":"2025-09-10T07:32:34+00:00","breadcrumb":{"@id":"https:\/\/stuewe.de\/bremssystem-sbs-3l\/#breadcrumb"},"inLanguage":"en-GB","potentialAction":[{"@type":"ReadAction","target":["https:\/\/stuewe.de\/bremssystem-sbs-3l\/"]}]},{"@type":"ImageObject","inLanguage":"en-GB","@id":"https:\/\/stuewe.de\/bremssystem-sbs-3l\/#primaryimage","url":"https:\/\/stuewe.de\/wp-content\/uploads\/2025\/07\/SBS_3L.jpg","contentUrl":"https:\/\/stuewe.de\/wp-content\/uploads\/2025\/07\/SBS_3L.jpg"},{"@type":"BreadcrumbList","@id":"https:\/\/stuewe.de\/bremssystem-sbs-3l\/#breadcrumb","itemListElement":[{"@type":"ListItem","position":1,"name":"Start","item":"https:\/\/stuewe.de\/"},{"@type":"ListItem","position":2,"name":"Bremssystem SBS 3L"}]},{"@type":"WebSite","@id":"https:\/\/stuewe.de\/#website","url":"https:\/\/stuewe.de\/","name":"St\u00fcwe - Hattingen","description":"Machine components for drive technology","potentialAction":[{"@type":"SearchAction","target":{"@type":"EntryPoint","urlTemplate":"https:\/\/stuewe.de\/?s={search_term_string}"},"query-input":{"@type":"PropertyValueSpecification","valueRequired":true,"valueName":"search_term_string"}}],"inLanguage":"en-GB"}]}},"_links":{"self":[{"href":"https:\/\/stuewe.de\/en\/wp-json\/wp\/v2\/pages\/19416","targetHints":{"allow":["GET"]}}],"collection":[{"href":"https:\/\/stuewe.de\/en\/wp-json\/wp\/v2\/pages"}],"about":[{"href":"https:\/\/stuewe.de\/en\/wp-json\/wp\/v2\/types\/page"}],"author":[{"embeddable":true,"href":"https:\/\/stuewe.de\/en\/wp-json\/wp\/v2\/users\/8"}],"replies":[{"embeddable":true,"href":"https:\/\/stuewe.de\/en\/wp-json\/wp\/v2\/comments?post=19416"}],"version-history":[{"count":31,"href":"https:\/\/stuewe.de\/en\/wp-json\/wp\/v2\/pages\/19416\/revisions"}],"predecessor-version":[{"id":19978,"href":"https:\/\/stuewe.de\/en\/wp-json\/wp\/v2\/pages\/19416\/revisions\/19978"}],"wp:attachment":[{"href":"https:\/\/stuewe.de\/en\/wp-json\/wp\/v2\/media?parent=19416"}],"curies":[{"name":"wp","href":"https:\/\/api.w.org\/{rel}","templated":true}]}}