{"id":17550,"date":"2024-08-20T11:13:23","date_gmt":"2024-08-20T09:13:23","guid":{"rendered":"https:\/\/stuewe-test.ge-buer.de\/?page_id=17550"},"modified":"2026-03-25T16:45:45","modified_gmt":"2026-03-25T15:45:45","slug":"external-tensioning-kits-as","status":"publish","type":"page","link":"https:\/\/stuewe.de\/en\/aussenspannsaetze-as\/","title":{"rendered":"External clamping sets: AS"},"content":{"rendered":"<div data-elementor-type=\"wp-page\" data-elementor-id=\"17550\" class=\"elementor elementor-17550\">\n\t\t\t\t\t\t<section class=\"elementor-section elementor-top-section elementor-element elementor-element-190d5163 elementor-section-boxed elementor-section-height-default elementor-section-height-default\" data-id=\"190d5163\" data-element_type=\"section\" data-settings=\"{&quot;background_background&quot;:&quot;classic&quot;}\">\n\t\t\t\t\t\t<div class=\"elementor-container elementor-column-gap-no\">\n\t\t\t\t\t<div class=\"elementor-column elementor-col-100 elementor-top-column elementor-element elementor-element-5ec72f9a\" data-id=\"5ec72f9a\" data-element_type=\"column\">\n\t\t\t<div class=\"elementor-widget-wrap elementor-element-populated\">\n\t\t\t\t\t\t<section class=\"elementor-section elementor-inner-section elementor-element elementor-element-6be8e68a elementor-section-boxed elementor-section-height-default elementor-section-height-default\" data-id=\"6be8e68a\" data-element_type=\"section\" data-settings=\"{&quot;background_background&quot;:&quot;classic&quot;}\">\n\t\t\t\t\t\t<div class=\"elementor-container elementor-column-gap-no\">\n\t\t\t\t\t<div class=\"elementor-column elementor-col-50 elementor-inner-column elementor-element elementor-element-6f019cc6\" data-id=\"6f019cc6\" data-element_type=\"column\">\n\t\t\t<div class=\"elementor-widget-wrap elementor-element-populated\">\n\t\t\t\t\t\t<div class=\"elementor-element elementor-element-168c4a5 elementor-widget elementor-widget-text-editor\" data-id=\"168c4a5\" data-element_type=\"widget\" data-widget_type=\"text-editor.default\">\n\t\t\t\t<div class=\"elementor-widget-container\">\n\t\t\t\t\t\t\t<p>External clamping sets type AS can be used to fasten disc-shaped attachments such as brake discs, pulleys or belt pulleys to shafts. The fastening of couplings is another area of application. There are four different designs in the standard delivery programme, so that the greatest possible variety is available to find the ideal connection.<\/p><p>CAD models are available from <a title=\"Cadenas\" href=\"http:\/\/stuewe.partcommunity.com\/3d-cad-models\/spannsatz-typ-as-st%C3%BCwe\/?info=stuewe%2Fsps_typ_as\" target=\"_blank\" rel=\"noopener noreferrer\">Cadenas<\/a>.<\/p>\t\t\t\t\t\t<\/div>\n\t\t\t\t<\/div>\n\t\t\t\t<div class=\"elementor-element elementor-element-942d061 elementor-align-left elementor-widget elementor-widget-button\" data-id=\"942d061\" data-element_type=\"widget\" data-widget_type=\"button.default\">\n\t\t\t\t<div class=\"elementor-widget-container\">\n\t\t\t\t\t<div class=\"elementor-button-wrapper\">\n\t\t\t<a class=\"elementor-button elementor-button-link elementor-size-sm\" href=\"\/wp-content\/uploads\/2025\/08\/stuewe_gesamtkatalog_de.pdf\">\n\t\t\t\t\t\t<span class=\"elementor-button-content-wrapper\">\n\t\t\t\t\t\t\t\t\t<span class=\"elementor-button-text\">Complete catalogue<\/span>\n\t\t\t\t\t<\/span>\n\t\t\t\t\t<\/a>\n\t\t<\/div>\n\t\t\t\t<\/div>\n\t\t\t\t<\/div>\n\t\t\t\t<div class=\"elementor-element elementor-element-4dc8405 elementor-align-left elementor-widget elementor-widget-button\" data-id=\"4dc8405\" data-element_type=\"widget\" data-widget_type=\"button.default\">\n\t\t\t\t<div class=\"elementor-widget-container\">\n\t\t\t\t\t<div class=\"elementor-button-wrapper\">\n\t\t\t<a class=\"elementor-button elementor-button-link elementor-size-sm\" href=\"https:\/\/stuewe.de\/wp-content\/uploads\/2024\/08\/stuewe_montageanleitung_as.pdf\">\n\t\t\t\t\t\t<span class=\"elementor-button-content-wrapper\">\n\t\t\t\t\t\t\t\t\t<span class=\"elementor-button-text\">Assembly instructions<\/span>\n\t\t\t\t\t<\/span>\n\t\t\t\t\t<\/a>\n\t\t<\/div>\n\t\t\t\t<\/div>\n\t\t\t\t<\/div>\n\t\t\t\t<div class=\"elementor-element elementor-element-0ee7209 elementor-align-left elementor-widget elementor-widget-button\" data-id=\"0ee7209\" data-element_type=\"widget\" data-widget_type=\"button.default\">\n\t\t\t\t<div class=\"elementor-widget-container\">\n\t\t\t\t\t<div class=\"elementor-button-wrapper\">\n\t\t\t<a class=\"elementor-button elementor-button-link elementor-size-sm\" href=\"https:\/\/stuewe.de\/wp-content\/uploads\/2025\/01\/stuewe_201910_catalogue_type-as.pdf\">\n\t\t\t\t\t\t<span class=\"elementor-button-content-wrapper\">\n\t\t\t\t\t\t\t\t\t<span class=\"elementor-button-text\">Catalogue pages AS<\/span>\n\t\t\t\t\t<\/span>\n\t\t\t\t\t<\/a>\n\t\t<\/div>\n\t\t\t\t<\/div>\n\t\t\t\t<\/div>\n\t\t\t\t<div class=\"elementor-element elementor-element-3504301 elementor-align-items-flex-start view-type-1 title-alignment-left elementor-widget elementor-widget-industrium_image_carousel\" data-id=\"3504301\" data-element_type=\"widget\" data-widget_type=\"industrium_image_carousel.default\">\n\t\t\t\t<div class=\"elementor-widget-container\">\n\t\t\t\n        <div class=\"industrium-image-slider-widget\">\n\n                        <div class=\"slider-wrapper\">\n                                <div class=\"slider-container\">\n                    <div class=\"image-carousel owl-carousel owl-theme\" data-slider-options=\"{&quot;items&quot;:3,&quot;nav&quot;:false,&quot;dots&quot;:true,&quot;dotsContainer&quot;:&quot;.owl-dots-3504301&quot;,&quot;dotsContainerMobile&quot;:&quot;.owl-dots-3504301&quot;,&quot;autoplayHoverPause&quot;:true,&quot;autoplay&quot;:true,&quot;autoplaySpeed&quot;:300,&quot;autoplayTimeout&quot;:5000,&quot;loop&quot;:true,&quot;speed&quot;:500}\">\n                        <div class=\"slider-item\"><div class=\"slider-item-inner\"><div class=\"slider-item-media\"><img fetchpriority=\"high\" decoding=\"async\" width=\"400\" height=\"400\" src=\"https:\/\/stuewe.de\/wp-content\/uploads\/2024\/08\/AS12stuewe_201708_grafiken_s60_bauform_a.png\" class=\"attachment-full size-full wp-image-17554\" alt=\"\" srcset=\"https:\/\/stuewe.de\/wp-content\/uploads\/2024\/08\/AS12stuewe_201708_grafiken_s60_bauform_a.png 400w, https:\/\/stuewe.de\/wp-content\/uploads\/2024\/08\/AS12stuewe_201708_grafiken_s60_bauform_a-300x300.png 300w, https:\/\/stuewe.de\/wp-content\/uploads\/2024\/08\/AS12stuewe_201708_grafiken_s60_bauform_a-150x150.png 150w\" sizes=\"(max-width: 400px) 100vw, 400px\" \/><\/div><div class=\"slider-item-title\">AS 12<\/div><div class=\"slider-item-description\"><br \/><strong>Shaft diameter<\/strong><br \/>9 - 100 mm<br \/><br \/><strong>Transmittable torques<\/strong><br \/>0.02 - 15.8 kNm<br \/><br \/><strong>Medium torques;<br \/>without bending moment<\/strong><\/div><\/div><\/div><div class=\"slider-item\"><div class=\"slider-item-inner\"><div class=\"slider-item-media\"><img decoding=\"async\" width=\"400\" height=\"400\" src=\"https:\/\/stuewe.de\/wp-content\/uploads\/2024\/08\/AS22stuewe_201708_grafiken_s62_bauform_a_3.png\" class=\"attachment-full size-full wp-image-17555\" alt=\"\" srcset=\"https:\/\/stuewe.de\/wp-content\/uploads\/2024\/08\/AS22stuewe_201708_grafiken_s62_bauform_a_3.png 400w, https:\/\/stuewe.de\/wp-content\/uploads\/2024\/08\/AS22stuewe_201708_grafiken_s62_bauform_a_3-300x300.png 300w, https:\/\/stuewe.de\/wp-content\/uploads\/2024\/08\/AS22stuewe_201708_grafiken_s62_bauform_a_3-150x150.png 150w\" sizes=\"(max-width: 400px) 100vw, 400px\" \/><\/div><div class=\"slider-item-title\">AS 22<\/div><div class=\"slider-item-description\"><br \/><strong>Shaft diameter<\/strong><br \/>11 - 440 mm<br \/><br \/><strong>Transmittable torques<\/strong><br \/>0.05 - 426 kNmbr<br \/><br \/><strong>High torques<br \/>+ bending moment<\/strong><\/div><\/div><\/div><div class=\"slider-item\"><div class=\"slider-item-inner\"><div class=\"slider-item-media\"><img decoding=\"async\" width=\"400\" height=\"400\" src=\"https:\/\/stuewe.de\/wp-content\/uploads\/2024\/08\/AS23stuewe_201708_grafiken_s62_bauform_a_1.png\" class=\"attachment-full size-full wp-image-17559\" alt=\"\" srcset=\"https:\/\/stuewe.de\/wp-content\/uploads\/2024\/08\/AS23stuewe_201708_grafiken_s62_bauform_a_1.png 400w, https:\/\/stuewe.de\/wp-content\/uploads\/2024\/08\/AS23stuewe_201708_grafiken_s62_bauform_a_1-300x300.png 300w, https:\/\/stuewe.de\/wp-content\/uploads\/2024\/08\/AS23stuewe_201708_grafiken_s62_bauform_a_1-150x150.png 150w\" sizes=\"(max-width: 400px) 100vw, 400px\" \/><\/div><div class=\"slider-item-title\">AS 23<\/div><div class=\"slider-item-description\"><br \/><strong>Shaft diameter<\/strong><br \/>40 - 440 mm<br \/><br \/><strong>Transmittable torques<\/strong><br \/>3.3 - 562 kNm<br \/><br \/><strong>High torques<br \/>+ bending moment<\/strong><\/div><\/div><\/div>                    <\/div>\n                <\/div>\n            <\/div>\n\n            <div class=\"owl-dots owl-dots-3504301\"><\/div>\n        <\/div>\n        \t\t<\/div>\n\t\t\t\t<\/div>\n\t\t\t\t\t<\/div>\n\t\t<\/div>\n\t\t\t\t<div class=\"elementor-column elementor-col-50 elementor-inner-column elementor-element elementor-element-404f35fa\" data-id=\"404f35fa\" data-element_type=\"column\" data-settings=\"{&quot;background_background&quot;:&quot;classic&quot;}\">\n\t\t\t<div class=\"elementor-widget-wrap elementor-element-populated\">\n\t\t\t\t\t\t<div class=\"elementor-element elementor-element-a5d9995 elementor-widget elementor-widget-image\" data-id=\"a5d9995\" data-element_type=\"widget\" data-widget_type=\"image.default\">\n\t\t\t\t<div class=\"elementor-widget-container\">\n\t\t\t\t\t\t\t\t\t\t\t\t\t<img loading=\"lazy\" decoding=\"async\" width=\"360\" height=\"360\" src=\"https:\/\/stuewe.de\/wp-content\/uploads\/2024\/08\/csm_as-exploded-drawing_2f80c1e5d1.png\" class=\"attachment-full size-full wp-image-17552\" alt=\"\" srcset=\"https:\/\/stuewe.de\/wp-content\/uploads\/2024\/08\/csm_as-exploded-drawing_2f80c1e5d1.png 360w, https:\/\/stuewe.de\/wp-content\/uploads\/2024\/08\/csm_as-exploded-drawing_2f80c1e5d1-300x300.png 300w, https:\/\/stuewe.de\/wp-content\/uploads\/2024\/08\/csm_as-exploded-drawing_2f80c1e5d1-150x150.png 150w\" sizes=\"(max-width: 360px) 100vw, 360px\" \/>\t\t\t\t\t\t\t\t\t\t\t\t\t<\/div>\n\t\t\t\t<\/div>\n\t\t\t\t<div class=\"elementor-element elementor-element-7a2dc43e elementor-vertical-align-top elementor-widget elementor-widget-icon-box\" data-id=\"7a2dc43e\" data-element_type=\"widget\" data-widget_type=\"icon-box.default\">\n\t\t\t\t<div class=\"elementor-widget-container\">\n\t\t\t\t\t<div class=\"elementor-icon-box-wrapper\">\n\n\t\t\t\n\t\t\t\t\t\t<div class=\"elementor-icon-box-content\">\n\n\t\t\t\t\t\t\t\t\t<h3 class=\"elementor-icon-box-title\">\n\t\t\t\t\t\t<span  >\n\t\t\t\t\t\t\tExploded view\t\t\t\t\t\t<\/span>\n\t\t\t\t\t<\/h3>\n\t\t\t\t\n\t\t\t\t\t\t\t\t\t<p class=\"elementor-icon-box-description\">\n\t\t\t\t\t\tScrew connection from one side for quick installation and easy accessibility.\t\t\t\t\t<\/p>\n\t\t\t\t\n\t\t\t<\/div>\n\t\t\t\n\t\t<\/div>\n\t\t\t\t<\/div>\n\t\t\t\t<\/div>\n\t\t\t\t\t<\/div>\n\t\t<\/div>\n\t\t\t\t\t<\/div>\n\t\t<\/section>\n\t\t\t\t\t<\/div>\n\t\t<\/div>\n\t\t\t\t\t<\/div>\n\t\t<\/section>\n\t\t\t\t<section class=\"elementor-section elementor-top-section elementor-element elementor-element-3af8da22 elementor-section-full_width elementor-section-height-default elementor-section-height-default\" data-id=\"3af8da22\" data-element_type=\"section\" data-settings=\"{&quot;background_background&quot;:&quot;classic&quot;}\">\n\t\t\t\t\t\t<div class=\"elementor-container elementor-column-gap-no\">\n\t\t\t\t\t<div class=\"elementor-column elementor-col-100 elementor-top-column elementor-element elementor-element-c72e9b6\" data-id=\"c72e9b6\" data-element_type=\"column\">\n\t\t\t<div class=\"elementor-widget-wrap elementor-element-populated\">\n\t\t\t\t\t\t<section class=\"elementor-section elementor-inner-section elementor-element elementor-element-5d9c5c46 elementor-section-full_width elementor-section-height-default elementor-section-height-default\" data-id=\"5d9c5c46\" data-element_type=\"section\" data-settings=\"{&quot;background_background&quot;:&quot;classic&quot;}\">\n\t\t\t\t\t\t<div class=\"elementor-container elementor-column-gap-no\">\n\t\t\t\t\t<div class=\"elementor-column elementor-col-50 elementor-inner-column elementor-element elementor-element-53fd20fb\" data-id=\"53fd20fb\" data-element_type=\"column\" data-settings=\"{&quot;background_background&quot;:&quot;classic&quot;}\">\n\t\t\t<div class=\"elementor-widget-wrap elementor-element-populated\">\n\t\t\t\t\t\t<div class=\"elementor-element elementor-element-7483a04d elementor-widget elementor-widget-spacer\" data-id=\"7483a04d\" data-element_type=\"widget\" data-widget_type=\"spacer.default\">\n\t\t\t\t<div class=\"elementor-widget-container\">\n\t\t\t\t\t<div class=\"elementor-spacer\">\n\t\t\t<div class=\"elementor-spacer-inner\"><\/div>\n\t\t<\/div>\n\t\t\t\t<\/div>\n\t\t\t\t<\/div>\n\t\t\t\t\t<\/div>\n\t\t<\/div>\n\t\t\t\t<div class=\"elementor-column elementor-col-50 elementor-inner-column elementor-element elementor-element-39ee89a2\" data-id=\"39ee89a2\" data-element_type=\"column\" data-settings=\"{&quot;background_background&quot;:&quot;classic&quot;}\">\n\t\t\t<div class=\"elementor-widget-wrap elementor-element-populated\">\n\t\t\t\t\t\t<div class=\"elementor-element elementor-element-50cd33af elementor-widget elementor-widget-industrium_heading\" data-id=\"50cd33af\" data-element_type=\"widget\" data-widget_type=\"industrium_heading.default\">\n\t\t\t\t<div class=\"elementor-widget-container\">\n\t\t\t<div class=\"industrium-heading-widget\"><h2 class=\"industrium-heading\"><span class=\"industrium-subheading no-dot\">Interested in working with us?<\/span><span class=\"industrium-heading-content\">Contact us<\/span><\/h2><\/div>\t\t<\/div>\n\t\t\t\t<\/div>\n\t\t\t\t<div class=\"elementor-element elementor-element-13815ff2 elementor-align-left elementor-widget elementor-widget-button\" data-id=\"13815ff2\" data-element_type=\"widget\" data-widget_type=\"button.default\">\n\t\t\t\t<div class=\"elementor-widget-container\">\n\t\t\t\t\t<div class=\"elementor-button-wrapper\">\n\t\t\t<a class=\"elementor-button elementor-size-sm\" role=\"button\">\n\t\t\t\t\t\t<span class=\"elementor-button-content-wrapper\">\n\t\t\t\t\t\t\t\t\t<span class=\"elementor-button-text\">Contact us<\/span>\n\t\t\t\t\t<\/span>\n\t\t\t\t\t<\/a>\n\t\t<\/div>\n\t\t\t\t<\/div>\n\t\t\t\t<\/div>\n\t\t\t\t\t<\/div>\n\t\t<\/div>\n\t\t\t\t\t<\/div>\n\t\t<\/section>\n\t\t\t\t\t<\/div>\n\t\t<\/div>\n\t\t\t\t\t<\/div>\n\t\t<\/section>\n\t\t\t\t<\/div>","protected":false},"excerpt":{"rendered":"<p>External clamping sets type AS can be used to fasten disc-shaped attachments such as brake discs, pulleys or belt pulleys to shafts. The fastening of couplings is another area of application. There are four different designs in the standard delivery programme, so that the greatest possible variance is available to find the ideal...<\/p>","protected":false},"author":8,"featured_media":0,"parent":0,"menu_order":0,"comment_status":"closed","ping_status":"closed","template":"elementor_header_footer","meta":{"footnotes":""},"class_list":["post-17550","page","type-page","status-publish","hentry"],"yoast_head":"<!-- This site is optimized with the Yoast SEO plugin v27.2 - https:\/\/yoast.com\/product\/yoast-seo-wordpress\/ -->\n<title>Au\u00dfenspanns\u00e4tze: AS - St\u00fcwe - Hattingen<\/title>\n<meta name=\"robots\" content=\"index, follow, max-snippet:-1, max-image-preview:large, max-video-preview:-1\" \/>\n<link rel=\"canonical\" href=\"https:\/\/stuewe.de\/en\/external-tensioning-kits-as\/\" \/>\n<meta property=\"og:locale\" content=\"en_GB\" \/>\n<meta property=\"og:type\" content=\"article\" \/>\n<meta property=\"og:title\" content=\"Au\u00dfenspanns\u00e4tze: AS - St\u00fcwe - Hattingen\" \/>\n<meta property=\"og:description\" content=\"Mit den Au\u00dfenspanns\u00e4tzen Typ AS lassen sich scheibenf\u00f6rmige Anbauteile wie z.B. Bremsscheiben, Seilscheiben oder Riemenscheiben auf Wellen befestigen. Auch die Befestigung von Kupplungen ist ein Einsatzgebiet. Im Standard-Lieferprogramm werden vier Bauformen unterschieden, sodass eine gr\u00f6\u00dftm\u00f6gliche Varianz gegeben ist, um die ideale...\" \/>\n<meta property=\"og:url\" content=\"https:\/\/stuewe.de\/en\/external-tensioning-kits-as\/\" \/>\n<meta property=\"og:site_name\" content=\"St\u00fcwe - Hattingen\" \/>\n<meta property=\"article:modified_time\" content=\"2026-03-25T15:45:45+00:00\" \/>\n<meta property=\"og:image\" content=\"https:\/\/stuewe.de\/wp-content\/uploads\/2024\/08\/csm_as-exploded-drawing_2f80c1e5d1.png\" \/>\n<meta name=\"twitter:card\" content=\"summary_large_image\" \/>\n<meta name=\"twitter:label1\" content=\"Estimated reading time\" \/>\n\t<meta name=\"twitter:data1\" content=\"4 minutes\" \/>\n<script type=\"application\/ld+json\" class=\"yoast-schema-graph\">{\"@context\":\"https:\/\/schema.org\",\"@graph\":[{\"@type\":\"WebPage\",\"@id\":\"https:\/\/stuewe.de\/aussenspannsaetze-as\/\",\"url\":\"https:\/\/stuewe.de\/aussenspannsaetze-as\/\",\"name\":\"Au\u00dfenspanns\u00e4tze: AS - St\u00fcwe - Hattingen\",\"isPartOf\":{\"@id\":\"https:\/\/stuewe.de\/#website\"},\"primaryImageOfPage\":{\"@id\":\"https:\/\/stuewe.de\/aussenspannsaetze-as\/#primaryimage\"},\"image\":{\"@id\":\"https:\/\/stuewe.de\/aussenspannsaetze-as\/#primaryimage\"},\"thumbnailUrl\":\"https:\/\/stuewe.de\/wp-content\/uploads\/2024\/08\/csm_as-exploded-drawing_2f80c1e5d1.png\",\"datePublished\":\"2024-08-20T09:13:23+00:00\",\"dateModified\":\"2026-03-25T15:45:45+00:00\",\"breadcrumb\":{\"@id\":\"https:\/\/stuewe.de\/aussenspannsaetze-as\/#breadcrumb\"},\"inLanguage\":\"en-GB\",\"potentialAction\":[{\"@type\":\"ReadAction\",\"target\":[\"https:\/\/stuewe.de\/aussenspannsaetze-as\/\"]}]},{\"@type\":\"ImageObject\",\"inLanguage\":\"en-GB\",\"@id\":\"https:\/\/stuewe.de\/aussenspannsaetze-as\/#primaryimage\",\"url\":\"https:\/\/stuewe.de\/wp-content\/uploads\/2024\/08\/csm_as-exploded-drawing_2f80c1e5d1.png\",\"contentUrl\":\"https:\/\/stuewe.de\/wp-content\/uploads\/2024\/08\/csm_as-exploded-drawing_2f80c1e5d1.png\"},{\"@type\":\"BreadcrumbList\",\"@id\":\"https:\/\/stuewe.de\/aussenspannsaetze-as\/#breadcrumb\",\"itemListElement\":[{\"@type\":\"ListItem\",\"position\":1,\"name\":\"Start\",\"item\":\"https:\/\/stuewe.de\/\"},{\"@type\":\"ListItem\",\"position\":2,\"name\":\"Au\u00dfenspanns\u00e4tze: AS\"}]},{\"@type\":\"WebSite\",\"@id\":\"https:\/\/stuewe.de\/#website\",\"url\":\"https:\/\/stuewe.de\/\",\"name\":\"St\u00fcwe - Hattingen\",\"description\":\"Maschinenbauteilen f\u00fcr Antriebstechnik\",\"potentialAction\":[{\"@type\":\"SearchAction\",\"target\":{\"@type\":\"EntryPoint\",\"urlTemplate\":\"https:\/\/stuewe.de\/?s={search_term_string}\"},\"query-input\":{\"@type\":\"PropertyValueSpecification\",\"valueRequired\":true,\"valueName\":\"search_term_string\"}}],\"inLanguage\":\"en-GB\"}]}<\/script>\n<!-- \/ Yoast SEO plugin. -->","yoast_head_json":{"title":"External clamping sets: AS - St\u00fcwe - Hattingen","robots":{"index":"index","follow":"follow","max-snippet":"max-snippet:-1","max-image-preview":"max-image-preview:large","max-video-preview":"max-video-preview:-1"},"canonical":"https:\/\/stuewe.de\/en\/external-tensioning-kits-as\/","og_locale":"en_GB","og_type":"article","og_title":"Au\u00dfenspanns\u00e4tze: AS - St\u00fcwe - Hattingen","og_description":"Mit den Au\u00dfenspanns\u00e4tzen Typ AS lassen sich scheibenf\u00f6rmige Anbauteile wie z.B. Bremsscheiben, Seilscheiben oder Riemenscheiben auf Wellen befestigen. Auch die Befestigung von Kupplungen ist ein Einsatzgebiet. Im Standard-Lieferprogramm werden vier Bauformen unterschieden, sodass eine gr\u00f6\u00dftm\u00f6gliche Varianz gegeben ist, um die ideale...","og_url":"https:\/\/stuewe.de\/en\/external-tensioning-kits-as\/","og_site_name":"St\u00fcwe - Hattingen","article_modified_time":"2026-03-25T15:45:45+00:00","og_image":[{"url":"https:\/\/stuewe.de\/wp-content\/uploads\/2024\/08\/csm_as-exploded-drawing_2f80c1e5d1.png","type":"","width":"","height":""}],"twitter_card":"summary_large_image","twitter_misc":{"Estimated reading time":"4 minutes"},"schema":{"@context":"https:\/\/schema.org","@graph":[{"@type":"WebPage","@id":"https:\/\/stuewe.de\/aussenspannsaetze-as\/","url":"https:\/\/stuewe.de\/aussenspannsaetze-as\/","name":"External clamping sets: AS - St\u00fcwe - Hattingen","isPartOf":{"@id":"https:\/\/stuewe.de\/#website"},"primaryImageOfPage":{"@id":"https:\/\/stuewe.de\/aussenspannsaetze-as\/#primaryimage"},"image":{"@id":"https:\/\/stuewe.de\/aussenspannsaetze-as\/#primaryimage"},"thumbnailUrl":"https:\/\/stuewe.de\/wp-content\/uploads\/2024\/08\/csm_as-exploded-drawing_2f80c1e5d1.png","datePublished":"2024-08-20T09:13:23+00:00","dateModified":"2026-03-25T15:45:45+00:00","breadcrumb":{"@id":"https:\/\/stuewe.de\/aussenspannsaetze-as\/#breadcrumb"},"inLanguage":"en-GB","potentialAction":[{"@type":"ReadAction","target":["https:\/\/stuewe.de\/aussenspannsaetze-as\/"]}]},{"@type":"ImageObject","inLanguage":"en-GB","@id":"https:\/\/stuewe.de\/aussenspannsaetze-as\/#primaryimage","url":"https:\/\/stuewe.de\/wp-content\/uploads\/2024\/08\/csm_as-exploded-drawing_2f80c1e5d1.png","contentUrl":"https:\/\/stuewe.de\/wp-content\/uploads\/2024\/08\/csm_as-exploded-drawing_2f80c1e5d1.png"},{"@type":"BreadcrumbList","@id":"https:\/\/stuewe.de\/aussenspannsaetze-as\/#breadcrumb","itemListElement":[{"@type":"ListItem","position":1,"name":"Start","item":"https:\/\/stuewe.de\/"},{"@type":"ListItem","position":2,"name":"Au\u00dfenspanns\u00e4tze: AS"}]},{"@type":"WebSite","@id":"https:\/\/stuewe.de\/#website","url":"https:\/\/stuewe.de\/","name":"St\u00fcwe - Hattingen","description":"Machine components for drive technology","potentialAction":[{"@type":"SearchAction","target":{"@type":"EntryPoint","urlTemplate":"https:\/\/stuewe.de\/?s={search_term_string}"},"query-input":{"@type":"PropertyValueSpecification","valueRequired":true,"valueName":"search_term_string"}}],"inLanguage":"en-GB"}]}},"_links":{"self":[{"href":"https:\/\/stuewe.de\/en\/wp-json\/wp\/v2\/pages\/17550","targetHints":{"allow":["GET"]}}],"collection":[{"href":"https:\/\/stuewe.de\/en\/wp-json\/wp\/v2\/pages"}],"about":[{"href":"https:\/\/stuewe.de\/en\/wp-json\/wp\/v2\/types\/page"}],"author":[{"embeddable":true,"href":"https:\/\/stuewe.de\/en\/wp-json\/wp\/v2\/users\/8"}],"replies":[{"embeddable":true,"href":"https:\/\/stuewe.de\/en\/wp-json\/wp\/v2\/comments?post=17550"}],"version-history":[{"count":25,"href":"https:\/\/stuewe.de\/en\/wp-json\/wp\/v2\/pages\/17550\/revisions"}],"predecessor-version":[{"id":20518,"href":"https:\/\/stuewe.de\/en\/wp-json\/wp\/v2\/pages\/17550\/revisions\/20518"}],"wp:attachment":[{"href":"https:\/\/stuewe.de\/en\/wp-json\/wp\/v2\/media?parent=17550"}],"curies":[{"name":"wp","href":"https:\/\/api.w.org\/{rel}","templated":true}]}}