{"id":17268,"date":"2024-08-05T05:20:54","date_gmt":"2024-08-05T03:20:54","guid":{"rendered":"https:\/\/stuewe-test.ge-buer.de\/?page_id=17268"},"modified":"2024-11-12T19:14:21","modified_gmt":"2024-11-12T18:14:21","slug":"application","status":"publish","type":"page","link":"https:\/\/stuewe.de\/en\/anwendung\/","title":{"rendered":"Application"},"content":{"rendered":"\t\t<div data-elementor-type=\"wp-page\" data-elementor-id=\"17268\" class=\"elementor elementor-17268\">\n\t\t\t\t\t\t<section class=\"elementor-section elementor-top-section elementor-element elementor-element-dd36705 elementor-section-boxed elementor-section-height-default elementor-section-height-default\" data-id=\"dd36705\" data-element_type=\"section\">\n\t\t\t\t\t\t<div class=\"elementor-container elementor-column-gap-default\">\n\t\t\t\t\t<div class=\"elementor-column elementor-col-100 elementor-top-column elementor-element elementor-element-38cf104\" data-id=\"38cf104\" data-element_type=\"column\">\n\t\t\t<div class=\"elementor-widget-wrap elementor-element-populated\">\n\t\t\t\t\t\t<div class=\"elementor-element elementor-element-aeb5157 elementor-widget elementor-widget-industrium_heading\" data-id=\"aeb5157\" data-element_type=\"widget\" data-widget_type=\"industrium_heading.default\">\n\t\t\t\t<div class=\"elementor-widget-container\">\n\t\t\t<div class=\"industrium-heading-widget\"><h2 class=\"industrium-heading\"><span class=\"industrium-heading-content\"><span style=\"vertical-align: inherit\"><span style=\"vertical-align: inherit\"><span style=\"vertical-align: inherit\"><span style=\"vertical-align: inherit\">Anwendung<\/span><\/span><\/span><\/span><\/span><\/h2><\/div>\t\t<\/div>\n\t\t\t\t<\/div>\n\t\t\t\t<div class=\"elementor-element elementor-element-c073324 elementor-widget elementor-widget-text-editor\" data-id=\"c073324\" data-element_type=\"widget\" data-widget_type=\"text-editor.default\">\n\t\t\t\t<div class=\"elementor-widget-container\">\n\t\t\t\t\t\t\t<div class=\"flex-shrink-0 flex flex-col relative items-end\"><div><div class=\"pt-0\"><div class=\"gizmo-bot-avatar flex h-8 w-8 items-center justify-center overflow-hidden rounded-full\"><div class=\"relative p-1 rounded-sm flex items-center justify-center bg-token-main-surface-primary text-token-text-primary h-8 w-8\">St\u00fcwe in Hattingen bietet eine breite Palette an Produkten f\u00fcr verschiedene Anwendungen. Unsere Produkte werden in den Bereichen Windkraftanlagen, Schiffbau, Zerkleinerungstechnik, Messtechnik, Misch- und Verfahrenstechnik, H\u00fctten- und Walzwerkstechnik, F\u00f6rdertechnik und Antriebstechnik eingesetzt.<\/div><\/div><\/div><\/div><\/div>\t\t\t\t\t\t<\/div>\n\t\t\t\t<\/div>\n\t\t\t\t<div class=\"elementor-element elementor-element-91d887e view_type-2 style_type-2 elementor-widget elementor-widget-industrium_services_listing\" data-id=\"91d887e\" data-element_type=\"widget\" data-widget_type=\"industrium_services_listing.default\">\n\t\t\t\t<div class=\"elementor-widget-container\">\n\t\t\t\n        <div class=\"industrium-service-listing-widget\">\n\n            <div class=\"archive-listing\" data-ajax='{&quot;post_type&quot;:&quot;industrium_service&quot;,&quot;ignore_sticky_posts&quot;:true,&quot;suppress_filters&quot;:true,&quot;orderby&quot;:&quot;date&quot;,&quot;order&quot;:&quot;asc&quot;,&quot;link_base&quot;:&quot;https:\\\/\\\/stuewe.de\\\/en\\\/wp-json\\\/wp\\\/v2\\\/pages\\\/17268&quot;,&quot;industrium_services_category&quot;:[&quot;stuewe&quot;],&quot;posts_per_page&quot;:-1}' data-widget='{&quot;excerpt_length&quot;:200,&quot;item_class&quot;:&quot;service-item-wrapper slider-item&quot;,&quot;columns_number&quot;:3,&quot;listing_type&quot;:&quot;slider&quot;,&quot;view_type&quot;:&quot;type-2&quot;}'>\n                <div class=\"archive-listing-wrapper service-listing-wrapper service-slider-listing owl-carousel owl-theme\" data-slider-options={&quot;items&quot;:3,&quot;nav&quot;:false,&quot;dots&quot;:true,&quot;dotsContainer&quot;:&quot;.owl-dots-91d887e&quot;,&quot;autoplayHoverPause&quot;:true,&quot;autoplay&quot;:false,&quot;autoplaySpeed&quot;:300,&quot;autoplayTimeout&quot;:5000,&quot;loop&quot;:false,&quot;speed&quot;:500,&quot;view_type&quot;:&quot;type-2&quot;}>\n                    \n<div class=\"service-item-wrapper post-16397 industrium_service type-industrium_service status-publish has-post-thumbnail hentry industrium_services_category-stuewe\">\n    <div class=\"service-item\">\n         <a class=\"service-slider-item-link\" href=\"https:\/\/stuewe.de\/en\/services\/windkraftanlagen\/\"><div class=\"service-item-media\"><img decoding=\"async\" alt=\"windkraft\" title=\"windkraft\" srcset=\"https:\/\/stuewe.de\/wp-content\/uploads\/2024\/07\/windkraft-640x770.jpg 535w, https:\/\/stuewe.de\/wp-content\/uploads\/2024\/07\/windkraft-640x770.jpg 951w, https:\/\/stuewe.de\/wp-content\/uploads\/2024\/07\/windkraft-640x770.jpg 1170w\" sizes=\"(max-width: 575px) 535px, (max-width: 991px) 951px\" src=\"https:\/\/stuewe.de\/wp-content\/uploads\/2024\/07\/windkraft-640x770.jpg\" class=\"attachment-industrium_service_slider_3_columns size-industrium_service_slider_3_columns wp-post-image\" \/><\/div><span class=\"service-item-number\">01<\/span><div class=\"service-item-content\"><h5 class=\"service-post-title\">Windkraftanlagen<\/h5><div class=\"service-item-excerpt\">J\u00e4hrlich sorgen tausende unserer Schrumpfscheiben daf\u00fcr, dass Windkraftanlagen auf der ganzen Welt sicher und zuverl\u00e4ssig Wind in Strom verwandeln.<\/div><\/div><\/a>    <\/div>\n<\/div>\n<div class=\"service-item-wrapper post-16404 industrium_service type-industrium_service status-publish has-post-thumbnail hentry industrium_services_category-stuewe\">\n    <div class=\"service-item\">\n         <a class=\"service-slider-item-link\" href=\"https:\/\/stuewe.de\/en\/services\/zerkleinerungstechnik\/\"><div class=\"service-item-media\"><img decoding=\"async\" alt=\"zerkleinerungstechnik2\" title=\"zerkleinerungstechnik2\" srcset=\"https:\/\/stuewe.de\/wp-content\/uploads\/2024\/07\/zerkleinerungstechnik2-640x770.jpg 535w, https:\/\/stuewe.de\/wp-content\/uploads\/2024\/07\/zerkleinerungstechnik2-640x770.jpg 951w, https:\/\/stuewe.de\/wp-content\/uploads\/2024\/07\/zerkleinerungstechnik2-640x770.jpg 1170w\" sizes=\"(max-width: 575px) 535px, (max-width: 991px) 951px\" src=\"https:\/\/stuewe.de\/wp-content\/uploads\/2024\/07\/zerkleinerungstechnik2-640x770.jpg\" class=\"attachment-industrium_service_slider_3_columns size-industrium_service_slider_3_columns wp-post-image\" \/><\/div><span class=\"service-item-number\">02<\/span><div class=\"service-item-content\"><h5 class=\"service-post-title\">Zerkleinerungstechnik<\/h5><div class=\"service-item-excerpt\">Unsere reibschl\u00fcssigen Welle-Nabe-Verbindungen sorgen daf\u00fcr, dass Ihre Anlagen zuverl\u00e4ssig und wartungsfrei vom Getriebe oder Getriebemotoren angetrieben werden.\u00a0\r\n\r\n&nbsp;<\/div><\/div><\/a>    <\/div>\n<\/div>\n<div class=\"service-item-wrapper post-16460 industrium_service type-industrium_service status-publish has-post-thumbnail hentry industrium_services_category-stuewe\">\n    <div class=\"service-item\">\n         <a class=\"service-slider-item-link\" href=\"https:\/\/stuewe.de\/en\/services\/maritime-anwendung\/\"><div class=\"service-item-media\"><img decoding=\"async\" alt=\"schiffsbau\" title=\"schiffsbau\" srcset=\"https:\/\/stuewe.de\/wp-content\/uploads\/2024\/08\/schiffsbau-640x770.jpg 535w, https:\/\/stuewe.de\/wp-content\/uploads\/2024\/08\/schiffsbau-640x770.jpg 951w, https:\/\/stuewe.de\/wp-content\/uploads\/2024\/08\/schiffsbau-640x770.jpg 1170w\" sizes=\"(max-width: 575px) 535px, (max-width: 991px) 951px\" src=\"https:\/\/stuewe.de\/wp-content\/uploads\/2024\/08\/schiffsbau-640x770.jpg\" class=\"attachment-industrium_service_slider_3_columns size-industrium_service_slider_3_columns wp-post-image\" \/><\/div><span class=\"service-item-number\">03<\/span><div class=\"service-item-content\"><h5 class=\"service-post-title\">Maritime Anwendung<\/h5><div class=\"service-item-excerpt\">\r\n\r\n\r\n\r\nST\u00dcWE-Kupplungen garantieren zuverl\u00e4ssige Verbindungen f\u00fcr Containerschiffe, die extremen Bedingungen standhalten.\r\n\r\n\r\n\r\n<\/div><\/div><\/a>    <\/div>\n<\/div>\n<div class=\"service-item-wrapper post-16471 industrium_service type-industrium_service status-publish has-post-thumbnail hentry industrium_services_category-stuewe\">\n    <div class=\"service-item\">\n         <a class=\"service-slider-item-link\" href=\"https:\/\/stuewe.de\/en\/services\/foerdertechnik\/\"><div class=\"service-item-media\"><img decoding=\"async\" alt=\"foerdertechnik\" title=\"foerdertechnik\" srcset=\"https:\/\/stuewe.de\/wp-content\/uploads\/2024\/08\/foerdertechnik-640x770.jpg 535w, https:\/\/stuewe.de\/wp-content\/uploads\/2024\/08\/foerdertechnik-640x770.jpg 951w, https:\/\/stuewe.de\/wp-content\/uploads\/2024\/08\/foerdertechnik-640x770.jpg 1170w\" sizes=\"(max-width: 575px) 535px, (max-width: 991px) 951px\" src=\"https:\/\/stuewe.de\/wp-content\/uploads\/2024\/08\/foerdertechnik-640x770.jpg\" class=\"attachment-industrium_service_slider_3_columns size-industrium_service_slider_3_columns wp-post-image\" \/><\/div><span class=\"service-item-number\">04<\/span><div class=\"service-item-content\"><h5 class=\"service-post-title\">F\u00f6rdertechnik<\/h5><div class=\"service-item-excerpt\">Unsere Reibschlussverbindungen sichern den Antrieb Ihrer F\u00f6rder- und Transportb\u00e4nder.<\/div><\/div><\/a>    <\/div>\n<\/div>\n<div class=\"service-item-wrapper post-16474 industrium_service type-industrium_service status-publish has-post-thumbnail hentry industrium_services_category-stuewe\">\n    <div class=\"service-item\">\n         <a class=\"service-slider-item-link\" href=\"https:\/\/stuewe.de\/en\/services\/mess-und-prueftechnik\/\"><div class=\"service-item-media\"><img decoding=\"async\" alt=\"messundprueftechnik2\" title=\"messundprueftechnik2\" srcset=\"https:\/\/stuewe.de\/wp-content\/uploads\/2024\/08\/messundprueftechnik2-640x770.jpg 535w, https:\/\/stuewe.de\/wp-content\/uploads\/2024\/08\/messundprueftechnik2-640x770.jpg 951w, https:\/\/stuewe.de\/wp-content\/uploads\/2024\/08\/messundprueftechnik2-640x770.jpg 1170w\" sizes=\"(max-width: 575px) 535px, (max-width: 991px) 951px\" src=\"https:\/\/stuewe.de\/wp-content\/uploads\/2024\/08\/messundprueftechnik2-640x770.jpg\" class=\"attachment-industrium_service_slider_3_columns size-industrium_service_slider_3_columns wp-post-image\" \/><\/div><span class=\"service-item-number\">05<\/span><div class=\"service-item-content\"><h5 class=\"service-post-title\">Mess- und Pr\u00fcftechnik<\/h5><div class=\"service-item-excerpt\">In der Mess- und Pr\u00fcftechnik erfordert der Pr\u00fcfstandsaufbau ein hohes Ma\u00df an Flexibilit\u00e4t und Genauigkeit.<\/div><\/div><\/a>    <\/div>\n<\/div>\n<div class=\"service-item-wrapper post-17252 industrium_service type-industrium_service status-publish has-post-thumbnail hentry industrium_services_category-stuewe\">\n    <div class=\"service-item\">\n         <a class=\"service-slider-item-link\" href=\"https:\/\/stuewe.de\/en\/services\/antriebstechnik\/\"><div class=\"service-item-media\"><img decoding=\"async\" alt=\"antriebstechnik\" title=\"antriebstechnik\" srcset=\"https:\/\/stuewe.de\/wp-content\/uploads\/2024\/08\/antriebstechnik-640x770.jpg 535w, https:\/\/stuewe.de\/wp-content\/uploads\/2024\/08\/antriebstechnik-640x770.jpg 951w, https:\/\/stuewe.de\/wp-content\/uploads\/2024\/08\/antriebstechnik-640x770.jpg 1170w\" sizes=\"(max-width: 575px) 535px, (max-width: 991px) 951px\" src=\"https:\/\/stuewe.de\/wp-content\/uploads\/2024\/08\/antriebstechnik-640x770.jpg\" class=\"attachment-industrium_service_slider_3_columns size-industrium_service_slider_3_columns wp-post-image\" \/><\/div><span class=\"service-item-number\">06<\/span><div class=\"service-item-content\"><h5 class=\"service-post-title\">Antriebstechnik<\/h5><div class=\"service-item-excerpt\">Unsere Reibschlussverbindungen sorgen daf\u00fcr, dass Ihre Getriebe, Kupplungen, Riemen- und Kettentriebe oder sonstige Antriebskomponenten sicher die Maschinenwelle antreiben<\/div><\/div><\/a>    <\/div>\n<\/div>\n<div class=\"service-item-wrapper post-17256 industrium_service type-industrium_service status-publish has-post-thumbnail hentry industrium_services_category-stuewe\">\n    <div class=\"service-item\">\n         <a class=\"service-slider-item-link\" href=\"https:\/\/stuewe.de\/en\/services\/huetten-und-walzwerktechnik\/\"><div class=\"service-item-media\"><img decoding=\"async\" alt=\"guss\" title=\"guss\" srcset=\"https:\/\/stuewe.de\/wp-content\/uploads\/2024\/08\/guss-640x640.jpg 535w, https:\/\/stuewe.de\/wp-content\/uploads\/2024\/08\/guss-640x640.jpg 951w, https:\/\/stuewe.de\/wp-content\/uploads\/2024\/08\/guss-640x640.jpg 1170w\" sizes=\"(max-width: 575px) 535px, (max-width: 991px) 951px\" src=\"https:\/\/stuewe.de\/wp-content\/uploads\/2024\/08\/guss-640x640.jpg\" class=\"attachment-industrium_service_slider_3_columns size-industrium_service_slider_3_columns wp-post-image\" \/><\/div><span class=\"service-item-number\">07<\/span><div class=\"service-item-content\"><h5 class=\"service-post-title\">H\u00fctten- und Walzwerktechnik<\/h5><div class=\"service-item-excerpt\">H\u00fctten- und Walzwerkanlagen sind hochmoderne, automatisierte Anlagen mit hohen Anforderungen an Verl\u00e4sslichkeit und Pr\u00e4zision<\/div><\/div><\/a>    <\/div>\n<\/div>\n<div class=\"service-item-wrapper post-17259 industrium_service type-industrium_service status-publish has-post-thumbnail hentry industrium_services_category-stuewe\">\n    <div class=\"service-item\">\n         <a class=\"service-slider-item-link\" href=\"https:\/\/stuewe.de\/en\/services\/misch-und-verfahrenstechnik\/\"><div class=\"service-item-media\"><img decoding=\"async\" alt=\"misch\" title=\"misch\" srcset=\"https:\/\/stuewe.de\/wp-content\/uploads\/2024\/08\/misch-640x770.jpg 535w, https:\/\/stuewe.de\/wp-content\/uploads\/2024\/08\/misch-640x770.jpg 951w, https:\/\/stuewe.de\/wp-content\/uploads\/2024\/08\/misch-640x770.jpg 1170w\" sizes=\"(max-width: 575px) 535px, (max-width: 991px) 951px\" src=\"https:\/\/stuewe.de\/wp-content\/uploads\/2024\/08\/misch-640x770.jpg\" class=\"attachment-industrium_service_slider_3_columns size-industrium_service_slider_3_columns wp-post-image\" \/><\/div><span class=\"service-item-number\">08<\/span><div class=\"service-item-content\"><h5 class=\"service-post-title\">Misch- und Verfahrenstechnik<\/h5><div class=\"service-item-excerpt\">R\u00fchren und Mischen sind wichtige Verfahrensschritte in der Chemietechnik und Lebensmittelindustrie<\/div><\/div><\/a>    <\/div>\n<\/div>                <\/div>\n\n                            <\/div>\n            <div class=\"owl-dots owl-dots-91d887e\"><\/div>        <\/div>\n        \t\t<\/div>\n\t\t\t\t<\/div>\n\t\t\t\t\t<\/div>\n\t\t<\/div>\n\t\t\t\t\t<\/div>\n\t\t<\/section>\n\t\t\t\t<\/div>\n\t\t","protected":false},"excerpt":{"rendered":"<p>St\u00fcwe in Hattingen offers a wide range of products for various applications. Our products are used in the fields of wind turbines, shipbuilding, shredding technology, measurement technology, mixing and process technology, metallurgical and rolling mill technology, conveyor technology and drive technology.<\/p>","protected":false},"author":8,"featured_media":0,"parent":0,"menu_order":0,"comment_status":"closed","ping_status":"closed","template":"","meta":{"footnotes":""},"class_list":["post-17268","page","type-page","status-publish","hentry"],"yoast_head":"<!-- This site is optimized with the Yoast SEO plugin v27.2 - https:\/\/yoast.com\/product\/yoast-seo-wordpress\/ -->\n<title>Anwendung - St\u00fcwe - Hattingen<\/title>\n<meta name=\"robots\" content=\"index, follow, max-snippet:-1, max-image-preview:large, max-video-preview:-1\" \/>\n<link rel=\"canonical\" href=\"https:\/\/stuewe.de\/en\/application\/\" \/>\n<meta property=\"og:locale\" content=\"en_GB\" \/>\n<meta property=\"og:type\" content=\"article\" \/>\n<meta property=\"og:title\" content=\"Anwendung - St\u00fcwe - Hattingen\" \/>\n<meta property=\"og:description\" content=\"St\u00fcwe in Hattingen bietet eine breite Palette an Produkten f\u00fcr verschiedene Anwendungen. Unsere Produkte werden in den Bereichen Windkraftanlagen, Schiffbau, Zerkleinerungstechnik, Messtechnik, Misch- und Verfahrenstechnik, H\u00fctten- und Walzwerkstechnik, F\u00f6rdertechnik und Antriebstechnik eingesetzt.\" \/>\n<meta property=\"og:url\" content=\"https:\/\/stuewe.de\/en\/application\/\" \/>\n<meta property=\"og:site_name\" content=\"St\u00fcwe - Hattingen\" \/>\n<meta property=\"article:modified_time\" content=\"2024-11-12T18:14:21+00:00\" \/>\n<meta name=\"twitter:card\" content=\"summary_large_image\" \/>\n<script type=\"application\/ld+json\" class=\"yoast-schema-graph\">{\"@context\":\"https:\/\/schema.org\",\"@graph\":[{\"@type\":\"WebPage\",\"@id\":\"https:\/\/stuewe.de\/anwendung\/\",\"url\":\"https:\/\/stuewe.de\/anwendung\/\",\"name\":\"Anwendung - St\u00fcwe - Hattingen\",\"isPartOf\":{\"@id\":\"https:\/\/stuewe.de\/#website\"},\"datePublished\":\"2024-08-05T03:20:54+00:00\",\"dateModified\":\"2024-11-12T18:14:21+00:00\",\"breadcrumb\":{\"@id\":\"https:\/\/stuewe.de\/anwendung\/#breadcrumb\"},\"inLanguage\":\"en-GB\",\"potentialAction\":[{\"@type\":\"ReadAction\",\"target\":[\"https:\/\/stuewe.de\/anwendung\/\"]}]},{\"@type\":\"BreadcrumbList\",\"@id\":\"https:\/\/stuewe.de\/anwendung\/#breadcrumb\",\"itemListElement\":[{\"@type\":\"ListItem\",\"position\":1,\"name\":\"Start\",\"item\":\"https:\/\/stuewe.de\/\"},{\"@type\":\"ListItem\",\"position\":2,\"name\":\"Anwendung\"}]},{\"@type\":\"WebSite\",\"@id\":\"https:\/\/stuewe.de\/#website\",\"url\":\"https:\/\/stuewe.de\/\",\"name\":\"St\u00fcwe - Hattingen\",\"description\":\"Maschinenbauteilen f\u00fcr Antriebstechnik\",\"potentialAction\":[{\"@type\":\"SearchAction\",\"target\":{\"@type\":\"EntryPoint\",\"urlTemplate\":\"https:\/\/stuewe.de\/?s={search_term_string}\"},\"query-input\":{\"@type\":\"PropertyValueSpecification\",\"valueRequired\":true,\"valueName\":\"search_term_string\"}}],\"inLanguage\":\"en-GB\"}]}<\/script>\n<!-- \/ Yoast SEO plugin. -->","yoast_head_json":{"title":"Application - St\u00fcwe - Hattingen","robots":{"index":"index","follow":"follow","max-snippet":"max-snippet:-1","max-image-preview":"max-image-preview:large","max-video-preview":"max-video-preview:-1"},"canonical":"https:\/\/stuewe.de\/en\/application\/","og_locale":"en_GB","og_type":"article","og_title":"Anwendung - St\u00fcwe - Hattingen","og_description":"St\u00fcwe in Hattingen bietet eine breite Palette an Produkten f\u00fcr verschiedene Anwendungen. Unsere Produkte werden in den Bereichen Windkraftanlagen, Schiffbau, Zerkleinerungstechnik, Messtechnik, Misch- und Verfahrenstechnik, H\u00fctten- und Walzwerkstechnik, F\u00f6rdertechnik und Antriebstechnik eingesetzt.","og_url":"https:\/\/stuewe.de\/en\/application\/","og_site_name":"St\u00fcwe - Hattingen","article_modified_time":"2024-11-12T18:14:21+00:00","twitter_card":"summary_large_image","schema":{"@context":"https:\/\/schema.org","@graph":[{"@type":"WebPage","@id":"https:\/\/stuewe.de\/anwendung\/","url":"https:\/\/stuewe.de\/anwendung\/","name":"Application - St\u00fcwe - Hattingen","isPartOf":{"@id":"https:\/\/stuewe.de\/#website"},"datePublished":"2024-08-05T03:20:54+00:00","dateModified":"2024-11-12T18:14:21+00:00","breadcrumb":{"@id":"https:\/\/stuewe.de\/anwendung\/#breadcrumb"},"inLanguage":"en-GB","potentialAction":[{"@type":"ReadAction","target":["https:\/\/stuewe.de\/anwendung\/"]}]},{"@type":"BreadcrumbList","@id":"https:\/\/stuewe.de\/anwendung\/#breadcrumb","itemListElement":[{"@type":"ListItem","position":1,"name":"Start","item":"https:\/\/stuewe.de\/"},{"@type":"ListItem","position":2,"name":"Anwendung"}]},{"@type":"WebSite","@id":"https:\/\/stuewe.de\/#website","url":"https:\/\/stuewe.de\/","name":"St\u00fcwe - Hattingen","description":"Machine components for drive technology","potentialAction":[{"@type":"SearchAction","target":{"@type":"EntryPoint","urlTemplate":"https:\/\/stuewe.de\/?s={search_term_string}"},"query-input":{"@type":"PropertyValueSpecification","valueRequired":true,"valueName":"search_term_string"}}],"inLanguage":"en-GB"}]}},"_links":{"self":[{"href":"https:\/\/stuewe.de\/en\/wp-json\/wp\/v2\/pages\/17268","targetHints":{"allow":["GET"]}}],"collection":[{"href":"https:\/\/stuewe.de\/en\/wp-json\/wp\/v2\/pages"}],"about":[{"href":"https:\/\/stuewe.de\/en\/wp-json\/wp\/v2\/types\/page"}],"author":[{"embeddable":true,"href":"https:\/\/stuewe.de\/en\/wp-json\/wp\/v2\/users\/8"}],"replies":[{"embeddable":true,"href":"https:\/\/stuewe.de\/en\/wp-json\/wp\/v2\/comments?post=17268"}],"version-history":[{"count":34,"href":"https:\/\/stuewe.de\/en\/wp-json\/wp\/v2\/pages\/17268\/revisions"}],"predecessor-version":[{"id":18472,"href":"https:\/\/stuewe.de\/en\/wp-json\/wp\/v2\/pages\/17268\/revisions\/18472"}],"wp:attachment":[{"href":"https:\/\/stuewe.de\/en\/wp-json\/wp\/v2\/media?parent=17268"}],"curies":[{"name":"wp","href":"https:\/\/api.w.org\/{rel}","templated":true}]}}